{"id":3321,"date":"2022-01-18T11:56:07","date_gmt":"2022-01-18T19:56:07","guid":{"rendered":"https:\/\/seiu6.org\/calendario-de-eventos\/"},"modified":"2022-03-07T06:01:00","modified_gmt":"2022-03-07T14:01:00","slug":"calendario-de-eventos","status":"publish","type":"page","link":"https:\/\/seiu6.org\/es\/calendario-de-eventos\/","title":{"rendered":"Calendario de eventos"},"content":{"rendered":"\n<div class=\"wp-block-a8c-event\"><div class=\"event__details\"><div class=\"event__datebox\"><span>Oct<\/span><span>31<\/span><\/div><h3 class=\"event__title\">Comienzan las negociaciones del contrato para los trabajadores de servicio de pasajeros de SeaTac<\/h3><div class=\"event__time\"><span class=\"event__label\">When:<\/span><time class=\"event__date-select\" datetime=\"2021-10-31T22:00:00-07:00\">Oct 31, 2021 10:00 pm<\/time><\/div><div class=\"event__location\"><span class=\"event__label\">Where:<\/span>Ste 102, SeaTac, WA 98188<\/div><div class=\"event__description\">\n<p>Los trabajadores de SeaTac hicimos historia en el 2013 cuando nos unimos para que se aprobara la Proposition 1 (Propuesta n.\u00ba 1), que aument\u00f3 el salario m\u00ednimo a $15\/hora y garantiz\u00f3 los derechos de uni\u00f3n en el aeropuerto. No solo iniciamos un movimiento nacional en busca de salarios m\u00e1s altos, sino que adem\u00e1s mejoramos las condiciones de vida de nuestras familias y comunidades. El dinero que de otro modo se hubiera quedado en los bolsillos de unos pocos, ahora llegar\u00e1 a las manos de los trabajadores. <\/p>\n\n\n\n<p>Los trabajadores de servicios a pasajeros de SeaTac son clave para la econom\u00eda de nuestra regi\u00f3n. En el 2017, los trabajadores de servicios a pasajeros:<\/p>\n\n\n\n<ul class=\"wp-block-list\"><li>atendieron a aproximadamente 47 millones de pasajeros que llegaron y salieron en 416,124 aeronaves;<\/li><li>aportaron aproximadamente $22,500 millones a la actividad econ\u00f3mica del estado de Washington;<\/li><li>generaron aproximadamente $274 millones en actividades econ\u00f3micas en la ciudad de Tukwila;<\/li><li>generaron aproximadamente $138 millones en actividades econ\u00f3micas en la ciudad de Burien.<\/li><\/ul>\n<\/div><\/div><div role=\"img\" aria-label=\"\" class=\"event__image event__image--save\" style=\"background-image:url(https:\/\/seiu6.org\/wp-content\/uploads\/2021\/09\/Abdi-Nasir_Edited_Newsletter-scaled.jpg);background-position:20% 56.99999999999999%;background-size:cover\"><\/div><\/div>\n\n\n\n<div style=\"height:50px\" aria-hidden=\"true\" class=\"wp-block-spacer\"><\/div>\n\n\n\n<div class=\"wp-block-group alignfull has-white-color has-purple-background-color has-text-color has-background is-layout-flow wp-block-group-is-layout-flow\"><div class=\"wp-block-group__inner-container\">\n<div class=\"wp-block-columns are-vertically-aligned-center flex-column flex-md-row is-layout-flex wp-container-core-columns-is-layout-28f84493 wp-block-columns-is-layout-flex\">\n<div class=\"wp-block-column is-vertically-aligned-center is-layout-flow wp-block-column-is-layout-flow\" style=\"flex-basis:40%\">\n<h3 class=\"font-primary has-white-color has-text-color wp-block-heading\">Juntos somos m\u00e1s fuertes.<\/h3>\n<\/div>\n\n\n\n<div class=\"wp-block-column is-vertically-aligned-center mt-4 mt-lg-0 ml-0 ml-lg-6 is-layout-flow wp-block-column-is-layout-flow\" style=\"flex-basis:60%\">\n<div class=\"wp-block-buttons is-layout-flex wp-block-buttons-is-layout-flex\">\n<div class=\"wp-block-button is-primary\"><a class=\"wp-block-button__link\" href=\"https:\/\/seiu6.org\/es\/nase-a-nuestro-equipo\/\" target=\"_blank\" rel=\"noreferrer noopener\">\u00danase a SEIU6<\/a><\/div>\n<\/div>\n<\/div>\n<\/div>\n<\/div><\/div>\n","protected":false},"excerpt":{"rendered":"<p>Oct31Comienzan las negociaciones del contrato para los trabajadores de servicio de pasajeros de SeaTacWhen:Oct 31, 2021 10:00 pmWhere:Ste 102, SeaTac, WA 98188<\/p>\n<p>Los trabajadores de SeaTac hicimos historia en el 2013 cuando nos unimos para que se aprobara la Proposition 1 (Propuesta n.\u00ba 1), que aument\u00f3 el salario m\u00ednimo a $15\/hora y garantiz\u00f3 los derechos de [&#8230;]<\/p>\n","protected":false},"author":2,"featured_media":0,"parent":0,"menu_order":0,"comment_status":"closed","ping_status":"closed","template":"","meta":{"_acf_changed":false,"inline_featured_image":false,"footnotes":""},"class_list":["post-3321","page","type-page","status-publish","hentry"],"acf":[],"yoast_head":"<!-- This site is optimized with the Yoast SEO plugin v24.6 - https:\/\/yoast.com\/wordpress\/plugins\/seo\/ -->\n<title>Calendario de eventos - SEIU6<\/title>\n<meta name=\"robots\" content=\"index, follow, max-snippet:-1, max-image-preview:large, max-video-preview:-1\" \/>\n<link rel=\"canonical\" href=\"https:\/\/seiu6.org\/es\/calendario-de-eventos\/\" \/>\n<meta property=\"og:locale\" content=\"es_ES\" \/>\n<meta property=\"og:type\" content=\"article\" \/>\n<meta property=\"og:title\" content=\"Calendario de eventos - SEIU6\" \/>\n<meta property=\"og:description\" content=\"Oct31Comienzan las negociaciones del contrato para los trabajadores de servicio de pasajeros de SeaTacWhen:Oct 31, 2021 10:00 pmWhere:Ste 102, SeaTac, WA 98188 Los trabajadores de SeaTac hicimos historia en el 2013 cuando nos unimos para que se aprobara la Proposition 1 (Propuesta n.\u00ba 1), que aument\u00f3 el salario m\u00ednimo a $15\/hora y garantiz\u00f3 los derechos de [...]\" \/>\n<meta property=\"og:url\" content=\"https:\/\/seiu6.org\/es\/calendario-de-eventos\/\" \/>\n<meta property=\"og:site_name\" content=\"SEIU6\" \/>\n<meta property=\"article:modified_time\" content=\"2022-03-07T14:01:00+00:00\" \/>\n<meta name=\"twitter:card\" content=\"summary_large_image\" \/>\n<meta name=\"twitter:label1\" content=\"Tiempo de lectura\" \/>\n\t<meta name=\"twitter:data1\" content=\"1 minuto\" \/>\n<script type=\"application\/ld+json\" class=\"yoast-schema-graph\">{\"@context\":\"https:\/\/schema.org\",\"@graph\":[{\"@type\":\"WebPage\",\"@id\":\"https:\/\/seiu6.org\/es\/calendario-de-eventos\/\",\"url\":\"https:\/\/seiu6.org\/es\/calendario-de-eventos\/\",\"name\":\"Calendario de eventos - SEIU6\",\"isPartOf\":{\"@id\":\"https:\/\/seiu6.org\/es\/#website\"},\"datePublished\":\"2022-01-18T19:56:07+00:00\",\"dateModified\":\"2022-03-07T14:01:00+00:00\",\"breadcrumb\":{\"@id\":\"https:\/\/seiu6.org\/es\/calendario-de-eventos\/#breadcrumb\"},\"inLanguage\":\"es\",\"potentialAction\":[{\"@type\":\"ReadAction\",\"target\":[\"https:\/\/seiu6.org\/es\/calendario-de-eventos\/\"]}]},{\"@type\":\"BreadcrumbList\",\"@id\":\"https:\/\/seiu6.org\/es\/calendario-de-eventos\/#breadcrumb\",\"itemListElement\":[{\"@type\":\"ListItem\",\"position\":1,\"name\":\"Home\",\"item\":\"https:\/\/seiu6.org\/es\/\"},{\"@type\":\"ListItem\",\"position\":2,\"name\":\"Calendario de eventos\"}]},{\"@type\":\"WebSite\",\"@id\":\"https:\/\/seiu6.org\/es\/#website\",\"url\":\"https:\/\/seiu6.org\/es\/\",\"name\":\"SEIU6\",\"description\":\"Property Services NW\",\"publisher\":{\"@id\":\"https:\/\/seiu6.org\/es\/#organization\"},\"potentialAction\":[{\"@type\":\"SearchAction\",\"target\":{\"@type\":\"EntryPoint\",\"urlTemplate\":\"https:\/\/seiu6.org\/es\/?s={search_term_string}\"},\"query-input\":{\"@type\":\"PropertyValueSpecification\",\"valueRequired\":true,\"valueName\":\"search_term_string\"}}],\"inLanguage\":\"es\"},{\"@type\":\"Organization\",\"@id\":\"https:\/\/seiu6.org\/es\/#organization\",\"name\":\"SEIU6 Property Services NW\",\"url\":\"https:\/\/seiu6.org\/es\/\",\"logo\":{\"@type\":\"ImageObject\",\"inLanguage\":\"es\",\"@id\":\"https:\/\/seiu6.org\/es\/#\/schema\/logo\/image\/\",\"url\":\"https:\/\/seiu6.org\/wp-content\/uploads\/2021\/08\/Logo-Color-SEIU6.svg\",\"contentUrl\":\"https:\/\/seiu6.org\/wp-content\/uploads\/2021\/08\/Logo-Color-SEIU6.svg\",\"width\":\"1024\",\"height\":\"1024\",\"caption\":\"SEIU6 Property Services NW\"},\"image\":{\"@id\":\"https:\/\/seiu6.org\/es\/#\/schema\/logo\/image\/\"}}]}<\/script>\n<!-- \/ Yoast SEO plugin. -->","yoast_head_json":{"title":"Calendario de eventos - SEIU6","robots":{"index":"index","follow":"follow","max-snippet":"max-snippet:-1","max-image-preview":"max-image-preview:large","max-video-preview":"max-video-preview:-1"},"canonical":"https:\/\/seiu6.org\/es\/calendario-de-eventos\/","og_locale":"es_ES","og_type":"article","og_title":"Calendario de eventos - SEIU6","og_description":"Oct31Comienzan las negociaciones del contrato para los trabajadores de servicio de pasajeros de SeaTacWhen:Oct 31, 2021 10:00 pmWhere:Ste 102, SeaTac, WA 98188 Los trabajadores de SeaTac hicimos historia en el 2013 cuando nos unimos para que se aprobara la Proposition 1 (Propuesta n.\u00ba 1), que aument\u00f3 el salario m\u00ednimo a $15\/hora y garantiz\u00f3 los derechos de [...]","og_url":"https:\/\/seiu6.org\/es\/calendario-de-eventos\/","og_site_name":"SEIU6","article_modified_time":"2022-03-07T14:01:00+00:00","twitter_card":"summary_large_image","twitter_misc":{"Tiempo de lectura":"1 minuto"},"schema":{"@context":"https:\/\/schema.org","@graph":[{"@type":"WebPage","@id":"https:\/\/seiu6.org\/es\/calendario-de-eventos\/","url":"https:\/\/seiu6.org\/es\/calendario-de-eventos\/","name":"Calendario de eventos - SEIU6","isPartOf":{"@id":"https:\/\/seiu6.org\/es\/#website"},"datePublished":"2022-01-18T19:56:07+00:00","dateModified":"2022-03-07T14:01:00+00:00","breadcrumb":{"@id":"https:\/\/seiu6.org\/es\/calendario-de-eventos\/#breadcrumb"},"inLanguage":"es","potentialAction":[{"@type":"ReadAction","target":["https:\/\/seiu6.org\/es\/calendario-de-eventos\/"]}]},{"@type":"BreadcrumbList","@id":"https:\/\/seiu6.org\/es\/calendario-de-eventos\/#breadcrumb","itemListElement":[{"@type":"ListItem","position":1,"name":"Home","item":"https:\/\/seiu6.org\/es\/"},{"@type":"ListItem","position":2,"name":"Calendario de eventos"}]},{"@type":"WebSite","@id":"https:\/\/seiu6.org\/es\/#website","url":"https:\/\/seiu6.org\/es\/","name":"SEIU6","description":"Property Services NW","publisher":{"@id":"https:\/\/seiu6.org\/es\/#organization"},"potentialAction":[{"@type":"SearchAction","target":{"@type":"EntryPoint","urlTemplate":"https:\/\/seiu6.org\/es\/?s={search_term_string}"},"query-input":{"@type":"PropertyValueSpecification","valueRequired":true,"valueName":"search_term_string"}}],"inLanguage":"es"},{"@type":"Organization","@id":"https:\/\/seiu6.org\/es\/#organization","name":"SEIU6 Property Services NW","url":"https:\/\/seiu6.org\/es\/","logo":{"@type":"ImageObject","inLanguage":"es","@id":"https:\/\/seiu6.org\/es\/#\/schema\/logo\/image\/","url":"https:\/\/seiu6.org\/wp-content\/uploads\/2021\/08\/Logo-Color-SEIU6.svg","contentUrl":"https:\/\/seiu6.org\/wp-content\/uploads\/2021\/08\/Logo-Color-SEIU6.svg","width":"1024","height":"1024","caption":"SEIU6 Property Services NW"},"image":{"@id":"https:\/\/seiu6.org\/es\/#\/schema\/logo\/image\/"}}]}},"_links":{"self":[{"href":"https:\/\/seiu6.org\/es\/wp-json\/wp\/v2\/pages\/3321","targetHints":{"allow":["GET"]}}],"collection":[{"href":"https:\/\/seiu6.org\/es\/wp-json\/wp\/v2\/pages"}],"about":[{"href":"https:\/\/seiu6.org\/es\/wp-json\/wp\/v2\/types\/page"}],"author":[{"embeddable":true,"href":"https:\/\/seiu6.org\/es\/wp-json\/wp\/v2\/users\/2"}],"replies":[{"embeddable":true,"href":"https:\/\/seiu6.org\/es\/wp-json\/wp\/v2\/comments?post=3321"}],"version-history":[{"count":0,"href":"https:\/\/seiu6.org\/es\/wp-json\/wp\/v2\/pages\/3321\/revisions"}],"wp:attachment":[{"href":"https:\/\/seiu6.org\/es\/wp-json\/wp\/v2\/media?parent=3321"}],"curies":[{"name":"wp","href":"https:\/\/api.w.org\/{rel}","templated":true}]}}