{"id":3325,"date":"2022-01-18T11:56:10","date_gmt":"2022-01-18T19:56:10","guid":{"rendered":"https:\/\/seiu6.org\/manual-de-delegados\/"},"modified":"2022-02-04T14:22:05","modified_gmt":"2022-02-04T22:22:05","slug":"manual-de-delegados","status":"publish","type":"page","link":"https:\/\/seiu6.org\/es\/manual-de-delegados\/","title":{"rendered":"Manual de delegados"},"content":{"rendered":"\n<p><a href=\"https:\/\/seiu6.org\/es\/your-role-as-steward-the-basics\/\"><strong>Su rol como delegado: informaci\u00f3n b\u00e1sica<\/strong><\/a> <br\/>Conozca la informaci\u00f3n b\u00e1sica sobre lo que necesitar\u00e1 como delegado, cu\u00e1les son sus protecciones y deberes, y c\u00f3mo darle la bienvenida a los nuevos trabajadores a la profesi\u00f3n.<\/p>\n\n<p><a href=\"https:\/\/seiu6.org\/es\/hablar-con-sus-companeros\/\"><strong>Hable con sus compa\u00f1eros<\/strong><\/a> <br\/>Instrucciones para explicar qu\u00e9 es SEIU y c\u00f3mo trabajamos como uni\u00f3n, explicar nuestro sistema de cuotas y qu\u00e9 diferencia hace la uni\u00f3n.<\/p>\n\n<p><a href=\"https:\/\/seiu6.org\/es\/introduccion-a-la-solucion-de-problemas\/\"><strong>Introducci\u00f3n a la soluci\u00f3n de problemas<\/strong><\/a> <br\/>Qu\u00e9 puede hacer cuando se enfrente a un problema. Esta secci\u00f3n le ense\u00f1ar\u00e1 c\u00f3mo identificar los problemas, qu\u00e9 tiene derecho a saber como delegado, c\u00f3mo analizar el problema y trabajar con la administraci\u00f3n para solucionarlo r\u00e1pidamente.<\/p>\n\n<p><a href=\"https:\/\/seiu6.org\/es\/su-rol-como-delegado-informacion-detallada\/\"><strong>Su rol como delegado: informaci\u00f3n detallada<\/strong><\/a> <br\/>Entonces, en su lugar de trabajo hay una disputa que no se puede resolver f\u00e1cilmente. Los delegados pueden tener distintas habilidades y herramientas a la mano para resolver los problemas sin recurrir a presentar quejas formalmente.<\/p>\n\n<p><a href=\"https:\/\/seiu6.org\/es\/disputas-y-quejas-derechos-procedimientos-y-mejores-practicas\/\"><strong>Disputas y quejas: derechos, procedimientos y mejores pr\u00e1cticas<\/strong><\/a> <br\/>En casos en los que las reuniones entre la administraci\u00f3n y un miembro podr\u00edan llevar a acciones disciplinarias o quejas, lea la gu\u00eda paso a paso sobre los derechos de los miembros (y los suyos) y sobre c\u00f3mo presentar quejas formalmente para lograr la mejor soluci\u00f3n para los trabajadores.<\/p>\n\n<p><a href=\"https:\/\/seiu6.org\/es\/glosario-y-bibliografia\/\"><strong>Glosario y bibliograf\u00eda<\/strong><\/a> <br\/>Lea sobre la terminolog\u00eda de SEIU y documentaci\u00f3n de soporte para conocer m\u00e1s informaci\u00f3n.<\/p>\n\n<p><a rel=\"noreferrer noopener\" href=\"https:\/\/seiu6.org\/wp-content\/uploads\/2021\/08\/Stewards-Manual.pdf\" target=\"_blank\"><strong>El manual de delegados: folleto<\/strong><\/a> <a href=\"https:\/\/seiu6.org\/files\/2021\/09\/Stewards-Manual.pdf\"><br\/><\/a>Una gu\u00eda \u00fatil para los delegados de SEIU.<\/p>\n\n<div class=\"wp-block-group alignfull has-white-color has-purple-background-color has-text-color has-background is-layout-flow wp-block-group-is-layout-flow\"><div class=\"wp-block-group__inner-container\">\n<div class=\"wp-block-columns are-vertically-aligned-center flex-column flex-md-row is-layout-flex wp-container-core-columns-is-layout-28f84493 wp-block-columns-is-layout-flex\">\n<div class=\"wp-block-column is-vertically-aligned-center is-layout-flow wp-block-column-is-layout-flow\" style=\"flex-basis:40%\">\n<h3 class=\"font-primary has-white-color has-text-color wp-block-heading\">Juntos somos m\u00e1s fuertes.<\/h3>\n<\/div>\n\n\n\n<div class=\"wp-block-column is-vertically-aligned-center mt-4 mt-lg-0 ml-0 ml-lg-6 is-layout-flow wp-block-column-is-layout-flow\" style=\"flex-basis:60%\">\n<div class=\"wp-block-buttons is-layout-flex wp-block-buttons-is-layout-flex\">\n<div class=\"wp-block-button is-primary\"><a class=\"wp-block-button__link\" href=\"https:\/\/seiu6.org\/es\/nase-a-nuestro-equipo\/\">\u00danase a SEIU6<\/a><\/div>\n<\/div>\n<\/div>\n<\/div>\n<\/div><\/div>\n","protected":false},"excerpt":{"rendered":"<p><a href=\"https:\/\/seiu6.org\/es\/your-role-as-steward-the-basics\/\"><strong>Su rol como delegado: informaci\u00f3n b\u00e1sica<\/strong><\/a> <br \/>Conozca la informaci\u00f3n b\u00e1sica sobre lo que necesitar\u00e1 como delegado, cu\u00e1les son sus protecciones y deberes, y c\u00f3mo darle la bienvenida a los nuevos trabajadores a la profesi\u00f3n.<\/p>\n<p><a href=\"https:\/\/seiu6.org\/es\/hablar-con-sus-companeros\/\"><strong>Hable con sus compa\u00f1eros<\/strong><\/a> <br \/>Instrucciones para explicar qu\u00e9 es SEIU y c\u00f3mo trabajamos como uni\u00f3n, explicar nuestro sistema de cuotas [&#8230;]<\/p>\n","protected":false},"author":2,"featured_media":0,"parent":0,"menu_order":0,"comment_status":"closed","ping_status":"closed","template":"","meta":{"_acf_changed":false,"inline_featured_image":false,"footnotes":""},"class_list":["post-3325","page","type-page","status-publish","hentry"],"acf":[],"yoast_head":"<!-- This site is optimized with the Yoast SEO plugin v24.6 - https:\/\/yoast.com\/wordpress\/plugins\/seo\/ -->\n<title>Manual de delegados - SEIU6<\/title>\n<meta name=\"robots\" content=\"index, follow, max-snippet:-1, max-image-preview:large, max-video-preview:-1\" \/>\n<link rel=\"canonical\" href=\"https:\/\/seiu6.org\/es\/manual-de-delegados\/\" \/>\n<meta property=\"og:locale\" content=\"es_ES\" \/>\n<meta property=\"og:type\" content=\"article\" \/>\n<meta property=\"og:title\" content=\"Manual de delegados - SEIU6\" \/>\n<meta property=\"og:description\" content=\"Su rol como delegado: informaci\u00f3n b\u00e1sica Conozca la informaci\u00f3n b\u00e1sica sobre lo que necesitar\u00e1 como delegado, cu\u00e1les son sus protecciones y deberes, y c\u00f3mo darle la bienvenida a los nuevos trabajadores a la profesi\u00f3n. Hable con sus compa\u00f1eros Instrucciones para explicar qu\u00e9 es SEIU y c\u00f3mo trabajamos como uni\u00f3n, explicar nuestro sistema de cuotas [...]\" \/>\n<meta property=\"og:url\" content=\"https:\/\/seiu6.org\/es\/manual-de-delegados\/\" \/>\n<meta property=\"og:site_name\" content=\"SEIU6\" \/>\n<meta property=\"article:modified_time\" content=\"2022-02-04T22:22:05+00:00\" \/>\n<meta name=\"twitter:card\" content=\"summary_large_image\" \/>\n<meta name=\"twitter:label1\" content=\"Tiempo de lectura\" \/>\n\t<meta name=\"twitter:data1\" content=\"1 minuto\" \/>\n<script type=\"application\/ld+json\" class=\"yoast-schema-graph\">{\"@context\":\"https:\/\/schema.org\",\"@graph\":[{\"@type\":\"WebPage\",\"@id\":\"https:\/\/seiu6.org\/es\/manual-de-delegados\/\",\"url\":\"https:\/\/seiu6.org\/es\/manual-de-delegados\/\",\"name\":\"Manual de delegados - SEIU6\",\"isPartOf\":{\"@id\":\"https:\/\/seiu6.org\/es\/#website\"},\"datePublished\":\"2022-01-18T19:56:10+00:00\",\"dateModified\":\"2022-02-04T22:22:05+00:00\",\"breadcrumb\":{\"@id\":\"https:\/\/seiu6.org\/es\/manual-de-delegados\/#breadcrumb\"},\"inLanguage\":\"es\",\"potentialAction\":[{\"@type\":\"ReadAction\",\"target\":[\"https:\/\/seiu6.org\/es\/manual-de-delegados\/\"]}]},{\"@type\":\"BreadcrumbList\",\"@id\":\"https:\/\/seiu6.org\/es\/manual-de-delegados\/#breadcrumb\",\"itemListElement\":[{\"@type\":\"ListItem\",\"position\":1,\"name\":\"Home\",\"item\":\"https:\/\/seiu6.org\/es\/\"},{\"@type\":\"ListItem\",\"position\":2,\"name\":\"Manual de delegados\"}]},{\"@type\":\"WebSite\",\"@id\":\"https:\/\/seiu6.org\/es\/#website\",\"url\":\"https:\/\/seiu6.org\/es\/\",\"name\":\"SEIU6\",\"description\":\"Property Services NW\",\"publisher\":{\"@id\":\"https:\/\/seiu6.org\/es\/#organization\"},\"potentialAction\":[{\"@type\":\"SearchAction\",\"target\":{\"@type\":\"EntryPoint\",\"urlTemplate\":\"https:\/\/seiu6.org\/es\/?s={search_term_string}\"},\"query-input\":{\"@type\":\"PropertyValueSpecification\",\"valueRequired\":true,\"valueName\":\"search_term_string\"}}],\"inLanguage\":\"es\"},{\"@type\":\"Organization\",\"@id\":\"https:\/\/seiu6.org\/es\/#organization\",\"name\":\"SEIU6 Property Services NW\",\"url\":\"https:\/\/seiu6.org\/es\/\",\"logo\":{\"@type\":\"ImageObject\",\"inLanguage\":\"es\",\"@id\":\"https:\/\/seiu6.org\/es\/#\/schema\/logo\/image\/\",\"url\":\"https:\/\/seiu6.org\/wp-content\/uploads\/2021\/08\/Logo-Color-SEIU6.svg\",\"contentUrl\":\"https:\/\/seiu6.org\/wp-content\/uploads\/2021\/08\/Logo-Color-SEIU6.svg\",\"width\":\"1024\",\"height\":\"1024\",\"caption\":\"SEIU6 Property Services NW\"},\"image\":{\"@id\":\"https:\/\/seiu6.org\/es\/#\/schema\/logo\/image\/\"}}]}<\/script>\n<!-- \/ Yoast SEO plugin. -->","yoast_head_json":{"title":"Manual de delegados - SEIU6","robots":{"index":"index","follow":"follow","max-snippet":"max-snippet:-1","max-image-preview":"max-image-preview:large","max-video-preview":"max-video-preview:-1"},"canonical":"https:\/\/seiu6.org\/es\/manual-de-delegados\/","og_locale":"es_ES","og_type":"article","og_title":"Manual de delegados - SEIU6","og_description":"Su rol como delegado: informaci\u00f3n b\u00e1sica Conozca la informaci\u00f3n b\u00e1sica sobre lo que necesitar\u00e1 como delegado, cu\u00e1les son sus protecciones y deberes, y c\u00f3mo darle la bienvenida a los nuevos trabajadores a la profesi\u00f3n. Hable con sus compa\u00f1eros Instrucciones para explicar qu\u00e9 es SEIU y c\u00f3mo trabajamos como uni\u00f3n, explicar nuestro sistema de cuotas [...]","og_url":"https:\/\/seiu6.org\/es\/manual-de-delegados\/","og_site_name":"SEIU6","article_modified_time":"2022-02-04T22:22:05+00:00","twitter_card":"summary_large_image","twitter_misc":{"Tiempo de lectura":"1 minuto"},"schema":{"@context":"https:\/\/schema.org","@graph":[{"@type":"WebPage","@id":"https:\/\/seiu6.org\/es\/manual-de-delegados\/","url":"https:\/\/seiu6.org\/es\/manual-de-delegados\/","name":"Manual de delegados - SEIU6","isPartOf":{"@id":"https:\/\/seiu6.org\/es\/#website"},"datePublished":"2022-01-18T19:56:10+00:00","dateModified":"2022-02-04T22:22:05+00:00","breadcrumb":{"@id":"https:\/\/seiu6.org\/es\/manual-de-delegados\/#breadcrumb"},"inLanguage":"es","potentialAction":[{"@type":"ReadAction","target":["https:\/\/seiu6.org\/es\/manual-de-delegados\/"]}]},{"@type":"BreadcrumbList","@id":"https:\/\/seiu6.org\/es\/manual-de-delegados\/#breadcrumb","itemListElement":[{"@type":"ListItem","position":1,"name":"Home","item":"https:\/\/seiu6.org\/es\/"},{"@type":"ListItem","position":2,"name":"Manual de delegados"}]},{"@type":"WebSite","@id":"https:\/\/seiu6.org\/es\/#website","url":"https:\/\/seiu6.org\/es\/","name":"SEIU6","description":"Property Services NW","publisher":{"@id":"https:\/\/seiu6.org\/es\/#organization"},"potentialAction":[{"@type":"SearchAction","target":{"@type":"EntryPoint","urlTemplate":"https:\/\/seiu6.org\/es\/?s={search_term_string}"},"query-input":{"@type":"PropertyValueSpecification","valueRequired":true,"valueName":"search_term_string"}}],"inLanguage":"es"},{"@type":"Organization","@id":"https:\/\/seiu6.org\/es\/#organization","name":"SEIU6 Property Services NW","url":"https:\/\/seiu6.org\/es\/","logo":{"@type":"ImageObject","inLanguage":"es","@id":"https:\/\/seiu6.org\/es\/#\/schema\/logo\/image\/","url":"https:\/\/seiu6.org\/wp-content\/uploads\/2021\/08\/Logo-Color-SEIU6.svg","contentUrl":"https:\/\/seiu6.org\/wp-content\/uploads\/2021\/08\/Logo-Color-SEIU6.svg","width":"1024","height":"1024","caption":"SEIU6 Property Services NW"},"image":{"@id":"https:\/\/seiu6.org\/es\/#\/schema\/logo\/image\/"}}]}},"_links":{"self":[{"href":"https:\/\/seiu6.org\/es\/wp-json\/wp\/v2\/pages\/3325","targetHints":{"allow":["GET"]}}],"collection":[{"href":"https:\/\/seiu6.org\/es\/wp-json\/wp\/v2\/pages"}],"about":[{"href":"https:\/\/seiu6.org\/es\/wp-json\/wp\/v2\/types\/page"}],"author":[{"embeddable":true,"href":"https:\/\/seiu6.org\/es\/wp-json\/wp\/v2\/users\/2"}],"replies":[{"embeddable":true,"href":"https:\/\/seiu6.org\/es\/wp-json\/wp\/v2\/comments?post=3325"}],"version-history":[{"count":0,"href":"https:\/\/seiu6.org\/es\/wp-json\/wp\/v2\/pages\/3325\/revisions"}],"wp:attachment":[{"href":"https:\/\/seiu6.org\/es\/wp-json\/wp\/v2\/media?parent=3325"}],"curies":[{"name":"wp","href":"https:\/\/api.w.org\/{rel}","templated":true}]}}