{"id":3330,"date":"2022-01-18T11:56:15","date_gmt":"2022-01-18T19:56:15","guid":{"rendered":"https:\/\/seiu6.org\/covid-19\/"},"modified":"2022-02-04T14:22:06","modified_gmt":"2022-02-04T22:22:06","slug":"covid-19","status":"publish","type":"page","link":"https:\/\/seiu6.org\/es\/covid-19\/","title":{"rendered":"Respuesta y recursos relacionados con el COVID-19"},"content":{"rendered":"\n<p>Los miembros de SEIU6 son trabajadores indispensables de primera l\u00ednea que limpian y desinfectan los espacios comerciales y comunitarios, protegen las propiedades y ayudan al p\u00fablico durante la pandemia y m\u00e1s all\u00e1. SEIU6 est\u00e1 comprometida a mantener seguros a sus miembros, e informarlos durante esta \u00e9poca dif\u00edcil, y se est\u00e1 asegurando de que los trabajadores indispensables sean respetados, est\u00e9n protegidos y reciban un salario.<\/p>\n\n<p>SEIU6 apoya la vacuna universal como estrategia para mantener a nuestros miembros, sus familias y comunidades a salvo. Nuestra uni\u00f3n ha encabezado los esfuerzos para garantizar el acceso de nuestros miembros a las vacunas, y estamos aqu\u00ed para ayudarlos a entender y cumplir las normas relacionadas con la vacuna.<\/p>\n\n<div class=\"wp-block-group alignfull pb-0 has-white-color has-blue-background-color has-text-color has-background is-layout-flow wp-block-group-is-layout-flow\"><div class=\"wp-block-group__inner-container\">\n<div class=\"wp-block-group container--narrow has-background is-layout-flow wp-block-group-is-layout-flow\" style=\"background-color:#030303\"><div class=\"wp-block-group__inner-container\">\n<div class=\"wp-block-columns are-vertically-aligned-center flex-column flex-md-row is-layout-flex wp-container-core-columns-is-layout-28f84493 wp-block-columns-is-layout-flex\">\n<div class=\"wp-block-column is-vertically-aligned-center is-layout-flow wp-block-column-is-layout-flow\" style=\"flex-basis:50%\">\n<h3 class=\"has-text-color wp-block-heading\" style=\"color:#cc9afa\"><strong>D\u00f3nde recibir la vacuna en Washington<\/strong><\/h3>\n\n\n\n<p class=\"has-white-color has-text-color\">Las vacunas contra el COVID-19 son seguras, gratuitas y est\u00e1n disponibles para todas las personas mayores de 12 a\u00f1os. No es necesario que sea ciudadano de los Estados Unidos ni que suministre pruebas de su condici\u00f3n legal de migrante para recibir la vacuna.<\/p>\n<\/div>\n\n\n\n<div class=\"wp-block-column is-vertically-aligned-center pt-4 pt-md-0 ml-0 ml-md-6 is-layout-flow wp-block-column-is-layout-flow\" style=\"flex-basis:50%\">\n<div class=\"wp-block-buttons is-content-justification-center align-items-left align-items-md-center is-layout-flex wp-block-buttons-is-layout-flex\">\n<div class=\"wp-block-button is-primary\"><a class=\"wp-block-button__link\" href=\"https:\/\/vaccinelocator.doh.wa.gov\/\" target=\"_blank\" rel=\"noreferrer noopener\">C\u00f3mo hacer una cita<\/a><\/div>\n<\/div>\n<\/div>\n<\/div>\n<\/div><\/div>\n<\/div><\/div>\n\n<div class=\"wp-block-group alignfull section-cards has-white-color has-blue-background-color has-text-color has-background is-layout-flow wp-block-group-is-layout-flow\"><div class=\"wp-block-group__inner-container\">\n<h3 class=\"has-white-color has-text-color wp-block-heading\"><strong>Inf\u00f3rmese sobre la vacuna.<\/strong><\/h3>\n\n\n\n<p class=\"has-white-color has-text-color\"><a rel=\"noreferrer noopener\" href=\"https:\/\/kingcounty.gov\/depts\/health\/covid-19\/vaccine\/resources.aspx\" data-type=\"URL\" data-id=\"https:\/\/kingcounty.gov\/depts\/health\/covid-19\/vaccine\/resources.aspx\" target=\"_blank\">Volantes, videos y recursos<\/a> de fuentes confiables en ingl\u00e9s, am\u00e1rico, chino, somal\u00ed, espa\u00f1ol, vietnamita y m\u00e1s.<\/p>\n\n\n\n<div class=\"wp-block-columns has-equal-height-cards is-layout-flex wp-container-core-columns-is-layout-28f84493 wp-block-columns-is-layout-flex\">\n<div class=\"wp-block-column has-black-color has-white-background-color has-text-color has-background is-layout-flow wp-block-column-is-layout-flow\">\n<h4 class=\"wp-block-heading\">Conozca los hechos sobre el COVID-19<\/h4>\n\n\n\n<p><a rel=\"noreferrer noopener\" href=\"https:\/\/kingcounty.gov\/depts\/health\/covid-19\/languages.aspx\" data-type=\"URL\" data-id=\"https:\/\/kingcounty.gov\/depts\/health\/covid-19\/languages.aspx\" target=\"_blank\">Recursos de salud p\u00fablica del condado de King<\/a> en ingl\u00e9s, am\u00e1rico, chino, somal\u00ed, espa\u00f1ol, vietnamita y m\u00e1s.<\/p>\n<\/div>\n\n\n\n<div class=\"wp-block-column has-black-color has-white-background-color has-text-color has-background is-layout-flow wp-block-column-is-layout-flow\">\n<h4 class=\"wp-block-heading\"><strong>Salud y seguridad en el lugar de trabajo<\/strong><\/h4>\n\n\n\n<p><a rel=\"noreferrer noopener\" href=\"https:\/\/www.lni.wa.gov\/safety-health\/safety-topics\/topics\/coronavirus\" data-type=\"URL\" data-id=\"https:\/\/www.lni.wa.gov\/safety-health\/safety-topics\/topics\/coronavirus\" target=\"_blank\">Informaci\u00f3n y actualizaciones sobre el Coronavirus del<\/a> Departamento del Trabajo y las Industrias de Washington.<\/p>\n<\/div>\n\n\n\n<div class=\"wp-block-column has-black-color has-white-background-color has-text-color has-background is-layout-flow wp-block-column-is-layout-flow\">\n<h4 class=\"wp-block-heading\"><strong>Protecciones contractuales<\/strong><\/h4>\n\n\n\n<p>Para los conserjes cobijados por el Acuerdo Marco del Condado de King, las protecciones adicionales contra el COVID-19 se negociaron en la Extensi\u00f3n del Contrato de julio del 2020. Estas protecciones se fortalecieron en las negociaciones de contratos del 2021. <strong><a rel=\"noreferrer noopener\" href=\"https:\/\/seiu6.org\/wp-content\/uploads\/2021\/08\/COVID-19_Safety_King_County_Janitorial_Master_Contract.pdf\" data-type=\"URL\" data-id=\"https:\/\/seiu6.org\/wp-content\/uploads\/2021\/08\/COVID-19_Safety_King_County_Janitorial_Master_Contract.pdf\" target=\"_blank\">Conozca m\u00e1s sobre las protecciones a los conserjes<\/a>.<\/strong><\/p>\n<\/div>\n<\/div>\n<\/div><\/div>\n\n<div style=\"height:50px\" aria-hidden=\"true\" class=\"wp-block-spacer\"><\/div>\n\n<h2 class=\"wp-block-heading\">Novedades<\/h2>\n\n<div class=\"wp-block-columns is-layout-flex wp-container-core-columns-is-layout-28f84493 wp-block-columns-is-layout-flex\">\n<div class=\"wp-block-column is-layout-flow wp-block-column-is-layout-flow\">\n<h3 class=\"wp-block-heading\"><strong>Jornada de vacunaci\u00f3n de SEIU6<\/strong><\/h3>\n\n\n\n<p>El 17 y 18 de abril, SEIU6 realiz\u00f3 una jornada de vacunaci\u00f3n en asociaci\u00f3n con Discovery Health. M\u00e1s de 400 miembros de los sectores aeroportuario, de seguridad y conserjer\u00eda, as\u00ed como sus familiares, recibieron la vacuna. La presidente de SEIU6, Zenia Javalera, recibi\u00f3 la vacuna junto con los miembros de la uni\u00f3n. Teresa Mosqueda, concejal de la ciudad, asisti\u00f3 para apoyar a los trabajadores indispensables de SEIU6. <\/p>\n\n\n\n<p>En SEIU6, tenemos el compromiso de eliminar las barreras de acceso para nuestra uni\u00f3n, conformada en su mayor\u00eda por miembros inmigrantes, personas de raza negra, ind\u00edgenas y personas de color (por su sigla en ingl\u00e9s BIPOC), de forma que todos los miembros que quieran recibir la vacuna est\u00e9n en capacidad de recibir esta protecci\u00f3n. Conozca m\u00e1s sobre la <a href=\"https:\/\/seiu6.org\/2021\/04\/23\/seiu6-vaccine-clinic\/\" data-type=\"URL\"><strong>jornada de vacunaci\u00f3n de SEIU6<\/strong><\/a>.<\/p>\n<\/div>\n\n\n\n<div class=\"wp-block-column is-layout-flow wp-block-column-is-layout-flow\">\n<h3 class=\"wp-block-heading\"><strong>SEIU6 SOLICITA AL ESTADO QUE AMPL\u00cdE LA ELEGIBILIDAD PARA RECIBIR LA VACUNA PARA TODOS LOS TRABAJADORES INDISPENSABLES<\/strong><\/h3>\n\n\n\n<p>El estado de Washington se prepara para ampliar la elegibilidad para recibir la vacuna la pr\u00f3xima semana, pero los conserjes y oficiales de seguridad indispensables quedar\u00e1n a un lado una vez m\u00e1s. A los conserjes y oficiales de seguridad les han pedido que esperen, mientras que SEIU6 ha formado una alianza con la Asociaci\u00f3n de Administradores y Propietarios de Edificios (por su sigla en ingl\u00e9s BOMA), a fin de pedirle al gobernador Inslee y al Ministerio de Salud del Estado que agilicen el proceso para que estos trabajadores reciban la vacuna. <strong><a href=\"https:\/\/seiu6.org\/2021\/03\/29\/seiu6-calls-on-state-to-extend-vaccine-eligibility-to-all-essential-workers\/\" data-type=\"URL\">Lea la historia completa<\/a>.<\/strong><\/p>\n<\/div>\n<\/div>\n\n<h2 class=\"wp-block-heading\">Tome medidas<\/h2>\n\n<p><strong>H\u00e1gale saber al Congreso que los fondos p\u00fablicos para la recuperaci\u00f3n de la administraci\u00f3n de los aeropuertos ante la emergencia del COVID deben estar destinados a buenos empleos.<\/strong><\/p>\n\n<p>Los trabajadores aeroportuarios son esenciales para mantener a las personas conectadas, las aeronaves limpias y los aeropuertos seguros.<strong> <\/strong><\/p>\n\n<p><strong><a rel=\"noreferrer noopener\" href=\"https:\/\/bit.ly\/AirportL6\" data-type=\"URL\" data-id=\"https:\/\/bit.ly\/AirportL6\" target=\"_blank\">Exija mejores salarios y beneficios para los trabajadores aeroportuarios<\/a>.<\/strong><\/p>\n\n<div class=\"wp-block-group alignfull has-white-color has-purple-background-color has-text-color has-background is-layout-flow wp-block-group-is-layout-flow\"><div class=\"wp-block-group__inner-container\">\n<div class=\"wp-block-columns are-vertically-aligned-center flex-column flex-md-row is-layout-flex wp-container-core-columns-is-layout-28f84493 wp-block-columns-is-layout-flex\">\n<div class=\"wp-block-column is-vertically-aligned-center is-layout-flow wp-block-column-is-layout-flow\" style=\"flex-basis:40%\">\n<h4 class=\"font-primary has-white-color has-text-color wp-block-heading\">Juntos somos m\u00e1s fuertes.<\/h4>\n<\/div>\n\n\n\n<div class=\"wp-block-column is-vertically-aligned-center mt-4 mt-lg-0 ml-0 ml-lg-6 is-layout-flow wp-block-column-is-layout-flow\" style=\"flex-basis:60%\">\n<div class=\"wp-block-buttons is-layout-flex wp-block-buttons-is-layout-flex\">\n<div class=\"wp-block-button is-primary\"><a class=\"wp-block-button__link\" href=\"https:\/\/seiu6.joinlocal.org\/\" target=\"_blank\" rel=\"noreferrer noopener\">\u00danase a SEIU6<\/a><\/div>\n<\/div>\n<\/div>\n<\/div>\n<\/div><\/div>\n","protected":false},"excerpt":{"rendered":"<p>Los miembros de SEIU6 son trabajadores indispensables de primera l\u00ednea que limpian y desinfectan los espacios comerciales y comunitarios, protegen las propiedades y ayudan al p\u00fablico durante la pandemia y m\u00e1s all\u00e1. SEIU6 est\u00e1 comprometida a mantener seguros a sus miembros, e informarlos durante esta \u00e9poca dif\u00edcil, y se est\u00e1 asegurando de que los trabajadores [&#8230;]<\/p>\n","protected":false},"author":2,"featured_media":0,"parent":0,"menu_order":0,"comment_status":"closed","ping_status":"closed","template":"","meta":{"_acf_changed":false,"inline_featured_image":false,"footnotes":""},"class_list":["post-3330","page","type-page","status-publish","hentry"],"acf":[],"yoast_head":"<!-- This site is optimized with the Yoast SEO plugin v24.6 - https:\/\/yoast.com\/wordpress\/plugins\/seo\/ -->\n<title>Respuesta y recursos relacionados con el COVID-19 - SEIU6<\/title>\n<meta name=\"robots\" content=\"index, follow, max-snippet:-1, max-image-preview:large, max-video-preview:-1\" \/>\n<link rel=\"canonical\" href=\"https:\/\/seiu6.org\/es\/covid-19\/\" \/>\n<meta property=\"og:locale\" content=\"es_ES\" \/>\n<meta property=\"og:type\" content=\"article\" \/>\n<meta property=\"og:title\" content=\"Respuesta y recursos relacionados con el COVID-19 - SEIU6\" \/>\n<meta property=\"og:description\" content=\"Los miembros de SEIU6 son trabajadores indispensables de primera l\u00ednea que limpian y desinfectan los espacios comerciales y comunitarios, protegen las propiedades y ayudan al p\u00fablico durante la pandemia y m\u00e1s all\u00e1. SEIU6 est\u00e1 comprometida a mantener seguros a sus miembros, e informarlos durante esta \u00e9poca dif\u00edcil, y se est\u00e1 asegurando de que los trabajadores [...]\" \/>\n<meta property=\"og:url\" content=\"https:\/\/seiu6.org\/es\/covid-19\/\" \/>\n<meta property=\"og:site_name\" content=\"SEIU6\" \/>\n<meta property=\"article:modified_time\" content=\"2022-02-04T22:22:06+00:00\" \/>\n<meta name=\"twitter:card\" content=\"summary_large_image\" \/>\n<meta name=\"twitter:label1\" content=\"Tiempo de lectura\" \/>\n\t<meta name=\"twitter:data1\" content=\"3 minutos\" \/>\n<script type=\"application\/ld+json\" class=\"yoast-schema-graph\">{\"@context\":\"https:\/\/schema.org\",\"@graph\":[{\"@type\":\"WebPage\",\"@id\":\"https:\/\/seiu6.org\/es\/covid-19\/\",\"url\":\"https:\/\/seiu6.org\/es\/covid-19\/\",\"name\":\"Respuesta y recursos relacionados con el COVID-19 - SEIU6\",\"isPartOf\":{\"@id\":\"https:\/\/seiu6.org\/es\/#website\"},\"datePublished\":\"2022-01-18T19:56:15+00:00\",\"dateModified\":\"2022-02-04T22:22:06+00:00\",\"breadcrumb\":{\"@id\":\"https:\/\/seiu6.org\/es\/covid-19\/#breadcrumb\"},\"inLanguage\":\"es\",\"potentialAction\":[{\"@type\":\"ReadAction\",\"target\":[\"https:\/\/seiu6.org\/es\/covid-19\/\"]}]},{\"@type\":\"BreadcrumbList\",\"@id\":\"https:\/\/seiu6.org\/es\/covid-19\/#breadcrumb\",\"itemListElement\":[{\"@type\":\"ListItem\",\"position\":1,\"name\":\"Home\",\"item\":\"https:\/\/seiu6.org\/es\/\"},{\"@type\":\"ListItem\",\"position\":2,\"name\":\"Respuesta y recursos relacionados con el COVID-19\"}]},{\"@type\":\"WebSite\",\"@id\":\"https:\/\/seiu6.org\/es\/#website\",\"url\":\"https:\/\/seiu6.org\/es\/\",\"name\":\"SEIU6\",\"description\":\"Property Services NW\",\"publisher\":{\"@id\":\"https:\/\/seiu6.org\/es\/#organization\"},\"potentialAction\":[{\"@type\":\"SearchAction\",\"target\":{\"@type\":\"EntryPoint\",\"urlTemplate\":\"https:\/\/seiu6.org\/es\/?s={search_term_string}\"},\"query-input\":{\"@type\":\"PropertyValueSpecification\",\"valueRequired\":true,\"valueName\":\"search_term_string\"}}],\"inLanguage\":\"es\"},{\"@type\":\"Organization\",\"@id\":\"https:\/\/seiu6.org\/es\/#organization\",\"name\":\"SEIU6 Property Services NW\",\"url\":\"https:\/\/seiu6.org\/es\/\",\"logo\":{\"@type\":\"ImageObject\",\"inLanguage\":\"es\",\"@id\":\"https:\/\/seiu6.org\/es\/#\/schema\/logo\/image\/\",\"url\":\"https:\/\/seiu6.org\/wp-content\/uploads\/2021\/08\/Logo-Color-SEIU6.svg\",\"contentUrl\":\"https:\/\/seiu6.org\/wp-content\/uploads\/2021\/08\/Logo-Color-SEIU6.svg\",\"width\":\"1024\",\"height\":\"1024\",\"caption\":\"SEIU6 Property Services NW\"},\"image\":{\"@id\":\"https:\/\/seiu6.org\/es\/#\/schema\/logo\/image\/\"}}]}<\/script>\n<!-- \/ Yoast SEO plugin. -->","yoast_head_json":{"title":"Respuesta y recursos relacionados con el COVID-19 - SEIU6","robots":{"index":"index","follow":"follow","max-snippet":"max-snippet:-1","max-image-preview":"max-image-preview:large","max-video-preview":"max-video-preview:-1"},"canonical":"https:\/\/seiu6.org\/es\/covid-19\/","og_locale":"es_ES","og_type":"article","og_title":"Respuesta y recursos relacionados con el COVID-19 - SEIU6","og_description":"Los miembros de SEIU6 son trabajadores indispensables de primera l\u00ednea que limpian y desinfectan los espacios comerciales y comunitarios, protegen las propiedades y ayudan al p\u00fablico durante la pandemia y m\u00e1s all\u00e1. SEIU6 est\u00e1 comprometida a mantener seguros a sus miembros, e informarlos durante esta \u00e9poca dif\u00edcil, y se est\u00e1 asegurando de que los trabajadores [...]","og_url":"https:\/\/seiu6.org\/es\/covid-19\/","og_site_name":"SEIU6","article_modified_time":"2022-02-04T22:22:06+00:00","twitter_card":"summary_large_image","twitter_misc":{"Tiempo de lectura":"3 minutos"},"schema":{"@context":"https:\/\/schema.org","@graph":[{"@type":"WebPage","@id":"https:\/\/seiu6.org\/es\/covid-19\/","url":"https:\/\/seiu6.org\/es\/covid-19\/","name":"Respuesta y recursos relacionados con el COVID-19 - SEIU6","isPartOf":{"@id":"https:\/\/seiu6.org\/es\/#website"},"datePublished":"2022-01-18T19:56:15+00:00","dateModified":"2022-02-04T22:22:06+00:00","breadcrumb":{"@id":"https:\/\/seiu6.org\/es\/covid-19\/#breadcrumb"},"inLanguage":"es","potentialAction":[{"@type":"ReadAction","target":["https:\/\/seiu6.org\/es\/covid-19\/"]}]},{"@type":"BreadcrumbList","@id":"https:\/\/seiu6.org\/es\/covid-19\/#breadcrumb","itemListElement":[{"@type":"ListItem","position":1,"name":"Home","item":"https:\/\/seiu6.org\/es\/"},{"@type":"ListItem","position":2,"name":"Respuesta y recursos relacionados con el COVID-19"}]},{"@type":"WebSite","@id":"https:\/\/seiu6.org\/es\/#website","url":"https:\/\/seiu6.org\/es\/","name":"SEIU6","description":"Property Services NW","publisher":{"@id":"https:\/\/seiu6.org\/es\/#organization"},"potentialAction":[{"@type":"SearchAction","target":{"@type":"EntryPoint","urlTemplate":"https:\/\/seiu6.org\/es\/?s={search_term_string}"},"query-input":{"@type":"PropertyValueSpecification","valueRequired":true,"valueName":"search_term_string"}}],"inLanguage":"es"},{"@type":"Organization","@id":"https:\/\/seiu6.org\/es\/#organization","name":"SEIU6 Property Services NW","url":"https:\/\/seiu6.org\/es\/","logo":{"@type":"ImageObject","inLanguage":"es","@id":"https:\/\/seiu6.org\/es\/#\/schema\/logo\/image\/","url":"https:\/\/seiu6.org\/wp-content\/uploads\/2021\/08\/Logo-Color-SEIU6.svg","contentUrl":"https:\/\/seiu6.org\/wp-content\/uploads\/2021\/08\/Logo-Color-SEIU6.svg","width":"1024","height":"1024","caption":"SEIU6 Property Services NW"},"image":{"@id":"https:\/\/seiu6.org\/es\/#\/schema\/logo\/image\/"}}]}},"_links":{"self":[{"href":"https:\/\/seiu6.org\/es\/wp-json\/wp\/v2\/pages\/3330","targetHints":{"allow":["GET"]}}],"collection":[{"href":"https:\/\/seiu6.org\/es\/wp-json\/wp\/v2\/pages"}],"about":[{"href":"https:\/\/seiu6.org\/es\/wp-json\/wp\/v2\/types\/page"}],"author":[{"embeddable":true,"href":"https:\/\/seiu6.org\/es\/wp-json\/wp\/v2\/users\/2"}],"replies":[{"embeddable":true,"href":"https:\/\/seiu6.org\/es\/wp-json\/wp\/v2\/comments?post=3330"}],"version-history":[{"count":0,"href":"https:\/\/seiu6.org\/es\/wp-json\/wp\/v2\/pages\/3330\/revisions"}],"wp:attachment":[{"href":"https:\/\/seiu6.org\/es\/wp-json\/wp\/v2\/media?parent=3330"}],"curies":[{"name":"wp","href":"https:\/\/api.w.org\/{rel}","templated":true}]}}