{"id":3334,"date":"2022-01-18T11:56:23","date_gmt":"2022-01-18T19:56:23","guid":{"rendered":"https:\/\/seiu6.org\/inicio\/"},"modified":"2022-03-21T07:42:49","modified_gmt":"2022-03-21T14:42:49","slug":"inicio","status":"publish","type":"page","link":"https:\/\/seiu6.org\/es\/inicio\/","title":{"rendered":"Inicio"},"content":{"rendered":"\n<div class=\"wp-block-group alignfull has-background is-layout-flow wp-block-group-is-layout-flow\" style=\"background-color:#000000\"><div class=\"wp-block-group__inner-container\"><div class=\"seiu6-custom-block wp-block-acf-quick-links alignwide\">\r\n            <div class=\"buttons\">\r\n                                                <a class=\"no-underline\" style=\"background-color: #9f4498\" href=\"https:\/\/seiu6.org\/es\/know-your-rights\/\" target=\"\">\r\n                                                    <i class=\"fas fa-info\"><\/i>                                                                            <span class=\"title\">Conozca sus derechos<\/span>\r\n                                            <\/a>\r\n                                                                <a class=\"no-underline\" style=\"background-color: #1595cd\" href=\"https:\/\/seiu6.org\/es\/faqs\/\" target=\"\">\r\n                                                    <i class=\"fas fa-question\"><\/i>                                                                            <span class=\"title\">Preguntas sobre el trabajo<\/span>\r\n                                            <\/a>\r\n                                                                <a class=\"no-underline\" style=\"background-color: #582b81\" href=\"https:\/\/seiu6.org\/es\/contracts\/\" target=\"\">\r\n                                                    <i class=\"fas fa-file-alt\"><\/i>                                                                            <span class=\"title\">Revise su contrato<\/span>\r\n                                            <\/a>\r\n                                    <\/div>\r\n    <\/div><\/div><\/div>\n\n\n\n<div class=\"wp-block-group alignfull has-divider has-white-color has-purple-background-color has-text-color has-background is-layout-flow wp-block-group-is-layout-flow\"><div class=\"wp-block-group__inner-container\">\n<div class=\"wp-block-columns are-vertically-aligned-center mb-0 flex-column-reverse flex-md-row is-layout-flex wp-container-core-columns-is-layout-28f84493 wp-block-columns-is-layout-flex\">\n<div class=\"wp-block-column is-vertically-aligned-center mt-4 mt-md-0 is-layout-flow wp-block-column-is-layout-flow\" style=\"flex-basis:35%\">\n<h1 class=\"wp-block-heading\">SEIU6 Property Services NW<\/h1>\n\n\n\n<p class=\"has-white-color has-text-color\">SEIU6 se enorgullece en representar a una fuerza laboral diversa de 9,000 conserjes, oficiales de seguridad, trabajadores de servicios a pasajeros y trabajadores auxiliares de la industria en el estado de Washington.<\/p>\n\n\n\n<div class=\"wp-block-buttons is-layout-flex wp-block-buttons-is-layout-flex\">\n<div class=\"wp-block-button is-style-fill\"><a class=\"wp-block-button__link\" href=\"https:\/\/seiu6.org\/es\/acerca-de-seiu6\/\">Acerca de la uni\u00f3n<\/a><\/div>\n<\/div>\n<\/div>\n\n\n\n<div class=\"wp-block-column is-vertically-aligned-center ml-0 ml-md-6 is-layout-flow wp-block-column-is-layout-flow\" style=\"flex-basis:65%\">\n<figure class=\"wp-block-embed is-type-video is-provider-youtube wp-block-embed-youtube wp-embed-aspect-4-3 wp-has-aspect-ratio\"><div class=\"wp-block-embed__wrapper\">\n<iframe loading=\"lazy\" title=\"We Are SEIU6\" width=\"640\" height=\"480\" src=\"https:\/\/www.youtube.com\/embed\/BxFIcD9wcSU?feature=oembed\" frameborder=\"0\" allow=\"accelerometer; autoplay; clipboard-write; encrypted-media; gyroscope; picture-in-picture; web-share\" referrerpolicy=\"strict-origin-when-cross-origin\" allowfullscreen><\/iframe>\n<\/div><\/figure>\n<\/div>\n<\/div>\n<\/div><\/div>\n\n\n\n<div class=\"wp-block-group alignfull has-divider divider-at-45 has-white-color has-blue-background-color has-text-color has-background is-layout-flow wp-block-group-is-layout-flow\"><div class=\"wp-block-group__inner-container\">\n<div class=\"wp-block-columns are-vertically-aligned-center mb-0 flex-column flex-md-row is-layout-flex wp-container-core-columns-is-layout-28f84493 wp-block-columns-is-layout-flex\">\n<div class=\"wp-block-column is-vertically-aligned-center is-layout-flow wp-block-column-is-layout-flow\" style=\"flex-basis:40%\">\n<h2 class=\"h1 wp-block-heading\">SEIU6 lucha junto a los trabajadores<\/h2>\n\n\n\n<p class=\"has-white-color has-text-color\">La misi\u00f3n de SEIU6 es mejorar las vidas de los trabajadores de todos los or\u00edgenes sociales.<\/p>\n\n\n\n<div class=\"wp-block-buttons is-layout-flex wp-block-buttons-is-layout-flex\">\n<div class=\"wp-block-button is-style-fill\"><a class=\"wp-block-button__link\" href=\"https:\/\/seiu6.org\/es\/membresa-de-la-unin\/\">Beneficios de los miembros de la uni\u00f3n<\/a><\/div>\n\n\n\n<div class=\"wp-block-button\"><a class=\"wp-block-button__link\" href=\"https:\/\/seiu6.org\/es\/participe\/\">Participe<\/a><\/div>\n<\/div>\n\n\n\n<div style=\"height:50px\" aria-hidden=\"true\" class=\"wp-block-spacer\"><\/div>\n\n\n\n<p class=\"text-center text-md-start has-white-color has-text-color\">Juntos somos m\u00e1s fuertes.<\/p>\n\n\n\n<div class=\"wp-block-buttons text-center text-md-start is-layout-flex wp-block-buttons-is-layout-flex\">\n<div class=\"wp-block-button is-secondary\"><a class=\"wp-block-button__link\" href=\"https:\/\/seiu6.joinlocal.org\/\" target=\"_blank\" rel=\"noreferrer noopener\">\u00danase a SEIU6<\/a><\/div>\n<\/div>\n<\/div>\n\n\n\n<div class=\"wp-block-column is-vertically-aligned-center ml-0 ml-md-6 is-layout-flow wp-block-column-is-layout-flow\" style=\"flex-basis:60%\"><div class=\"seiu6-custom-block wp-block-acf-quotes-rotator\">\r\n            <div class=\"quotes owl-carousel\">\r\n                                                <blockquote class=\"wp-block-quote is-style-large\">\r\n                        <p>\u201cGracias a la uni\u00f3n, mi familia y yo contamos con seguro m\u00e9dico\u201d.<\/p>\r\n                    <\/blockquote>\r\n                                                                <blockquote class=\"wp-block-quote is-style-large\">\r\n                        <p>\u201cSiento mucho orgullo de formar parte de SEIU6. S\u00e9 que est\u00e1n luchando por m\u00ed\u201d.<\/p>\r\n                    <\/blockquote>\r\n                                                                <blockquote class=\"wp-block-quote is-style-large\">\r\n                        <p>\u201cTuve un problema con mi jefe y no sab\u00eda qu\u00e9 hacer, pero SEIU6 me ayud\u00f3 a solucionarlo\u201d.<\/p>\r\n                    <\/blockquote>\r\n                                    <\/div>\r\n    <\/div><\/div>\n<\/div>\n<\/div><\/div>\n\n\n\n<div class=\"wp-block-group alignfull has-divider divider-at-40 has-white-color has-magenta-background-color has-text-color has-background is-layout-flow wp-block-group-is-layout-flow\"><div class=\"wp-block-group__inner-container\">\n<div class=\"wp-block-columns mb-0 justify-content-between flex-column flex-md-row is-layout-flex wp-container-core-columns-is-layout-28f84493 wp-block-columns-is-layout-flex\">\n<div class=\"wp-block-column pr-3 mb-5 mb-md-0 is-layout-flow wp-block-column-is-layout-flow\" style=\"flex-basis:30%\">\n<h2 class=\"h1 wp-block-heading\">Novedades<\/h2>\n\n\n\n<p class=\"has-white-color has-text-color\">Lea sobre los problemas que enfrentan los trabajadores de servicios inmobiliarios.<\/p>\n\n\n\n<div class=\"wp-block-buttons is-layout-flex wp-block-buttons-is-layout-flex\">\n<div class=\"wp-block-button\"><a class=\"wp-block-button__link\" href=\"https:\/\/seiu6.org\/es\/archivo-de-boletines-informativos\/\">Lea el bolet\u00edn informativo m\u00e1s reciente<\/a><\/div>\n<\/div>\n<\/div>\n\n\n\n<div class=\"wp-block-column ml-0 ml-md-6 is-layout-flow wp-block-column-is-layout-flow\" style=\"flex-basis:62.5%\">\t<div class=\"seiu6-custom-block latest-posts \">\n\t\t<div class=\"post-list\">\r\n\t\t\t\t\t\t\t<a href=\"https:\/\/seiu6.org\/es\/2025\/12\/23\/january-2026-wage-increases-for-seiu6-members\/\" class=\"single-post no-underline d-flex flex-wrap flex-column flex-sm-row\">\n\t\t\t\t\t<div class=\"img-wrapper\"><div class=\"image\" style=\"background: transparent url(https:\/\/seiu6.org\/wp-content\/themes\/seiu6\/images\/seiu6-placeholder-purple-bg.svg) no-repeat center\/cover; height: 244px\"><\/div><\/div>\n\t\t\t\t\t<div class=\"post-content\">\r\n\t\t\t\t\t\t<p>diciembre 23, 2025<\/p>\n\t\t\t\t\t\t<h4 class=\"title\">January 2026 Wage Increases for SEIU6 Members<\/h4>\n\t\t\t\t\t\t<span class=\"link\">M\u00c1S INFORMACI\u00d3N<\/span>\n\t\t\t\t\t<\/div>\r\n\t\t\t\t<\/a>\r\n\t\t\t\t\t\t\t\t<a href=\"https:\/\/seiu6.org\/es\/2025\/12\/04\/zenia-javalera-statement-in-solidarity-with-somali-community\/\" class=\"single-post no-underline d-flex flex-wrap flex-column flex-sm-row\">\n\t\t\t\t\t<div class=\"img-wrapper\"><div class=\"image\" style=\"background: transparent url(https:\/\/seiu6.org\/wp-content\/themes\/seiu6\/images\/seiu6-placeholder-purple-bg.svg) no-repeat center\/cover; height: 244px\"><\/div><\/div>\n\t\t\t\t\t<div class=\"post-content\">\r\n\t\t\t\t\t\t<p>diciembre 4, 2025<\/p>\n\t\t\t\t\t\t<h4 class=\"title\">Zenia Javalera Statement in Solidarity with Somali Community<\/h4>\n\t\t\t\t\t\t<span class=\"link\">M\u00c1S INFORMACI\u00d3N<\/span>\n\t\t\t\t\t<\/div>\r\n\t\t\t\t<\/a>\r\n\t\t\t\t\t\t<\/div>\r\n\t<\/div>\r\n\t\n\n\n<div class=\"wp-block-buttons is-layout-flex wp-block-buttons-is-layout-flex\">\n<div class=\"wp-block-button\"><a class=\"wp-block-button__link\" href=\"https:\/\/seiu6.org\/es\/novedades\/\">M\u00e1s novedades<\/a><\/div>\n<\/div>\n<\/div>\n<\/div>\n<\/div><\/div>\n","protected":false},"excerpt":{"rendered":"<p>FOR IMMEDIATE RELEASE<\/p>\n<p>It has come to our attention that the sitting President of the United States, Donald Trump, has directed hateful language toward the entire Somali American community.&nbsp; As President of SEIU6, a proudly diverse labor union whose ranks include hundreds of Somali working families, I reject this dangerous language in the strongest possible terms.<\/p>\n<p>Like [&#8230;]<\/p>\n","protected":false},"author":2,"featured_media":0,"parent":0,"menu_order":0,"comment_status":"closed","ping_status":"closed","template":"","meta":{"_acf_changed":false,"inline_featured_image":false,"footnotes":""},"class_list":["post-3334","page","type-page","status-publish","hentry"],"acf":[],"yoast_head":"<!-- This site is optimized with the Yoast SEO plugin v24.6 - https:\/\/yoast.com\/wordpress\/plugins\/seo\/ -->\n<title>SEIU6 Property Services Northwest<\/title>\n<meta name=\"description\" content=\"SEIU6 representa a una fuerza laboral de 9,000 conserjes, oficiales de seguridad, trabajadores aeroportuarios y trabajadores auxiliares de la industria en el estado de Washington.\" \/>\n<meta name=\"robots\" content=\"index, follow, max-snippet:-1, max-image-preview:large, max-video-preview:-1\" \/>\n<link rel=\"canonical\" href=\"https:\/\/seiu6.org\/es\/inicio\/\" \/>\n<meta property=\"og:locale\" content=\"es_ES\" \/>\n<meta property=\"og:type\" content=\"article\" \/>\n<meta property=\"og:title\" content=\"SEIU6 Property Services Northwest\" \/>\n<meta property=\"og:description\" content=\"SEIU6 representa a una fuerza laboral de 9,000 conserjes, oficiales de seguridad, trabajadores aeroportuarios y trabajadores auxiliares de la industria en el estado de Washington.\" \/>\n<meta property=\"og:url\" content=\"https:\/\/seiu6.org\/es\/inicio\/\" \/>\n<meta property=\"og:site_name\" content=\"SEIU6\" \/>\n<meta property=\"article:modified_time\" content=\"2022-03-21T14:42:49+00:00\" \/>\n<meta name=\"twitter:card\" content=\"summary_large_image\" \/>\n<meta name=\"twitter:label1\" content=\"Tiempo de lectura\" \/>\n\t<meta name=\"twitter:data1\" content=\"1 minuto\" \/>\n<script type=\"application\/ld+json\" class=\"yoast-schema-graph\">{\"@context\":\"https:\/\/schema.org\",\"@graph\":[{\"@type\":\"WebPage\",\"@id\":\"https:\/\/seiu6.org\/es\/inicio\/\",\"url\":\"https:\/\/seiu6.org\/es\/inicio\/\",\"name\":\"SEIU6 Property Services Northwest\",\"isPartOf\":{\"@id\":\"https:\/\/seiu6.org\/es\/#website\"},\"datePublished\":\"2022-01-18T19:56:23+00:00\",\"dateModified\":\"2022-03-21T14:42:49+00:00\",\"description\":\"SEIU6 representa a una fuerza laboral de 9,000 conserjes, oficiales de seguridad, trabajadores aeroportuarios y trabajadores auxiliares de la industria en el estado de Washington.\",\"breadcrumb\":{\"@id\":\"https:\/\/seiu6.org\/es\/inicio\/#breadcrumb\"},\"inLanguage\":\"es\",\"potentialAction\":[{\"@type\":\"ReadAction\",\"target\":[\"https:\/\/seiu6.org\/es\/inicio\/\"]}]},{\"@type\":\"BreadcrumbList\",\"@id\":\"https:\/\/seiu6.org\/es\/inicio\/#breadcrumb\",\"itemListElement\":[{\"@type\":\"ListItem\",\"position\":1,\"name\":\"Home\",\"item\":\"https:\/\/seiu6.org\/es\/\"},{\"@type\":\"ListItem\",\"position\":2,\"name\":\"Inicio\"}]},{\"@type\":\"WebSite\",\"@id\":\"https:\/\/seiu6.org\/es\/#website\",\"url\":\"https:\/\/seiu6.org\/es\/\",\"name\":\"SEIU6\",\"description\":\"Property Services NW\",\"publisher\":{\"@id\":\"https:\/\/seiu6.org\/es\/#organization\"},\"potentialAction\":[{\"@type\":\"SearchAction\",\"target\":{\"@type\":\"EntryPoint\",\"urlTemplate\":\"https:\/\/seiu6.org\/es\/?s={search_term_string}\"},\"query-input\":{\"@type\":\"PropertyValueSpecification\",\"valueRequired\":true,\"valueName\":\"search_term_string\"}}],\"inLanguage\":\"es\"},{\"@type\":\"Organization\",\"@id\":\"https:\/\/seiu6.org\/es\/#organization\",\"name\":\"SEIU6 Property Services NW\",\"url\":\"https:\/\/seiu6.org\/es\/\",\"logo\":{\"@type\":\"ImageObject\",\"inLanguage\":\"es\",\"@id\":\"https:\/\/seiu6.org\/es\/#\/schema\/logo\/image\/\",\"url\":\"https:\/\/seiu6.org\/wp-content\/uploads\/2021\/08\/Logo-Color-SEIU6.svg\",\"contentUrl\":\"https:\/\/seiu6.org\/wp-content\/uploads\/2021\/08\/Logo-Color-SEIU6.svg\",\"width\":\"1024\",\"height\":\"1024\",\"caption\":\"SEIU6 Property Services NW\"},\"image\":{\"@id\":\"https:\/\/seiu6.org\/es\/#\/schema\/logo\/image\/\"}}]}<\/script>\n<!-- \/ Yoast SEO plugin. -->","yoast_head_json":{"title":"SEIU6 Property Services Northwest","description":"SEIU6 representa a una fuerza laboral de 9,000 conserjes, oficiales de seguridad, trabajadores aeroportuarios y trabajadores auxiliares de la industria en el estado de Washington.","robots":{"index":"index","follow":"follow","max-snippet":"max-snippet:-1","max-image-preview":"max-image-preview:large","max-video-preview":"max-video-preview:-1"},"canonical":"https:\/\/seiu6.org\/es\/inicio\/","og_locale":"es_ES","og_type":"article","og_title":"SEIU6 Property Services Northwest","og_description":"SEIU6 representa a una fuerza laboral de 9,000 conserjes, oficiales de seguridad, trabajadores aeroportuarios y trabajadores auxiliares de la industria en el estado de Washington.","og_url":"https:\/\/seiu6.org\/es\/inicio\/","og_site_name":"SEIU6","article_modified_time":"2022-03-21T14:42:49+00:00","twitter_card":"summary_large_image","twitter_misc":{"Tiempo de lectura":"1 minuto"},"schema":{"@context":"https:\/\/schema.org","@graph":[{"@type":"WebPage","@id":"https:\/\/seiu6.org\/es\/inicio\/","url":"https:\/\/seiu6.org\/es\/inicio\/","name":"SEIU6 Property Services Northwest","isPartOf":{"@id":"https:\/\/seiu6.org\/es\/#website"},"datePublished":"2022-01-18T19:56:23+00:00","dateModified":"2022-03-21T14:42:49+00:00","description":"SEIU6 representa a una fuerza laboral de 9,000 conserjes, oficiales de seguridad, trabajadores aeroportuarios y trabajadores auxiliares de la industria en el estado de Washington.","breadcrumb":{"@id":"https:\/\/seiu6.org\/es\/inicio\/#breadcrumb"},"inLanguage":"es","potentialAction":[{"@type":"ReadAction","target":["https:\/\/seiu6.org\/es\/inicio\/"]}]},{"@type":"BreadcrumbList","@id":"https:\/\/seiu6.org\/es\/inicio\/#breadcrumb","itemListElement":[{"@type":"ListItem","position":1,"name":"Home","item":"https:\/\/seiu6.org\/es\/"},{"@type":"ListItem","position":2,"name":"Inicio"}]},{"@type":"WebSite","@id":"https:\/\/seiu6.org\/es\/#website","url":"https:\/\/seiu6.org\/es\/","name":"SEIU6","description":"Property Services NW","publisher":{"@id":"https:\/\/seiu6.org\/es\/#organization"},"potentialAction":[{"@type":"SearchAction","target":{"@type":"EntryPoint","urlTemplate":"https:\/\/seiu6.org\/es\/?s={search_term_string}"},"query-input":{"@type":"PropertyValueSpecification","valueRequired":true,"valueName":"search_term_string"}}],"inLanguage":"es"},{"@type":"Organization","@id":"https:\/\/seiu6.org\/es\/#organization","name":"SEIU6 Property Services NW","url":"https:\/\/seiu6.org\/es\/","logo":{"@type":"ImageObject","inLanguage":"es","@id":"https:\/\/seiu6.org\/es\/#\/schema\/logo\/image\/","url":"https:\/\/seiu6.org\/wp-content\/uploads\/2021\/08\/Logo-Color-SEIU6.svg","contentUrl":"https:\/\/seiu6.org\/wp-content\/uploads\/2021\/08\/Logo-Color-SEIU6.svg","width":"1024","height":"1024","caption":"SEIU6 Property Services NW"},"image":{"@id":"https:\/\/seiu6.org\/es\/#\/schema\/logo\/image\/"}}]}},"_links":{"self":[{"href":"https:\/\/seiu6.org\/es\/wp-json\/wp\/v2\/pages\/3334","targetHints":{"allow":["GET"]}}],"collection":[{"href":"https:\/\/seiu6.org\/es\/wp-json\/wp\/v2\/pages"}],"about":[{"href":"https:\/\/seiu6.org\/es\/wp-json\/wp\/v2\/types\/page"}],"author":[{"embeddable":true,"href":"https:\/\/seiu6.org\/es\/wp-json\/wp\/v2\/users\/2"}],"replies":[{"embeddable":true,"href":"https:\/\/seiu6.org\/es\/wp-json\/wp\/v2\/comments?post=3334"}],"version-history":[{"count":0,"href":"https:\/\/seiu6.org\/es\/wp-json\/wp\/v2\/pages\/3334\/revisions"}],"wp:attachment":[{"href":"https:\/\/seiu6.org\/es\/wp-json\/wp\/v2\/media?parent=3334"}],"curies":[{"name":"wp","href":"https:\/\/api.w.org\/{rel}","templated":true}]}}