{"id":3397,"date":"2022-01-18T11:57:04","date_gmt":"2022-01-18T19:57:04","guid":{"rendered":"https:\/\/seiu6.org\/membresia-de-la-union\/"},"modified":"2022-02-04T14:26:57","modified_gmt":"2022-02-04T22:26:57","slug":"membresa-de-la-unin","status":"publish","type":"page","link":"https:\/\/seiu6.org\/es\/membresa-de-la-unin\/","title":{"rendered":"Beneficios para miembros"},"content":{"rendered":"\n<p>Con el poder colectivo de m\u00e1s de 9,000 miembros, SEIU6 ayuda a que los trabajadores protejan sus derechos y sean tratados justamente en el lugar de trabajo. La Uni\u00f3n trabaja para negociar el salario, los beneficios, las condiciones laborales, y m\u00e1s, y asegurarse de que los empleadores cumplan los contratos. Ejemplos del apoyo de la uni\u00f3n:<\/p>\n\n\n\n<ul class=\"list-unstyled wp-block-list\"><li><strong>\u00bfTiene un problema en el trabajo?<\/strong> Puede pedirle ayuda a su representante de SEIU6.<\/li><li><strong>\u00bfTiene dudas sobre su contrato?<\/strong> Estamos aqu\u00ed para ayudarle a responderlas.<\/li><li><strong>\u00bfNecesita ayuda con sus beneficios?<\/strong> Podemos mostrarle el camino correcto.<\/li><\/ul>\n\n\n\n<p>SEIU6 est\u00e1 aqu\u00ed para usted.<\/p>\n\n\n\n<div class=\"wp-block-cover alignfull\" style=\"min-height:675px;aspect-ratio:unset;\"><img loading=\"lazy\" decoding=\"async\" width=\"1366\" height=\"677\" class=\"wp-block-cover__image-background wp-image-2972\" alt=\"\" src=\"https:\/\/seiu6.org\/wp-content\/uploads\/2021\/08\/Zenia-Airport-Rally-Oct-2018.png\" data-object-fit=\"cover\" srcset=\"https:\/\/seiu6.org\/wp-content\/uploads\/2021\/08\/Zenia-Airport-Rally-Oct-2018.png 1366w, https:\/\/seiu6.org\/wp-content\/uploads\/2021\/08\/Zenia-Airport-Rally-Oct-2018-408x202.png 408w, https:\/\/seiu6.org\/wp-content\/uploads\/2021\/08\/Zenia-Airport-Rally-Oct-2018-1024x508.png 1024w, https:\/\/seiu6.org\/wp-content\/uploads\/2021\/08\/Zenia-Airport-Rally-Oct-2018-768x381.png 768w\" sizes=\"auto, (max-width: 1366px) 100vw, 1366px\" \/><div class=\"wp-block-cover__inner-container is-layout-flow wp-block-cover-is-layout-flow\">\n<p class=\"has-text-align-center has-large-font-size\"><\/p>\n<\/div><\/div>\n\n\n\n<div class=\"wp-block-group alignfull pb-0 has-white-color has-blue-background-color has-text-color has-background is-layout-flow wp-block-group-is-layout-flow\"><div class=\"wp-block-group__inner-container\">\n<div class=\"wp-block-group container--narrow has-background is-layout-flow wp-block-group-is-layout-flow\" style=\"background-color:#030303\"><div class=\"wp-block-group__inner-container\">\n<div class=\"wp-block-columns are-vertically-aligned-center flex-column flex-md-row is-layout-flex wp-container-core-columns-is-layout-28f84493 wp-block-columns-is-layout-flex\">\n<div class=\"wp-block-column is-vertically-aligned-center is-layout-flow wp-block-column-is-layout-flow\" style=\"flex-basis:50%\">\n<h3 class=\"has-text-color wp-block-heading\" style=\"color:#cc9afa\">DERECHOS DE LOS MIEMBROS DE LA UNI\u00d3N<\/h3>\n\n\n\n<p class=\"has-white-color has-text-color\">Los miembros de SEIU6 tienen derecho a la representaci\u00f3n y protecci\u00f3n por parte de la uni\u00f3n, seg\u00fan como se garantiza en su contrato laboral.<\/p>\n<\/div>\n\n\n\n<div class=\"wp-block-column is-vertically-aligned-center pt-4 pt-md-0 ml-0 ml-md-6 is-layout-flow wp-block-column-is-layout-flow\" style=\"flex-basis:50%\">\n<div class=\"wp-block-buttons is-content-justification-center align-items-left align-items-md-center is-layout-flex wp-block-buttons-is-layout-flex\">\n<div class=\"wp-block-button is-primary\"><a class=\"wp-block-button__link\" href=\"https:\/\/seiu6.org\/es\/conozca-sus-derechos\/\">Conozca sus derechos<\/a><\/div>\n<\/div>\n<\/div>\n<\/div>\n<\/div><\/div>\n<\/div><\/div>\n\n\n\n<div class=\"wp-block-group alignfull section-cards has-blue-background-color has-background is-layout-flow wp-block-group-is-layout-flow\"><div class=\"wp-block-group__inner-container\">\n<div class=\"wp-block-columns alignwide flex-column flex-md-row is-layout-flex wp-container-core-columns-is-layout-28f84493 wp-block-columns-is-layout-flex\">\n<div class=\"wp-block-column has-white-background-color has-text-color has-background is-layout-flow wp-block-column-is-layout-flow\" style=\"color:#444444\">\n<div class=\"wp-block-columns flex-column-reverse flex-sm-row is-layout-flex wp-container-core-columns-is-layout-28f84493 wp-block-columns-is-layout-flex\">\n<div class=\"wp-block-column is-layout-flow wp-block-column-is-layout-flow\" style=\"flex-basis:60%\">\n<h3 class=\"has-purple-color has-text-color wp-block-heading\">ACTIVISMO POL\u00cdTICO<\/h3>\n\n\n\n<p>SEIU6 trabaja con los miembros en la lucha para conseguir leyes y pol\u00edticas que protejan a los trabajadores.<\/p>\n\n\n\n<h4 class=\"wp-block-heading\"><a href=\"https:\/\/seiu6.org\/es\/activismo-politico\/\" data-type=\"page\" data-id=\"89\">Obtenga m\u00e1s informaci\u00f3n<\/a><\/h4>\n<\/div>\n\n\n\n<div class=\"wp-block-column mb-5 mb-sm-0 is-layout-flow wp-block-column-is-layout-flow\" style=\"flex-basis:40%\">\n<div class=\"wp-block-image\"><figure class=\"aligncenter size-full\"><img loading=\"lazy\" decoding=\"async\" width=\"207\" height=\"231\" src=\"https:\/\/seiu6.org\/wp-content\/uploads\/2021\/08\/RaiseAmericaLogo.png\" alt=\"\" class=\"wp-image-2973\"><\/figure><\/div>\n<\/div>\n<\/div>\n<\/div>\n\n\n\n<div class=\"wp-block-column mt-4 mt-md-0 ml-0 ml-md-6 has-white-background-color has-text-color has-background is-layout-flow wp-block-column-is-layout-flow\" style=\"color:#444444\">\n<h3 class=\"has-purple-color has-text-color wp-block-heading\">NOVEDADES E INFORMACI\u00d3N<\/h3>\n\n\n\n<p>Mantenemos a nuestros miembros al d\u00eda sobre las m\u00e1s recientes novedades y la informaci\u00f3n relacionada con los derechos de los trabajadores en el lugar de trabajo.<\/p>\n\n\n\n<h4 class=\"wp-block-heading\"><a href=\"https:\/\/seiu6.org\/es\/novedades\/\" data-type=\"page\" data-id=\"105\">Obtenga m\u00e1s informaci\u00f3n<\/a><\/h4>\n<\/div>\n<\/div>\n\n\n\n<div class=\"wp-block-columns alignwide has-equal-height-cards is-layout-flex wp-container-core-columns-is-layout-28f84493 wp-block-columns-is-layout-flex\">\n<div class=\"wp-block-column has-white-background-color has-text-color has-background is-layout-flow wp-block-column-is-layout-flow\" style=\"color:#444444\">\n<div class=\"wp-block-image\"><figure class=\"aligncenter size-full is-resized\"><img loading=\"lazy\" decoding=\"async\" src=\"https:\/\/seiu6.org\/wp-content\/uploads\/2021\/08\/J4J-tattoo-clear.png\" alt=\"\" class=\"wp-image-2975\" width=\"242\" height=\"297\"><\/figure><\/div>\n\n\n\n<h3 class=\"has-purple-color has-text-color wp-block-heading\">JUSTICIA PARA LOS CONSERJES<\/h3>\n\n\n\n<p>Los conserjes de la uni\u00f3n est\u00e1n ganando contratos hist\u00f3ricos, obteniendo aumentos salariales para sus familias y mejorando la calidad de vida de sus comunidades.<\/p>\n\n\n\n<h4 class=\"wp-block-heading\"><a href=\"https:\/\/seiu6.org\/es\/justicia-para-los-conserjes\/\">Obtenga m\u00e1s informaci\u00f3n<\/a><\/h4>\n<\/div>\n\n\n\n<div class=\"wp-block-column mt-6 mt-sm-0 has-white-background-color has-text-color has-background is-layout-flow wp-block-column-is-layout-flow\" style=\"color:#444444\">\n<div class=\"wp-block-image\"><figure class=\"aligncenter size-full is-resized\"><img loading=\"lazy\" decoding=\"async\" src=\"https:\/\/seiu6.org\/wp-content\/uploads\/2021\/08\/s4s-logo.png\" alt=\"\" class=\"wp-image-2976\" width=\"250\" height=\"297\"><\/figure><\/div>\n\n\n\n<h3 class=\"has-purple-color has-text-color wp-block-heading\">EN DEFENSA DE LA SEGURIDAD<\/h3>\n\n\n\n<p>Los oficiales de seguridad est\u00e1n defendiendo los empleos que les permitan trabajar y obtener vivienda, atenci\u00f3n de salud de calidad, alimentaci\u00f3n adecuada, acceso a la educaci\u00f3n y una jubilaci\u00f3n digna.<\/p>\n\n\n\n<h4 class=\"wp-block-heading\"><a href=\"https:\/\/seiu6.org\/es\/en-defensa-de-la-seguridad\/\">Obtenga m\u00e1s informaci\u00f3n<\/a><\/h4>\n<\/div>\n\n\n\n<div class=\"wp-block-column mt-6 mt-md-0 has-white-background-color has-text-color has-background is-layout-flow wp-block-column-is-layout-flow\" style=\"color:#444444\">\n<div class=\"wp-block-image\"><figure class=\"aligncenter size-full\"><img loading=\"lazy\" decoding=\"async\" width=\"297\" height=\"297\" src=\"https:\/\/seiu6.org\/wp-content\/uploads\/2021\/08\/airport-workers-united-logo.png\" alt=\"\" class=\"wp-image-2974\"><\/figure><\/div>\n\n\n\n<h3 class=\"mt-3 has-purple-color has-text-color wp-block-heading\">AIRPORT WORKERS UNITED<\/h3>\n\n\n\n<p>Somos despachadores de equipaje, personal de limpieza de cabinas, asistentes de silla de ruedas, conserjes, oficiales de seguridad y otros trabajadores aeroportuarios con contrato.<\/p>\n\n\n\n<h4 class=\"wp-block-heading\"><a href=\"https:\/\/seiu6.org\/es\/2021\/02\/22\/progress-at-ermc\/\" data-type=\"post\" data-id=\"1572\">Obtenga m\u00e1s informaci\u00f3n<\/a><\/h4>\n<\/div>\n<\/div>\n\n\n\n<div class=\"wp-block-columns alignwide seiu6-benefits flex-column flex-md-row is-layout-flex wp-container-core-columns-is-layout-28f84493 wp-block-columns-is-layout-flex\">\n<div class=\"wp-block-column has-white-color has-purple-background-color has-text-color has-background is-layout-flow wp-block-column-is-layout-flow\" style=\"flex-basis:72%\">\n<div class=\"wp-block-columns are-vertically-aligned-center is-layout-flex wp-container-core-columns-is-layout-28f84493 wp-block-columns-is-layout-flex\">\n<div class=\"wp-block-column is-vertically-aligned-center is-layout-flow wp-block-column-is-layout-flow\" style=\"flex-basis:35%\">\n<h3 class=\"has-white-color has-text-color wp-block-heading\">BENEFICIOS Y DESCUENTOS<\/h3>\n\n\n\n<p><\/p>\n<\/div>\n\n\n\n<div class=\"wp-block-column is-vertically-aligned-center is-layout-flow wp-block-column-is-layout-flow\" style=\"flex-basis:60%\">\n<div class=\"wp-block-image\"><figure class=\"alignright size-full\"><img loading=\"lazy\" decoding=\"async\" width=\"366\" height=\"61\" src=\"https:\/\/seiu6.org\/wp-content\/uploads\/2021\/08\/SEIU-BENEFITS-LOGO.png\" alt=\"\" class=\"wp-image-2977\"><\/figure><\/div>\n<\/div>\n<\/div>\n\n\n\n<div style=\"height:30px\" aria-hidden=\"true\" class=\"wp-block-spacer\"><\/div>\n\n\n\n<div class=\"wp-block-columns are-vertically-aligned-center is-layout-flex wp-container-core-columns-is-layout-28f84493 wp-block-columns-is-layout-flex\">\n<div class=\"wp-block-column is-vertically-aligned-center is-layout-flow wp-block-column-is-layout-flow\" style=\"flex-basis:42%\">\n<p class=\"has-white-color has-text-color\">Los miembros de la uni\u00f3n obtienen beneficios como seguro, planificaci\u00f3n financiera, descuentos en viajes y compras, y mucho m\u00e1s.<\/p>\n<\/div>\n\n\n\n<div class=\"wp-block-column is-vertically-aligned-center is-layout-flow wp-block-column-is-layout-flow\" style=\"flex-basis:58%\">\n<div class=\"wp-block-buttons is-content-justification-center align-items-center is-layout-flex wp-block-buttons-is-layout-flex\">\n<div class=\"wp-block-button is-primary\"><a class=\"wp-block-button__link\" href=\"https:\/\/www.seiumb.com\/\" target=\"_blank\" rel=\"noreferrer noopener\">Comience hoy<\/a><\/div>\n<\/div>\n<\/div>\n<\/div>\n<\/div>\n\n\n\n<div class=\"wp-block-column is-vertically-aligned-center ml-0 ml-md-6 pl-0 pl-md-6 is-layout-flow wp-block-column-is-layout-flow\" style=\"flex-basis:33.33%\">\n<div class=\"wp-block-buttons is-content-justification-center is-layout-flex wp-block-buttons-is-layout-flex\">\n<div class=\"wp-block-button\"><a class=\"wp-block-button__link\" href=\"https:\/\/seiu6.org\/es\/acerca-de-seiu6\/\">Conozca m\u00e1s sobre las uniones<\/a><\/div>\n<\/div>\n<\/div>\n<\/div>\n<\/div><\/div>\n\n\n\n<div class=\"wp-block-group alignfull has-white-color has-purple-background-color has-text-color has-background is-layout-flow wp-block-group-is-layout-flow\"><div class=\"wp-block-group__inner-container\">\n<div class=\"wp-block-columns are-vertically-aligned-center flex-column flex-lg-row is-layout-flex wp-container-core-columns-is-layout-28f84493 wp-block-columns-is-layout-flex\">\n<div class=\"wp-block-column is-vertically-aligned-center is-layout-flow wp-block-column-is-layout-flow\" style=\"flex-basis:40%\">\n<h3 class=\"font-primary has-white-color has-text-color wp-block-heading\">Juntos somos m\u00e1s fuertes.<\/h3>\n<\/div>\n\n\n\n<div class=\"wp-block-column is-vertically-aligned-center mt-4 mt-lg-0 ml-0 ml-lg-6 is-layout-flow wp-block-column-is-layout-flow\" style=\"flex-basis:60%\">\n<div class=\"wp-block-buttons is-layout-flex wp-block-buttons-is-layout-flex\">\n<div class=\"wp-block-button is-primary\"><a class=\"wp-block-button__link\" href=\"https:\/\/seiu6.joinlocal.org\/\" target=\"_blank\" rel=\"noreferrer noopener\">\u00danase a SEIU6<\/a><\/div>\n<\/div>\n<\/div>\n<\/div>\n<\/div><\/div>\n","protected":false},"excerpt":{"rendered":"<p>Con el poder colectivo de m\u00e1s de 9,000 miembros, SEIU6 ayuda a que los trabajadores protejan sus derechos y sean tratados justamente en el lugar de trabajo. La Uni\u00f3n trabaja para negociar el salario, los beneficios, las condiciones laborales, y m\u00e1s, y asegurarse de que los empleadores cumplan los contratos. Ejemplos del apoyo de la [&#8230;]<\/p>\n","protected":false},"author":2,"featured_media":0,"parent":0,"menu_order":0,"comment_status":"closed","ping_status":"closed","template":"","meta":{"_acf_changed":false,"inline_featured_image":false,"footnotes":""},"class_list":["post-3397","page","type-page","status-publish","hentry"],"acf":[],"yoast_head":"<!-- This site is optimized with the Yoast SEO plugin v24.6 - https:\/\/yoast.com\/wordpress\/plugins\/seo\/ -->\n<title>Beneficios para miembros - SEIU6<\/title>\n<meta name=\"robots\" content=\"index, follow, max-snippet:-1, max-image-preview:large, max-video-preview:-1\" \/>\n<link rel=\"canonical\" href=\"https:\/\/seiu6.org\/es\/membresa-de-la-unin\/\" \/>\n<meta property=\"og:locale\" content=\"es_ES\" \/>\n<meta property=\"og:type\" content=\"article\" \/>\n<meta property=\"og:title\" content=\"Beneficios para miembros - SEIU6\" \/>\n<meta property=\"og:description\" content=\"Con el poder colectivo de m\u00e1s de 9,000 miembros, SEIU6 ayuda a que los trabajadores protejan sus derechos y sean tratados justamente en el lugar de trabajo. La Uni\u00f3n trabaja para negociar el salario, los beneficios, las condiciones laborales, y m\u00e1s, y asegurarse de que los empleadores cumplan los contratos. Ejemplos del apoyo de la [...]\" \/>\n<meta property=\"og:url\" content=\"https:\/\/seiu6.org\/es\/membresa-de-la-unin\/\" \/>\n<meta property=\"og:site_name\" content=\"SEIU6\" \/>\n<meta property=\"article:modified_time\" content=\"2022-02-04T22:26:57+00:00\" \/>\n<meta property=\"og:image\" content=\"https:\/\/seiu6.org\/wp-content\/uploads\/2021\/08\/Zenia-Airport-Rally-Oct-2018.png\" \/>\n<meta name=\"twitter:card\" content=\"summary_large_image\" \/>\n<meta name=\"twitter:label1\" content=\"Tiempo de lectura\" \/>\n\t<meta name=\"twitter:data1\" content=\"3 minutos\" \/>\n<script type=\"application\/ld+json\" class=\"yoast-schema-graph\">{\"@context\":\"https:\/\/schema.org\",\"@graph\":[{\"@type\":\"WebPage\",\"@id\":\"https:\/\/seiu6.org\/es\/membresa-de-la-unin\/\",\"url\":\"https:\/\/seiu6.org\/es\/membresa-de-la-unin\/\",\"name\":\"Beneficios para miembros - SEIU6\",\"isPartOf\":{\"@id\":\"https:\/\/seiu6.org\/es\/#website\"},\"primaryImageOfPage\":{\"@id\":\"https:\/\/seiu6.org\/es\/membresa-de-la-unin\/#primaryimage\"},\"image\":{\"@id\":\"https:\/\/seiu6.org\/es\/membresa-de-la-unin\/#primaryimage\"},\"thumbnailUrl\":\"https:\/\/seiu6.org\/wp-content\/uploads\/2021\/08\/Zenia-Airport-Rally-Oct-2018.png\",\"datePublished\":\"2022-01-18T19:57:04+00:00\",\"dateModified\":\"2022-02-04T22:26:57+00:00\",\"breadcrumb\":{\"@id\":\"https:\/\/seiu6.org\/es\/membresa-de-la-unin\/#breadcrumb\"},\"inLanguage\":\"es\",\"potentialAction\":[{\"@type\":\"ReadAction\",\"target\":[\"https:\/\/seiu6.org\/es\/membresa-de-la-unin\/\"]}]},{\"@type\":\"ImageObject\",\"inLanguage\":\"es\",\"@id\":\"https:\/\/seiu6.org\/es\/membresa-de-la-unin\/#primaryimage\",\"url\":\"https:\/\/seiu6.org\/wp-content\/uploads\/2021\/08\/Zenia-Airport-Rally-Oct-2018.png\",\"contentUrl\":\"https:\/\/seiu6.org\/wp-content\/uploads\/2021\/08\/Zenia-Airport-Rally-Oct-2018.png\"},{\"@type\":\"BreadcrumbList\",\"@id\":\"https:\/\/seiu6.org\/es\/membresa-de-la-unin\/#breadcrumb\",\"itemListElement\":[{\"@type\":\"ListItem\",\"position\":1,\"name\":\"Home\",\"item\":\"https:\/\/seiu6.org\/es\/\"},{\"@type\":\"ListItem\",\"position\":2,\"name\":\"Beneficios para miembros\"}]},{\"@type\":\"WebSite\",\"@id\":\"https:\/\/seiu6.org\/es\/#website\",\"url\":\"https:\/\/seiu6.org\/es\/\",\"name\":\"SEIU6\",\"description\":\"Property Services NW\",\"publisher\":{\"@id\":\"https:\/\/seiu6.org\/es\/#organization\"},\"potentialAction\":[{\"@type\":\"SearchAction\",\"target\":{\"@type\":\"EntryPoint\",\"urlTemplate\":\"https:\/\/seiu6.org\/es\/?s={search_term_string}\"},\"query-input\":{\"@type\":\"PropertyValueSpecification\",\"valueRequired\":true,\"valueName\":\"search_term_string\"}}],\"inLanguage\":\"es\"},{\"@type\":\"Organization\",\"@id\":\"https:\/\/seiu6.org\/es\/#organization\",\"name\":\"SEIU6 Property Services NW\",\"url\":\"https:\/\/seiu6.org\/es\/\",\"logo\":{\"@type\":\"ImageObject\",\"inLanguage\":\"es\",\"@id\":\"https:\/\/seiu6.org\/es\/#\/schema\/logo\/image\/\",\"url\":\"https:\/\/seiu6.org\/wp-content\/uploads\/2021\/08\/Logo-Color-SEIU6.svg\",\"contentUrl\":\"https:\/\/seiu6.org\/wp-content\/uploads\/2021\/08\/Logo-Color-SEIU6.svg\",\"width\":\"1024\",\"height\":\"1024\",\"caption\":\"SEIU6 Property Services NW\"},\"image\":{\"@id\":\"https:\/\/seiu6.org\/es\/#\/schema\/logo\/image\/\"}}]}<\/script>\n<!-- \/ Yoast SEO plugin. -->","yoast_head_json":{"title":"Beneficios para miembros - SEIU6","robots":{"index":"index","follow":"follow","max-snippet":"max-snippet:-1","max-image-preview":"max-image-preview:large","max-video-preview":"max-video-preview:-1"},"canonical":"https:\/\/seiu6.org\/es\/membresa-de-la-unin\/","og_locale":"es_ES","og_type":"article","og_title":"Beneficios para miembros - SEIU6","og_description":"Con el poder colectivo de m\u00e1s de 9,000 miembros, SEIU6 ayuda a que los trabajadores protejan sus derechos y sean tratados justamente en el lugar de trabajo. La Uni\u00f3n trabaja para negociar el salario, los beneficios, las condiciones laborales, y m\u00e1s, y asegurarse de que los empleadores cumplan los contratos. Ejemplos del apoyo de la [...]","og_url":"https:\/\/seiu6.org\/es\/membresa-de-la-unin\/","og_site_name":"SEIU6","article_modified_time":"2022-02-04T22:26:57+00:00","og_image":[{"url":"https:\/\/seiu6.org\/wp-content\/uploads\/2021\/08\/Zenia-Airport-Rally-Oct-2018.png","type":"","width":"","height":""}],"twitter_card":"summary_large_image","twitter_misc":{"Tiempo de lectura":"3 minutos"},"schema":{"@context":"https:\/\/schema.org","@graph":[{"@type":"WebPage","@id":"https:\/\/seiu6.org\/es\/membresa-de-la-unin\/","url":"https:\/\/seiu6.org\/es\/membresa-de-la-unin\/","name":"Beneficios para miembros - SEIU6","isPartOf":{"@id":"https:\/\/seiu6.org\/es\/#website"},"primaryImageOfPage":{"@id":"https:\/\/seiu6.org\/es\/membresa-de-la-unin\/#primaryimage"},"image":{"@id":"https:\/\/seiu6.org\/es\/membresa-de-la-unin\/#primaryimage"},"thumbnailUrl":"https:\/\/seiu6.org\/wp-content\/uploads\/2021\/08\/Zenia-Airport-Rally-Oct-2018.png","datePublished":"2022-01-18T19:57:04+00:00","dateModified":"2022-02-04T22:26:57+00:00","breadcrumb":{"@id":"https:\/\/seiu6.org\/es\/membresa-de-la-unin\/#breadcrumb"},"inLanguage":"es","potentialAction":[{"@type":"ReadAction","target":["https:\/\/seiu6.org\/es\/membresa-de-la-unin\/"]}]},{"@type":"ImageObject","inLanguage":"es","@id":"https:\/\/seiu6.org\/es\/membresa-de-la-unin\/#primaryimage","url":"https:\/\/seiu6.org\/wp-content\/uploads\/2021\/08\/Zenia-Airport-Rally-Oct-2018.png","contentUrl":"https:\/\/seiu6.org\/wp-content\/uploads\/2021\/08\/Zenia-Airport-Rally-Oct-2018.png"},{"@type":"BreadcrumbList","@id":"https:\/\/seiu6.org\/es\/membresa-de-la-unin\/#breadcrumb","itemListElement":[{"@type":"ListItem","position":1,"name":"Home","item":"https:\/\/seiu6.org\/es\/"},{"@type":"ListItem","position":2,"name":"Beneficios para miembros"}]},{"@type":"WebSite","@id":"https:\/\/seiu6.org\/es\/#website","url":"https:\/\/seiu6.org\/es\/","name":"SEIU6","description":"Property Services NW","publisher":{"@id":"https:\/\/seiu6.org\/es\/#organization"},"potentialAction":[{"@type":"SearchAction","target":{"@type":"EntryPoint","urlTemplate":"https:\/\/seiu6.org\/es\/?s={search_term_string}"},"query-input":{"@type":"PropertyValueSpecification","valueRequired":true,"valueName":"search_term_string"}}],"inLanguage":"es"},{"@type":"Organization","@id":"https:\/\/seiu6.org\/es\/#organization","name":"SEIU6 Property Services NW","url":"https:\/\/seiu6.org\/es\/","logo":{"@type":"ImageObject","inLanguage":"es","@id":"https:\/\/seiu6.org\/es\/#\/schema\/logo\/image\/","url":"https:\/\/seiu6.org\/wp-content\/uploads\/2021\/08\/Logo-Color-SEIU6.svg","contentUrl":"https:\/\/seiu6.org\/wp-content\/uploads\/2021\/08\/Logo-Color-SEIU6.svg","width":"1024","height":"1024","caption":"SEIU6 Property Services NW"},"image":{"@id":"https:\/\/seiu6.org\/es\/#\/schema\/logo\/image\/"}}]}},"_links":{"self":[{"href":"https:\/\/seiu6.org\/es\/wp-json\/wp\/v2\/pages\/3397","targetHints":{"allow":["GET"]}}],"collection":[{"href":"https:\/\/seiu6.org\/es\/wp-json\/wp\/v2\/pages"}],"about":[{"href":"https:\/\/seiu6.org\/es\/wp-json\/wp\/v2\/types\/page"}],"author":[{"embeddable":true,"href":"https:\/\/seiu6.org\/es\/wp-json\/wp\/v2\/users\/2"}],"replies":[{"embeddable":true,"href":"https:\/\/seiu6.org\/es\/wp-json\/wp\/v2\/comments?post=3397"}],"version-history":[{"count":0,"href":"https:\/\/seiu6.org\/es\/wp-json\/wp\/v2\/pages\/3397\/revisions"}],"wp:attachment":[{"href":"https:\/\/seiu6.org\/es\/wp-json\/wp\/v2\/media?parent=3397"}],"curies":[{"name":"wp","href":"https:\/\/api.w.org\/{rel}","templated":true}]}}