{"id":3432,"date":"2022-01-18T11:57:44","date_gmt":"2022-01-18T19:57:44","guid":{"rendered":"https:\/\/seiu6.org\/aviso-sobre-los-derechos-de-los-empleados\/"},"modified":"2022-02-04T14:22:48","modified_gmt":"2022-02-04T22:22:48","slug":"aviso-sobre-los-derechos-de-los-empleados","status":"publish","type":"page","link":"https:\/\/seiu6.org\/es\/aviso-sobre-los-derechos-de-los-empleados\/","title":{"rendered":"Aviso sobre los derechos de los empleados"},"content":{"rendered":"\n<h5 class=\"wp-block-heading\">Aviso sobre los derechos de los empleados<\/h5>\n\n<h1 class=\"wp-block-heading\">Aviso sobre los derechos y obligaciones de los empleados<\/h1>\n\n<p>Usted tiene el derecho de unirse o abstenerse de unirse a SEIU6 Property Services NW (SEIU6) como miembro activo al d\u00eda con sus obligaciones. Lo animamos a que se una a SEIU6 por los beneficios que puede obtener, que son exclusivos para los miembros activos, e incluyen:<\/p>\n\n<ul class=\"wp-block-list\"><li>Participar en las negociaciones de los contratos nuevos, y votar a favor o en contra de la ratificaci\u00f3n de un acuerdo propuesto.<\/li><li>Postularse y desempe\u00f1arse como funcionario electo en la uni\u00f3n, y as\u00ed ayudar a tomar decisiones sobre las metas y prioridades de SEIU6.<\/li><li>Formar parte de la comunidad de hermanos y hermanas de la uni\u00f3n, y tener la oportunidad de asistir a las reuniones y capacitaciones de liderazgo de la uni\u00f3n, y ejercer funciones sociales.<\/li><li>Formar parte del movimiento internacional de trabajadores y solidarizarse con la lucha por los derechos de todas las personas trabajadoras. Ser un miembro activo de SEIU6 significa m\u00e1s que simplemente luchar por mejorar su salario y condiciones laborales. Significa luchar por ese derecho para todos porque es lo correcto.<\/li><\/ul>\n<p>Usted debe pagar cuotas peri\u00f3dicas para ser un miembro activo al d\u00eda con sus obligaciones. Si decide convertirse en un miembro activo al d\u00eda con sus obligaciones, podr\u00e1 renunciar a su membres\u00eda en cualquier momento. Independientemente de que decida convertirse en un miembro activo al d\u00eda con sus obligaciones, tiene la obligaci\u00f3n de contribuir financieramente con SEIU6, ya que SEIU6 representa a cada uno de los empleados y negocia en su nombre en la unidad de negociaci\u00f3n, independientemente de su condici\u00f3n de miembro. Si decide convertirse en un miembro \u201cpasivo\u201d, puede pagar el equivalente de las cuotas completas de la uni\u00f3n o un porcentaje reducido de las cuotas, conocidas como las cuotas de \u201ctarifa correspondiente\u201d. Las cuotas de tarifa correspondiente reflejan la proporci\u00f3n de tiempo y recursos que la unidad de negociaci\u00f3n de SEIU6 dedica para representar a los empleados en los asuntos relacionados con la negociaci\u00f3n colectiva, pero no reflejan la proporci\u00f3n de tiempo y recursos que se utilizan para darles poder a los trabajadores por medio de actividades no relacionadas con su representaci\u00f3n, las cuales se incluyen en las cuotas completas de la uni\u00f3n y ayudan a apoyar partes importantes de la misi\u00f3n de SEIU6. En la actualidad, las cuotas de tarifa correspondiente representan el 71.21 % de las cuotas de la uni\u00f3n.<\/p>\n\n<p>Si decide pagar las cuotas de tarifa correspondiente, tendr\u00e1 el derecho de objetar el c\u00e1lculo que SEIU6 hace del porcentaje de las cuotas de tarifa correspondiente y de recibir informaci\u00f3n apropiada, previa solicitud, para que pueda decidir si desea objetarlas y c\u00f3mo hacerlo. Si desea objetar la totalidad de las cuotas de la uni\u00f3n y pagar las tarifas correspondientes, debe informar a SEIU6 por escrito sobre su objeci\u00f3n: (1) dentro de un plazo de 30 d\u00edas desde el momento en que recibi\u00f3 su solicitud de membres\u00eda (2) durante un per\u00edodo anual de objeciones de 30 d\u00edas entre el 1.\u00ba y el 30 de enero; o (3) dentro de un plazo de 30 d\u00edas despu\u00e9s de renunciar a la membres\u00eda plena a SEIU6.<\/p>\n\n<p>Por \u00faltimo, es importante que tenga en cuenta que el Acuerdo de Negociaci\u00f3n Colectiva que protege su empleo contiene una cl\u00e1usula de garant\u00edas de la uni\u00f3n, en la cual, como condici\u00f3n para el empleo, se exige que usted sea un miembro activo de la uni\u00f3n al d\u00eda con sus obligaciones o un miembro \u201cpasivo\u201d de SEIU6. Esto significa que usted debe pagar peri\u00f3dicamente las cuotas de la uni\u00f3n o las cuotas de tarifa correspondiente, ya sea por medio de una deducci\u00f3n autom\u00e1tica del salario o enviando manualmente un pago a SEIU6. Dentro de la cl\u00e1usula de garant\u00edas de la uni\u00f3n, se estipula que SEIU6 est\u00e1 en capacidad de solicitarle legalmente a su empleador que d\u00e9 por terminada su relaci\u00f3n laboral si usted no paga oportunamente sus cuotas o cuotas de tarifa correspondiente.<\/p>\n\n<div class=\"wp-block-group alignfull has-white-color has-purple-background-color has-text-color has-background is-layout-flow wp-block-group-is-layout-flow\"><div class=\"wp-block-group__inner-container\">\n<div class=\"wp-block-columns are-vertically-aligned-center flex-column flex-md-row is-layout-flex wp-container-core-columns-is-layout-28f84493 wp-block-columns-is-layout-flex\">\n<div class=\"wp-block-column is-vertically-aligned-center is-layout-flow wp-block-column-is-layout-flow\" style=\"flex-basis:40%\">\n<h4 class=\"font-primary has-white-color has-text-color wp-block-heading\">Juntos somos m\u00e1s fuertes.<\/h4>\n<\/div>\n\n\n\n<div class=\"wp-block-column is-vertically-aligned-center mt-4 mt-lg-0 ml-0 ml-lg-6 is-layout-flow wp-block-column-is-layout-flow\" style=\"flex-basis:60%\">\n<div class=\"wp-block-buttons is-layout-flex wp-block-buttons-is-layout-flex\">\n<div class=\"wp-block-button is-primary\"><a class=\"wp-block-button__link\" href=\"https:\/\/seiu6.org\/es\/nase-a-nuestro-equipo\/\">\u00danase a SEIU6<\/a><\/div>\n<\/div>\n<\/div>\n<\/div>\n<\/div><\/div>\n","protected":false},"excerpt":{"rendered":"<p>Aviso sobre los derechos de los empleados<\/p>\n<p>Aviso sobre los derechos y obligaciones de los empleados<\/p>\n<p>Usted tiene el derecho de unirse o abstenerse de unirse a SEIU6 Property Services NW (SEIU6) como miembro activo al d\u00eda con sus obligaciones. Lo animamos a que se una a SEIU6 por los beneficios que puede obtener, que son exclusivos [&#8230;]<\/p>\n","protected":false},"author":2,"featured_media":0,"parent":0,"menu_order":0,"comment_status":"closed","ping_status":"closed","template":"","meta":{"_acf_changed":false,"inline_featured_image":false,"footnotes":""},"class_list":["post-3432","page","type-page","status-publish","hentry"],"acf":[],"yoast_head":"<!-- This site is optimized with the Yoast SEO plugin v24.6 - https:\/\/yoast.com\/wordpress\/plugins\/seo\/ -->\n<title>Aviso sobre los derechos de los empleados - SEIU6<\/title>\n<meta name=\"robots\" content=\"index, follow, max-snippet:-1, max-image-preview:large, max-video-preview:-1\" \/>\n<link rel=\"canonical\" href=\"https:\/\/seiu6.org\/es\/aviso-sobre-los-derechos-de-los-empleados\/\" \/>\n<meta property=\"og:locale\" content=\"es_ES\" \/>\n<meta property=\"og:type\" content=\"article\" \/>\n<meta property=\"og:title\" content=\"Aviso sobre los derechos de los empleados - SEIU6\" \/>\n<meta property=\"og:description\" content=\"Aviso sobre los derechos de los empleados Aviso sobre los derechos y obligaciones de los empleados Usted tiene el derecho de unirse o abstenerse de unirse a SEIU6 Property Services NW (SEIU6) como miembro activo al d\u00eda con sus obligaciones. Lo animamos a que se una a SEIU6 por los beneficios que puede obtener, que son exclusivos [...]\" \/>\n<meta property=\"og:url\" content=\"https:\/\/seiu6.org\/es\/aviso-sobre-los-derechos-de-los-empleados\/\" \/>\n<meta property=\"og:site_name\" content=\"SEIU6\" \/>\n<meta property=\"article:modified_time\" content=\"2022-02-04T22:22:48+00:00\" \/>\n<meta name=\"twitter:card\" content=\"summary_large_image\" \/>\n<meta name=\"twitter:label1\" content=\"Tiempo de lectura\" \/>\n\t<meta name=\"twitter:data1\" content=\"4 minutos\" \/>\n<script type=\"application\/ld+json\" class=\"yoast-schema-graph\">{\"@context\":\"https:\/\/schema.org\",\"@graph\":[{\"@type\":\"WebPage\",\"@id\":\"https:\/\/seiu6.org\/es\/aviso-sobre-los-derechos-de-los-empleados\/\",\"url\":\"https:\/\/seiu6.org\/es\/aviso-sobre-los-derechos-de-los-empleados\/\",\"name\":\"Aviso sobre los derechos de los empleados - SEIU6\",\"isPartOf\":{\"@id\":\"https:\/\/seiu6.org\/es\/#website\"},\"datePublished\":\"2022-01-18T19:57:44+00:00\",\"dateModified\":\"2022-02-04T22:22:48+00:00\",\"breadcrumb\":{\"@id\":\"https:\/\/seiu6.org\/es\/aviso-sobre-los-derechos-de-los-empleados\/#breadcrumb\"},\"inLanguage\":\"es\",\"potentialAction\":[{\"@type\":\"ReadAction\",\"target\":[\"https:\/\/seiu6.org\/es\/aviso-sobre-los-derechos-de-los-empleados\/\"]}]},{\"@type\":\"BreadcrumbList\",\"@id\":\"https:\/\/seiu6.org\/es\/aviso-sobre-los-derechos-de-los-empleados\/#breadcrumb\",\"itemListElement\":[{\"@type\":\"ListItem\",\"position\":1,\"name\":\"Home\",\"item\":\"https:\/\/seiu6.org\/es\/\"},{\"@type\":\"ListItem\",\"position\":2,\"name\":\"Aviso sobre los derechos de los empleados\"}]},{\"@type\":\"WebSite\",\"@id\":\"https:\/\/seiu6.org\/es\/#website\",\"url\":\"https:\/\/seiu6.org\/es\/\",\"name\":\"SEIU6\",\"description\":\"Property Services NW\",\"publisher\":{\"@id\":\"https:\/\/seiu6.org\/es\/#organization\"},\"potentialAction\":[{\"@type\":\"SearchAction\",\"target\":{\"@type\":\"EntryPoint\",\"urlTemplate\":\"https:\/\/seiu6.org\/es\/?s={search_term_string}\"},\"query-input\":{\"@type\":\"PropertyValueSpecification\",\"valueRequired\":true,\"valueName\":\"search_term_string\"}}],\"inLanguage\":\"es\"},{\"@type\":\"Organization\",\"@id\":\"https:\/\/seiu6.org\/es\/#organization\",\"name\":\"SEIU6 Property Services NW\",\"url\":\"https:\/\/seiu6.org\/es\/\",\"logo\":{\"@type\":\"ImageObject\",\"inLanguage\":\"es\",\"@id\":\"https:\/\/seiu6.org\/es\/#\/schema\/logo\/image\/\",\"url\":\"https:\/\/seiu6.org\/wp-content\/uploads\/2021\/08\/Logo-Color-SEIU6.svg\",\"contentUrl\":\"https:\/\/seiu6.org\/wp-content\/uploads\/2021\/08\/Logo-Color-SEIU6.svg\",\"width\":\"1024\",\"height\":\"1024\",\"caption\":\"SEIU6 Property Services NW\"},\"image\":{\"@id\":\"https:\/\/seiu6.org\/es\/#\/schema\/logo\/image\/\"}}]}<\/script>\n<!-- \/ Yoast SEO plugin. -->","yoast_head_json":{"title":"Aviso sobre los derechos de los empleados - SEIU6","robots":{"index":"index","follow":"follow","max-snippet":"max-snippet:-1","max-image-preview":"max-image-preview:large","max-video-preview":"max-video-preview:-1"},"canonical":"https:\/\/seiu6.org\/es\/aviso-sobre-los-derechos-de-los-empleados\/","og_locale":"es_ES","og_type":"article","og_title":"Aviso sobre los derechos de los empleados - SEIU6","og_description":"Aviso sobre los derechos de los empleados Aviso sobre los derechos y obligaciones de los empleados Usted tiene el derecho de unirse o abstenerse de unirse a SEIU6 Property Services NW (SEIU6) como miembro activo al d\u00eda con sus obligaciones. Lo animamos a que se una a SEIU6 por los beneficios que puede obtener, que son exclusivos [...]","og_url":"https:\/\/seiu6.org\/es\/aviso-sobre-los-derechos-de-los-empleados\/","og_site_name":"SEIU6","article_modified_time":"2022-02-04T22:22:48+00:00","twitter_card":"summary_large_image","twitter_misc":{"Tiempo de lectura":"4 minutos"},"schema":{"@context":"https:\/\/schema.org","@graph":[{"@type":"WebPage","@id":"https:\/\/seiu6.org\/es\/aviso-sobre-los-derechos-de-los-empleados\/","url":"https:\/\/seiu6.org\/es\/aviso-sobre-los-derechos-de-los-empleados\/","name":"Aviso sobre los derechos de los empleados - SEIU6","isPartOf":{"@id":"https:\/\/seiu6.org\/es\/#website"},"datePublished":"2022-01-18T19:57:44+00:00","dateModified":"2022-02-04T22:22:48+00:00","breadcrumb":{"@id":"https:\/\/seiu6.org\/es\/aviso-sobre-los-derechos-de-los-empleados\/#breadcrumb"},"inLanguage":"es","potentialAction":[{"@type":"ReadAction","target":["https:\/\/seiu6.org\/es\/aviso-sobre-los-derechos-de-los-empleados\/"]}]},{"@type":"BreadcrumbList","@id":"https:\/\/seiu6.org\/es\/aviso-sobre-los-derechos-de-los-empleados\/#breadcrumb","itemListElement":[{"@type":"ListItem","position":1,"name":"Home","item":"https:\/\/seiu6.org\/es\/"},{"@type":"ListItem","position":2,"name":"Aviso sobre los derechos de los empleados"}]},{"@type":"WebSite","@id":"https:\/\/seiu6.org\/es\/#website","url":"https:\/\/seiu6.org\/es\/","name":"SEIU6","description":"Property Services NW","publisher":{"@id":"https:\/\/seiu6.org\/es\/#organization"},"potentialAction":[{"@type":"SearchAction","target":{"@type":"EntryPoint","urlTemplate":"https:\/\/seiu6.org\/es\/?s={search_term_string}"},"query-input":{"@type":"PropertyValueSpecification","valueRequired":true,"valueName":"search_term_string"}}],"inLanguage":"es"},{"@type":"Organization","@id":"https:\/\/seiu6.org\/es\/#organization","name":"SEIU6 Property Services NW","url":"https:\/\/seiu6.org\/es\/","logo":{"@type":"ImageObject","inLanguage":"es","@id":"https:\/\/seiu6.org\/es\/#\/schema\/logo\/image\/","url":"https:\/\/seiu6.org\/wp-content\/uploads\/2021\/08\/Logo-Color-SEIU6.svg","contentUrl":"https:\/\/seiu6.org\/wp-content\/uploads\/2021\/08\/Logo-Color-SEIU6.svg","width":"1024","height":"1024","caption":"SEIU6 Property Services NW"},"image":{"@id":"https:\/\/seiu6.org\/es\/#\/schema\/logo\/image\/"}}]}},"_links":{"self":[{"href":"https:\/\/seiu6.org\/es\/wp-json\/wp\/v2\/pages\/3432","targetHints":{"allow":["GET"]}}],"collection":[{"href":"https:\/\/seiu6.org\/es\/wp-json\/wp\/v2\/pages"}],"about":[{"href":"https:\/\/seiu6.org\/es\/wp-json\/wp\/v2\/types\/page"}],"author":[{"embeddable":true,"href":"https:\/\/seiu6.org\/es\/wp-json\/wp\/v2\/users\/2"}],"replies":[{"embeddable":true,"href":"https:\/\/seiu6.org\/es\/wp-json\/wp\/v2\/comments?post=3432"}],"version-history":[{"count":0,"href":"https:\/\/seiu6.org\/es\/wp-json\/wp\/v2\/pages\/3432\/revisions"}],"wp:attachment":[{"href":"https:\/\/seiu6.org\/es\/wp-json\/wp\/v2\/media?parent=3432"}],"curies":[{"name":"wp","href":"https:\/\/api.w.org\/{rel}","templated":true}]}}