{"id":3444,"date":"2022-01-18T11:58:36","date_gmt":"2022-01-18T19:58:36","guid":{"rendered":"https:\/\/seiu6.org\/en-defensa-de-la-seguridad\/"},"modified":"2022-02-04T14:24:52","modified_gmt":"2022-02-04T22:24:52","slug":"en-defensa-de-la-seguridad","status":"publish","type":"page","link":"https:\/\/seiu6.org\/es\/en-defensa-de-la-seguridad\/","title":{"rendered":"En defensa de la seguridad"},"content":{"rendered":"\n<p>Todos los d\u00edas, miles de oficiales de seguridad de California trabajan protegiendo las instalaciones que son propiedad de algunas de las corporaciones m\u00e1s rentables del pa\u00eds.  Demasiados oficiales de seguridad realizan un trabajo importante y en ocasiones peligroso, y ganan mucho menos que lo que es necesario para sostener a sus familias y poder contar con atenci\u00f3n m\u00e9dica asequible.<\/p>\n\n<p>Los oficiales de seguridad de USWW se unieron y est\u00e1n ayudando a cambiar la industria, y a aportarles buenos empleos a las comunidades locales.  Recientemente, los oficiales de seguridad de Los \u00c1ngeles y el \u00e1rea de Bay obtuvieron mejores salarios y acceso a atenci\u00f3n de salud familiar y asequible, al tiempo que mejoraron los est\u00e1ndares de la industria, el profesionalismo, la capacitaci\u00f3n y las oportunidades profesionales.<\/p>\n\n<p>Para conocer m\u00e1s sobre el esfuerzo nacional que los oficiales de seguridad hacen en su lucha por mejores trabajos, consulte <a href=\"http:\/\/www.standforsecurity.org\/\" target=\"_blank\" rel=\"noreferrer noopener\">En defensa de la seguridad<\/a><\/p>\n","protected":false},"excerpt":{"rendered":"<p>Todos los d\u00edas, miles de oficiales de seguridad de California trabajan protegiendo las instalaciones que son propiedad de algunas de las corporaciones m\u00e1s rentables del pa\u00eds.  Demasiados oficiales de seguridad realizan un trabajo importante y en ocasiones peligroso, y ganan mucho menos que lo que es necesario para sostener a sus familias y poder [&#8230;]<\/p>\n","protected":false},"author":2,"featured_media":0,"parent":0,"menu_order":0,"comment_status":"closed","ping_status":"closed","template":"","meta":{"_acf_changed":false,"inline_featured_image":false,"footnotes":""},"class_list":["post-3444","page","type-page","status-publish","hentry"],"acf":[],"yoast_head":"<!-- This site is optimized with the Yoast SEO plugin v24.6 - https:\/\/yoast.com\/wordpress\/plugins\/seo\/ -->\n<title>En defensa de la seguridad - SEIU6<\/title>\n<meta name=\"robots\" content=\"index, follow, max-snippet:-1, max-image-preview:large, max-video-preview:-1\" \/>\n<link rel=\"canonical\" href=\"https:\/\/seiu6.org\/es\/en-defensa-de-la-seguridad\/\" \/>\n<meta property=\"og:locale\" content=\"es_ES\" \/>\n<meta property=\"og:type\" content=\"article\" \/>\n<meta property=\"og:title\" content=\"En defensa de la seguridad - SEIU6\" \/>\n<meta property=\"og:description\" content=\"Todos los d\u00edas, miles de oficiales de seguridad de California trabajan protegiendo las instalaciones que son propiedad de algunas de las corporaciones m\u00e1s rentables del pa\u00eds. Demasiados oficiales de seguridad realizan un trabajo importante y en ocasiones peligroso, y ganan mucho menos que lo que es necesario para sostener a sus familias y poder [...]\" \/>\n<meta property=\"og:url\" content=\"https:\/\/seiu6.org\/es\/en-defensa-de-la-seguridad\/\" \/>\n<meta property=\"og:site_name\" content=\"SEIU6\" \/>\n<meta property=\"article:modified_time\" content=\"2022-02-04T22:24:52+00:00\" \/>\n<meta name=\"twitter:card\" content=\"summary_large_image\" \/>\n<meta name=\"twitter:label1\" content=\"Tiempo de lectura\" \/>\n\t<meta name=\"twitter:data1\" content=\"1 minuto\" \/>\n<script type=\"application\/ld+json\" class=\"yoast-schema-graph\">{\"@context\":\"https:\/\/schema.org\",\"@graph\":[{\"@type\":\"WebPage\",\"@id\":\"https:\/\/seiu6.org\/es\/en-defensa-de-la-seguridad\/\",\"url\":\"https:\/\/seiu6.org\/es\/en-defensa-de-la-seguridad\/\",\"name\":\"En defensa de la seguridad - SEIU6\",\"isPartOf\":{\"@id\":\"https:\/\/seiu6.org\/es\/#website\"},\"datePublished\":\"2022-01-18T19:58:36+00:00\",\"dateModified\":\"2022-02-04T22:24:52+00:00\",\"breadcrumb\":{\"@id\":\"https:\/\/seiu6.org\/es\/en-defensa-de-la-seguridad\/#breadcrumb\"},\"inLanguage\":\"es\",\"potentialAction\":[{\"@type\":\"ReadAction\",\"target\":[\"https:\/\/seiu6.org\/es\/en-defensa-de-la-seguridad\/\"]}]},{\"@type\":\"BreadcrumbList\",\"@id\":\"https:\/\/seiu6.org\/es\/en-defensa-de-la-seguridad\/#breadcrumb\",\"itemListElement\":[{\"@type\":\"ListItem\",\"position\":1,\"name\":\"Home\",\"item\":\"https:\/\/seiu6.org\/es\/\"},{\"@type\":\"ListItem\",\"position\":2,\"name\":\"En defensa de la seguridad\"}]},{\"@type\":\"WebSite\",\"@id\":\"https:\/\/seiu6.org\/es\/#website\",\"url\":\"https:\/\/seiu6.org\/es\/\",\"name\":\"SEIU6\",\"description\":\"Property Services NW\",\"publisher\":{\"@id\":\"https:\/\/seiu6.org\/es\/#organization\"},\"potentialAction\":[{\"@type\":\"SearchAction\",\"target\":{\"@type\":\"EntryPoint\",\"urlTemplate\":\"https:\/\/seiu6.org\/es\/?s={search_term_string}\"},\"query-input\":{\"@type\":\"PropertyValueSpecification\",\"valueRequired\":true,\"valueName\":\"search_term_string\"}}],\"inLanguage\":\"es\"},{\"@type\":\"Organization\",\"@id\":\"https:\/\/seiu6.org\/es\/#organization\",\"name\":\"SEIU6 Property Services NW\",\"url\":\"https:\/\/seiu6.org\/es\/\",\"logo\":{\"@type\":\"ImageObject\",\"inLanguage\":\"es\",\"@id\":\"https:\/\/seiu6.org\/es\/#\/schema\/logo\/image\/\",\"url\":\"https:\/\/seiu6.org\/wp-content\/uploads\/2021\/08\/Logo-Color-SEIU6.svg\",\"contentUrl\":\"https:\/\/seiu6.org\/wp-content\/uploads\/2021\/08\/Logo-Color-SEIU6.svg\",\"width\":\"1024\",\"height\":\"1024\",\"caption\":\"SEIU6 Property Services NW\"},\"image\":{\"@id\":\"https:\/\/seiu6.org\/es\/#\/schema\/logo\/image\/\"}}]}<\/script>\n<!-- \/ Yoast SEO plugin. -->","yoast_head_json":{"title":"En defensa de la seguridad - SEIU6","robots":{"index":"index","follow":"follow","max-snippet":"max-snippet:-1","max-image-preview":"max-image-preview:large","max-video-preview":"max-video-preview:-1"},"canonical":"https:\/\/seiu6.org\/es\/en-defensa-de-la-seguridad\/","og_locale":"es_ES","og_type":"article","og_title":"En defensa de la seguridad - SEIU6","og_description":"Todos los d\u00edas, miles de oficiales de seguridad de California trabajan protegiendo las instalaciones que son propiedad de algunas de las corporaciones m\u00e1s rentables del pa\u00eds. Demasiados oficiales de seguridad realizan un trabajo importante y en ocasiones peligroso, y ganan mucho menos que lo que es necesario para sostener a sus familias y poder [...]","og_url":"https:\/\/seiu6.org\/es\/en-defensa-de-la-seguridad\/","og_site_name":"SEIU6","article_modified_time":"2022-02-04T22:24:52+00:00","twitter_card":"summary_large_image","twitter_misc":{"Tiempo de lectura":"1 minuto"},"schema":{"@context":"https:\/\/schema.org","@graph":[{"@type":"WebPage","@id":"https:\/\/seiu6.org\/es\/en-defensa-de-la-seguridad\/","url":"https:\/\/seiu6.org\/es\/en-defensa-de-la-seguridad\/","name":"En defensa de la seguridad - SEIU6","isPartOf":{"@id":"https:\/\/seiu6.org\/es\/#website"},"datePublished":"2022-01-18T19:58:36+00:00","dateModified":"2022-02-04T22:24:52+00:00","breadcrumb":{"@id":"https:\/\/seiu6.org\/es\/en-defensa-de-la-seguridad\/#breadcrumb"},"inLanguage":"es","potentialAction":[{"@type":"ReadAction","target":["https:\/\/seiu6.org\/es\/en-defensa-de-la-seguridad\/"]}]},{"@type":"BreadcrumbList","@id":"https:\/\/seiu6.org\/es\/en-defensa-de-la-seguridad\/#breadcrumb","itemListElement":[{"@type":"ListItem","position":1,"name":"Home","item":"https:\/\/seiu6.org\/es\/"},{"@type":"ListItem","position":2,"name":"En defensa de la seguridad"}]},{"@type":"WebSite","@id":"https:\/\/seiu6.org\/es\/#website","url":"https:\/\/seiu6.org\/es\/","name":"SEIU6","description":"Property Services NW","publisher":{"@id":"https:\/\/seiu6.org\/es\/#organization"},"potentialAction":[{"@type":"SearchAction","target":{"@type":"EntryPoint","urlTemplate":"https:\/\/seiu6.org\/es\/?s={search_term_string}"},"query-input":{"@type":"PropertyValueSpecification","valueRequired":true,"valueName":"search_term_string"}}],"inLanguage":"es"},{"@type":"Organization","@id":"https:\/\/seiu6.org\/es\/#organization","name":"SEIU6 Property Services NW","url":"https:\/\/seiu6.org\/es\/","logo":{"@type":"ImageObject","inLanguage":"es","@id":"https:\/\/seiu6.org\/es\/#\/schema\/logo\/image\/","url":"https:\/\/seiu6.org\/wp-content\/uploads\/2021\/08\/Logo-Color-SEIU6.svg","contentUrl":"https:\/\/seiu6.org\/wp-content\/uploads\/2021\/08\/Logo-Color-SEIU6.svg","width":"1024","height":"1024","caption":"SEIU6 Property Services NW"},"image":{"@id":"https:\/\/seiu6.org\/es\/#\/schema\/logo\/image\/"}}]}},"_links":{"self":[{"href":"https:\/\/seiu6.org\/es\/wp-json\/wp\/v2\/pages\/3444","targetHints":{"allow":["GET"]}}],"collection":[{"href":"https:\/\/seiu6.org\/es\/wp-json\/wp\/v2\/pages"}],"about":[{"href":"https:\/\/seiu6.org\/es\/wp-json\/wp\/v2\/types\/page"}],"author":[{"embeddable":true,"href":"https:\/\/seiu6.org\/es\/wp-json\/wp\/v2\/users\/2"}],"replies":[{"embeddable":true,"href":"https:\/\/seiu6.org\/es\/wp-json\/wp\/v2\/comments?post=3444"}],"version-history":[{"count":0,"href":"https:\/\/seiu6.org\/es\/wp-json\/wp\/v2\/pages\/3444\/revisions"}],"wp:attachment":[{"href":"https:\/\/seiu6.org\/es\/wp-json\/wp\/v2\/media?parent=3444"}],"curies":[{"name":"wp","href":"https:\/\/api.w.org\/{rel}","templated":true}]}}