{"id":3473,"date":"2022-01-21T07:55:37","date_gmt":"2022-01-21T15:55:37","guid":{"rendered":"https:\/\/seiu6.org\/union-membership\/"},"modified":"2022-02-08T08:54:12","modified_gmt":"2022-02-08T16:54:12","slug":"union-membership","status":"publish","type":"page","link":"https:\/\/seiu6.org\/vi\/union-membership\/","title":{"rendered":"Phu\u0301c L\u01a1\u0323i Cu\u0309a Tha\u0300nh Vi&ecirc;n"},"content":{"rendered":"\n<p>V\u01a1\u0301i s\u01b0\u0301c ma\u0323nh t\u00f4\u0309ng h\u01a1\u0323p cu\u0309a h\u01a1n 9.000 tha\u0300nh vi\u00ean, SEIU6 giu\u0301p nh\u00e2n vi\u00ean ba\u0309o v\u00ea\u0323 ca\u0301c quy\u00ea\u0300n cu\u0309a ho\u0323, cu\u0303ng nh\u01b0 \u0111\u01b0\u01a1\u0323c \u0111\u00f4\u0301i x\u01b0\u0309 c\u00f4ng b\u0103\u0300ng ta\u0323i n\u01a1i la\u0300m vi\u00ea\u0323c. Li\u00ean \u0110oa\u0300n n\u00f4\u0303 l\u01b0\u0323c th\u01b0\u01a1ng l\u01b0\u01a1\u0323ng v\u00ea\u0300 ti\u00ea\u0300n l\u01b0\u01a1ng, phu\u0301c l\u01a1\u0323i, \u0111i\u00ea\u0300u ki\u00ea\u0323n la\u0300m vi\u00ea\u0323c va\u0300 ca\u0301c v\u00e2\u0301n \u0111\u00ea\u0300 kha\u0301c. Ngoa\u0300i ra, chu\u0301ng t\u00f4i \u0111a\u0309m ba\u0309o chu\u0309 lao \u0111\u00f4\u0323ng tu\u00e2n thu\u0309 h\u01a1\u0323p \u0111\u00f4\u0300ng cu\u0309a ho\u0323. Vi\u0301 du\u0323 v\u00ea\u0300 s\u01b0\u0323 h\u00f4\u0303 tr\u01a1\u0323 cu\u0309a Li\u00ean \u0110oa\u0300n:<\/p>\n\n\n\n<ul class=\"list-unstyled wp-block-list\"><li><strong>Ba\u0323n g\u0103\u0323p v\u00e2\u0301n \u0111\u00ea\u0300 ta\u0323i n\u01a1i la\u0300m vi\u00ea\u0323c?<\/strong> Ba\u0323n co\u0301 th\u00ea\u0309 \u0111\u00ea\u0300 nghi\u0323 \u0111a\u0323i di\u00ea\u0323n SEIU6 cu\u0309a mi\u0300nh tr\u01a1\u0323 giu\u0301p.<\/li><li><strong>Ba\u0323n co\u0301 th\u0103\u0301c m\u0103\u0301c v\u00ea\u0300 h\u01a1\u0323p \u0111\u00f4\u0300ng cu\u0309a mi\u0300nh?<\/strong> Chu\u0301ng t\u00f4i lu\u00f4n s\u0103\u0303n lo\u0300ng giu\u0301p ba\u0323n t\u00ecm l\u1eddi gia\u0309i \u0111a\u0301p.<\/li><li><strong>Ba\u0323n c\u00e2\u0300n \u0111\u01b0\u01a1\u0323c tr\u01a1\u0323 giu\u0301p v\u00ea\u0300 ca\u0301c phu\u0301c l\u01a1\u0323i mi\u0300nh \u0111\u01b0\u01a1\u0323c h\u01b0\u01a1\u0309ng?<\/strong> Chu\u0301ng t\u00f4i co\u0301 th\u00ea\u0309 chi\u0309 d\u00e2\u0303n ba\u0323n ti\u00ea\u0301n ha\u0300nh ca\u0301c b\u01b0\u01a1\u0301c phu\u0300 h\u01a1\u0323p.<\/li><\/ul>\n\n\n\n<p>SEIU6 lu\u00f4n s\u0103\u0303n sa\u0300ng h\u00f4\u0303 tr\u01a1\u0323 ba\u0323n.<\/p>\n\n\n\n<div class=\"wp-block-cover alignfull\" style=\"min-height:675px;aspect-ratio:unset;\"><img loading=\"lazy\" decoding=\"async\" width=\"1366\" height=\"677\" class=\"wp-block-cover__image-background wp-image-3099\" alt=\"\" src=\"https:\/\/seiu6.org\/wp-content\/uploads\/2021\/08\/Zenia-Airport-Rally-Oct-2018.png\" data-object-fit=\"cover\" srcset=\"https:\/\/seiu6.org\/wp-content\/uploads\/2021\/08\/Zenia-Airport-Rally-Oct-2018.png 1366w, https:\/\/seiu6.org\/wp-content\/uploads\/2021\/08\/Zenia-Airport-Rally-Oct-2018-408x202.png 408w, https:\/\/seiu6.org\/wp-content\/uploads\/2021\/08\/Zenia-Airport-Rally-Oct-2018-1024x508.png 1024w, https:\/\/seiu6.org\/wp-content\/uploads\/2021\/08\/Zenia-Airport-Rally-Oct-2018-768x381.png 768w\" sizes=\"auto, (max-width: 1366px) 100vw, 1366px\" \/><div class=\"wp-block-cover__inner-container is-layout-flow wp-block-cover-is-layout-flow\">\n<p class=\"has-text-align-center has-large-font-size\"><\/p>\n<\/div><\/div>\n\n\n\n<div class=\"wp-block-group alignfull pb-0 has-white-color has-blue-background-color has-text-color has-background is-layout-flow wp-block-group-is-layout-flow\"><div class=\"wp-block-group__inner-container\">\n<div class=\"wp-block-group container--narrow has-background is-layout-flow wp-block-group-is-layout-flow\" style=\"background-color:#030303\"><div class=\"wp-block-group__inner-container\">\n<div class=\"wp-block-columns are-vertically-aligned-center flex-column flex-md-row is-layout-flex wp-container-core-columns-is-layout-28f84493 wp-block-columns-is-layout-flex\">\n<div class=\"wp-block-column is-vertically-aligned-center is-layout-flow wp-block-column-is-layout-flow\" style=\"flex-basis:50%\">\n<h3 class=\"has-text-color wp-block-heading\" style=\"color:#cc9afa\">CA\u0301C QUY\u00ca\u0300N CU\u0309A THA\u0300NH VI\u00caN LI\u00caN \u0110OA\u0300N<\/h3>\n\n\n\n<p class=\"has-white-color has-text-color\">Ca\u0301c tha\u0300nh vi\u00ean SEIU6 co\u0301 quy\u00ea\u0300n \u0111\u01b0\u01a1\u0323c Li\u00ean \u0110oa\u0300n ba\u0309o v\u00ea\u0323 va\u0300 \u0111a\u0323i di\u00ea\u0323n theo quy \u0111i\u0323nh trong h\u01a1\u0323p \u0111\u00f4\u0300ng lao \u0111\u00f4\u0323ng.<\/p>\n<\/div>\n\n\n\n<div class=\"wp-block-column is-vertically-aligned-center pt-4 pt-md-0 ml-0 ml-md-6 is-layout-flow wp-block-column-is-layout-flow\" style=\"flex-basis:50%\">\n<div class=\"wp-block-buttons is-content-justification-center align-items-left align-items-md-center is-layout-flex wp-block-buttons-is-layout-flex\">\n<div class=\"wp-block-button is-primary\"><a class=\"wp-block-button__link\" href=\"https:\/\/seiu6.org\/vi\/know-your-rights\/\">Hi\u00ea\u0309u Ro\u0303 Quy\u00ea\u0300n Cu\u0309a Ba\u0323n<\/a><\/div>\n<\/div>\n<\/div>\n<\/div>\n<\/div><\/div>\n<\/div><\/div>\n\n\n\n<div class=\"wp-block-group alignfull section-cards has-blue-background-color has-background is-layout-flow wp-block-group-is-layout-flow\"><div class=\"wp-block-group__inner-container\">\n<div class=\"wp-block-columns alignwide flex-column flex-md-row is-layout-flex wp-container-core-columns-is-layout-28f84493 wp-block-columns-is-layout-flex\">\n<div class=\"wp-block-column has-white-background-color has-text-color has-background is-layout-flow wp-block-column-is-layout-flow\" style=\"color:#444444\">\n<div class=\"wp-block-columns flex-column-reverse flex-sm-row is-layout-flex wp-container-core-columns-is-layout-28f84493 wp-block-columns-is-layout-flex\">\n<div class=\"wp-block-column is-layout-flow wp-block-column-is-layout-flow\" style=\"flex-basis:60%\">\n<h3 class=\"has-purple-color has-text-color wp-block-heading\">HOA\u0323T \u0110\u00d4\u0323NG CHI\u0301NH TRI\u0323<\/h3>\n\n\n\n<p>SEIU6 la\u0300m vi\u00ea\u0323c v\u01a1\u0301i ca\u0301c tha\u0300nh vi\u00ean \u0111\u00ea\u0309 \u0111\u00e2\u0301u tranh cho ca\u0301c lu\u00e2\u0323t l\u00ea\u0323 va\u0300 chi\u0301nh sa\u0301ch ba\u0309o v\u00ea\u0323 nh\u00e2n vi\u00ean.<\/p>\n\n\n\n<h4 class=\"wp-block-heading\"><a href=\"https:\/\/seiu6.org\/vi\/political-activism\/\" data-type=\"page\" data-id=\"89\">Ti\u0300m Hi\u00ea\u0309u Th\u00eam<\/a><\/h4>\n<\/div>\n\n\n\n<div class=\"wp-block-column mb-5 mb-sm-0 is-layout-flow wp-block-column-is-layout-flow\" style=\"flex-basis:40%\">\n<div class=\"wp-block-image\"><figure class=\"aligncenter size-full\"><img loading=\"lazy\" decoding=\"async\" width=\"207\" height=\"231\" src=\"https:\/\/seiu6.org\/wp-content\/uploads\/2021\/08\/RaiseAmericaLogo.png\" alt=\"\" class=\"wp-image-3101\"><\/figure><\/div>\n<\/div>\n<\/div>\n<\/div>\n\n\n\n<div class=\"wp-block-column mt-4 mt-md-0 ml-0 ml-md-6 has-white-background-color has-text-color has-background is-layout-flow wp-block-column-is-layout-flow\" style=\"color:#444444\">\n<h3 class=\"has-purple-color has-text-color wp-block-heading\">TIN T\u01af\u0301C &amp; TH\u00d4NG TIN M\u01a0\u0301I NH\u00c2\u0301T<\/h3>\n\n\n\n<p>Chu\u0301ng t\u00f4i giu\u0301p tha\u0300nh vi\u00ean lu\u00f4n c\u00e2\u0323p nh\u00e2\u0323t tin t\u01b0\u0301c va\u0300 th\u00f4ng tin m\u01a1\u0301i nh\u00e2\u0301t co\u0301 a\u0309nh h\u01b0\u01a1\u0309ng \u0111\u00ea\u0301n ca\u0301c quy\u00ea\u0300n cu\u0309a nh\u00e2n vi\u00ean trong c\u00f4ng vi\u00ea\u0323c.<\/p>\n\n\n\n<h4 class=\"wp-block-heading\"><a href=\"https:\/\/seiu6.org\/vi\/tin-tuc\/\" data-type=\"page\" data-id=\"105\">Ti\u0300m Hi\u00ea\u0309u Th\u00eam<\/a><\/h4>\n<\/div>\n<\/div>\n\n\n\n<div class=\"wp-block-columns alignwide has-equal-height-cards is-layout-flex wp-container-core-columns-is-layout-28f84493 wp-block-columns-is-layout-flex\">\n<div class=\"wp-block-column has-white-background-color has-text-color has-background is-layout-flow wp-block-column-is-layout-flow\" style=\"color:#444444\">\n<div class=\"wp-block-image\"><figure class=\"aligncenter size-full is-resized\"><img loading=\"lazy\" decoding=\"async\" src=\"https:\/\/seiu6.org\/wp-content\/uploads\/2021\/08\/J4J-tattoo-clear.png\" alt=\"\" class=\"wp-image-3105\" width=\"242\" height=\"297\"><\/figure><\/div>\n\n\n\n<h3 class=\"has-purple-color has-text-color wp-block-heading\">C\u00d4NG B\u1eb0NG CHO LAO C\u00d4NG<\/h3>\n\n\n\n<p>Lao c\u00f4ng cu\u0309a Li\u00ean \u0110oa\u0300n \u0111ang gia\u0300nh \u0111\u01b0\u01a1\u0323c nh\u01b0\u0303ng h\u01a1\u0323p \u0111\u00f4\u0300ng co\u0301 ti\u0301nh li\u0323ch s\u01b0\u0309, t\u0103ng l\u01b0\u01a1ng cho gia \u0111i\u0300nh va\u0300 n\u00e2ng cao ca\u0301c ti\u00eau chu\u00e2\u0309n trong c\u00f4\u0323ng \u0111\u00f4\u0300ng.<\/p>\n\n\n\n<h4 class=\"wp-block-heading\"><a href=\"https:\/\/seiu6.org\/vi\/justice-for-janitors\/\">Ti\u0300m hi\u00ea\u0309u th\u00eam<\/a><\/h4>\n<\/div>\n\n\n\n<div class=\"wp-block-column mt-6 mt-sm-0 has-white-background-color has-text-color has-background is-layout-flow wp-block-column-is-layout-flow\" style=\"color:#444444\">\n<div class=\"wp-block-image\"><figure class=\"aligncenter size-full is-resized\"><img loading=\"lazy\" decoding=\"async\" src=\"https:\/\/seiu6.org\/wp-content\/uploads\/2021\/08\/s4s-logo.png\" alt=\"\" class=\"wp-image-3107\" width=\"250\" height=\"297\"><\/figure><\/div>\n\n\n\n<h3 class=\"has-purple-color has-text-color wp-block-heading\">U\u0309NG H\u00d4\u0323 NH\u00c2N VI\u00caN AN NINH<\/h3>\n\n\n\n<p>Nh\u00e2n vi\u00ean an ninh \u0111ang u\u0309ng h\u00f4\u0323 ca\u0301c c\u00f4ng vi\u00ea\u0323c ta\u0323o \u0111i\u00ea\u0300u ki\u00ea\u0323n \u0111\u00ea\u0309 chu\u0301ng t\u00f4i n\u00f4\u0303 l\u01b0\u0323c mang la\u0323i nha\u0300 \u01a1\u0309 t\u01b0\u0309 t\u00ea\u0301, di\u0323ch vu\u0323 ch\u0103m so\u0301c s\u01b0\u0301c kho\u0309e ch\u00e2\u0301t l\u01b0\u01a1\u0323ng, dinh d\u01b0\u01a1\u0303ng \u0111\u00e2\u0300y \u0111u\u0309, kha\u0309 n\u0103ng ti\u00ea\u0301p c\u00e2\u0323n v\u01a1\u0301i gia\u0301o du\u0323c va\u0300 ch\u00ea\u0301 \u0111\u00f4\u0323 h\u01b0u tri\u0301 chu\u00e2\u0309n m\u01b0\u0323c.<\/p>\n\n\n\n<h4 class=\"wp-block-heading\"><a href=\"https:\/\/seiu6.org\/vi\/stand-for-security\/\">Ti\u0300m Hi\u00ea\u0309u Th\u00eam<\/a><\/h4>\n<\/div>\n\n\n\n<div class=\"wp-block-column mt-6 mt-md-0 has-white-background-color has-text-color has-background is-layout-flow wp-block-column-is-layout-flow\" style=\"color:#444444\">\n<div class=\"wp-block-image\"><figure class=\"aligncenter size-full\"><img loading=\"lazy\" decoding=\"async\" width=\"297\" height=\"297\" src=\"https:\/\/seiu6.org\/wp-content\/uploads\/2021\/08\/airport-workers-united-logo.png\" alt=\"\" class=\"wp-image-3103\"><\/figure><\/div>\n\n\n\n<h3 class=\"mt-3 has-purple-color has-text-color wp-block-heading\">AIRPORT WORKERS UNITED<\/h3>\n\n\n\n<p>Chu\u0301ng t\u00f4i la\u0300 nh\u00e2n vi\u00ean b\u00f4\u0301c x\u00ea\u0301p ha\u0300nh ly\u0301, nh\u00e2n vi\u00ean v\u00ea\u0323 sinh cabin, nh\u00e2n vi\u00ean h\u00f4\u0303 tr\u01a1\u0323 xe l\u0103n, lao c\u00f4ng, nh\u00e2n vi\u00ean an ninh va\u0300 ca\u0301c nh\u00e2n vi\u00ean h\u01a1\u0323p \u0111\u00f4\u0300ng kha\u0301c ta\u0323i s\u00e2n bay.<\/p>\n\n\n\n<h4 class=\"wp-block-heading\"><a href=\"https:\/\/seiu6.org\/vi\/2021\/02\/22\/progress-at-ermc\/\" data-type=\"post\" data-id=\"1572\">Ti\u0300m hi\u00ea\u0309u th\u00eam<\/a><\/h4>\n<\/div>\n<\/div>\n\n\n\n<div class=\"wp-block-columns alignwide seiu6-benefits flex-column flex-md-row is-layout-flex wp-container-core-columns-is-layout-28f84493 wp-block-columns-is-layout-flex\">\n<div class=\"wp-block-column has-white-color has-purple-background-color has-text-color has-background is-layout-flow wp-block-column-is-layout-flow\" style=\"flex-basis:72%\">\n<div class=\"wp-block-columns are-vertically-aligned-center is-layout-flex wp-container-core-columns-is-layout-28f84493 wp-block-columns-is-layout-flex\">\n<div class=\"wp-block-column is-vertically-aligned-center is-layout-flow wp-block-column-is-layout-flow\" style=\"flex-basis:35%\">\n<h3 class=\"has-white-color has-text-color wp-block-heading\">PHU\u0301C L\u01a0\u0323I VA\u0300 CHI\u00ca\u0301T KH\u00c2\u0301U<\/h3>\n\n\n\n<p><\/p>\n<\/div>\n\n\n\n<div class=\"wp-block-column is-vertically-aligned-center is-layout-flow wp-block-column-is-layout-flow\" style=\"flex-basis:60%\">\n<div class=\"wp-block-image\"><figure class=\"alignright size-full\"><img loading=\"lazy\" decoding=\"async\" width=\"366\" height=\"61\" src=\"https:\/\/seiu6.org\/wp-content\/uploads\/2021\/08\/SEIU-BENEFITS-LOGO.png\" alt=\"\" class=\"wp-image-3109\"><\/figure><\/div>\n<\/div>\n<\/div>\n\n\n\n<div style=\"height:30px\" aria-hidden=\"true\" class=\"wp-block-spacer\"><\/div>\n\n\n\n<div class=\"wp-block-columns are-vertically-aligned-center is-layout-flex wp-container-core-columns-is-layout-28f84493 wp-block-columns-is-layout-flex\">\n<div class=\"wp-block-column is-vertically-aligned-center is-layout-flow wp-block-column-is-layout-flow\" style=\"flex-basis:42%\">\n<p class=\"has-white-color has-text-color\">Ca\u0301c tha\u0300nh vi\u00ean Li\u00ean \u0110oa\u0300n co\u0301 th\u00ea\u0309 \u0111\u01b0\u01a1\u0323c h\u01b0\u01a1\u0309ng ca\u0301c phu\u0301c l\u01a1\u0323i nh\u01b0 ba\u0309o hi\u00ea\u0309m, k\u00ea\u0301 hoa\u0323ch ta\u0300i chi\u0301nh, ca\u0301c khoa\u0309n chi\u00ea\u0301t kh\u00e2\u0301u ti\u00ea\u0301t ki\u00ea\u0323m ti\u00ea\u0300n khi \u0111i du li\u0323ch va\u0300 mua s\u0103\u0301m cu\u0300ng r\u00e2\u0301t nhi\u00ea\u0300u phu\u0301c l\u01a1\u0323i kha\u0301c.<\/p>\n<\/div>\n\n\n\n<div class=\"wp-block-column is-vertically-aligned-center is-layout-flow wp-block-column-is-layout-flow\" style=\"flex-basis:58%\">\n<div class=\"wp-block-buttons is-content-justification-center align-items-center is-layout-flex wp-block-buttons-is-layout-flex\">\n<div class=\"wp-block-button is-primary\"><a class=\"wp-block-button__link\" href=\"https:\/\/www.seiumb.com\/\" target=\"_blank\" rel=\"noreferrer noopener\">B\u0103\u0301t \u0110\u00e2\u0300u<\/a><\/div>\n<\/div>\n<\/div>\n<\/div>\n<\/div>\n\n\n\n<div class=\"wp-block-column is-vertically-aligned-center ml-0 ml-md-6 pl-0 pl-md-6 is-layout-flow wp-block-column-is-layout-flow\" style=\"flex-basis:33.33%\">\n<div class=\"wp-block-buttons is-content-justification-center is-layout-flex wp-block-buttons-is-layout-flex\">\n<div class=\"wp-block-button\"><a class=\"wp-block-button__link\" href=\"https:\/\/seiu6.org\/vi\/about-seiu6\/\">Ti\u0300m hi\u00ea\u0309u th\u00eam v\u00ea\u0300 c\u00e1c li\u00ean \u0111oa\u0300n<\/a><\/div>\n<\/div>\n<\/div>\n<\/div>\n<\/div><\/div>\n\n\n\n<div class=\"wp-block-group alignfull has-white-color has-purple-background-color has-text-color has-background is-layout-flow wp-block-group-is-layout-flow\"><div class=\"wp-block-group__inner-container\">\n<div class=\"wp-block-columns are-vertically-aligned-center flex-column flex-lg-row is-layout-flex wp-container-core-columns-is-layout-28f84493 wp-block-columns-is-layout-flex\">\n<div class=\"wp-block-column is-vertically-aligned-center is-layout-flow wp-block-column-is-layout-flow\" style=\"flex-basis:40%\">\n<h3 class=\"font-primary has-white-color has-text-color wp-block-heading\">Sa\u0301t ca\u0301nh b\u00ean nhau, chu\u0301ng ta se\u0303 ma\u0323nh me\u0303 h\u01a1n.<\/h3>\n<\/div>\n\n\n\n<div class=\"wp-block-column is-vertically-aligned-center mt-4 mt-lg-0 ml-0 ml-lg-6 is-layout-flow wp-block-column-is-layout-flow\" style=\"flex-basis:60%\">\n<div class=\"wp-block-buttons is-layout-flex wp-block-buttons-is-layout-flex\">\n<div class=\"wp-block-button is-primary\"><a class=\"wp-block-button__link\" href=\"https:\/\/seiu6.joinlocal.org\/\" target=\"_blank\" rel=\"noreferrer noopener\">Tham Gia SEIU6<\/a><\/div>\n<\/div>\n<\/div>\n<\/div>\n<\/div><\/div>\n","protected":false},"excerpt":{"rendered":"<p>V\u01a1\u0301i s\u01b0\u0301c ma\u0323nh t\u00f4\u0309ng h\u01a1\u0323p cu\u0309a h\u01a1n 9.000 tha\u0300nh vi\u00ean, SEIU6 giu\u0301p nh\u00e2n vi\u00ean ba\u0309o v\u00ea\u0323 ca\u0301c quy\u00ea\u0300n cu\u0309a ho\u0323, cu\u0303ng nh\u01b0 \u0111\u01b0\u01a1\u0323c \u0111\u00f4\u0301i x\u01b0\u0309 c\u00f4ng b\u0103\u0300ng ta\u0323i n\u01a1i la\u0300m vi\u00ea\u0323c. Li\u00ean \u0110oa\u0300n n\u00f4\u0303 l\u01b0\u0323c th\u01b0\u01a1ng l\u01b0\u01a1\u0323ng v\u00ea\u0300 ti\u00ea\u0300n l\u01b0\u01a1ng, phu\u0301c l\u01a1\u0323i, \u0111i\u00ea\u0300u ki\u00ea\u0323n la\u0300m vi\u00ea\u0323c va\u0300 ca\u0301c v\u00e2\u0301n \u0111\u00ea\u0300 kha\u0301c. Ngoa\u0300i ra, chu\u0301ng t\u00f4i [&#8230;]<\/p>\n","protected":false},"author":2,"featured_media":0,"parent":0,"menu_order":0,"comment_status":"closed","ping_status":"closed","template":"","meta":{"_acf_changed":false,"inline_featured_image":false,"footnotes":""},"class_list":["post-3473","page","type-page","status-publish","hentry"],"acf":[],"yoast_head":"<!-- This site is optimized with the Yoast SEO plugin v24.6 - https:\/\/yoast.com\/wordpress\/plugins\/seo\/ -->\n<title>Phu\u0301c L\u01a1\u0323i Cu\u0309a Tha\u0300nh Vi&ecirc;n - SEIU6<\/title>\n<meta name=\"robots\" content=\"index, follow, max-snippet:-1, max-image-preview:large, max-video-preview:-1\" \/>\n<link rel=\"canonical\" href=\"https:\/\/seiu6.org\/vi\/union-membership\/\" \/>\n<meta property=\"og:locale\" content=\"vi_VN\" \/>\n<meta property=\"og:type\" content=\"article\" \/>\n<meta property=\"og:title\" content=\"Phu\u0301c L\u01a1\u0323i Cu\u0309a Tha\u0300nh Vi&ecirc;n - SEIU6\" \/>\n<meta property=\"og:description\" content=\"V\u01a1\u0301i s\u01b0\u0301c ma\u0323nh t\u00f4\u0309ng h\u01a1\u0323p cu\u0309a h\u01a1n 9.000 tha\u0300nh vi\u00ean, SEIU6 giu\u0301p nh\u00e2n vi\u00ean ba\u0309o v\u00ea\u0323 ca\u0301c quy\u00ea\u0300n cu\u0309a ho\u0323, cu\u0303ng nh\u01b0 \u0111\u01b0\u01a1\u0323c \u0111\u00f4\u0301i x\u01b0\u0309 c\u00f4ng b\u0103\u0300ng ta\u0323i n\u01a1i la\u0300m vi\u00ea\u0323c. Li\u00ean \u0110oa\u0300n n\u00f4\u0303 l\u01b0\u0323c th\u01b0\u01a1ng l\u01b0\u01a1\u0323ng v\u00ea\u0300 ti\u00ea\u0300n l\u01b0\u01a1ng, phu\u0301c l\u01a1\u0323i, \u0111i\u00ea\u0300u ki\u00ea\u0323n la\u0300m vi\u00ea\u0323c va\u0300 ca\u0301c v\u00e2\u0301n \u0111\u00ea\u0300 kha\u0301c. Ngoa\u0300i ra, chu\u0301ng t\u00f4i [...]\" \/>\n<meta property=\"og:url\" content=\"https:\/\/seiu6.org\/vi\/union-membership\/\" \/>\n<meta property=\"og:site_name\" content=\"SEIU6\" \/>\n<meta property=\"article:modified_time\" content=\"2022-02-08T16:54:12+00:00\" \/>\n<meta property=\"og:image\" content=\"https:\/\/seiu6.org\/wp-content\/uploads\/2021\/08\/Zenia-Airport-Rally-Oct-2018.png\" \/>\n<meta name=\"twitter:card\" content=\"summary_large_image\" \/>\n<meta name=\"twitter:label1\" content=\"Est. reading time\" \/>\n\t<meta name=\"twitter:data1\" content=\"4 minutes\" \/>\n<script type=\"application\/ld+json\" class=\"yoast-schema-graph\">{\"@context\":\"https:\/\/schema.org\",\"@graph\":[{\"@type\":\"WebPage\",\"@id\":\"https:\/\/seiu6.org\/vi\/union-membership\/\",\"url\":\"https:\/\/seiu6.org\/vi\/union-membership\/\",\"name\":\"Phu\u0301c L\u01a1\u0323i Cu\u0309a Tha\u0300nh Vi&ecirc;n - SEIU6\",\"isPartOf\":{\"@id\":\"https:\/\/seiu6.org\/vi\/#website\"},\"primaryImageOfPage\":{\"@id\":\"https:\/\/seiu6.org\/vi\/union-membership\/#primaryimage\"},\"image\":{\"@id\":\"https:\/\/seiu6.org\/vi\/union-membership\/#primaryimage\"},\"thumbnailUrl\":\"https:\/\/seiu6.org\/wp-content\/uploads\/2021\/08\/Zenia-Airport-Rally-Oct-2018.png\",\"datePublished\":\"2022-01-21T15:55:37+00:00\",\"dateModified\":\"2022-02-08T16:54:12+00:00\",\"breadcrumb\":{\"@id\":\"https:\/\/seiu6.org\/vi\/union-membership\/#breadcrumb\"},\"inLanguage\":\"vi-VN\",\"potentialAction\":[{\"@type\":\"ReadAction\",\"target\":[\"https:\/\/seiu6.org\/vi\/union-membership\/\"]}]},{\"@type\":\"ImageObject\",\"inLanguage\":\"vi-VN\",\"@id\":\"https:\/\/seiu6.org\/vi\/union-membership\/#primaryimage\",\"url\":\"https:\/\/seiu6.org\/wp-content\/uploads\/2021\/08\/Zenia-Airport-Rally-Oct-2018.png\",\"contentUrl\":\"https:\/\/seiu6.org\/wp-content\/uploads\/2021\/08\/Zenia-Airport-Rally-Oct-2018.png\"},{\"@type\":\"BreadcrumbList\",\"@id\":\"https:\/\/seiu6.org\/vi\/union-membership\/#breadcrumb\",\"itemListElement\":[{\"@type\":\"ListItem\",\"position\":1,\"name\":\"Home\",\"item\":\"https:\/\/seiu6.org\/vi\/\"},{\"@type\":\"ListItem\",\"position\":2,\"name\":\"Phu\u0301c L\u01a1\u0323i Cu\u0309a Tha\u0300nh Vi&ecirc;n\"}]},{\"@type\":\"WebSite\",\"@id\":\"https:\/\/seiu6.org\/vi\/#website\",\"url\":\"https:\/\/seiu6.org\/vi\/\",\"name\":\"SEIU6\",\"description\":\"Property Services NW\",\"publisher\":{\"@id\":\"https:\/\/seiu6.org\/vi\/#organization\"},\"potentialAction\":[{\"@type\":\"SearchAction\",\"target\":{\"@type\":\"EntryPoint\",\"urlTemplate\":\"https:\/\/seiu6.org\/vi\/?s={search_term_string}\"},\"query-input\":{\"@type\":\"PropertyValueSpecification\",\"valueRequired\":true,\"valueName\":\"search_term_string\"}}],\"inLanguage\":\"vi-VN\"},{\"@type\":\"Organization\",\"@id\":\"https:\/\/seiu6.org\/vi\/#organization\",\"name\":\"SEIU6 Property Services NW\",\"url\":\"https:\/\/seiu6.org\/vi\/\",\"logo\":{\"@type\":\"ImageObject\",\"inLanguage\":\"vi-VN\",\"@id\":\"https:\/\/seiu6.org\/vi\/#\/schema\/logo\/image\/\",\"url\":\"https:\/\/seiu6.org\/wp-content\/uploads\/2021\/08\/Logo-Color-SEIU6.svg\",\"contentUrl\":\"https:\/\/seiu6.org\/wp-content\/uploads\/2021\/08\/Logo-Color-SEIU6.svg\",\"width\":\"1024\",\"height\":\"1024\",\"caption\":\"SEIU6 Property Services NW\"},\"image\":{\"@id\":\"https:\/\/seiu6.org\/vi\/#\/schema\/logo\/image\/\"}}]}<\/script>\n<!-- \/ Yoast SEO plugin. -->","yoast_head_json":{"title":"Phu\u0301c L\u01a1\u0323i Cu\u0309a Tha\u0300nh Vi&ecirc;n - SEIU6","robots":{"index":"index","follow":"follow","max-snippet":"max-snippet:-1","max-image-preview":"max-image-preview:large","max-video-preview":"max-video-preview:-1"},"canonical":"https:\/\/seiu6.org\/vi\/union-membership\/","og_locale":"vi_VN","og_type":"article","og_title":"Phu\u0301c L\u01a1\u0323i Cu\u0309a Tha\u0300nh Vi&ecirc;n - SEIU6","og_description":"V\u01a1\u0301i s\u01b0\u0301c ma\u0323nh t\u00f4\u0309ng h\u01a1\u0323p cu\u0309a h\u01a1n 9.000 tha\u0300nh vi\u00ean, SEIU6 giu\u0301p nh\u00e2n vi\u00ean ba\u0309o v\u00ea\u0323 ca\u0301c quy\u00ea\u0300n cu\u0309a ho\u0323, cu\u0303ng nh\u01b0 \u0111\u01b0\u01a1\u0323c \u0111\u00f4\u0301i x\u01b0\u0309 c\u00f4ng b\u0103\u0300ng ta\u0323i n\u01a1i la\u0300m vi\u00ea\u0323c. Li\u00ean \u0110oa\u0300n n\u00f4\u0303 l\u01b0\u0323c th\u01b0\u01a1ng l\u01b0\u01a1\u0323ng v\u00ea\u0300 ti\u00ea\u0300n l\u01b0\u01a1ng, phu\u0301c l\u01a1\u0323i, \u0111i\u00ea\u0300u ki\u00ea\u0323n la\u0300m vi\u00ea\u0323c va\u0300 ca\u0301c v\u00e2\u0301n \u0111\u00ea\u0300 kha\u0301c. Ngoa\u0300i ra, chu\u0301ng t\u00f4i [...]","og_url":"https:\/\/seiu6.org\/vi\/union-membership\/","og_site_name":"SEIU6","article_modified_time":"2022-02-08T16:54:12+00:00","og_image":[{"url":"https:\/\/seiu6.org\/wp-content\/uploads\/2021\/08\/Zenia-Airport-Rally-Oct-2018.png","type":"","width":"","height":""}],"twitter_card":"summary_large_image","twitter_misc":{"Est. reading time":"4 minutes"},"schema":{"@context":"https:\/\/schema.org","@graph":[{"@type":"WebPage","@id":"https:\/\/seiu6.org\/vi\/union-membership\/","url":"https:\/\/seiu6.org\/vi\/union-membership\/","name":"Phu\u0301c L\u01a1\u0323i Cu\u0309a Tha\u0300nh Vi&ecirc;n - SEIU6","isPartOf":{"@id":"https:\/\/seiu6.org\/vi\/#website"},"primaryImageOfPage":{"@id":"https:\/\/seiu6.org\/vi\/union-membership\/#primaryimage"},"image":{"@id":"https:\/\/seiu6.org\/vi\/union-membership\/#primaryimage"},"thumbnailUrl":"https:\/\/seiu6.org\/wp-content\/uploads\/2021\/08\/Zenia-Airport-Rally-Oct-2018.png","datePublished":"2022-01-21T15:55:37+00:00","dateModified":"2022-02-08T16:54:12+00:00","breadcrumb":{"@id":"https:\/\/seiu6.org\/vi\/union-membership\/#breadcrumb"},"inLanguage":"vi-VN","potentialAction":[{"@type":"ReadAction","target":["https:\/\/seiu6.org\/vi\/union-membership\/"]}]},{"@type":"ImageObject","inLanguage":"vi-VN","@id":"https:\/\/seiu6.org\/vi\/union-membership\/#primaryimage","url":"https:\/\/seiu6.org\/wp-content\/uploads\/2021\/08\/Zenia-Airport-Rally-Oct-2018.png","contentUrl":"https:\/\/seiu6.org\/wp-content\/uploads\/2021\/08\/Zenia-Airport-Rally-Oct-2018.png"},{"@type":"BreadcrumbList","@id":"https:\/\/seiu6.org\/vi\/union-membership\/#breadcrumb","itemListElement":[{"@type":"ListItem","position":1,"name":"Home","item":"https:\/\/seiu6.org\/vi\/"},{"@type":"ListItem","position":2,"name":"Phu\u0301c L\u01a1\u0323i Cu\u0309a Tha\u0300nh Vi&ecirc;n"}]},{"@type":"WebSite","@id":"https:\/\/seiu6.org\/vi\/#website","url":"https:\/\/seiu6.org\/vi\/","name":"SEIU6","description":"Property Services NW","publisher":{"@id":"https:\/\/seiu6.org\/vi\/#organization"},"potentialAction":[{"@type":"SearchAction","target":{"@type":"EntryPoint","urlTemplate":"https:\/\/seiu6.org\/vi\/?s={search_term_string}"},"query-input":{"@type":"PropertyValueSpecification","valueRequired":true,"valueName":"search_term_string"}}],"inLanguage":"vi-VN"},{"@type":"Organization","@id":"https:\/\/seiu6.org\/vi\/#organization","name":"SEIU6 Property Services NW","url":"https:\/\/seiu6.org\/vi\/","logo":{"@type":"ImageObject","inLanguage":"vi-VN","@id":"https:\/\/seiu6.org\/vi\/#\/schema\/logo\/image\/","url":"https:\/\/seiu6.org\/wp-content\/uploads\/2021\/08\/Logo-Color-SEIU6.svg","contentUrl":"https:\/\/seiu6.org\/wp-content\/uploads\/2021\/08\/Logo-Color-SEIU6.svg","width":"1024","height":"1024","caption":"SEIU6 Property Services NW"},"image":{"@id":"https:\/\/seiu6.org\/vi\/#\/schema\/logo\/image\/"}}]}},"_links":{"self":[{"href":"https:\/\/seiu6.org\/vi\/wp-json\/wp\/v2\/pages\/3473","targetHints":{"allow":["GET"]}}],"collection":[{"href":"https:\/\/seiu6.org\/vi\/wp-json\/wp\/v2\/pages"}],"about":[{"href":"https:\/\/seiu6.org\/vi\/wp-json\/wp\/v2\/types\/page"}],"author":[{"embeddable":true,"href":"https:\/\/seiu6.org\/vi\/wp-json\/wp\/v2\/users\/2"}],"replies":[{"embeddable":true,"href":"https:\/\/seiu6.org\/vi\/wp-json\/wp\/v2\/comments?post=3473"}],"version-history":[{"count":0,"href":"https:\/\/seiu6.org\/vi\/wp-json\/wp\/v2\/pages\/3473\/revisions"}],"wp:attachment":[{"href":"https:\/\/seiu6.org\/vi\/wp-json\/wp\/v2\/media?parent=3473"}],"curies":[{"name":"wp","href":"https:\/\/api.w.org\/{rel}","templated":true}]}}