{"id":3474,"date":"2022-01-21T07:55:39","date_gmt":"2022-01-21T15:55:39","guid":{"rendered":"https:\/\/seiu6.org\/calendar-of-events\/"},"modified":"2022-03-10T10:49:30","modified_gmt":"2022-03-10T18:49:30","slug":"calendar-of-events","status":"publish","type":"page","link":"https:\/\/seiu6.org\/vi\/calendar-of-events\/","title":{"rendered":"Li\u0323ch S\u01b0\u0323 Ki&ecirc;\u0323n"},"content":{"rendered":"\n<div class=\"wp-block-a8c-event\"><div class=\"event__details\"><div class=\"event__datebox\"><span>Nov<\/span><span>1<\/span><\/div><h3 class=\"event__title\">Contract Negotiations Begins for SeaTac Passenger Service Workers<\/h3><div class=\"event__time\"><span class=\"event__label\">When:<\/span><time class=\"event__date-select\" datetime=\"2021-11-01T08:30:00-07:00\">Nov 1, 2021 8:30 am<\/time><\/div><div class=\"event__location\"><span class=\"event__label\">Where:<\/span>Ste 102, SeaTac, WA 98188<\/div><div class=\"event__description\">\n<p>Va\u0300o n\u0103m 2013, ca\u0301c nh\u00e2n vi\u00ean ta\u0323i SeaTac \u0111a\u0303 la\u0300m n\u00ean li\u0323ch s\u01b0\u0309 khi cu\u0300ng nhau th\u00f4ng qua \u0110\u00ea\u0300 Xu\u00e2\u0301t 1, nh\u01a1\u0300 \u0111o\u0301, n\u00e2ng m\u01b0\u0301c l\u01b0\u01a1ng t\u00f4\u0301i thi\u00ea\u0309u l\u00ean $15\/gi\u01a1\u0300 va\u0300 \u0111a\u0309m ba\u0309o ca\u0301c quy\u00ea\u0300n cu\u0309a li\u00ean \u0111oa\u0300n ta\u0323i s\u00e2n bay. Chu\u0301ng t\u00f4i kh\u00f4ng chi\u0309 khu\u00e2\u0301y \u0111\u00f4\u0323ng phong tra\u0300o \u0111\u00e2\u0301u tranh \u0111o\u0300i t\u0103ng l\u01b0\u01a1ng trong ca\u0309 n\u01b0\u01a1\u0301c, ma\u0300 co\u0300n n\u00e2ng cao ca\u0301c ti\u00eau chu\u00e2\u0309n da\u0300nh cho gia \u0111i\u0300nh va\u0300 c\u00f4\u0323ng \u0111\u00f4\u0300ng cu\u0309a m\u00ecnh. Nh\u01b0\u0303ng khoa\u0309n ti\u00ea\u0300n le\u0303 ra pha\u0309i la\u0300 \u01b0u ti\u00ean ha\u0300ng \u0111\u00e2\u0300u v\u00ea\u0300 phu\u0301c l\u01a1\u0323i gi\u01a1\u0300 \u0111\u00e2y \u0111a\u0303 n\u0103\u0300m trong tay cu\u0309a nh\u00e2n vi\u00ean.&nbsp;<\/p>\n\n\n\n<p>Ca\u0301c nh\u00e2n vi\u00ean di\u0323ch vu\u0323 ha\u0300nh kha\u0301ch cu\u0309a SeaTac \u0111o\u0301ng vai tro\u0300 quan tro\u0323ng \u0111\u00f4\u0301i v\u01a1\u0301i n\u00ea\u0300n kinh t\u00ea\u0301 cu\u0309a vu\u0300ng. Va\u0300o n\u0103m 2017, ca\u0301c nh\u00e2n vi\u00ean di\u0323ch vu\u0323 ha\u0300nh kha\u0301ch:<\/p>\n\n\n\n<ul class=\"wp-block-list\"><li>\u0110a\u0303 phu\u0323c vu\u0323 g\u00e2\u0300n 47 tri\u00ea\u0323u ha\u0300nh kha\u0301ch \u0111\u00ea\u0301n va\u0300&nbsp;&nbsp; &nbsp;&nbsp;\u0111i tr\u00ean 416.124 ma\u0301y bay<\/li><li>\u0110a\u0303 \u0111o\u0301ng go\u0301p $22,5 ty\u0309 (\u01b0\u01a1\u0301c ti\u0301nh) cho hoa\u0323t \u0111\u00f4\u0323ng kinh t\u00ea\u0301 \u01a1\u0309 Ti\u00ea\u0309u Bang Washington<\/li><li>Ta\u0323o ra $274 tri\u00ea\u0323u (\u01b0\u01a1\u0301c ti\u0301nh) cho hoa\u0323t \u0111\u00f4\u0323ng kinh t\u00ea\u0301 \u01a1\u0309 Tha\u0300nh Ph\u00f4\u0301 Tukwila<\/li><li>\u0110a\u0303 \u0111o\u0301ng go\u0301p $138 tri\u00ea\u0323u (\u01b0\u01a1\u0301c ti\u0301nh) cho hoa\u0323t \u0111\u00f4\u0323ng kinh t\u00ea\u0301 \u01a1\u0309 Tha\u0300nh Ph\u00f4\u0301 Burien<\/li><\/ul>\n<\/div><\/div><div role=\"img\" aria-label=\"\" class=\"event__image event__image--save\" style=\"background-image:url(https:\/\/seiu6.org\/wp-content\/uploads\/2021\/09\/Abdi-Nasir_Edited_Newsletter-scaled.jpg);background-position:20% 56.99999999999999%;background-size:cover\"><\/div><\/div>\n\n\n\n<div style=\"height:50px\" aria-hidden=\"true\" class=\"wp-block-spacer\"><\/div>\n\n\n\n<div class=\"wp-block-group alignfull has-white-color has-purple-background-color has-text-color has-background is-layout-flow wp-block-group-is-layout-flow\"><div class=\"wp-block-group__inner-container\">\n<div class=\"wp-block-columns are-vertically-aligned-center flex-column flex-md-row is-layout-flex wp-container-core-columns-is-layout-28f84493 wp-block-columns-is-layout-flex\">\n<div class=\"wp-block-column is-vertically-aligned-center is-layout-flow wp-block-column-is-layout-flow\" style=\"flex-basis:40%\">\n<h3 class=\"font-primary has-white-color has-text-color wp-block-heading\">Sa\u0301t ca\u0301nh b\u00ean nhau, chu\u0301ng ta se\u0303 ma\u0323nh me\u0303 h\u01a1n.<\/h3>\n<\/div>\n\n\n\n<div class=\"wp-block-column is-vertically-aligned-center mt-4 mt-lg-0 ml-0 ml-lg-6 is-layout-flow wp-block-column-is-layout-flow\" style=\"flex-basis:60%\">\n<div class=\"wp-block-buttons is-layout-flex wp-block-buttons-is-layout-flex\">\n<div class=\"wp-block-button is-primary\"><a class=\"wp-block-button__link\" href=\"https:\/\/seiu6.org\/vi\/tham-gia-d%cc%a3i-ngu%cc%83-cu%cc%89a-chung-ti\/\" target=\"_blank\" rel=\"noreferrer noopener\">Tham Gia SEIU6<\/a><\/div>\n<\/div>\n<\/div>\n<\/div>\n<\/div><\/div>\n","protected":false},"excerpt":{"rendered":"<p>Nov1Contract Negotiations Begins for SeaTac Passenger Service WorkersWhen:Nov 1, 2021 8:30 amWhere:Ste 102, SeaTac, WA 98188<\/p>\n<p>Va\u0300o n\u0103m 2013, ca\u0301c nh\u00e2n vi\u00ean ta\u0323i SeaTac \u0111a\u0303 la\u0300m n\u00ean li\u0323ch s\u01b0\u0309 khi cu\u0300ng nhau th\u00f4ng qua \u0110\u00ea\u0300 Xu\u00e2\u0301t 1, nh\u01a1\u0300 \u0111o\u0301, n\u00e2ng m\u01b0\u0301c l\u01b0\u01a1ng t\u00f4\u0301i thi\u00ea\u0309u l\u00ean $15\/gi\u01a1\u0300 va\u0300 \u0111a\u0309m ba\u0309o ca\u0301c quy\u00ea\u0300n cu\u0309a li\u00ean \u0111oa\u0300n ta\u0323i s\u00e2n [&#8230;]<\/p>\n","protected":false},"author":2,"featured_media":0,"parent":0,"menu_order":0,"comment_status":"closed","ping_status":"closed","template":"","meta":{"_acf_changed":false,"inline_featured_image":false,"footnotes":""},"class_list":["post-3474","page","type-page","status-publish","hentry"],"acf":[],"yoast_head":"<!-- This site is optimized with the Yoast SEO plugin v24.6 - https:\/\/yoast.com\/wordpress\/plugins\/seo\/ -->\n<title>Li\u0323ch S\u01b0\u0323 Ki&ecirc;\u0323n - SEIU6<\/title>\n<meta name=\"robots\" content=\"index, follow, max-snippet:-1, max-image-preview:large, max-video-preview:-1\" \/>\n<link rel=\"canonical\" href=\"https:\/\/seiu6.org\/vi\/calendar-of-events\/\" \/>\n<meta property=\"og:locale\" content=\"vi_VN\" \/>\n<meta property=\"og:type\" content=\"article\" \/>\n<meta property=\"og:title\" content=\"Li\u0323ch S\u01b0\u0323 Ki&ecirc;\u0323n - SEIU6\" \/>\n<meta property=\"og:description\" content=\"Nov1Contract Negotiations Begins for SeaTac Passenger Service WorkersWhen:Nov 1, 2021 8:30 amWhere:Ste 102, SeaTac, WA 98188 Va\u0300o n\u0103m 2013, ca\u0301c nh\u00e2n vi\u00ean ta\u0323i SeaTac \u0111a\u0303 la\u0300m n\u00ean li\u0323ch s\u01b0\u0309 khi cu\u0300ng nhau th\u00f4ng qua \u0110\u00ea\u0300 Xu\u00e2\u0301t 1, nh\u01a1\u0300 \u0111o\u0301, n\u00e2ng m\u01b0\u0301c l\u01b0\u01a1ng t\u00f4\u0301i thi\u00ea\u0309u l\u00ean $15\/gi\u01a1\u0300 va\u0300 \u0111a\u0309m ba\u0309o ca\u0301c quy\u00ea\u0300n cu\u0309a li\u00ean \u0111oa\u0300n ta\u0323i s\u00e2n [...]\" \/>\n<meta property=\"og:url\" content=\"https:\/\/seiu6.org\/vi\/calendar-of-events\/\" \/>\n<meta property=\"og:site_name\" content=\"SEIU6\" \/>\n<meta property=\"article:modified_time\" content=\"2022-03-10T18:49:30+00:00\" \/>\n<meta name=\"twitter:card\" content=\"summary_large_image\" \/>\n<meta name=\"twitter:label1\" content=\"Est. reading time\" \/>\n\t<meta name=\"twitter:data1\" content=\"1 minute\" \/>\n<script type=\"application\/ld+json\" class=\"yoast-schema-graph\">{\"@context\":\"https:\/\/schema.org\",\"@graph\":[{\"@type\":\"WebPage\",\"@id\":\"https:\/\/seiu6.org\/vi\/calendar-of-events\/\",\"url\":\"https:\/\/seiu6.org\/vi\/calendar-of-events\/\",\"name\":\"Li\u0323ch S\u01b0\u0323 Ki&ecirc;\u0323n - SEIU6\",\"isPartOf\":{\"@id\":\"https:\/\/seiu6.org\/vi\/#website\"},\"datePublished\":\"2022-01-21T15:55:39+00:00\",\"dateModified\":\"2022-03-10T18:49:30+00:00\",\"breadcrumb\":{\"@id\":\"https:\/\/seiu6.org\/vi\/calendar-of-events\/#breadcrumb\"},\"inLanguage\":\"vi-VN\",\"potentialAction\":[{\"@type\":\"ReadAction\",\"target\":[\"https:\/\/seiu6.org\/vi\/calendar-of-events\/\"]}]},{\"@type\":\"BreadcrumbList\",\"@id\":\"https:\/\/seiu6.org\/vi\/calendar-of-events\/#breadcrumb\",\"itemListElement\":[{\"@type\":\"ListItem\",\"position\":1,\"name\":\"Home\",\"item\":\"https:\/\/seiu6.org\/vi\/\"},{\"@type\":\"ListItem\",\"position\":2,\"name\":\"Li\u0323ch S\u01b0\u0323 Ki&ecirc;\u0323n\"}]},{\"@type\":\"WebSite\",\"@id\":\"https:\/\/seiu6.org\/vi\/#website\",\"url\":\"https:\/\/seiu6.org\/vi\/\",\"name\":\"SEIU6\",\"description\":\"Property Services NW\",\"publisher\":{\"@id\":\"https:\/\/seiu6.org\/vi\/#organization\"},\"potentialAction\":[{\"@type\":\"SearchAction\",\"target\":{\"@type\":\"EntryPoint\",\"urlTemplate\":\"https:\/\/seiu6.org\/vi\/?s={search_term_string}\"},\"query-input\":{\"@type\":\"PropertyValueSpecification\",\"valueRequired\":true,\"valueName\":\"search_term_string\"}}],\"inLanguage\":\"vi-VN\"},{\"@type\":\"Organization\",\"@id\":\"https:\/\/seiu6.org\/vi\/#organization\",\"name\":\"SEIU6 Property Services NW\",\"url\":\"https:\/\/seiu6.org\/vi\/\",\"logo\":{\"@type\":\"ImageObject\",\"inLanguage\":\"vi-VN\",\"@id\":\"https:\/\/seiu6.org\/vi\/#\/schema\/logo\/image\/\",\"url\":\"https:\/\/seiu6.org\/wp-content\/uploads\/2021\/08\/Logo-Color-SEIU6.svg\",\"contentUrl\":\"https:\/\/seiu6.org\/wp-content\/uploads\/2021\/08\/Logo-Color-SEIU6.svg\",\"width\":\"1024\",\"height\":\"1024\",\"caption\":\"SEIU6 Property Services NW\"},\"image\":{\"@id\":\"https:\/\/seiu6.org\/vi\/#\/schema\/logo\/image\/\"}}]}<\/script>\n<!-- \/ Yoast SEO plugin. -->","yoast_head_json":{"title":"Li\u0323ch S\u01b0\u0323 Ki&ecirc;\u0323n - SEIU6","robots":{"index":"index","follow":"follow","max-snippet":"max-snippet:-1","max-image-preview":"max-image-preview:large","max-video-preview":"max-video-preview:-1"},"canonical":"https:\/\/seiu6.org\/vi\/calendar-of-events\/","og_locale":"vi_VN","og_type":"article","og_title":"Li\u0323ch S\u01b0\u0323 Ki&ecirc;\u0323n - SEIU6","og_description":"Nov1Contract Negotiations Begins for SeaTac Passenger Service WorkersWhen:Nov 1, 2021 8:30 amWhere:Ste 102, SeaTac, WA 98188 Va\u0300o n\u0103m 2013, ca\u0301c nh\u00e2n vi\u00ean ta\u0323i SeaTac \u0111a\u0303 la\u0300m n\u00ean li\u0323ch s\u01b0\u0309 khi cu\u0300ng nhau th\u00f4ng qua \u0110\u00ea\u0300 Xu\u00e2\u0301t 1, nh\u01a1\u0300 \u0111o\u0301, n\u00e2ng m\u01b0\u0301c l\u01b0\u01a1ng t\u00f4\u0301i thi\u00ea\u0309u l\u00ean $15\/gi\u01a1\u0300 va\u0300 \u0111a\u0309m ba\u0309o ca\u0301c quy\u00ea\u0300n cu\u0309a li\u00ean \u0111oa\u0300n ta\u0323i s\u00e2n [...]","og_url":"https:\/\/seiu6.org\/vi\/calendar-of-events\/","og_site_name":"SEIU6","article_modified_time":"2022-03-10T18:49:30+00:00","twitter_card":"summary_large_image","twitter_misc":{"Est. reading time":"1 minute"},"schema":{"@context":"https:\/\/schema.org","@graph":[{"@type":"WebPage","@id":"https:\/\/seiu6.org\/vi\/calendar-of-events\/","url":"https:\/\/seiu6.org\/vi\/calendar-of-events\/","name":"Li\u0323ch S\u01b0\u0323 Ki&ecirc;\u0323n - SEIU6","isPartOf":{"@id":"https:\/\/seiu6.org\/vi\/#website"},"datePublished":"2022-01-21T15:55:39+00:00","dateModified":"2022-03-10T18:49:30+00:00","breadcrumb":{"@id":"https:\/\/seiu6.org\/vi\/calendar-of-events\/#breadcrumb"},"inLanguage":"vi-VN","potentialAction":[{"@type":"ReadAction","target":["https:\/\/seiu6.org\/vi\/calendar-of-events\/"]}]},{"@type":"BreadcrumbList","@id":"https:\/\/seiu6.org\/vi\/calendar-of-events\/#breadcrumb","itemListElement":[{"@type":"ListItem","position":1,"name":"Home","item":"https:\/\/seiu6.org\/vi\/"},{"@type":"ListItem","position":2,"name":"Li\u0323ch S\u01b0\u0323 Ki&ecirc;\u0323n"}]},{"@type":"WebSite","@id":"https:\/\/seiu6.org\/vi\/#website","url":"https:\/\/seiu6.org\/vi\/","name":"SEIU6","description":"Property Services NW","publisher":{"@id":"https:\/\/seiu6.org\/vi\/#organization"},"potentialAction":[{"@type":"SearchAction","target":{"@type":"EntryPoint","urlTemplate":"https:\/\/seiu6.org\/vi\/?s={search_term_string}"},"query-input":{"@type":"PropertyValueSpecification","valueRequired":true,"valueName":"search_term_string"}}],"inLanguage":"vi-VN"},{"@type":"Organization","@id":"https:\/\/seiu6.org\/vi\/#organization","name":"SEIU6 Property Services NW","url":"https:\/\/seiu6.org\/vi\/","logo":{"@type":"ImageObject","inLanguage":"vi-VN","@id":"https:\/\/seiu6.org\/vi\/#\/schema\/logo\/image\/","url":"https:\/\/seiu6.org\/wp-content\/uploads\/2021\/08\/Logo-Color-SEIU6.svg","contentUrl":"https:\/\/seiu6.org\/wp-content\/uploads\/2021\/08\/Logo-Color-SEIU6.svg","width":"1024","height":"1024","caption":"SEIU6 Property Services NW"},"image":{"@id":"https:\/\/seiu6.org\/vi\/#\/schema\/logo\/image\/"}}]}},"_links":{"self":[{"href":"https:\/\/seiu6.org\/vi\/wp-json\/wp\/v2\/pages\/3474","targetHints":{"allow":["GET"]}}],"collection":[{"href":"https:\/\/seiu6.org\/vi\/wp-json\/wp\/v2\/pages"}],"about":[{"href":"https:\/\/seiu6.org\/vi\/wp-json\/wp\/v2\/types\/page"}],"author":[{"embeddable":true,"href":"https:\/\/seiu6.org\/vi\/wp-json\/wp\/v2\/users\/2"}],"replies":[{"embeddable":true,"href":"https:\/\/seiu6.org\/vi\/wp-json\/wp\/v2\/comments?post=3474"}],"version-history":[{"count":0,"href":"https:\/\/seiu6.org\/vi\/wp-json\/wp\/v2\/pages\/3474\/revisions"}],"wp:attachment":[{"href":"https:\/\/seiu6.org\/vi\/wp-json\/wp\/v2\/media?parent=3474"}],"curies":[{"name":"wp","href":"https:\/\/api.w.org\/{rel}","templated":true}]}}