{"id":3479,"date":"2022-01-21T07:55:43","date_gmt":"2022-01-21T15:55:43","guid":{"rendered":"https:\/\/seiu6.org\/know-your-rights\/"},"modified":"2022-02-08T08:31:53","modified_gmt":"2022-02-08T16:31:53","slug":"know-your-rights","status":"publish","type":"page","link":"https:\/\/seiu6.org\/vi\/know-your-rights\/","title":{"rendered":"Hi&ecirc;\u0309u Ro\u0303 Quy&ecirc;\u0300n Cu\u0309a Ba\u0323n"},"content":{"rendered":"\n<div class=\"wp-block-cover alignfull has-white-background-color has-custom-content-position is-position-top-center is-hero\" style=\"min-height:778px;aspect-ratio:unset;\"><img loading=\"lazy\" decoding=\"async\" width=\"1366\" height=\"670\" class=\"wp-block-cover__image-background wp-image-3221\" alt=\"\" src=\"https:\/\/seiu6.org\/wp-content\/uploads\/2021\/10\/Hero-knowyourrights.jpg\" style=\"object-position:50% 100%\" data-object-fit=\"cover\" data-object-position=\"50% 100%\" srcset=\"https:\/\/seiu6.org\/wp-content\/uploads\/2021\/10\/Hero-knowyourrights.jpg 1366w, https:\/\/seiu6.org\/wp-content\/uploads\/2021\/10\/Hero-knowyourrights-408x200.jpg 408w, https:\/\/seiu6.org\/wp-content\/uploads\/2021\/10\/Hero-knowyourrights-1024x502.jpg 1024w, https:\/\/seiu6.org\/wp-content\/uploads\/2021\/10\/Hero-knowyourrights-768x377.jpg 768w\" sizes=\"auto, (max-width: 1366px) 100vw, 1366px\" \/><div class=\"wp-block-cover__inner-container is-layout-flow wp-block-cover-is-layout-flow\">\n<div class=\"wp-block-group alignwide is-layout-flow wp-block-group-is-layout-flow\"><div class=\"wp-block-group__inner-container\">\n<h5 class=\"has-purple-color has-text-color wp-block-heading\">HI\u00ca\u0309U RO\u0303 QUY\u00ca\u0300N CU\u0309A BA\u0323N<\/h5>\n\n\n\n<h1 class=\"has-black-color has-text-color wp-block-heading\">QUY\u00ca\u0300N CU\u0309A BA\u0323N \u0110\u00d4\u0301I V\u01a0\u0301I C\u00d4NG VI\u00ca\u0323C<\/h1>\n\n\n\n<p class=\"has-black-color has-text-color\">La\u0300 m\u00f4\u0323t tha\u0300nh vi\u00ean cu\u0309a SEIU6, ba\u0323n co\u0301 quy\u00ea\u0300n \u0111\u01b0\u01a1\u0323c Li\u00ean \u0110oa\u0300n ba\u0309o v\u00ea\u0323 va\u0300 \u0111a\u0323i di\u00ea\u0323n theo quy \u0111i\u0323nh trong h\u01a1\u0323p \u0111\u00f4\u0300ng cu\u0309a ba\u0323n. N\u00ea\u0301u ba\u0323n co\u0301 th\u0103\u0301c m\u0103\u0301c v\u00ea\u0300 ca\u0301c quy\u00ea\u0300n cu\u0309a mi\u0300nh, ha\u0303y li\u00ean h\u00ea\u0323 v\u01a1\u0301i Trung T\u00e2m Ngu\u00f4\u0300n L\u01b0\u0323c Tha\u0300nh Vi\u00ean (MRC).<\/p>\n<\/div><\/div>\n\n\n\n<p class=\"has-text-align-center has-large-font-size\"><\/p>\n<\/div><\/div>\n\n<div class=\"wp-block-group alignfull is-layout-flow wp-block-group-is-layout-flow\"><div class=\"wp-block-group__inner-container\">\n<h2 class=\"alignwide wp-block-heading\">T\u00e2\u0301t ca\u0309 nh\u00e2n vi\u00ean co\u0301 th\u00ea\u0309:<\/h2>\n\n\n\n<div style=\"height:30px\" aria-hidden=\"true\" class=\"wp-block-spacer\"><\/div>\n\n\n\n<ul class=\"wp-block-list\"><li>Tham gia, h\u00f4\u0303 tr\u01a1\u0323 va\u0300 t\u00f4\u0309 ch\u01b0\u0301c cho li\u00ean \u0111oa\u0300n m\u00f4\u0323t ca\u0301ch c\u01a1\u0309i m\u01a1\u0309<\/li><li>Ph\u00e2n pha\u0301t va\u0300 nh\u00e2\u0323n ta\u0300i li\u00ea\u0323u cu\u0309a li\u00ean \u0111oa\u0300n<\/li><li>\u0110eo huy hi\u00ea\u0323u va\u0300 bi\u00ea\u0309u tr\u01b0ng cu\u0309a SEIU<\/li><li>Tham gia ca\u0301c b\u01b0\u01a1\u0301c t\u00e2\u0323p th\u00ea\u0309 \u0111\u00ea\u0309 ca\u0309i thi\u00ea\u0323n ti\u00ea\u0300n l\u01b0\u01a1ng va\u0300 \u0111i\u00ea\u0300u ki\u00ea\u0323n la\u0300m vi\u00ea\u0323c<\/li><li>Th\u01b0\u0323c thi quy\u00ea\u0300n t\u01b0\u0323 do ng\u00f4n lu\u00e2\u0323n \u2013 <br>N\u00ea\u0301u \u0111\u01b0\u01a1\u0323c phe\u0301p trao \u0111\u00f4\u0309i v\u00ea\u0300 ca\u0301c hoa\u0323t \u0111\u00f4\u0323ng c\u00f4\u0323ng \u0111\u00f4\u0300ng va\u0300 xa\u0303 h\u00f4\u0323i ta\u0323i n\u01a1i la\u0300m vi\u00ea\u0323c, ba\u0323n co\u0301 th\u00ea\u0309 trao \u0111\u00f4\u0309i v\u00ea\u0300 li\u00ean \u0111oa\u0300n, mi\u00ea\u0303n la\u0300 \u0111i\u00ea\u0300u \u0111o\u0301 kh\u00f4ng a\u0309nh h\u01b0\u01a1\u0309ng \u0111\u00ea\u0301n quy tri\u0300nh c\u00f4ng vi\u00ea\u0323c bi\u0300nh th\u01b0\u01a1\u0300ng<\/li><li>Tham d\u01b0\u0323 cu\u00f4\u0323c ho\u0323p cu\u0309a li\u00ean \u0111oa\u0300n<\/li><li>G\u01b0\u0309i khi\u00ea\u0301u na\u0323i v\u00ea\u0300 ca\u0301c ha\u0300nh vi vi pha\u0323m h\u01a1\u0323p \u0111\u00f4\u0300ng<\/li><li>Y\u00eau c\u00e2\u0300u \u0111\u00f4\u0300ng nghi\u00ea\u0323p tham d\u01b0\u0323 cu\u00f4\u0323c ho\u0323p ho\u0103\u0323c tham gia ca\u0301c hoa\u0323t \u0111\u00f4\u0323ng kha\u0301c cu\u0309a li\u00ean \u0111oa\u0300n<\/li><\/ul><\/div><\/div>\n\n<div class=\"wp-block-group alignfull has-black-background-color has-background is-layout-flow wp-block-group-is-layout-flow\"><div class=\"wp-block-group__inner-container\">\n<h2 class=\"alignwide has-text-color wp-block-heading\" style=\"color:#7773b2\">B\u00f4\u0323 ph\u00e2\u0323n qua\u0309n ly\u0301 kh\u00f4ng \u0111\u01b0\u01a1\u0323c:<\/h2>\n\n\n\n<div style=\"height:30px\" aria-hidden=\"true\" class=\"wp-block-spacer\"><\/div>\n\n\n\n<ul class=\"has-white-color has-text-color wp-block-list\"><li>Ph\u00e2n bi\u00ea\u0323t \u0111\u00f4\u0301i x\u01b0\u0309 \u0111\u00f4\u0301i v\u01a1\u0301i chu\u0301ng ta vi\u0300 u\u0309ng h\u00f4\u0323 ho\u0103\u0323c tr\u01a1\u0309 tha\u0300nh tha\u0300nh vi\u00ean cu\u0309a li\u00ean \u0111oa\u0300n<\/li><li>Ng\u0103n ca\u0309n chu\u0301ng ta ph\u00e2n pha\u0301t ta\u0300i li\u00ea\u0323u cu\u0309a li\u00ean \u0111oa\u0300n, mi\u00ea\u0303n la\u0300 kh\u00f4ng la\u0300m gia\u0301n \u0111oa\u0323n c\u00f4ng vi\u00ea\u0323c<\/li><li>Ng\u0103n ca\u0309n chu\u0301ng ta \u0111eo huy hi\u00ea\u0323u cu\u0309a li\u00ean \u0111oa\u0300n<\/li><li>\u0110e do\u0323a chu\u0301ng ta v\u00ea\u0300 v\u00e2\u0301n \u0111\u00ea\u0300 m\u00e2\u0301t vi\u00ea\u0323c la\u0300m, kh\u00e2\u0301u tr\u01b0\u0300 l\u01b0\u01a1ng ho\u0103\u0323c gia\u0309m ca\u0301c c\u01a1 h\u00f4\u0323i th\u0103ng ch\u01b0\u0301ng vi\u0300 chu\u0301ng ta u\u0309ng h\u00f4\u0323 li\u00ean \u0111oa\u0300n<\/li><li>Can thi\u00ea\u0323p quy\u00ea\u0300n t\u01b0\u0323 do ng\u00f4n lu\u00e2\u0323n cu\u0309a chu\u0301ng ta<\/li><li>Tham gia c\u00f4ng vi\u00ea\u0323c cu\u0309a li\u00ean \u0111oa\u0300n<\/li><li>Cho phe\u0301p ca\u0301c li\u00ean \u0111oa\u0300n ho\u0103\u0323c t\u00f4\u0309 ch\u01b0\u0301c kha\u0301c na\u0300i xin ho\u0103\u0323c ph\u00e2n pha\u0301t ta\u0300i li\u00ea\u0323u li\u00ean quan \u0111\u00ea\u0301n ca\u0301c khi\u0301a ca\u0323nh c\u00f4ng vi\u00ea\u0323c trong khi t\u01b0\u0300 ch\u00f4\u0301i quy\u00ea\u0300n t\u01b0\u01a1ng t\u01b0\u0323 cu\u0309a chu\u0301ng ta<\/li><li>\u0110\u0103\u0323t v\u00e2\u0301n \u0111\u00ea\u0300 v\u00ea\u0300 ca\u0309m xu\u0301c cu\u0309a chu\u0301ng ta \u0111\u00f4\u0301i v\u01a1\u0301i li\u00ean \u0111oa\u0300n<\/li><\/ul>\n\n\n<p><\/p>\n<\/div><\/div>\n\n<div class=\"wp-block-group alignfull section-cards has-blue-background-color has-background is-layout-flow wp-block-group-is-layout-flow\"><div class=\"wp-block-group__inner-container\">\n<div class=\"wp-block-columns alignfull flex-column flex-md-row is-layout-flex wp-container-core-columns-is-layout-28f84493 wp-block-columns-is-layout-flex\">\n<div class=\"wp-block-column has-white-background-color has-background is-layout-flow wp-block-column-is-layout-flow\">\n<h3 class=\"wp-block-heading\">Quy\u00ea\u0300n Weingarten<\/h3>\n\n\n\n<p>Quy\u00ea\u0300n Weingarten trao cho nh\u00e2n vi\u00ean quy\u00ea\u0300n co\u0301 ng\u01b0\u01a1\u0300i \u0111a\u0323i di\u00ea\u0323n cu\u0309a li\u00ean \u0111oa\u0300n trong m\u00f4\u0323t s\u00f4\u0301 ti\u0300nh hu\u00f4\u0301ng \u201ckhi ng\u01b0\u01a1\u0300i gia\u0301m sa\u0301t y\u00eau c\u00e2\u0300u \u0111\u01b0a ra th\u00f4ng tin co\u0301 th\u00ea\u0309 \u0111\u01b0\u01a1\u0323c du\u0300ng la\u0300m c\u01a1 s\u01a1\u0309 \u0111\u00ea\u0309 \u0111\u01b0a ra hi\u0300nh th\u01b0\u0301c ky\u0309 lu\u00e2\u0323t.\u201d N\u00ea\u0301u ng\u01b0\u01a1\u0300i gia\u0301m sa\u0301t ho\u0103\u0323c ng\u01b0\u01a1\u0300i qua\u0309n ly\u0301 y\u00eau c\u00e2\u0300u ba\u0323n tham d\u01b0\u0323 m\u00f4\u0323t cu\u00f4\u0323c ho\u0323p \u0111\u00ea\u0309 \u0111i\u00ea\u0300u tra v\u00ea\u0300 m\u00f4\u0323t ti\u0300nh hu\u00f4\u0301ng ta\u0323i n\u01a1i la\u0300m vi\u00ea\u0323c, ba\u0323n co\u0301 th\u00ea\u0309 c\u00e2\u0300n ng\u01b0\u01a1\u0300i \u0111a\u0323i di\u00ea\u0323n Li\u00ean \u0110oa\u0300n.<\/p>\n\n\n\n<h5 class=\"wp-block-heading\"><a href=\"https:\/\/seiu6.org\/vi\/weingarten-rights\/\" data-type=\"page\" data-id=\"95\">Ti\u0300m hi\u00ea\u0309u th\u00eam<\/a><\/h5>\n<\/div>\n\n\n\n<div class=\"wp-block-column mt-4 mt-md-0 ml-0 ml-md-6 has-white-background-color has-background is-layout-flow wp-block-column-is-layout-flow\">\n<h3 class=\"wp-block-heading\">Quy Tri\u0300nh Khi\u00ea\u0301u Na\u0323i<\/h3>\n\n\n\n<p>N\u00ea\u0301u cho r\u0103\u0300ng ca\u0301c quy\u00ea\u0300n cu\u0309a mi\u0300nh \u0111\u00f4\u0301i v\u01a1\u0301i c\u00f4ng vi\u00ea\u0323c \u0111a\u0303 bi\u0323 x\u00e2m pha\u0323m, ba\u0323n co\u0301 th\u00ea\u0309 g\u01b0\u0309i khi\u00ea\u0301u na\u0323i cho chu\u0309 lao \u0111\u00f4\u0323ng. H\u01a1\u0323p \u0111\u00f4\u0300ng cu\u0309a ba\u0323n co\u0301 ca\u0301c \u0111i\u00ea\u0300u khoa\u0309n v\u00ea\u0300 quy tri\u0300nh khi\u00ea\u0301u na\u0323i ma\u0300 Li\u00ean \u0110oa\u0300n \u0111a\u0303 th\u01b0\u01a1ng l\u01b0\u01a1\u0323ng. Ba\u0323n pha\u0309i c\u00f4\u0301 g\u0103\u0301ng \u0111a\u0301p \u01b0\u0301ng ca\u0301c y\u00eau c\u00e2\u0300u v\u00ea\u0300 t\u01b0\u0300ng b\u01b0\u01a1\u0301c trong gi\u01a1\u0301i ha\u0323n th\u01a1\u0300i gian \u0111a\u0303 xa\u0301c \u0111i\u0323nh.<\/p>\n\n\n\n<h5 class=\"wp-block-heading\"><a href=\"https:\/\/seiu6.org\/vi\/grievance-process\/\" data-type=\"page\" data-id=\"97\">Ti\u0300m hi\u00ea\u0309u th\u00eam<\/a><\/h5>\n<\/div>\n<\/div>\n<\/div><\/div>\n\n<div style=\"height:50px\" aria-hidden=\"true\" class=\"wp-block-spacer\"><\/div>\n\n<h3 class=\"wp-block-heading\">Trang Th\u00f4ng Tin Kh\u00f4\u0301i L\u01b0\u01a1\u0323ng C\u00f4ng Vi\u00ea\u0323c<\/h3>\n\n<div class=\"wp-block-columns is-layout-flex wp-container-core-columns-is-layout-28f84493 wp-block-columns-is-layout-flex\">\n<div class=\"wp-block-column is-layout-flow wp-block-column-is-layout-flow\">\n<div data-wp-interactive=\"core\/file\" class=\"wp-block-file\"><object data-wp-bind--hidden=\"!state.hasPdfPreview\" hidden class=\"wp-block-file__embed\" data=\"https:\/\/seiu6.org\/wp-content\/uploads\/2021\/08\/Workload-FactSheet-Amharic.pdf\" type=\"application\/pdf\" style=\"width:100%;height:350px\" aria-label=\"Embed of Embed of Workload-FactSheet-Amharic..\"><\/object><a href=\"https:\/\/seiu6.org\/wp-content\/uploads\/2021\/08\/Workload-FactSheet-Amharic.pdf\" target=\"_blank\" rel=\"noreferrer noopener\">Trang Th\u00f4ng Tin-Kh\u00f4\u0301i L\u01b0\u01a1\u0323ng C\u00f4ng Vi\u00ea\u0323c-Ti\u00ea\u0301ng Amhara<\/a><\/div>\n<\/div>\n\n\n\n<div class=\"wp-block-column is-layout-flow wp-block-column-is-layout-flow\">\n<div data-wp-interactive=\"core\/file\" class=\"wp-block-file\"><object data-wp-bind--hidden=\"!state.hasPdfPreview\" hidden class=\"wp-block-file__embed\" data=\"https:\/\/seiu6.org\/wp-content\/uploads\/2021\/08\/Workload-FactSheet-Bosnian.pdf\" type=\"application\/pdf\" style=\"width:100%;height:350px\" aria-label=\"Embed of Embed of Workload-FactSheet-Bosnian..\"><\/object><a href=\"https:\/\/seiu6.org\/wp-content\/uploads\/2021\/08\/Workload-FactSheet-Bosnian.pdf\" target=\"_blank\" rel=\"noreferrer noopener\">Trang Th\u00f4ng Tin-Kh\u00f4\u0301i L\u01b0\u01a1\u0323ng C\u00f4ng Vi\u00ea\u0323c-Ti\u00ea\u0301ng Bosnia<\/a><\/div>\n<\/div>\n\n\n\n<div class=\"wp-block-column is-layout-flow wp-block-column-is-layout-flow\">\n<div data-wp-interactive=\"core\/file\" class=\"wp-block-file\"><object data-wp-bind--hidden=\"!state.hasPdfPreview\" hidden class=\"wp-block-file__embed\" data=\"https:\/\/seiu6.org\/wp-content\/uploads\/2021\/08\/Workload-Factsheet-RUSSIAN.pdf\" type=\"application\/pdf\" style=\"width:100%;height:350px\" aria-label=\"Embed of Embed of Workload-Factsheet-RUSSIAN..\"><\/object><a href=\"https:\/\/seiu6.org\/wp-content\/uploads\/2021\/08\/Workload-Factsheet-RUSSIAN.pdf\" target=\"_blank\" rel=\"noreferrer noopener\">Trang Th\u00f4ng Tin-Kh\u00f4\u0301i L\u01b0\u01a1\u0323ng C\u00f4ng Vi\u00ea\u0323c-TI\u00ca\u0301NG NGA<\/a><\/div>\n<\/div>\n\n\n\n<div class=\"wp-block-column is-layout-flow wp-block-column-is-layout-flow\">\n<div data-wp-interactive=\"core\/file\" class=\"wp-block-file\"><object data-wp-bind--hidden=\"!state.hasPdfPreview\" hidden class=\"wp-block-file__embed\" data=\"https:\/\/seiu6.org\/wp-content\/uploads\/2021\/08\/Workload-FactSheet-Somali.pdf\" type=\"application\/pdf\" style=\"width:100%;height:350px\" aria-label=\"Embed of Embed of Workload-FactSheet-Somali..\"><\/object><a href=\"https:\/\/seiu6.org\/wp-content\/uploads\/2021\/08\/Workload-FactSheet-Somali.pdf\" target=\"_blank\" rel=\"noreferrer noopener\">Trang Th\u00f4ng Tin-Kh\u00f4\u0301i L\u01b0\u01a1\u0323ng C\u00f4ng Vi\u00ea\u0323c-Ti\u00ea\u0301ng Somali<\/a><\/div>\n<\/div>\n<\/div>\n\n<div class=\"wp-block-columns is-layout-flex wp-container-core-columns-is-layout-28f84493 wp-block-columns-is-layout-flex\">\n<div class=\"wp-block-column is-layout-flow wp-block-column-is-layout-flow\">\n<div data-wp-interactive=\"core\/file\" class=\"wp-block-file\"><object data-wp-bind--hidden=\"!state.hasPdfPreview\" hidden class=\"wp-block-file__embed\" data=\"https:\/\/seiu6.org\/wp-content\/uploads\/2021\/08\/Workload-FactSheet-Spanish.pdf\" type=\"application\/pdf\" style=\"width:100%;height:350px\" aria-label=\"Embed of Embed of Workload-FactSheet-Spanish..\"><\/object><a href=\"https:\/\/seiu6.org\/wp-content\/uploads\/2021\/08\/Workload-FactSheet-Spanish.pdf\" target=\"_blank\" rel=\"noreferrer noopener\">Trang Th\u00f4ng Tin-Kh\u00f4\u0301i L\u01b0\u01a1\u0323ng C\u00f4ng Vi\u00ea\u0323c-Ti\u00ea\u0301ng T\u00e2y Ban Nha<\/a><\/div>\n<\/div>\n\n\n\n<div class=\"wp-block-column is-layout-flow wp-block-column-is-layout-flow\">\n<div data-wp-interactive=\"core\/file\" class=\"wp-block-file\"><object data-wp-bind--hidden=\"!state.hasPdfPreview\" hidden class=\"wp-block-file__embed\" data=\"https:\/\/seiu6.org\/wp-content\/uploads\/2021\/08\/Workload-FactSheet-VIETNAMESE.pdf\" type=\"application\/pdf\" style=\"width:100%;height:350px\" aria-label=\"Embed of Embed of Workload-FactSheet-VIETNAMESE..\"><\/object><a href=\"https:\/\/seiu6.org\/wp-content\/uploads\/2021\/08\/Workload-FactSheet-VIETNAMESE.pdf\" target=\"_blank\" rel=\"noreferrer noopener\">Trang Th\u00f4ng Tin-Kh\u00f4\u0301i L\u01b0\u01a1\u0323ng C\u00f4ng Vi\u00ea\u0323c-TI\u00ca\u0301NG VI\u00ca\u0323T<\/a><\/div>\n<\/div>\n\n\n\n<div class=\"wp-block-column is-layout-flow wp-block-column-is-layout-flow\"><\/div>\n\n\n\n<div class=\"wp-block-column is-layout-flow wp-block-column-is-layout-flow\"><\/div>\n<\/div>\n\n<div class=\"wp-block-group alignfull has-white-color has-purple-background-color has-text-color has-background is-layout-flow wp-block-group-is-layout-flow\"><div class=\"wp-block-group__inner-container\">\n<div class=\"wp-block-columns are-vertically-aligned-center flex-column flex-md-row is-layout-flex wp-container-core-columns-is-layout-28f84493 wp-block-columns-is-layout-flex\">\n<div class=\"wp-block-column is-vertically-aligned-center is-layout-flow wp-block-column-is-layout-flow\" style=\"flex-basis:40%\">\n<h3 class=\"font-primary has-white-color has-text-color wp-block-heading\">Sa\u0301t ca\u0301nh b\u00ean nhau, chu\u0301ng ta se\u0303 ma\u0323nh me\u0303 h\u01a1n.<\/h3>\n<\/div>\n\n\n\n<div class=\"wp-block-column is-vertically-aligned-center mt-4 mt-lg-0 ml-0 ml-lg-6 is-layout-flow wp-block-column-is-layout-flow\" style=\"flex-basis:60%\">\n<div class=\"wp-block-buttons is-layout-flex wp-block-buttons-is-layout-flex\">\n<div class=\"wp-block-button is-primary\"><a class=\"wp-block-button__link\" href=\"https:\/\/seiu6.joinlocal.org\/\" target=\"_blank\" rel=\"noreferrer noopener\">Tham Gia SEIU6<\/a><\/div>\n<\/div>\n<\/div>\n<\/div>\n<\/div><\/div>\n","protected":false},"excerpt":{"rendered":"<p>HI\u00ca\u0309U RO\u0303 QUY\u00ca\u0300N CU\u0309A BA\u0323N<\/p>\n<p>QUY\u00ca\u0300N CU\u0309A BA\u0323N \u0110\u00d4\u0301I V\u01a0\u0301I C\u00d4NG VI\u00ca\u0323C<\/p>\n<p class=\"has-black-color has-text-color\">La\u0300 m\u00f4\u0323t tha\u0300nh vi\u00ean cu\u0309a SEIU6, ba\u0323n co\u0301 quy\u00ea\u0300n \u0111\u01b0\u01a1\u0323c Li\u00ean \u0110oa\u0300n ba\u0309o v\u00ea\u0323 va\u0300 \u0111a\u0323i di\u00ea\u0323n theo quy \u0111i\u0323nh trong h\u01a1\u0323p \u0111\u00f4\u0300ng cu\u0309a ba\u0323n. N\u00ea\u0301u ba\u0323n co\u0301 th\u0103\u0301c m\u0103\u0301c v\u00ea\u0300 ca\u0301c quy\u00ea\u0300n cu\u0309a mi\u0300nh, ha\u0303y li\u00ean h\u00ea\u0323 v\u01a1\u0301i Trung T\u00e2m Ngu\u00f4\u0300n L\u01b0\u0323c [&#8230;]<\/p>\n","protected":false},"author":2,"featured_media":0,"parent":0,"menu_order":0,"comment_status":"closed","ping_status":"closed","template":"","meta":{"_acf_changed":false,"inline_featured_image":false,"footnotes":""},"class_list":["post-3479","page","type-page","status-publish","hentry"],"acf":[],"yoast_head":"<!-- This site is optimized with the Yoast SEO plugin v24.6 - https:\/\/yoast.com\/wordpress\/plugins\/seo\/ -->\n<title>Hi&ecirc;\u0309u Ro\u0303 Quy&ecirc;\u0300n Cu\u0309a Ba\u0323n - SEIU6<\/title>\n<meta name=\"robots\" content=\"index, follow, max-snippet:-1, max-image-preview:large, max-video-preview:-1\" \/>\n<link rel=\"canonical\" href=\"https:\/\/seiu6.org\/vi\/know-your-rights\/\" \/>\n<meta property=\"og:locale\" content=\"vi_VN\" \/>\n<meta property=\"og:type\" content=\"article\" \/>\n<meta property=\"og:title\" content=\"Hi&ecirc;\u0309u Ro\u0303 Quy&ecirc;\u0300n Cu\u0309a Ba\u0323n - SEIU6\" \/>\n<meta property=\"og:description\" content=\"HI\u00ca\u0309U RO\u0303 QUY\u00ca\u0300N CU\u0309A BA\u0323N  QUY\u00ca\u0300N CU\u0309A BA\u0323N \u0110\u00d4\u0301I V\u01a0\u0301I C\u00d4NG VI\u00ca\u0323C  La\u0300 m\u00f4\u0323t tha\u0300nh vi\u00ean cu\u0309a SEIU6, ba\u0323n co\u0301 quy\u00ea\u0300n \u0111\u01b0\u01a1\u0323c Li\u00ean \u0110oa\u0300n ba\u0309o v\u00ea\u0323 va\u0300 \u0111a\u0323i di\u00ea\u0323n theo quy \u0111i\u0323nh trong h\u01a1\u0323p \u0111\u00f4\u0300ng cu\u0309a ba\u0323n. N\u00ea\u0301u ba\u0323n co\u0301 th\u0103\u0301c m\u0103\u0301c v\u00ea\u0300 ca\u0301c quy\u00ea\u0300n cu\u0309a mi\u0300nh, ha\u0303y li\u00ean h\u00ea\u0323 v\u01a1\u0301i Trung T\u00e2m Ngu\u00f4\u0300n L\u01b0\u0323c [...]\" \/>\n<meta property=\"og:url\" content=\"https:\/\/seiu6.org\/vi\/know-your-rights\/\" \/>\n<meta property=\"og:site_name\" content=\"SEIU6\" \/>\n<meta property=\"article:modified_time\" content=\"2022-02-08T16:31:53+00:00\" \/>\n<meta property=\"og:image\" content=\"https:\/\/seiu6.org\/wp-content\/uploads\/2021\/10\/Hero-knowyourrights.jpg\" \/>\n<meta name=\"twitter:card\" content=\"summary_large_image\" \/>\n<meta name=\"twitter:label1\" content=\"Est. reading time\" \/>\n\t<meta name=\"twitter:data1\" content=\"5 minutes\" \/>\n<script type=\"application\/ld+json\" class=\"yoast-schema-graph\">{\"@context\":\"https:\/\/schema.org\",\"@graph\":[{\"@type\":\"WebPage\",\"@id\":\"https:\/\/seiu6.org\/vi\/know-your-rights\/\",\"url\":\"https:\/\/seiu6.org\/vi\/know-your-rights\/\",\"name\":\"Hi&ecirc;\u0309u Ro\u0303 Quy&ecirc;\u0300n Cu\u0309a Ba\u0323n - SEIU6\",\"isPartOf\":{\"@id\":\"https:\/\/seiu6.org\/vi\/#website\"},\"primaryImageOfPage\":{\"@id\":\"https:\/\/seiu6.org\/vi\/know-your-rights\/#primaryimage\"},\"image\":{\"@id\":\"https:\/\/seiu6.org\/vi\/know-your-rights\/#primaryimage\"},\"thumbnailUrl\":\"https:\/\/seiu6.org\/wp-content\/uploads\/2021\/10\/Hero-knowyourrights.jpg\",\"datePublished\":\"2022-01-21T15:55:43+00:00\",\"dateModified\":\"2022-02-08T16:31:53+00:00\",\"breadcrumb\":{\"@id\":\"https:\/\/seiu6.org\/vi\/know-your-rights\/#breadcrumb\"},\"inLanguage\":\"vi-VN\",\"potentialAction\":[{\"@type\":\"ReadAction\",\"target\":[\"https:\/\/seiu6.org\/vi\/know-your-rights\/\"]}]},{\"@type\":\"ImageObject\",\"inLanguage\":\"vi-VN\",\"@id\":\"https:\/\/seiu6.org\/vi\/know-your-rights\/#primaryimage\",\"url\":\"https:\/\/seiu6.org\/wp-content\/uploads\/2021\/10\/Hero-knowyourrights.jpg\",\"contentUrl\":\"https:\/\/seiu6.org\/wp-content\/uploads\/2021\/10\/Hero-knowyourrights.jpg\"},{\"@type\":\"BreadcrumbList\",\"@id\":\"https:\/\/seiu6.org\/vi\/know-your-rights\/#breadcrumb\",\"itemListElement\":[{\"@type\":\"ListItem\",\"position\":1,\"name\":\"Home\",\"item\":\"https:\/\/seiu6.org\/vi\/\"},{\"@type\":\"ListItem\",\"position\":2,\"name\":\"Hi&ecirc;\u0309u Ro\u0303 Quy&ecirc;\u0300n Cu\u0309a Ba\u0323n\"}]},{\"@type\":\"WebSite\",\"@id\":\"https:\/\/seiu6.org\/vi\/#website\",\"url\":\"https:\/\/seiu6.org\/vi\/\",\"name\":\"SEIU6\",\"description\":\"Property Services NW\",\"publisher\":{\"@id\":\"https:\/\/seiu6.org\/vi\/#organization\"},\"potentialAction\":[{\"@type\":\"SearchAction\",\"target\":{\"@type\":\"EntryPoint\",\"urlTemplate\":\"https:\/\/seiu6.org\/vi\/?s={search_term_string}\"},\"query-input\":{\"@type\":\"PropertyValueSpecification\",\"valueRequired\":true,\"valueName\":\"search_term_string\"}}],\"inLanguage\":\"vi-VN\"},{\"@type\":\"Organization\",\"@id\":\"https:\/\/seiu6.org\/vi\/#organization\",\"name\":\"SEIU6 Property Services NW\",\"url\":\"https:\/\/seiu6.org\/vi\/\",\"logo\":{\"@type\":\"ImageObject\",\"inLanguage\":\"vi-VN\",\"@id\":\"https:\/\/seiu6.org\/vi\/#\/schema\/logo\/image\/\",\"url\":\"https:\/\/seiu6.org\/wp-content\/uploads\/2021\/08\/Logo-Color-SEIU6.svg\",\"contentUrl\":\"https:\/\/seiu6.org\/wp-content\/uploads\/2021\/08\/Logo-Color-SEIU6.svg\",\"width\":\"1024\",\"height\":\"1024\",\"caption\":\"SEIU6 Property Services NW\"},\"image\":{\"@id\":\"https:\/\/seiu6.org\/vi\/#\/schema\/logo\/image\/\"}}]}<\/script>\n<!-- \/ Yoast SEO plugin. -->","yoast_head_json":{"title":"Hi&ecirc;\u0309u Ro\u0303 Quy&ecirc;\u0300n Cu\u0309a Ba\u0323n - SEIU6","robots":{"index":"index","follow":"follow","max-snippet":"max-snippet:-1","max-image-preview":"max-image-preview:large","max-video-preview":"max-video-preview:-1"},"canonical":"https:\/\/seiu6.org\/vi\/know-your-rights\/","og_locale":"vi_VN","og_type":"article","og_title":"Hi&ecirc;\u0309u Ro\u0303 Quy&ecirc;\u0300n Cu\u0309a Ba\u0323n - SEIU6","og_description":"HI\u00ca\u0309U RO\u0303 QUY\u00ca\u0300N CU\u0309A BA\u0323N  QUY\u00ca\u0300N CU\u0309A BA\u0323N \u0110\u00d4\u0301I V\u01a0\u0301I C\u00d4NG VI\u00ca\u0323C  La\u0300 m\u00f4\u0323t tha\u0300nh vi\u00ean cu\u0309a SEIU6, ba\u0323n co\u0301 quy\u00ea\u0300n \u0111\u01b0\u01a1\u0323c Li\u00ean \u0110oa\u0300n ba\u0309o v\u00ea\u0323 va\u0300 \u0111a\u0323i di\u00ea\u0323n theo quy \u0111i\u0323nh trong h\u01a1\u0323p \u0111\u00f4\u0300ng cu\u0309a ba\u0323n. N\u00ea\u0301u ba\u0323n co\u0301 th\u0103\u0301c m\u0103\u0301c v\u00ea\u0300 ca\u0301c quy\u00ea\u0300n cu\u0309a mi\u0300nh, ha\u0303y li\u00ean h\u00ea\u0323 v\u01a1\u0301i Trung T\u00e2m Ngu\u00f4\u0300n L\u01b0\u0323c [...]","og_url":"https:\/\/seiu6.org\/vi\/know-your-rights\/","og_site_name":"SEIU6","article_modified_time":"2022-02-08T16:31:53+00:00","og_image":[{"url":"https:\/\/seiu6.org\/wp-content\/uploads\/2021\/10\/Hero-knowyourrights.jpg","type":"","width":"","height":""}],"twitter_card":"summary_large_image","twitter_misc":{"Est. reading time":"5 minutes"},"schema":{"@context":"https:\/\/schema.org","@graph":[{"@type":"WebPage","@id":"https:\/\/seiu6.org\/vi\/know-your-rights\/","url":"https:\/\/seiu6.org\/vi\/know-your-rights\/","name":"Hi&ecirc;\u0309u Ro\u0303 Quy&ecirc;\u0300n Cu\u0309a Ba\u0323n - SEIU6","isPartOf":{"@id":"https:\/\/seiu6.org\/vi\/#website"},"primaryImageOfPage":{"@id":"https:\/\/seiu6.org\/vi\/know-your-rights\/#primaryimage"},"image":{"@id":"https:\/\/seiu6.org\/vi\/know-your-rights\/#primaryimage"},"thumbnailUrl":"https:\/\/seiu6.org\/wp-content\/uploads\/2021\/10\/Hero-knowyourrights.jpg","datePublished":"2022-01-21T15:55:43+00:00","dateModified":"2022-02-08T16:31:53+00:00","breadcrumb":{"@id":"https:\/\/seiu6.org\/vi\/know-your-rights\/#breadcrumb"},"inLanguage":"vi-VN","potentialAction":[{"@type":"ReadAction","target":["https:\/\/seiu6.org\/vi\/know-your-rights\/"]}]},{"@type":"ImageObject","inLanguage":"vi-VN","@id":"https:\/\/seiu6.org\/vi\/know-your-rights\/#primaryimage","url":"https:\/\/seiu6.org\/wp-content\/uploads\/2021\/10\/Hero-knowyourrights.jpg","contentUrl":"https:\/\/seiu6.org\/wp-content\/uploads\/2021\/10\/Hero-knowyourrights.jpg"},{"@type":"BreadcrumbList","@id":"https:\/\/seiu6.org\/vi\/know-your-rights\/#breadcrumb","itemListElement":[{"@type":"ListItem","position":1,"name":"Home","item":"https:\/\/seiu6.org\/vi\/"},{"@type":"ListItem","position":2,"name":"Hi&ecirc;\u0309u Ro\u0303 Quy&ecirc;\u0300n Cu\u0309a Ba\u0323n"}]},{"@type":"WebSite","@id":"https:\/\/seiu6.org\/vi\/#website","url":"https:\/\/seiu6.org\/vi\/","name":"SEIU6","description":"Property Services NW","publisher":{"@id":"https:\/\/seiu6.org\/vi\/#organization"},"potentialAction":[{"@type":"SearchAction","target":{"@type":"EntryPoint","urlTemplate":"https:\/\/seiu6.org\/vi\/?s={search_term_string}"},"query-input":{"@type":"PropertyValueSpecification","valueRequired":true,"valueName":"search_term_string"}}],"inLanguage":"vi-VN"},{"@type":"Organization","@id":"https:\/\/seiu6.org\/vi\/#organization","name":"SEIU6 Property Services NW","url":"https:\/\/seiu6.org\/vi\/","logo":{"@type":"ImageObject","inLanguage":"vi-VN","@id":"https:\/\/seiu6.org\/vi\/#\/schema\/logo\/image\/","url":"https:\/\/seiu6.org\/wp-content\/uploads\/2021\/08\/Logo-Color-SEIU6.svg","contentUrl":"https:\/\/seiu6.org\/wp-content\/uploads\/2021\/08\/Logo-Color-SEIU6.svg","width":"1024","height":"1024","caption":"SEIU6 Property Services NW"},"image":{"@id":"https:\/\/seiu6.org\/vi\/#\/schema\/logo\/image\/"}}]}},"_links":{"self":[{"href":"https:\/\/seiu6.org\/vi\/wp-json\/wp\/v2\/pages\/3479","targetHints":{"allow":["GET"]}}],"collection":[{"href":"https:\/\/seiu6.org\/vi\/wp-json\/wp\/v2\/pages"}],"about":[{"href":"https:\/\/seiu6.org\/vi\/wp-json\/wp\/v2\/types\/page"}],"author":[{"embeddable":true,"href":"https:\/\/seiu6.org\/vi\/wp-json\/wp\/v2\/users\/2"}],"replies":[{"embeddable":true,"href":"https:\/\/seiu6.org\/vi\/wp-json\/wp\/v2\/comments?post=3479"}],"version-history":[{"count":0,"href":"https:\/\/seiu6.org\/vi\/wp-json\/wp\/v2\/pages\/3479\/revisions"}],"wp:attachment":[{"href":"https:\/\/seiu6.org\/vi\/wp-json\/wp\/v2\/media?parent=3479"}],"curies":[{"name":"wp","href":"https:\/\/api.w.org\/{rel}","templated":true}]}}