{"id":3481,"date":"2022-01-21T07:55:47","date_gmt":"2022-01-21T15:55:47","guid":{"rendered":"https:\/\/seiu6.org\/covid-19\/"},"modified":"2022-02-08T08:31:53","modified_gmt":"2022-02-08T16:31:53","slug":"covid-19","status":"publish","type":"page","link":"https:\/\/seiu6.org\/vi\/covid-19\/","title":{"rendered":"Ca\u0301ch \u01af\u0301ng Pho\u0301 va\u0300 Ngu&ocirc;\u0300n Tr\u01a1\u0323 Giu\u0301p v&ecirc;\u0300 COVID-19"},"content":{"rendered":"\n<p>Ca\u0301c tha\u0300nh vi\u00ean SEIU6 la\u0300 nh\u01b0\u0303ng nh\u00e2n vi\u00ean thi\u00ea\u0301t y\u00ea\u0301u tuy\u00ea\u0301n \u0111\u00e2\u0300u la\u0300m nhi\u00ea\u0323m vu\u0323 do\u0323n de\u0323p va\u0300 kh\u01b0\u0309 tru\u0300ng c\u00e2\u0309n th\u00e2\u0323n ca\u0301c kh\u00f4ng gian th\u01b0\u01a1ng ma\u0323i va\u0300 c\u00f4\u0323ng \u0111\u00f4\u0300ng, ba\u0309o v\u00ea\u0323 ta\u0300i sa\u0309n va\u0300 tr\u01a1\u0323 giu\u0301p c\u00f4\u0323ng \u0111\u00f4\u0300ng trong su\u00f4\u0301t \u0111a\u0323i di\u0323ch va\u0300 nh\u01b0\u0303ng th\u01a1\u0300i \u0111i\u00ea\u0309m kha\u0301c. SEIU6 cam k\u00ea\u0301t ba\u0309o \u0111a\u0309m cho nh\u00e2n vi\u00ean lu\u00f4n an toa\u0300n va\u0300 n\u0103\u0301m b\u0103\u0301t th\u00f4ng tin trong su\u00f4\u0301t nh\u01b0\u0303ng giai \u0111oa\u0323n kho\u0301 kh\u0103n na\u0300y, cu\u0303ng nh\u01b0 \u0111a\u0309m ba\u0309o nh\u00e2n vi\u00ean tuy\u00ea\u0301n \u0111\u00e2\u0300u \u0111\u01b0\u01a1\u0323c t\u00f4n tro\u0323ng, ba\u0309o v\u00ea\u0323 va\u0300 \u0111\u01b0\u01a1\u0323c tra\u0309 l\u01b0\u01a1ng x\u01b0\u0301ng \u0111a\u0301ng.<\/p>\n\n<p>SEIU6 h\u00f4\u0303 tr\u01a1\u0323 chi\u00ea\u0301n di\u0323ch ti\u00eam v\u0103\u0301c-xin toa\u0300n b\u00f4\u0323 \u0111\u00ea\u0309 gi\u01b0\u0303 an toa\u0300n cho ca\u0301c tha\u0300nh vi\u00ean, gia \u0111i\u0300nh va\u0300 c\u00f4\u0323ng \u0111\u00f4\u0300ng cu\u0309a ho\u0323. Li\u00ean \u0111oa\u0300n cu\u0309a chu\u0301ng ta \u0111a\u0303 \u0111i \u0111\u00e2\u0300u trong vi\u00ea\u0323c \u0111a\u0309m ba\u0309o tha\u0300nh vi\u00ean \u0111\u01b0\u01a1\u0323c ti\u00ea\u0301p c\u00e2\u0323n v\u0103\u0301c-xin. Chu\u0301ng ta s\u0103\u0303n lo\u0300ng giu\u0301p ca\u0301c tha\u0300nh vi\u00ean hi\u00ea\u0309u ro\u0303 va\u0300 th\u01b0\u0323c hi\u00ea\u0323n ca\u0301c y\u00eau c\u00e2\u0300u v\u00ea\u0300 ti\u00eam v\u0103\u0301c-xin.<\/p>\n\n<div class=\"wp-block-group alignfull pb-0 has-white-color has-blue-background-color has-text-color has-background is-layout-flow wp-block-group-is-layout-flow\"><div class=\"wp-block-group__inner-container\">\n<div class=\"wp-block-group container--narrow has-background is-layout-flow wp-block-group-is-layout-flow\" style=\"background-color:#030303\"><div class=\"wp-block-group__inner-container\">\n<div class=\"wp-block-columns are-vertically-aligned-center flex-column flex-md-row is-layout-flex wp-container-core-columns-is-layout-28f84493 wp-block-columns-is-layout-flex\">\n<div class=\"wp-block-column is-vertically-aligned-center is-layout-flow wp-block-column-is-layout-flow\" style=\"flex-basis:50%\">\n<h3 class=\"has-text-color wp-block-heading\" style=\"color:#cc9afa\"><strong>\u0110i\u0323a \u0111i\u00ea\u0309m ti\u00eam v\u0103\u0301c-xin \u01a1\u0309 Washington<\/strong><\/h3>\n\n\n\n<p class=\"has-white-color has-text-color\">V\u0103\u0301c-xin COVID-19 an toa\u0300n, mi\u00ea\u0303n phi\u0301 va\u0300 \u0111\u01b0\u01a1\u0323c cung c\u00e2\u0301p cho mo\u0323i ng\u01b0\u01a1\u0300i t\u01b0\u0300 12 tu\u00f4\u0309i tr\u01a1\u0309 l\u00ean. Ba\u0323n kh\u00f4ng b\u0103\u0301t bu\u00f4\u0323c pha\u0309i la\u0300 c\u00f4ng d\u00e2n Hoa Ky\u0300 hay cung c\u00e2\u0301p b\u0103\u0300ng ch\u01b0\u0301ng v\u00ea\u0300 ti\u0300nh tra\u0323ng nh\u00e2\u0323p c\u01b0 thi\u0300 m\u01a1\u0301i \u0111\u01b0\u01a1\u0323c ti\u00eam v\u0103\u0301c-xin.<\/p>\n<\/div>\n\n\n\n<div class=\"wp-block-column is-vertically-aligned-center pt-4 pt-md-0 ml-0 ml-md-6 is-layout-flow wp-block-column-is-layout-flow\" style=\"flex-basis:50%\">\n<div class=\"wp-block-buttons is-content-justification-center align-items-left align-items-md-center is-layout-flex wp-block-buttons-is-layout-flex\">\n<div class=\"wp-block-button is-primary\"><a class=\"wp-block-button__link\" href=\"https:\/\/vaccinelocator.doh.wa.gov\/\" target=\"_blank\" rel=\"noreferrer noopener\">L\u00ean Li\u0323ch He\u0323n<\/a><\/div>\n<\/div>\n<\/div>\n<\/div>\n<\/div><\/div>\n<\/div><\/div>\n\n<div class=\"wp-block-group alignfull section-cards has-white-color has-blue-background-color has-text-color has-background is-layout-flow wp-block-group-is-layout-flow\"><div class=\"wp-block-group__inner-container\">\n<h3 class=\"has-white-color has-text-color wp-block-heading\"><strong>Ti\u0300m ki\u00ea\u0301m v\u0103\u0301c-xin.<\/strong><\/h3>\n\n\n\n<p class=\"has-white-color has-text-color\"><a rel=\"noreferrer noopener\" href=\"https:\/\/kingcounty.gov\/depts\/health\/covid-19\/vaccine\/resources.aspx\" data-type=\"URL\" data-id=\"https:\/\/kingcounty.gov\/depts\/health\/covid-19\/vaccine\/resources.aspx\" target=\"_blank\">T\u01a1\u0300 r\u01a1i, video va\u0300 ca\u0301c ngu\u00f4\u0300n tr\u01a1\u0323 giu\u0301p<\/a> t\u01b0\u0300 ca\u0301c ngu\u00f4\u0300n \u0111a\u0301ng tin c\u00e2\u0323y b\u0103\u0300ng Ti\u00ea\u0301ng Anh, Ti\u00ea\u0301ng Amhara, Ti\u00ea\u0301ng Trung, Ti\u00ea\u0301ng Somali, Ti\u00ea\u0301ng T\u00e2y Ban Nha, Ti\u00ea\u0301ng Vi\u00ea\u0323t, v.v.<\/p>\n\n\n\n<div class=\"wp-block-columns has-equal-height-cards is-layout-flex wp-container-core-columns-is-layout-28f84493 wp-block-columns-is-layout-flex\">\n<div class=\"wp-block-column has-black-color has-white-background-color has-text-color has-background is-layout-flow wp-block-column-is-layout-flow\">\n<h4 class=\"wp-block-heading\">Thu th\u00e2\u0323p th\u00f4ng tin v\u00ea\u0300 COVID-19<\/h4>\n\n\n\n<p><a rel=\"noreferrer noopener\" href=\"https:\/\/kingcounty.gov\/depts\/health\/covid-19\/languages.aspx\" data-type=\"URL\" data-id=\"https:\/\/kingcounty.gov\/depts\/health\/covid-19\/languages.aspx\" target=\"_blank\">Ngu\u00f4\u0300n Tr\u01a1\u0323 Giu\u0301p V\u00ea\u0300 Y T\u00ea\u0301 C\u00f4ng C\u00f4\u0323ng Cu\u0309a Qu\u00e2\u0323n King<\/a> b\u0103\u0300ng Ti\u00ea\u0301ng Anh, Ti\u00ea\u0301ng Amhara, Ti\u00ea\u0301ng Trung, Ti\u00ea\u0301ng Somali, Ti\u00ea\u0301ng T\u00e2y Ban Nha, Ti\u00ea\u0301ng Vi\u00ea\u0323t, v.v.<\/p>\n<\/div>\n\n\n\n<div class=\"wp-block-column has-black-color has-white-background-color has-text-color has-background is-layout-flow wp-block-column-is-layout-flow\">\n<h4 class=\"wp-block-heading\"><strong>S\u01b0\u0301c Kho\u0309e va\u0300 An Toa\u0300n Ta\u0323i N\u01a1i La\u0300m Vi\u00ea\u0323c<\/strong><\/h4>\n\n\n\n<p>S\u01a1\u0309 Lao \u0110\u00f4\u0323ng &amp; C\u00f4ng Nghi\u00ea\u0323p Ti\u00ea\u0309u Bang Washington <a rel=\"noreferrer noopener\" href=\"https:\/\/www.lni.wa.gov\/safety-health\/safety-topics\/topics\/coronavirus\" data-type=\"URL\" data-id=\"https:\/\/www.lni.wa.gov\/safety-health\/safety-topics\/topics\/coronavirus\" target=\"_blank\">th\u00f4ng tin va\u0300 c\u00e2\u0323p nh\u00e2\u0323t v\u00ea\u0300 vi-ru\u0301t Corona<\/a>.<\/p>\n<\/div>\n\n\n\n<div class=\"wp-block-column has-black-color has-white-background-color has-text-color has-background is-layout-flow wp-block-column-is-layout-flow\">\n<h4 class=\"wp-block-heading\"><strong>Ca\u0301c Phu\u0301c L\u01a1\u0323i Ba\u0309o V\u00ea\u0323 Trong H\u01a1\u0323p \u0110\u00f4\u0300ng<\/strong><\/h4>\n\n\n\n<p>\u0110\u00f4\u0301i v\u01a1\u0301i nh\u01b0\u0303ng lao c\u00f4ng thu\u00f4\u0323c pha\u0323m vi a\u0301p du\u0323ng cu\u0309a Tho\u0309a Thu\u00e2\u0323n Chi\u0301nh Da\u0300nh Cho Qu\u00e2\u0323n King, li\u00ean \u0111oa\u0300n \u0111a\u0303 th\u01b0\u01a1ng l\u01b0\u01a1\u0323ng nh\u01b0\u0303ng phu\u0301c l\u01a1\u0323i ba\u0309o v\u00ea\u0323 b\u00f4\u0309 sung li\u00ean quan \u0111\u00ea\u0301n COVID-19 trong Phu\u0323 Lu\u0323c H\u01a1\u0323p \u0110\u00f4\u0300ng Tha\u0301ng 7\/2020. Nh\u01b0\u0303ng phu\u0301c l\u01a1\u0323i ba\u0309o v\u00ea\u0323 na\u0300y \u0111a\u0303 \u0111\u01b0\u01a1\u0323c cu\u0309ng c\u00f4\u0301 trong nh\u01b0\u0303ng l\u00e2\u0300n th\u01b0\u01a1ng l\u01b0\u01a1\u0323ng h\u01a1\u0323p \u0111\u00f4\u0300ng n\u0103m 2021. <strong><a rel=\"noreferrer noopener\" href=\"https:\/\/seiu6.org\/wp-content\/uploads\/2021\/08\/COVID-19_Safety_King_County_Janitorial_Master_Contract.pdf\" data-type=\"URL\" data-id=\"https:\/\/seiu6.org\/wp-content\/uploads\/2021\/08\/COVID-19_Safety_King_County_Janitorial_Master_Contract.pdf\" target=\"_blank\">Ti\u0300m hi\u00ea\u0309u th\u00eam v\u00ea\u0300 ca\u0301c phu\u0301c l\u01a1\u0323i ba\u0309o v\u00ea\u0323 da\u0300nh cho lao c\u00f4ng<\/a>.<\/strong><\/p>\n<\/div>\n<\/div>\n<\/div><\/div>\n\n<div style=\"height:50px\" aria-hidden=\"true\" class=\"wp-block-spacer\"><\/div>\n\n<h2 class=\"wp-block-heading\">Tin T\u01b0\u0301c<\/h2>\n\n<div class=\"wp-block-columns is-layout-flex wp-container-core-columns-is-layout-28f84493 wp-block-columns-is-layout-flex\">\n<div class=\"wp-block-column is-layout-flow wp-block-column-is-layout-flow\">\n<h3 class=\"wp-block-heading\"><strong>Pho\u0300ng Kha\u0301m V\u0103\u0301c-Xin SEIU6<\/strong><\/h3>\n\n\n\n<p>Va\u0300o nga\u0300y 17 va\u0300 18 tha\u0301ng 4, SEIU6 \u0111a\u0303 h\u01a1\u0323p ta\u0301c v\u01a1\u0301i Discovery Health t\u00f4\u0309 ch\u01b0\u0301c m\u00f4\u0323t ch\u01b0\u01a1ng tri\u0300nh pho\u0300ng kha\u0301m v\u0103\u0301c-xin. H\u01a1n 400 nh\u00e2n vi\u00ean trong nga\u0300nh s\u00e2n bay, an ninh va\u0300 c\u00f4ng nghi\u00ea\u0323p v\u00ea\u0323 sinh, cu\u0300ng v\u01a1\u0301i ca\u0301c tha\u0300nh vi\u00ean gia \u0111i\u0300nh ho\u0323, \u0111a\u0303 \u0111\u01b0\u01a1\u0323c ti\u00eam v\u0103\u0301c-xin. Chu\u0309 ti\u0323ch SEIU6, Zenia Javalera, \u0111a\u0303 \u0111\u01b0\u01a1\u0323c ti\u00eam v\u0103\u0301c-xin cu\u0300ng v\u01a1\u0301i ca\u0301c tha\u0300nh vi\u00ean li\u00ean \u0111oa\u0300n. Teresa Mosqueda, tha\u0300nh vi\u00ean cu\u0309a H\u00f4\u0323i \u0110\u00f4\u0300ng Tha\u0300nh Ph\u00f4\u0301, \u0111a\u0303 tham d\u01b0\u0323 \u0111\u00ea\u0309 h\u00f4\u0303 tr\u01a1\u0323 ca\u0301c essential worker (nh\u00e2n vi\u00ean thi\u00ea\u0301t y\u00ea\u0301u) cu\u0309a SEIU6.\u00a0<\/p>\n\n\n\n<p>Ta\u0323i SEIU6, chu\u0301ng t\u00f4i duy tri\u0300 cam k\u00ea\u0301t xo\u0301a bo\u0309 ca\u0301c ra\u0300o ca\u0309n trong vi\u00ea\u0323c ti\u00ea\u0301p c\u00e2\u0323n c\u00f4\u0323ng \u0111\u00f4\u0300ng v\u01a1\u0301i ph\u00e2\u0300n l\u01a1\u0301n la\u0300 ng\u01b0\u01a1\u0300i nh\u00e2\u0323p c\u01b0, BIPOC chi\u00ea\u0301m \u01b0u th\u00ea\u0301, sao cho t\u00e2\u0301t ca\u0309 ca\u0301c tha\u0300nh vi\u00ean mu\u00f4\u0301n ti\u00eam v\u0103\u0301c-xin \u0111\u00ea\u0300u \u0111\u01b0\u01a1\u0323c h\u01b0\u01a1\u0309ng s\u01b0\u0323 ba\u0309o v\u00ea\u0323 na\u0300y. Ti\u0300m hi\u00ea\u0309u th\u00eam v\u00ea\u0300 <a href=\"https:\/\/seiu6.org\/2021\/04\/23\/seiu6-vaccine-clinic\/\" data-type=\"URL\"><strong>pho\u0300ng kha\u0301m v\u0103\u0301c-xin SEIU6<\/strong><\/a>.<\/p>\n<\/div>\n\n\n\n<div class=\"wp-block-column is-layout-flow wp-block-column-is-layout-flow\">\n<h3 class=\"wp-block-heading\"><strong>SEIU6 K\u00caU GO\u0323I TI\u00ca\u0309U BANG M\u01a0\u0309 R\u00d4\u0323NG CA\u0301C TI\u00caU CHU\u00c2\u0309N TI\u00caM V\u0102\u0301C-XIN CHO T\u00c2\u0301T CA\u0309 ESSENTIAL WORKER (NH\u00c2N VI\u00caN THI\u00ca\u0301T Y\u00ca\u0301U)<\/strong><\/h3>\n\n\n\n<p>Khi Ti\u00ea\u0309u Bang Washington m\u01a1\u0309 r\u00f4\u0323ng ti\u00eau chu\u00e2\u0309n ti\u00eam v\u0103\u0301c-xin va\u0300o tu\u00e2\u0300n t\u01a1\u0301i, thi\u0300 m\u00f4\u0323t l\u00e2\u0300n n\u01b0\u0303a, ca\u0301c lao c\u00f4ng va\u0300 nh\u00e2n vi\u00ean an ninh thi\u00ea\u0301t y\u00ea\u0301u la\u0323i kh\u00f4ng co\u0301 trong danh sa\u0301ch. M\u0103\u0323c du\u0300 SEIU6 \u0111a\u0303 h\u01a1\u0323p ta\u0301c v\u01a1\u0301i Building Owners and Managers Association (Hi\u00ea\u0323p H\u00f4\u0323i Chu\u0309 S\u01a1\u0309 H\u01b0\u0303u va\u0300 Qua\u0309n Ly\u0301 To\u0300a Nha\u0300) (BOMA) \u0111\u00ea\u0309 \u0111\u00ea\u0300 nghi\u0323 Th\u00f4\u0301ng \u0110\u00f4\u0301c Inslee va\u0300 S\u01a1\u0309 Y T\u00ea\u0301 Ti\u00ea\u0309u Bang xu\u0301c ti\u00ea\u0301n vi\u00ea\u0323c ti\u00ea\u0301p c\u00e2\u0323n v\u0103\u0301c-xin vi\u0300 nh\u01b0\u0303ng nh\u00e2n vi\u00ean, lao c\u00f4ng va\u0300 vi\u00ean ch\u01b0\u0301c an ninh \u0111ang pha\u0309i ch\u01a1\u0300 qua\u0301 l\u00e2u. <strong><a href=\"https:\/\/seiu6.org\/2021\/03\/29\/seiu6-calls-on-state-to-extend-vaccine-eligibility-to-all-essential-workers\/\" data-type=\"URL\">\u0110o\u0323c toa\u0300n b\u00f4\u0323 c\u00e2u chuy\u00ea\u0323n<\/a>.<\/strong><\/p>\n<\/div>\n<\/div>\n\n<h2 class=\"wp-block-heading\">Ha\u0300nh \u0111\u00f4\u0323ng<\/h2>\n\n<p><strong>Tri\u0300nh Ba\u0300y v\u01a1\u0301i Qu\u00f4\u0301c H\u00f4\u0323i r\u0103\u0300ng S\u00f4\u0301 Ti\u00ea\u0300n C\u00f4ng Quy\u0303 da\u0300nh cho vi\u00ea\u0323c Kh\u00f4i Phu\u0323c S\u00e2n Bay sau COVID Pha\u0309i Da\u0300nh cho Ca\u0301c C\u00f4ng Vi\u00ea\u0323c Quan Tro\u0323ng.<\/strong><\/p>\n\n<p>Ca\u0301c nh\u00e2n vi\u00ean s\u00e2n bay \u0111o\u0301ng vai tro\u0300 quan tro\u0323ng trong vi\u00ea\u0323c duy tri\u0300 k\u00ea\u0301t n\u00f4\u0301i cu\u0309a mo\u0323i ng\u01b0\u01a1\u0300i, gi\u01b0\u0303 gi\u0300n v\u00ea\u0323 sinh cho ma\u0301y bay va\u0300 \u0111a\u0309m ba\u0309o an toa\u0300n cho s\u00e2n bay.<strong> <\/strong><\/p>\n\n<p><strong><a rel=\"noreferrer noopener\" href=\"https:\/\/bit.ly\/AirportL6\" data-type=\"URL\" data-id=\"https:\/\/bit.ly\/AirportL6\" target=\"_blank\">Y\u00eau c\u00e2\u0300u ti\u00ea\u0300n l\u01b0\u01a1ng cao h\u01a1n va\u0300 ca\u0301c phu\u0301c l\u01a1\u0323i t\u00f4\u0301t h\u01a1n cho nh\u00e2n vi\u00ean s\u00e2n bay<\/a>.<\/strong><\/p>\n\n<div class=\"wp-block-group alignfull has-white-color has-purple-background-color has-text-color has-background is-layout-flow wp-block-group-is-layout-flow\"><div class=\"wp-block-group__inner-container\">\n<div class=\"wp-block-columns are-vertically-aligned-center flex-column flex-md-row is-layout-flex wp-container-core-columns-is-layout-28f84493 wp-block-columns-is-layout-flex\">\n<div class=\"wp-block-column is-vertically-aligned-center is-layout-flow wp-block-column-is-layout-flow\" style=\"flex-basis:40%\">\n<h4 class=\"font-primary has-white-color has-text-color wp-block-heading\">Sa\u0301t ca\u0301nh b\u00ean nhau, chu\u0301ng ta se\u0303 ma\u0323nh me\u0303 h\u01a1n.<\/h4>\n<\/div>\n\n\n\n<div class=\"wp-block-column is-vertically-aligned-center mt-4 mt-lg-0 ml-0 ml-lg-6 is-layout-flow wp-block-column-is-layout-flow\" style=\"flex-basis:60%\">\n<div class=\"wp-block-buttons is-layout-flex wp-block-buttons-is-layout-flex\">\n<div class=\"wp-block-button is-primary\"><a class=\"wp-block-button__link\" href=\"https:\/\/seiu6.joinlocal.org\/\" target=\"_blank\" rel=\"noreferrer noopener\">Tham Gia SEIU6<\/a><\/div>\n<\/div>\n<\/div>\n<\/div>\n<\/div><\/div>\n","protected":false},"excerpt":{"rendered":"<p>Ca\u0301c tha\u0300nh vi\u00ean SEIU6 la\u0300 nh\u01b0\u0303ng nh\u00e2n vi\u00ean thi\u00ea\u0301t y\u00ea\u0301u tuy\u00ea\u0301n \u0111\u00e2\u0300u la\u0300m nhi\u00ea\u0323m vu\u0323 do\u0323n de\u0323p va\u0300 kh\u01b0\u0309 tru\u0300ng c\u00e2\u0309n th\u00e2\u0323n ca\u0301c kh\u00f4ng gian th\u01b0\u01a1ng ma\u0323i va\u0300 c\u00f4\u0323ng \u0111\u00f4\u0300ng, ba\u0309o v\u00ea\u0323 ta\u0300i sa\u0309n va\u0300 tr\u01a1\u0323 giu\u0301p c\u00f4\u0323ng \u0111\u00f4\u0300ng trong su\u00f4\u0301t \u0111a\u0323i di\u0323ch va\u0300 nh\u01b0\u0303ng th\u01a1\u0300i \u0111i\u00ea\u0309m kha\u0301c. SEIU6 cam k\u00ea\u0301t ba\u0309o \u0111a\u0309m cho nh\u00e2n [&#8230;]<\/p>\n","protected":false},"author":2,"featured_media":0,"parent":0,"menu_order":0,"comment_status":"closed","ping_status":"closed","template":"","meta":{"_acf_changed":false,"inline_featured_image":false,"footnotes":""},"class_list":["post-3481","page","type-page","status-publish","hentry"],"acf":[],"yoast_head":"<!-- This site is optimized with the Yoast SEO plugin v24.6 - https:\/\/yoast.com\/wordpress\/plugins\/seo\/ -->\n<title>Ca\u0301ch \u01af\u0301ng Pho\u0301 va\u0300 Ngu&ocirc;\u0300n Tr\u01a1\u0323 Giu\u0301p v&ecirc;\u0300 COVID-19 - SEIU6<\/title>\n<meta name=\"robots\" content=\"index, follow, max-snippet:-1, max-image-preview:large, max-video-preview:-1\" \/>\n<link rel=\"canonical\" href=\"https:\/\/seiu6.org\/vi\/covid-19\/\" \/>\n<meta property=\"og:locale\" content=\"vi_VN\" \/>\n<meta property=\"og:type\" content=\"article\" \/>\n<meta property=\"og:title\" content=\"Ca\u0301ch \u01af\u0301ng Pho\u0301 va\u0300 Ngu&ocirc;\u0300n Tr\u01a1\u0323 Giu\u0301p v&ecirc;\u0300 COVID-19 - SEIU6\" \/>\n<meta property=\"og:description\" content=\"Ca\u0301c tha\u0300nh vi\u00ean SEIU6 la\u0300 nh\u01b0\u0303ng nh\u00e2n vi\u00ean thi\u00ea\u0301t y\u00ea\u0301u tuy\u00ea\u0301n \u0111\u00e2\u0300u la\u0300m nhi\u00ea\u0323m vu\u0323 do\u0323n de\u0323p va\u0300 kh\u01b0\u0309 tru\u0300ng c\u00e2\u0309n th\u00e2\u0323n ca\u0301c kh\u00f4ng gian th\u01b0\u01a1ng ma\u0323i va\u0300 c\u00f4\u0323ng \u0111\u00f4\u0300ng, ba\u0309o v\u00ea\u0323 ta\u0300i sa\u0309n va\u0300 tr\u01a1\u0323 giu\u0301p c\u00f4\u0323ng \u0111\u00f4\u0300ng trong su\u00f4\u0301t \u0111a\u0323i di\u0323ch va\u0300 nh\u01b0\u0303ng th\u01a1\u0300i \u0111i\u00ea\u0309m kha\u0301c. SEIU6 cam k\u00ea\u0301t ba\u0309o \u0111a\u0309m cho nh\u00e2n [...]\" \/>\n<meta property=\"og:url\" content=\"https:\/\/seiu6.org\/vi\/covid-19\/\" \/>\n<meta property=\"og:site_name\" content=\"SEIU6\" \/>\n<meta property=\"article:modified_time\" content=\"2022-02-08T16:31:53+00:00\" \/>\n<meta name=\"twitter:card\" content=\"summary_large_image\" \/>\n<meta name=\"twitter:label1\" content=\"Est. reading time\" \/>\n\t<meta name=\"twitter:data1\" content=\"6 minutes\" \/>\n<script type=\"application\/ld+json\" class=\"yoast-schema-graph\">{\"@context\":\"https:\/\/schema.org\",\"@graph\":[{\"@type\":\"WebPage\",\"@id\":\"https:\/\/seiu6.org\/vi\/covid-19\/\",\"url\":\"https:\/\/seiu6.org\/vi\/covid-19\/\",\"name\":\"Ca\u0301ch \u01af\u0301ng Pho\u0301 va\u0300 Ngu&ocirc;\u0300n Tr\u01a1\u0323 Giu\u0301p v&ecirc;\u0300 COVID-19 - SEIU6\",\"isPartOf\":{\"@id\":\"https:\/\/seiu6.org\/vi\/#website\"},\"datePublished\":\"2022-01-21T15:55:47+00:00\",\"dateModified\":\"2022-02-08T16:31:53+00:00\",\"breadcrumb\":{\"@id\":\"https:\/\/seiu6.org\/vi\/covid-19\/#breadcrumb\"},\"inLanguage\":\"vi-VN\",\"potentialAction\":[{\"@type\":\"ReadAction\",\"target\":[\"https:\/\/seiu6.org\/vi\/covid-19\/\"]}]},{\"@type\":\"BreadcrumbList\",\"@id\":\"https:\/\/seiu6.org\/vi\/covid-19\/#breadcrumb\",\"itemListElement\":[{\"@type\":\"ListItem\",\"position\":1,\"name\":\"Home\",\"item\":\"https:\/\/seiu6.org\/vi\/\"},{\"@type\":\"ListItem\",\"position\":2,\"name\":\"Ca\u0301ch \u01af\u0301ng Pho\u0301 va\u0300 Ngu&ocirc;\u0300n Tr\u01a1\u0323 Giu\u0301p v&ecirc;\u0300 COVID-19\"}]},{\"@type\":\"WebSite\",\"@id\":\"https:\/\/seiu6.org\/vi\/#website\",\"url\":\"https:\/\/seiu6.org\/vi\/\",\"name\":\"SEIU6\",\"description\":\"Property Services NW\",\"publisher\":{\"@id\":\"https:\/\/seiu6.org\/vi\/#organization\"},\"potentialAction\":[{\"@type\":\"SearchAction\",\"target\":{\"@type\":\"EntryPoint\",\"urlTemplate\":\"https:\/\/seiu6.org\/vi\/?s={search_term_string}\"},\"query-input\":{\"@type\":\"PropertyValueSpecification\",\"valueRequired\":true,\"valueName\":\"search_term_string\"}}],\"inLanguage\":\"vi-VN\"},{\"@type\":\"Organization\",\"@id\":\"https:\/\/seiu6.org\/vi\/#organization\",\"name\":\"SEIU6 Property Services NW\",\"url\":\"https:\/\/seiu6.org\/vi\/\",\"logo\":{\"@type\":\"ImageObject\",\"inLanguage\":\"vi-VN\",\"@id\":\"https:\/\/seiu6.org\/vi\/#\/schema\/logo\/image\/\",\"url\":\"https:\/\/seiu6.org\/wp-content\/uploads\/2021\/08\/Logo-Color-SEIU6.svg\",\"contentUrl\":\"https:\/\/seiu6.org\/wp-content\/uploads\/2021\/08\/Logo-Color-SEIU6.svg\",\"width\":\"1024\",\"height\":\"1024\",\"caption\":\"SEIU6 Property Services NW\"},\"image\":{\"@id\":\"https:\/\/seiu6.org\/vi\/#\/schema\/logo\/image\/\"}}]}<\/script>\n<!-- \/ Yoast SEO plugin. -->","yoast_head_json":{"title":"Ca\u0301ch \u01af\u0301ng Pho\u0301 va\u0300 Ngu&ocirc;\u0300n Tr\u01a1\u0323 Giu\u0301p v&ecirc;\u0300 COVID-19 - SEIU6","robots":{"index":"index","follow":"follow","max-snippet":"max-snippet:-1","max-image-preview":"max-image-preview:large","max-video-preview":"max-video-preview:-1"},"canonical":"https:\/\/seiu6.org\/vi\/covid-19\/","og_locale":"vi_VN","og_type":"article","og_title":"Ca\u0301ch \u01af\u0301ng Pho\u0301 va\u0300 Ngu&ocirc;\u0300n Tr\u01a1\u0323 Giu\u0301p v&ecirc;\u0300 COVID-19 - SEIU6","og_description":"Ca\u0301c tha\u0300nh vi\u00ean SEIU6 la\u0300 nh\u01b0\u0303ng nh\u00e2n vi\u00ean thi\u00ea\u0301t y\u00ea\u0301u tuy\u00ea\u0301n \u0111\u00e2\u0300u la\u0300m nhi\u00ea\u0323m vu\u0323 do\u0323n de\u0323p va\u0300 kh\u01b0\u0309 tru\u0300ng c\u00e2\u0309n th\u00e2\u0323n ca\u0301c kh\u00f4ng gian th\u01b0\u01a1ng ma\u0323i va\u0300 c\u00f4\u0323ng \u0111\u00f4\u0300ng, ba\u0309o v\u00ea\u0323 ta\u0300i sa\u0309n va\u0300 tr\u01a1\u0323 giu\u0301p c\u00f4\u0323ng \u0111\u00f4\u0300ng trong su\u00f4\u0301t \u0111a\u0323i di\u0323ch va\u0300 nh\u01b0\u0303ng th\u01a1\u0300i \u0111i\u00ea\u0309m kha\u0301c. SEIU6 cam k\u00ea\u0301t ba\u0309o \u0111a\u0309m cho nh\u00e2n [...]","og_url":"https:\/\/seiu6.org\/vi\/covid-19\/","og_site_name":"SEIU6","article_modified_time":"2022-02-08T16:31:53+00:00","twitter_card":"summary_large_image","twitter_misc":{"Est. reading time":"6 minutes"},"schema":{"@context":"https:\/\/schema.org","@graph":[{"@type":"WebPage","@id":"https:\/\/seiu6.org\/vi\/covid-19\/","url":"https:\/\/seiu6.org\/vi\/covid-19\/","name":"Ca\u0301ch \u01af\u0301ng Pho\u0301 va\u0300 Ngu&ocirc;\u0300n Tr\u01a1\u0323 Giu\u0301p v&ecirc;\u0300 COVID-19 - SEIU6","isPartOf":{"@id":"https:\/\/seiu6.org\/vi\/#website"},"datePublished":"2022-01-21T15:55:47+00:00","dateModified":"2022-02-08T16:31:53+00:00","breadcrumb":{"@id":"https:\/\/seiu6.org\/vi\/covid-19\/#breadcrumb"},"inLanguage":"vi-VN","potentialAction":[{"@type":"ReadAction","target":["https:\/\/seiu6.org\/vi\/covid-19\/"]}]},{"@type":"BreadcrumbList","@id":"https:\/\/seiu6.org\/vi\/covid-19\/#breadcrumb","itemListElement":[{"@type":"ListItem","position":1,"name":"Home","item":"https:\/\/seiu6.org\/vi\/"},{"@type":"ListItem","position":2,"name":"Ca\u0301ch \u01af\u0301ng Pho\u0301 va\u0300 Ngu&ocirc;\u0300n Tr\u01a1\u0323 Giu\u0301p v&ecirc;\u0300 COVID-19"}]},{"@type":"WebSite","@id":"https:\/\/seiu6.org\/vi\/#website","url":"https:\/\/seiu6.org\/vi\/","name":"SEIU6","description":"Property Services NW","publisher":{"@id":"https:\/\/seiu6.org\/vi\/#organization"},"potentialAction":[{"@type":"SearchAction","target":{"@type":"EntryPoint","urlTemplate":"https:\/\/seiu6.org\/vi\/?s={search_term_string}"},"query-input":{"@type":"PropertyValueSpecification","valueRequired":true,"valueName":"search_term_string"}}],"inLanguage":"vi-VN"},{"@type":"Organization","@id":"https:\/\/seiu6.org\/vi\/#organization","name":"SEIU6 Property Services NW","url":"https:\/\/seiu6.org\/vi\/","logo":{"@type":"ImageObject","inLanguage":"vi-VN","@id":"https:\/\/seiu6.org\/vi\/#\/schema\/logo\/image\/","url":"https:\/\/seiu6.org\/wp-content\/uploads\/2021\/08\/Logo-Color-SEIU6.svg","contentUrl":"https:\/\/seiu6.org\/wp-content\/uploads\/2021\/08\/Logo-Color-SEIU6.svg","width":"1024","height":"1024","caption":"SEIU6 Property Services NW"},"image":{"@id":"https:\/\/seiu6.org\/vi\/#\/schema\/logo\/image\/"}}]}},"_links":{"self":[{"href":"https:\/\/seiu6.org\/vi\/wp-json\/wp\/v2\/pages\/3481","targetHints":{"allow":["GET"]}}],"collection":[{"href":"https:\/\/seiu6.org\/vi\/wp-json\/wp\/v2\/pages"}],"about":[{"href":"https:\/\/seiu6.org\/vi\/wp-json\/wp\/v2\/types\/page"}],"author":[{"embeddable":true,"href":"https:\/\/seiu6.org\/vi\/wp-json\/wp\/v2\/users\/2"}],"replies":[{"embeddable":true,"href":"https:\/\/seiu6.org\/vi\/wp-json\/wp\/v2\/comments?post=3481"}],"version-history":[{"count":0,"href":"https:\/\/seiu6.org\/vi\/wp-json\/wp\/v2\/pages\/3481\/revisions"}],"wp:attachment":[{"href":"https:\/\/seiu6.org\/vi\/wp-json\/wp\/v2\/media?parent=3481"}],"curies":[{"name":"wp","href":"https:\/\/api.w.org\/{rel}","templated":true}]}}