{"id":3482,"date":"2022-01-21T07:55:49","date_gmt":"2022-01-21T15:55:49","guid":{"rendered":"https:\/\/seiu6.org\/weingarten-rights\/"},"modified":"2022-02-08T08:31:53","modified_gmt":"2022-02-08T16:31:53","slug":"weingarten-rights","status":"publish","type":"page","link":"https:\/\/seiu6.org\/vi\/weingarten-rights\/","title":{"rendered":"Quy&ecirc;\u0300n Weingarten"},"content":{"rendered":"\n<p><em>Weingarten<\/em>\u00a0la\u0300 vu\u0323 vi\u00ea\u0323c ta\u0323i To\u0300a A\u0301n T\u00f4\u0301i Cao Hoa Ky\u0300 trao cho nh\u00e2n vi\u00ean quy\u00ea\u0300n co\u0301 ng\u01b0\u01a1\u0300i \u0111a\u0323i di\u00ea\u0323n cu\u0309a li\u00ean \u0111oa\u0300n trong m\u00f4\u0323t s\u00f4\u0301 ti\u0300nh hu\u00f4\u0301ng \u201ckhi ng\u01b0\u01a1\u0300i gia\u0301m sa\u0301t y\u00eau c\u00e2\u0300u \u0111\u01b0a ra th\u00f4ng tin co\u0301 th\u00ea\u0309 \u0111\u01b0\u01a1\u0323c du\u0300ng la\u0300m c\u01a1 s\u01a1\u0309 \u0111\u00ea\u0309 \u0111\u01b0a ra hi\u0300nh th\u01b0\u0301c ky\u0309 lu\u00e2\u0323t.\u201d<\/p>\n\n<p><strong>Ba\u0309n Di\u0323ch<\/strong><\/p>\n\n<p><a href=\"https:\/\/seiu6.org\/vi\/weingarten-in-english\/\"><strong>Quy\u00ea\u0300n Weingarten b\u0103\u0300ng Ti\u00ea\u0301ng Anh<\/strong><\/a><\/p>\n\n<p><a href=\"https:\/\/seiu6.org\/weingarten-spanish-translation\/\"><strong>Weingarten en Espa\u00f1ol<\/strong><\/a><\/p>\n\n<p><a href=\"https:\/\/seiu6.org\/weingarten-bosnian-translation\/\"><strong>Weingarten Prava<\/strong><\/a><\/p>\n\n<p><a href=\"https:\/\/seiu6.org\/weingarten-chinese-translation\/\"><strong>Weingarten \u6b0a\u5229<\/strong><\/a><\/p>\n\n<p><a href=\"https:\/\/seiu6.org\/weingarten-polish-translation\/\"><strong>Prawa Weingarten<\/strong><\/a><\/p>\n\n<p><a href=\"https:\/\/seiu6.org\/weingarten-russian-translation\/\"><strong>\u041f\u0440\u0430\u0432\u0430 \u0412\u0430\u0439\u043d\u0433\u0430\u0440\u0442\u0435\u043d\u0430<\/strong><\/a><\/p>\n\n<div class=\"wp-block-group alignfull has-white-color has-purple-background-color has-text-color has-background is-layout-flow wp-block-group-is-layout-flow\"><div class=\"wp-block-group__inner-container\">\n<div class=\"wp-block-columns are-vertically-aligned-center flex-column flex-md-row is-layout-flex wp-container-core-columns-is-layout-28f84493 wp-block-columns-is-layout-flex\">\n<div class=\"wp-block-column is-vertically-aligned-center is-layout-flow wp-block-column-is-layout-flow\" style=\"flex-basis:40%\">\n<h3 class=\"font-primary has-white-color has-text-color wp-block-heading\">Sa\u0301t ca\u0301nh b\u00ean nhau, chu\u0301ng ta se\u0303 ma\u0323nh me\u0303 h\u01a1n.<\/h3>\n<\/div>\n\n\n\n<div class=\"wp-block-column is-vertically-aligned-center mt-4 mt-lg-0 ml-0 ml-lg-6 is-layout-flow wp-block-column-is-layout-flow\" style=\"flex-basis:60%\">\n<div class=\"wp-block-buttons is-layout-flex wp-block-buttons-is-layout-flex\">\n<div class=\"wp-block-button is-primary\"><a class=\"wp-block-button__link\" href=\"https:\/\/seiu6.joinlocal.org\/\" target=\"_blank\" rel=\"noreferrer noopener\">Tham Gia SEIU6<\/a><\/div>\n<\/div>\n<\/div>\n<\/div>\n<\/div><\/div>\n","protected":false},"excerpt":{"rendered":"<p><em>Weingarten<\/em>\u00a0la\u0300 vu\u0323 vi\u00ea\u0323c ta\u0323i To\u0300a A\u0301n T\u00f4\u0301i Cao Hoa Ky\u0300 trao cho nh\u00e2n vi\u00ean quy\u00ea\u0300n co\u0301 ng\u01b0\u01a1\u0300i \u0111a\u0323i di\u00ea\u0323n cu\u0309a li\u00ean \u0111oa\u0300n trong m\u00f4\u0323t s\u00f4\u0301 ti\u0300nh hu\u00f4\u0301ng \u201ckhi ng\u01b0\u01a1\u0300i gia\u0301m sa\u0301t y\u00eau c\u00e2\u0300u \u0111\u01b0a ra th\u00f4ng tin co\u0301 th\u00ea\u0309 \u0111\u01b0\u01a1\u0323c du\u0300ng la\u0300m c\u01a1 s\u01a1\u0309 \u0111\u00ea\u0309 \u0111\u01b0a ra hi\u0300nh th\u01b0\u0301c ky\u0309 lu\u00e2\u0323t.\u201d<\/p>\n<p><strong>Ba\u0309n Di\u0323ch<\/strong><\/p>\n<p><a href=\"https:\/\/seiu6.org\/vi\/weingarten-in-english\/\"><strong>Quy\u00ea\u0300n Weingarten b\u0103\u0300ng [&#8230;]<\/p>\n","protected":false},"author":2,"featured_media":0,"parent":0,"menu_order":0,"comment_status":"closed","ping_status":"closed","template":"","meta":{"_acf_changed":false,"inline_featured_image":false,"footnotes":""},"class_list":["post-3482","page","type-page","status-publish","hentry"],"acf":[],"yoast_head":"<!-- This site is optimized with the Yoast SEO plugin v24.6 - https:\/\/yoast.com\/wordpress\/plugins\/seo\/ -->\n<title>Quy&ecirc;\u0300n Weingarten - SEIU6<\/title>\n<meta name=\"robots\" content=\"index, follow, max-snippet:-1, max-image-preview:large, max-video-preview:-1\" \/>\n<link rel=\"canonical\" href=\"https:\/\/seiu6.org\/vi\/weingarten-rights\/\" \/>\n<meta property=\"og:locale\" content=\"vi_VN\" \/>\n<meta property=\"og:type\" content=\"article\" \/>\n<meta property=\"og:title\" content=\"Quy&ecirc;\u0300n Weingarten - SEIU6\" \/>\n<meta property=\"og:description\" content=\"Weingarten\u00a0la\u0300 vu\u0323 vi\u00ea\u0323c ta\u0323i To\u0300a A\u0301n T\u00f4\u0301i Cao Hoa Ky\u0300 trao cho nh\u00e2n vi\u00ean quy\u00ea\u0300n co\u0301 ng\u01b0\u01a1\u0300i \u0111a\u0323i di\u00ea\u0323n cu\u0309a li\u00ean \u0111oa\u0300n trong m\u00f4\u0323t s\u00f4\u0301 ti\u0300nh hu\u00f4\u0301ng \u201ckhi ng\u01b0\u01a1\u0300i gia\u0301m sa\u0301t y\u00eau c\u00e2\u0300u \u0111\u01b0a ra th\u00f4ng tin co\u0301 th\u00ea\u0309 \u0111\u01b0\u01a1\u0323c du\u0300ng la\u0300m c\u01a1 s\u01a1\u0309 \u0111\u00ea\u0309 \u0111\u01b0a ra hi\u0300nh th\u01b0\u0301c ky\u0309 lu\u00e2\u0323t.\u201d Ba\u0309n Di\u0323ch Quy\u00ea\u0300n Weingarten b\u0103\u0300ng [...]\" \/>\n<meta property=\"og:url\" content=\"https:\/\/seiu6.org\/vi\/weingarten-rights\/\" \/>\n<meta property=\"og:site_name\" content=\"SEIU6\" \/>\n<meta property=\"article:modified_time\" content=\"2022-02-08T16:31:53+00:00\" \/>\n<meta name=\"twitter:card\" content=\"summary_large_image\" \/>\n<meta name=\"twitter:label1\" content=\"Est. reading time\" \/>\n\t<meta name=\"twitter:data1\" content=\"1 minute\" \/>\n<script type=\"application\/ld+json\" class=\"yoast-schema-graph\">{\"@context\":\"https:\/\/schema.org\",\"@graph\":[{\"@type\":\"WebPage\",\"@id\":\"https:\/\/seiu6.org\/vi\/weingarten-rights\/\",\"url\":\"https:\/\/seiu6.org\/vi\/weingarten-rights\/\",\"name\":\"Quy&ecirc;\u0300n Weingarten - SEIU6\",\"isPartOf\":{\"@id\":\"https:\/\/seiu6.org\/vi\/#website\"},\"datePublished\":\"2022-01-21T15:55:49+00:00\",\"dateModified\":\"2022-02-08T16:31:53+00:00\",\"breadcrumb\":{\"@id\":\"https:\/\/seiu6.org\/vi\/weingarten-rights\/#breadcrumb\"},\"inLanguage\":\"vi-VN\",\"potentialAction\":[{\"@type\":\"ReadAction\",\"target\":[\"https:\/\/seiu6.org\/vi\/weingarten-rights\/\"]}]},{\"@type\":\"BreadcrumbList\",\"@id\":\"https:\/\/seiu6.org\/vi\/weingarten-rights\/#breadcrumb\",\"itemListElement\":[{\"@type\":\"ListItem\",\"position\":1,\"name\":\"Home\",\"item\":\"https:\/\/seiu6.org\/vi\/\"},{\"@type\":\"ListItem\",\"position\":2,\"name\":\"Quy&ecirc;\u0300n Weingarten\"}]},{\"@type\":\"WebSite\",\"@id\":\"https:\/\/seiu6.org\/vi\/#website\",\"url\":\"https:\/\/seiu6.org\/vi\/\",\"name\":\"SEIU6\",\"description\":\"Property Services NW\",\"publisher\":{\"@id\":\"https:\/\/seiu6.org\/vi\/#organization\"},\"potentialAction\":[{\"@type\":\"SearchAction\",\"target\":{\"@type\":\"EntryPoint\",\"urlTemplate\":\"https:\/\/seiu6.org\/vi\/?s={search_term_string}\"},\"query-input\":{\"@type\":\"PropertyValueSpecification\",\"valueRequired\":true,\"valueName\":\"search_term_string\"}}],\"inLanguage\":\"vi-VN\"},{\"@type\":\"Organization\",\"@id\":\"https:\/\/seiu6.org\/vi\/#organization\",\"name\":\"SEIU6 Property Services NW\",\"url\":\"https:\/\/seiu6.org\/vi\/\",\"logo\":{\"@type\":\"ImageObject\",\"inLanguage\":\"vi-VN\",\"@id\":\"https:\/\/seiu6.org\/vi\/#\/schema\/logo\/image\/\",\"url\":\"https:\/\/seiu6.org\/wp-content\/uploads\/2021\/08\/Logo-Color-SEIU6.svg\",\"contentUrl\":\"https:\/\/seiu6.org\/wp-content\/uploads\/2021\/08\/Logo-Color-SEIU6.svg\",\"width\":\"1024\",\"height\":\"1024\",\"caption\":\"SEIU6 Property Services NW\"},\"image\":{\"@id\":\"https:\/\/seiu6.org\/vi\/#\/schema\/logo\/image\/\"}}]}<\/script>\n<!-- \/ Yoast SEO plugin. -->","yoast_head_json":{"title":"Quy&ecirc;\u0300n Weingarten - SEIU6","robots":{"index":"index","follow":"follow","max-snippet":"max-snippet:-1","max-image-preview":"max-image-preview:large","max-video-preview":"max-video-preview:-1"},"canonical":"https:\/\/seiu6.org\/vi\/weingarten-rights\/","og_locale":"vi_VN","og_type":"article","og_title":"Quy&ecirc;\u0300n Weingarten - SEIU6","og_description":"Weingarten\u00a0la\u0300 vu\u0323 vi\u00ea\u0323c ta\u0323i To\u0300a A\u0301n T\u00f4\u0301i Cao Hoa Ky\u0300 trao cho nh\u00e2n vi\u00ean quy\u00ea\u0300n co\u0301 ng\u01b0\u01a1\u0300i \u0111a\u0323i di\u00ea\u0323n cu\u0309a li\u00ean \u0111oa\u0300n trong m\u00f4\u0323t s\u00f4\u0301 ti\u0300nh hu\u00f4\u0301ng \u201ckhi ng\u01b0\u01a1\u0300i gia\u0301m sa\u0301t y\u00eau c\u00e2\u0300u \u0111\u01b0a ra th\u00f4ng tin co\u0301 th\u00ea\u0309 \u0111\u01b0\u01a1\u0323c du\u0300ng la\u0300m c\u01a1 s\u01a1\u0309 \u0111\u00ea\u0309 \u0111\u01b0a ra hi\u0300nh th\u01b0\u0301c ky\u0309 lu\u00e2\u0323t.\u201d Ba\u0309n Di\u0323ch Quy\u00ea\u0300n Weingarten b\u0103\u0300ng [...]","og_url":"https:\/\/seiu6.org\/vi\/weingarten-rights\/","og_site_name":"SEIU6","article_modified_time":"2022-02-08T16:31:53+00:00","twitter_card":"summary_large_image","twitter_misc":{"Est. reading time":"1 minute"},"schema":{"@context":"https:\/\/schema.org","@graph":[{"@type":"WebPage","@id":"https:\/\/seiu6.org\/vi\/weingarten-rights\/","url":"https:\/\/seiu6.org\/vi\/weingarten-rights\/","name":"Quy&ecirc;\u0300n Weingarten - SEIU6","isPartOf":{"@id":"https:\/\/seiu6.org\/vi\/#website"},"datePublished":"2022-01-21T15:55:49+00:00","dateModified":"2022-02-08T16:31:53+00:00","breadcrumb":{"@id":"https:\/\/seiu6.org\/vi\/weingarten-rights\/#breadcrumb"},"inLanguage":"vi-VN","potentialAction":[{"@type":"ReadAction","target":["https:\/\/seiu6.org\/vi\/weingarten-rights\/"]}]},{"@type":"BreadcrumbList","@id":"https:\/\/seiu6.org\/vi\/weingarten-rights\/#breadcrumb","itemListElement":[{"@type":"ListItem","position":1,"name":"Home","item":"https:\/\/seiu6.org\/vi\/"},{"@type":"ListItem","position":2,"name":"Quy&ecirc;\u0300n Weingarten"}]},{"@type":"WebSite","@id":"https:\/\/seiu6.org\/vi\/#website","url":"https:\/\/seiu6.org\/vi\/","name":"SEIU6","description":"Property Services NW","publisher":{"@id":"https:\/\/seiu6.org\/vi\/#organization"},"potentialAction":[{"@type":"SearchAction","target":{"@type":"EntryPoint","urlTemplate":"https:\/\/seiu6.org\/vi\/?s={search_term_string}"},"query-input":{"@type":"PropertyValueSpecification","valueRequired":true,"valueName":"search_term_string"}}],"inLanguage":"vi-VN"},{"@type":"Organization","@id":"https:\/\/seiu6.org\/vi\/#organization","name":"SEIU6 Property Services NW","url":"https:\/\/seiu6.org\/vi\/","logo":{"@type":"ImageObject","inLanguage":"vi-VN","@id":"https:\/\/seiu6.org\/vi\/#\/schema\/logo\/image\/","url":"https:\/\/seiu6.org\/wp-content\/uploads\/2021\/08\/Logo-Color-SEIU6.svg","contentUrl":"https:\/\/seiu6.org\/wp-content\/uploads\/2021\/08\/Logo-Color-SEIU6.svg","width":"1024","height":"1024","caption":"SEIU6 Property Services NW"},"image":{"@id":"https:\/\/seiu6.org\/vi\/#\/schema\/logo\/image\/"}}]}},"_links":{"self":[{"href":"https:\/\/seiu6.org\/vi\/wp-json\/wp\/v2\/pages\/3482","targetHints":{"allow":["GET"]}}],"collection":[{"href":"https:\/\/seiu6.org\/vi\/wp-json\/wp\/v2\/pages"}],"about":[{"href":"https:\/\/seiu6.org\/vi\/wp-json\/wp\/v2\/types\/page"}],"author":[{"embeddable":true,"href":"https:\/\/seiu6.org\/vi\/wp-json\/wp\/v2\/users\/2"}],"replies":[{"embeddable":true,"href":"https:\/\/seiu6.org\/vi\/wp-json\/wp\/v2\/comments?post=3482"}],"version-history":[{"count":0,"href":"https:\/\/seiu6.org\/vi\/wp-json\/wp\/v2\/pages\/3482\/revisions"}],"wp:attachment":[{"href":"https:\/\/seiu6.org\/vi\/wp-json\/wp\/v2\/media?parent=3482"}],"curies":[{"name":"wp","href":"https:\/\/api.w.org\/{rel}","templated":true}]}}