{"id":3483,"date":"2022-01-21T07:55:51","date_gmt":"2022-01-21T15:55:51","guid":{"rendered":"https:\/\/seiu6.org\/grievance-process\/"},"modified":"2022-02-08T08:32:23","modified_gmt":"2022-02-08T16:32:23","slug":"grievance-process","status":"publish","type":"page","link":"https:\/\/seiu6.org\/vi\/grievance-process\/","title":{"rendered":"Quy Tri\u0300nh Khi&ecirc;\u0301u Na\u0323i"},"content":{"rendered":"\n<p>H\u01a1\u0323p \u0111\u00f4\u0300ng cu\u0309a ba\u0323n se\u0303 n\u00eau ro\u0303 ca\u0301c \u0111i\u00ea\u0300u khoa\u0309n v\u00ea\u0300 quy tri\u0300nh khi\u00ea\u0301u na\u0323i ma\u0300 li\u00ean \u0111oa\u0300n \u0111a\u0303 th\u01b0\u01a1ng l\u01b0\u01a1\u0323ng.<\/p>\n\n<p>Quy tri\u0300nh khi\u00ea\u0301u na\u0323i \u0111\u01b0\u01a1\u0323c ti\u00ea\u0301n ha\u0300nh theo \u201cca\u0301c b\u01b0\u01a1\u0301c\u201d (t\u01b0\u0300 tha\u0309o lu\u00e2\u0323n ban \u0111\u00e2\u0300u cho \u0111\u00ea\u0301n g\u0103\u0323p g\u01a1\u0303 ng\u01b0\u01a1\u0300i gia\u0301m sa\u0301t c\u00e2\u0301p th\u00e2\u0301p \u0111\u00ea\u0309 \u0111i \u0111\u00ea\u0301n ph\u00e2n x\u01b0\u0309 chi\u0301nh th\u01b0\u0301c), v\u01a1\u0301i ca\u0301c gi\u01a1\u0301i ha\u0323n th\u01a1\u0300i gian cu\u0323 th\u00ea\u0309 \u0111\u01b0\u01a1\u0323c chi\u0309 \u0111i\u0323nh cho t\u01b0\u0300ng b\u01b0\u01a1\u0301c. Ba\u0323n pha\u0309i c\u00f4\u0301 g\u0103\u0301ng \u0111a\u0301p \u01b0\u0301ng ca\u0301c y\u00eau c\u00e2\u0300u v\u00ea\u0300 t\u01b0\u0300ng b\u01b0\u01a1\u0301c trong gi\u01a1\u0301i ha\u0323n th\u01a1\u0300i gian \u0111a\u0303 xa\u0301c \u0111i\u0323nh. N\u00ea\u0301u kh\u00f4ng la\u0300m v\u00e2\u0323y, khi kh\u00f4ng co\u0301 nguy\u00ean nh\u00e2n thi\u0301ch \u0111a\u0301ng, ba\u0323n co\u0301 th\u00ea\u0309 m\u00e2\u0301t quy\u00ea\u0300n khi\u00ea\u0301u na\u0323i v\u00ea\u0300 m\u0103\u0323t na\u0300o \u0111o\u0301.<\/p>\n\n<p>Th\u00f4ng th\u01b0\u01a1\u0300ng, ti\u00ea\u0301n tri\u0300nh khi\u00ea\u0301u na\u0323i th\u01b0\u01a1\u0300ng di\u00ea\u0303n ra nh\u01b0 sau:<\/p>\n\n<ul class=\"wp-block-list\"><li><strong>B\u01af\u01a0\u0301C 1<\/strong>\u00a0Ng\u01b0\u01a1\u0300i \u0111a\u0323i di\u00ea\u0323n g\u0103\u0323p ng\u01b0\u01a1\u0300i gia\u0301m sa\u0301t c\u00e2\u0301p th\u00e2\u0301p.<\/li><li><strong>B\u01af\u01a0\u0301C 2<\/strong>\u00a0N\u00ea\u0301u kh\u00f4ng co\u0301 gia\u0309i pha\u0301p, ng\u01b0\u01a1\u0300i \u0111a\u0323i di\u00ea\u0323n se\u0303 g\u0103\u0323p b\u00f4\u0323 ph\u00e2\u0323n qua\u0309n ly\u0301 c\u00e2\u0301p cao h\u01a1n.<\/li><li><strong>B\u01af\u01a0\u0301C 3<\/strong>\u00a0N\u00ea\u0301u kh\u00f4ng co\u0301 gia\u0309i pha\u0301p, co\u0301 th\u00ea\u0309 co\u0301 m\u00f4\u0323t cu\u00f4\u0323c ho\u0323p kha\u0301c nh\u01b0 \u01a1\u0309 B\u01b0\u01a1\u0301c 2, ho\u0103\u0323c m\u00f4\u0323t \u201cban\u201d khi\u00ea\u0301u na\u0323i ho\u0103\u0323c t\u01b0\u01a1ng t\u01b0\u0323 \u0111\u00ea\u0309 gia\u0309i quy\u00ea\u0301t mo\u0323i vi\u00ea\u0323c:<\/li><li><strong>PH\u00c2N X\u01af\u0309<\/strong>\u00a0Trong tr\u01b0\u01a1\u0300ng h\u01a1\u0323p kh\u00f4ng ai mu\u00f4\u0301n ph\u00e2n x\u01b0\u0309, nh\u01b0ng v\u00e2\u0301n \u0111\u00ea\u0300 v\u00e2\u0303n \u0111\u01b0\u01a1\u0323c gia\u0309i quy\u00ea\u0301t \u01a1\u0309 b\u01b0\u01a1\u0301c na\u0300y th\u00f4ng qua m\u00f4\u0323t b\u00ean trung gian th\u01b0\u0301 ba.<\/li><\/ul>\n<p><strong>\u0110\u00ea\u0309 \u0111a\u0309m ba\u0309o kh\u00f4ng bao gi\u01a1\u0300 m\u00e2\u0301t quy\u00ea\u0300n khi\u00ea\u0301u na\u0323i do \u0111a\u0303 h\u00ea\u0301t gi\u01a1\u0301i ha\u0323n th\u01a1\u0300i gian, ba\u0323n n\u00ean bi\u00ea\u0301t chi\u0301nh xa\u0301c th\u01a1\u0300i \u0111i\u00ea\u0309m pha\u0309i g\u01b0\u0309i \u0111\u01a1n khi\u00ea\u0301u na\u0323i cu\u0303ng nh\u01b0 ca\u0301c y\u00eau c\u00e2\u0300u c\u00e2\u0300n thi\u00ea\u0301t. <\/strong>Th\u00f4ng tin na\u0300y co\u0301 trong h\u01a1\u0323p \u0111\u00f4\u0300ng cu\u0309a ba\u0323n. N\u00ea\u0301u ba\u0323n c\u00e2\u0300n \u0111\u01b0\u01a1\u0323c h\u00f4\u0303 tr\u01a1\u0323, vui lo\u0300ng li\u00ean h\u00ea\u0323 v\u01a1\u0301i Trung T\u00e2m Ngu\u00f4\u0300n L\u01b0\u0323c Tha\u0300nh Vi\u00ean (MRC) theo s\u00f4\u0301 206-448-7348 ho\u0103\u0323c \u0111i\u0323a chi\u0309 <a href=\"mailto:Seiu6mrc@seiu6.org\" target=\"_blank\" rel=\"noreferrer noopener\">Seiu6mrc@seiu6.org<\/a>.<\/p>\n\n<p>Quy\u00ea\u0301t \u0111i\u0323nh ti\u00ea\u0301n ha\u0300nh quy tri\u0300nh ph\u00e2n x\u01b0\u0309 se\u0303 kh\u00f4ng d\u00ea\u0303 da\u0300ng \u0111\u01b0\u01a1\u0323c \u0111\u01b0a ra. Vi\u00ea\u0323c ra quy\u00ea\u0301t \u0111i\u0323nh co\u0300n tu\u0300y thu\u00f4\u0323c va\u0300o nh\u01b0\u0303ng y\u00ea\u0301u t\u00f4\u0301 nh\u01b0 t\u00e2\u0300m quan tro\u0323ng cu\u0309a s\u01b0\u0323 vi\u00ea\u0323c (v\u00e2\u0301n \u0111\u00ea\u0300), m\u01b0\u0301c \u0111\u00f4\u0323 nghi\u00eam tro\u0323ng cu\u0309a vu\u0323 vi\u00ea\u0323c, phi\u0301 t\u00f4\u0309n va\u0300 c\u01a1 h\u00f4\u0323i gia\u0300nh th\u0103\u0301ng l\u01a1\u0323i. Th\u00f4ng tin \u0111i\u00ea\u0300u tra, ghi chu\u0301 va\u0300 ba\u0301o ca\u0301o cu\u0309a ba\u0323n se\u0303 th\u01b0\u0323c s\u01b0\u0323 quan tro\u0323ng khi \u0111\u01b0a ra nh\u01b0\u0303ng quy\u00ea\u0301t nh\u01b0 v\u00e2\u0323y.<\/p>\n\n<p><strong><a href=\"https:\/\/seiu6.org\/files\/2013\/07\/SEIU-Local-6-Grievance-Form.pdf\" target=\"_blank\" rel=\"noreferrer noopener\">Ta\u0309i Xu\u00f4\u0301ng M\u00e2\u0303u \u0110\u01a1n Khi\u00ea\u0301u Na\u0323i cu\u0309a SEIU Local 6<\/a><\/strong><\/p>\n\n<div class=\"wp-block-group alignfull has-white-color has-purple-background-color has-text-color has-background is-layout-flow wp-block-group-is-layout-flow\"><div class=\"wp-block-group__inner-container\">\n<div class=\"wp-block-columns are-vertically-aligned-center flex-column flex-md-row is-layout-flex wp-container-core-columns-is-layout-28f84493 wp-block-columns-is-layout-flex\">\n<div class=\"wp-block-column is-vertically-aligned-center is-layout-flow wp-block-column-is-layout-flow\" style=\"flex-basis:40%\">\n<h3 class=\"font-primary has-white-color has-text-color wp-block-heading\">Sa\u0301t ca\u0301nh b\u00ean nhau, chu\u0301ng ta se\u0303 ma\u0323nh me\u0303 h\u01a1n.<\/h3>\n<\/div>\n\n\n\n<div class=\"wp-block-column is-vertically-aligned-center mt-4 mt-lg-0 ml-0 ml-lg-6 is-layout-flow wp-block-column-is-layout-flow\" style=\"flex-basis:60%\">\n<div class=\"wp-block-buttons is-layout-flex wp-block-buttons-is-layout-flex\">\n<div class=\"wp-block-button is-primary\"><a class=\"wp-block-button__link\" href=\"https:\/\/seiu6.joinlocal.org\/\" target=\"_blank\" rel=\"noreferrer noopener\">Tham Gia SEIU6<\/a><\/div>\n<\/div>\n<\/div>\n<\/div>\n<\/div><\/div>\n","protected":false},"excerpt":{"rendered":"<p>H\u01a1\u0323p \u0111\u00f4\u0300ng cu\u0309a ba\u0323n se\u0303 n\u00eau ro\u0303 ca\u0301c \u0111i\u00ea\u0300u khoa\u0309n v\u00ea\u0300 quy tri\u0300nh khi\u00ea\u0301u na\u0323i ma\u0300 li\u00ean \u0111oa\u0300n \u0111a\u0303 th\u01b0\u01a1ng l\u01b0\u01a1\u0323ng.<\/p>\n<p>Quy tri\u0300nh khi\u00ea\u0301u na\u0323i \u0111\u01b0\u01a1\u0323c ti\u00ea\u0301n ha\u0300nh theo \u201cca\u0301c b\u01b0\u01a1\u0301c\u201d (t\u01b0\u0300 tha\u0309o lu\u00e2\u0323n ban \u0111\u00e2\u0300u cho \u0111\u00ea\u0301n g\u0103\u0323p g\u01a1\u0303 ng\u01b0\u01a1\u0300i gia\u0301m sa\u0301t c\u00e2\u0301p th\u00e2\u0301p \u0111\u00ea\u0309 \u0111i \u0111\u00ea\u0301n ph\u00e2n x\u01b0\u0309 chi\u0301nh th\u01b0\u0301c), v\u01a1\u0301i ca\u0301c gi\u01a1\u0301i ha\u0323n [&#8230;]<\/p>\n","protected":false},"author":2,"featured_media":0,"parent":0,"menu_order":0,"comment_status":"closed","ping_status":"closed","template":"","meta":{"_acf_changed":false,"inline_featured_image":false,"footnotes":""},"class_list":["post-3483","page","type-page","status-publish","hentry"],"acf":[],"yoast_head":"<!-- This site is optimized with the Yoast SEO plugin v24.6 - https:\/\/yoast.com\/wordpress\/plugins\/seo\/ -->\n<title>Quy Tri\u0300nh Khi&ecirc;\u0301u Na\u0323i - SEIU6<\/title>\n<meta name=\"robots\" content=\"index, follow, max-snippet:-1, max-image-preview:large, max-video-preview:-1\" \/>\n<link rel=\"canonical\" href=\"https:\/\/seiu6.org\/vi\/grievance-process\/\" \/>\n<meta property=\"og:locale\" content=\"vi_VN\" \/>\n<meta property=\"og:type\" content=\"article\" \/>\n<meta property=\"og:title\" content=\"Quy Tri\u0300nh Khi&ecirc;\u0301u Na\u0323i - SEIU6\" \/>\n<meta property=\"og:description\" content=\"H\u01a1\u0323p \u0111\u00f4\u0300ng cu\u0309a ba\u0323n se\u0303 n\u00eau ro\u0303 ca\u0301c \u0111i\u00ea\u0300u khoa\u0309n v\u00ea\u0300 quy tri\u0300nh khi\u00ea\u0301u na\u0323i ma\u0300 li\u00ean \u0111oa\u0300n \u0111a\u0303 th\u01b0\u01a1ng l\u01b0\u01a1\u0323ng. Quy tri\u0300nh khi\u00ea\u0301u na\u0323i \u0111\u01b0\u01a1\u0323c ti\u00ea\u0301n ha\u0300nh theo \u201cca\u0301c b\u01b0\u01a1\u0301c\u201d (t\u01b0\u0300 tha\u0309o lu\u00e2\u0323n ban \u0111\u00e2\u0300u cho \u0111\u00ea\u0301n g\u0103\u0323p g\u01a1\u0303 ng\u01b0\u01a1\u0300i gia\u0301m sa\u0301t c\u00e2\u0301p th\u00e2\u0301p \u0111\u00ea\u0309 \u0111i \u0111\u00ea\u0301n ph\u00e2n x\u01b0\u0309 chi\u0301nh th\u01b0\u0301c), v\u01a1\u0301i ca\u0301c gi\u01a1\u0301i ha\u0323n [...]\" \/>\n<meta property=\"og:url\" content=\"https:\/\/seiu6.org\/vi\/grievance-process\/\" \/>\n<meta property=\"og:site_name\" content=\"SEIU6\" \/>\n<meta property=\"article:modified_time\" content=\"2022-02-08T16:32:23+00:00\" \/>\n<meta name=\"twitter:card\" content=\"summary_large_image\" \/>\n<meta name=\"twitter:label1\" content=\"Est. reading time\" \/>\n\t<meta name=\"twitter:data1\" content=\"3 minutes\" \/>\n<script type=\"application\/ld+json\" class=\"yoast-schema-graph\">{\"@context\":\"https:\/\/schema.org\",\"@graph\":[{\"@type\":\"WebPage\",\"@id\":\"https:\/\/seiu6.org\/vi\/grievance-process\/\",\"url\":\"https:\/\/seiu6.org\/vi\/grievance-process\/\",\"name\":\"Quy Tri\u0300nh Khi&ecirc;\u0301u Na\u0323i - SEIU6\",\"isPartOf\":{\"@id\":\"https:\/\/seiu6.org\/vi\/#website\"},\"datePublished\":\"2022-01-21T15:55:51+00:00\",\"dateModified\":\"2022-02-08T16:32:23+00:00\",\"breadcrumb\":{\"@id\":\"https:\/\/seiu6.org\/vi\/grievance-process\/#breadcrumb\"},\"inLanguage\":\"vi-VN\",\"potentialAction\":[{\"@type\":\"ReadAction\",\"target\":[\"https:\/\/seiu6.org\/vi\/grievance-process\/\"]}]},{\"@type\":\"BreadcrumbList\",\"@id\":\"https:\/\/seiu6.org\/vi\/grievance-process\/#breadcrumb\",\"itemListElement\":[{\"@type\":\"ListItem\",\"position\":1,\"name\":\"Home\",\"item\":\"https:\/\/seiu6.org\/vi\/\"},{\"@type\":\"ListItem\",\"position\":2,\"name\":\"Quy Tri\u0300nh Khi&ecirc;\u0301u Na\u0323i\"}]},{\"@type\":\"WebSite\",\"@id\":\"https:\/\/seiu6.org\/vi\/#website\",\"url\":\"https:\/\/seiu6.org\/vi\/\",\"name\":\"SEIU6\",\"description\":\"Property Services NW\",\"publisher\":{\"@id\":\"https:\/\/seiu6.org\/vi\/#organization\"},\"potentialAction\":[{\"@type\":\"SearchAction\",\"target\":{\"@type\":\"EntryPoint\",\"urlTemplate\":\"https:\/\/seiu6.org\/vi\/?s={search_term_string}\"},\"query-input\":{\"@type\":\"PropertyValueSpecification\",\"valueRequired\":true,\"valueName\":\"search_term_string\"}}],\"inLanguage\":\"vi-VN\"},{\"@type\":\"Organization\",\"@id\":\"https:\/\/seiu6.org\/vi\/#organization\",\"name\":\"SEIU6 Property Services NW\",\"url\":\"https:\/\/seiu6.org\/vi\/\",\"logo\":{\"@type\":\"ImageObject\",\"inLanguage\":\"vi-VN\",\"@id\":\"https:\/\/seiu6.org\/vi\/#\/schema\/logo\/image\/\",\"url\":\"https:\/\/seiu6.org\/wp-content\/uploads\/2021\/08\/Logo-Color-SEIU6.svg\",\"contentUrl\":\"https:\/\/seiu6.org\/wp-content\/uploads\/2021\/08\/Logo-Color-SEIU6.svg\",\"width\":\"1024\",\"height\":\"1024\",\"caption\":\"SEIU6 Property Services NW\"},\"image\":{\"@id\":\"https:\/\/seiu6.org\/vi\/#\/schema\/logo\/image\/\"}}]}<\/script>\n<!-- \/ Yoast SEO plugin. -->","yoast_head_json":{"title":"Quy Tri\u0300nh Khi&ecirc;\u0301u Na\u0323i - SEIU6","robots":{"index":"index","follow":"follow","max-snippet":"max-snippet:-1","max-image-preview":"max-image-preview:large","max-video-preview":"max-video-preview:-1"},"canonical":"https:\/\/seiu6.org\/vi\/grievance-process\/","og_locale":"vi_VN","og_type":"article","og_title":"Quy Tri\u0300nh Khi&ecirc;\u0301u Na\u0323i - SEIU6","og_description":"H\u01a1\u0323p \u0111\u00f4\u0300ng cu\u0309a ba\u0323n se\u0303 n\u00eau ro\u0303 ca\u0301c \u0111i\u00ea\u0300u khoa\u0309n v\u00ea\u0300 quy tri\u0300nh khi\u00ea\u0301u na\u0323i ma\u0300 li\u00ean \u0111oa\u0300n \u0111a\u0303 th\u01b0\u01a1ng l\u01b0\u01a1\u0323ng. Quy tri\u0300nh khi\u00ea\u0301u na\u0323i \u0111\u01b0\u01a1\u0323c ti\u00ea\u0301n ha\u0300nh theo \u201cca\u0301c b\u01b0\u01a1\u0301c\u201d (t\u01b0\u0300 tha\u0309o lu\u00e2\u0323n ban \u0111\u00e2\u0300u cho \u0111\u00ea\u0301n g\u0103\u0323p g\u01a1\u0303 ng\u01b0\u01a1\u0300i gia\u0301m sa\u0301t c\u00e2\u0301p th\u00e2\u0301p \u0111\u00ea\u0309 \u0111i \u0111\u00ea\u0301n ph\u00e2n x\u01b0\u0309 chi\u0301nh th\u01b0\u0301c), v\u01a1\u0301i ca\u0301c gi\u01a1\u0301i ha\u0323n [...]","og_url":"https:\/\/seiu6.org\/vi\/grievance-process\/","og_site_name":"SEIU6","article_modified_time":"2022-02-08T16:32:23+00:00","twitter_card":"summary_large_image","twitter_misc":{"Est. reading time":"3 minutes"},"schema":{"@context":"https:\/\/schema.org","@graph":[{"@type":"WebPage","@id":"https:\/\/seiu6.org\/vi\/grievance-process\/","url":"https:\/\/seiu6.org\/vi\/grievance-process\/","name":"Quy Tri\u0300nh Khi&ecirc;\u0301u Na\u0323i - SEIU6","isPartOf":{"@id":"https:\/\/seiu6.org\/vi\/#website"},"datePublished":"2022-01-21T15:55:51+00:00","dateModified":"2022-02-08T16:32:23+00:00","breadcrumb":{"@id":"https:\/\/seiu6.org\/vi\/grievance-process\/#breadcrumb"},"inLanguage":"vi-VN","potentialAction":[{"@type":"ReadAction","target":["https:\/\/seiu6.org\/vi\/grievance-process\/"]}]},{"@type":"BreadcrumbList","@id":"https:\/\/seiu6.org\/vi\/grievance-process\/#breadcrumb","itemListElement":[{"@type":"ListItem","position":1,"name":"Home","item":"https:\/\/seiu6.org\/vi\/"},{"@type":"ListItem","position":2,"name":"Quy Tri\u0300nh Khi&ecirc;\u0301u Na\u0323i"}]},{"@type":"WebSite","@id":"https:\/\/seiu6.org\/vi\/#website","url":"https:\/\/seiu6.org\/vi\/","name":"SEIU6","description":"Property Services NW","publisher":{"@id":"https:\/\/seiu6.org\/vi\/#organization"},"potentialAction":[{"@type":"SearchAction","target":{"@type":"EntryPoint","urlTemplate":"https:\/\/seiu6.org\/vi\/?s={search_term_string}"},"query-input":{"@type":"PropertyValueSpecification","valueRequired":true,"valueName":"search_term_string"}}],"inLanguage":"vi-VN"},{"@type":"Organization","@id":"https:\/\/seiu6.org\/vi\/#organization","name":"SEIU6 Property Services NW","url":"https:\/\/seiu6.org\/vi\/","logo":{"@type":"ImageObject","inLanguage":"vi-VN","@id":"https:\/\/seiu6.org\/vi\/#\/schema\/logo\/image\/","url":"https:\/\/seiu6.org\/wp-content\/uploads\/2021\/08\/Logo-Color-SEIU6.svg","contentUrl":"https:\/\/seiu6.org\/wp-content\/uploads\/2021\/08\/Logo-Color-SEIU6.svg","width":"1024","height":"1024","caption":"SEIU6 Property Services NW"},"image":{"@id":"https:\/\/seiu6.org\/vi\/#\/schema\/logo\/image\/"}}]}},"_links":{"self":[{"href":"https:\/\/seiu6.org\/vi\/wp-json\/wp\/v2\/pages\/3483","targetHints":{"allow":["GET"]}}],"collection":[{"href":"https:\/\/seiu6.org\/vi\/wp-json\/wp\/v2\/pages"}],"about":[{"href":"https:\/\/seiu6.org\/vi\/wp-json\/wp\/v2\/types\/page"}],"author":[{"embeddable":true,"href":"https:\/\/seiu6.org\/vi\/wp-json\/wp\/v2\/users\/2"}],"replies":[{"embeddable":true,"href":"https:\/\/seiu6.org\/vi\/wp-json\/wp\/v2\/comments?post=3483"}],"version-history":[{"count":0,"href":"https:\/\/seiu6.org\/vi\/wp-json\/wp\/v2\/pages\/3483\/revisions"}],"wp:attachment":[{"href":"https:\/\/seiu6.org\/vi\/wp-json\/wp\/v2\/media?parent=3483"}],"curies":[{"name":"wp","href":"https:\/\/api.w.org\/{rel}","templated":true}]}}