{"id":3489,"date":"2022-01-21T07:56:13","date_gmt":"2022-01-21T15:56:13","guid":{"rendered":"https:\/\/seiu6.org\/about-seiu6\/"},"modified":"2022-09-20T16:31:12","modified_gmt":"2022-09-20T23:31:12","slug":"about-seiu6","status":"publish","type":"page","link":"https:\/\/seiu6.org\/vi\/about-seiu6\/","title":{"rendered":"Gi\u01a1\u0301i Thi&ecirc;\u0323u V&ecirc;\u0300 SEIU6"},"content":{"rendered":"\n<p>SEIU6 Property Services NW proudly represents a diverse workforce of more than 10,000 janitors, security officers, airport passenger service workers and allied industries workers in Washington state. SEIU6 also represents stadium workers, and barbers. By joining together, our members have a better chance to get the wages, benefits and opportunities they deserve.<\/p>\n\n<p>Nhi\u00ea\u0300u tha\u0300nh vi\u00ean cu\u0309a SEIU6 la\u0300 ng\u01b0\u01a1\u0300i nh\u00e2\u0323p c\u01b0 no\u0301i ca\u0301c th\u01b0\u0301 ti\u00ea\u0301ng nh\u01b0 Ti\u00ea\u0301ng T\u00e2y Ban Nha, Ti\u00ea\u0301ng Somali, Ti\u00ea\u0301ng Vi\u00ea\u0323t, Ti\u00ea\u0301ng Amharic va\u0300 ca\u0301c th\u01b0\u0301 ti\u00ea\u0301ng kha\u0301c. Chu\u0301ng t\u00f4i cam k\u00ea\u0301t \u0111a\u0309m ba\u0309o r\u0103\u0300ng t\u00e2\u0301t ca\u0309 nh\u00e2n vi\u00ean \u0111\u00ea\u0300u \u0111\u01b0\u01a1\u0323c ti\u00ea\u0301p c\u00e2\u0323n nh\u01b0\u0303ng th\u00f4ng tin ho\u0323 c\u00e2\u0300n, t\u01b0\u0300 \u0111o\u0301 ba\u0309o \u0111a\u0309m \u0111\u01b0\u01a1\u0323c ca\u0301c quy\u00ea\u0300n cu\u0309a ho\u0323.<\/p>\n\n<p>SEIU6 \u0111\u01b0\u01a1\u0323c tha\u0300nh l\u00e2\u0323p b\u01a1\u0309i m\u00f4\u0323t nho\u0301m lao c\u00f4ng ta\u0323i nha\u0300 ha\u0301t Seattle va\u0300 \u0111a\u0303 tr\u01a1\u0309 tha\u0300nh m\u00f4\u0323t trong ca\u0301c li\u00ean \u0111oa\u0300n \u0111i\u0323a ph\u01b0\u01a1ng \u0111\u00e2\u0300u ti\u00ean cu\u0309a Li\u00ean \u0110oa\u0300n Qu\u00f4\u0301c T\u00ea\u0301 Nh\u00e2n Vi\u00ean Di\u0323ch Vu\u0323 va\u0300o n\u0103m 1921. SEIU \u0111a\u0323i di\u00ea\u0323n cho h\u01a1n 2 tri\u00ea\u0323u nh\u00e2n vi\u00ean di\u0323ch vu\u0323 \u01a1\u0309 B\u0103\u0301c My\u0303 va\u0300 t\u01b0\u0323 ha\u0300o co\u0301 \u0111\u01b0\u01a1\u0323c \u0111\u00f4\u0323i ngu\u0303 nh\u00e2n vi\u00ean va\u0300 la\u0303nh \u0111a\u0323o \u0111a da\u0323ng nh\u00e2\u0301t trong Phong Tra\u0300o Lao \u0110\u00f4\u0323ng.<\/p>\n\n<div class=\"wp-block-cover alignfull\" style=\"min-height:625px;aspect-ratio:unset;\"><span aria-hidden=\"true\" class=\"wp-block-cover__background has-background-dim-0 has-background-dim\"><\/span><img loading=\"lazy\" decoding=\"async\" width=\"1366\" height=\"625\" class=\"wp-block-cover__image-background wp-image-3113\" alt=\"\" src=\"https:\/\/seiu6.org\/wp-content\/uploads\/2021\/08\/Photo-mask-group@2x.jpg\" data-object-fit=\"cover\" srcset=\"https:\/\/seiu6.org\/wp-content\/uploads\/2021\/08\/Photo-mask-group@2x.jpg 1366w, https:\/\/seiu6.org\/wp-content\/uploads\/2021\/08\/Photo-mask-group@2x-408x187.jpg 408w, https:\/\/seiu6.org\/wp-content\/uploads\/2021\/08\/Photo-mask-group@2x-1024x469.jpg 1024w, https:\/\/seiu6.org\/wp-content\/uploads\/2021\/08\/Photo-mask-group@2x-768x351.jpg 768w\" sizes=\"auto, (max-width: 1366px) 100vw, 1366px\" \/><div class=\"wp-block-cover__inner-container is-layout-flow wp-block-cover-is-layout-flow\">\n<p class=\"has-text-align-center has-large-font-size\"><\/p>\n<\/div><\/div>\n\n<div class=\"wp-block-group alignfull section-cards has-purple-background-color has-background is-layout-flow wp-block-group-is-layout-flow\"><div class=\"wp-block-group__inner-container\">\n<h2 class=\"has-white-color has-text-color wp-block-heading\">S\u01b0\u0301 M\u00ea\u0323nh Cu\u0309a Chu\u0301ng T\u00f4i<\/h2>\n\n\n\n<p class=\"has-white-color has-text-color\">SEIU6 trao quy\u00ea\u0300n cho nh\u00e2n vi\u00ean \u0111\u00ea\u0309 \u0111o\u0300i ho\u0309i s\u01b0\u0323 c\u00f4ng b\u0103\u0300ng ta\u0323i n\u01a1i la\u0300m vi\u00ea\u0323c, cu\u0303ng nh\u01b0 x\u00e2y d\u01b0\u0323ng m\u00f4\u0323t t\u01b0\u01a1ng lai thi\u0323nh v\u01b0\u01a1\u0323ng, c\u00f4ng b\u0103\u0300ng va\u0300 an toa\u0300n cho t\u00e2\u0301t ca\u0309 chu\u0301ng ta. Chu\u0301ng t\u00f4i la\u0300 m\u00f4\u0323t t\u00f4\u0309 ch\u01b0\u0301c \u0111a v\u0103n ho\u0301a, \u0111a ng\u00f4n ng\u01b0\u0303 \u0111\u00e2\u0301u tranh vi\u0300 s\u01b0\u0323 c\u00f4ng b\u0103\u0300ng chu\u0309ng t\u00f4\u0323c va\u0300 xa\u0303 h\u00f4\u0323i th\u00f4ng qua ha\u0300nh \u0111\u00f4\u0323ng t\u00e2\u0323p th\u00ea\u0309.<\/p>\n\n\n\n<h3 class=\"font-primary has-white-color has-text-color wp-block-heading\">Chu\u0301ng t\u00f4i th\u01b0\u0323c hi\u00ea\u0323n s\u01b0\u0301 m\u00ea\u0323nh cu\u0309a mi\u0300nh b\u0103\u0300ng ca\u0301ch:<\/h3>\n\n\n\n<div style=\"height:15px\" aria-hidden=\"true\" class=\"wp-block-spacer\"><\/div>\n\n\n\n<div class=\"wp-block-columns is-layout-flex wp-container-core-columns-is-layout-28f84493 wp-block-columns-is-layout-flex\">\n<div class=\"wp-block-column has-white-background-color has-background is-layout-flow wp-block-column-is-layout-flow\">\n<p><strong>Ta\u0323o \u0111\u00f4\u0323ng l\u01b0\u0323c, \u0111a\u0300o ta\u0323o va\u0300 h\u00f4\u0303 tr\u01a1\u0323<\/strong> tha\u0300nh vi\u00ean \u0111\u00ea\u0309 tr\u01a1\u0309 tha\u0300nh ti\u00ea\u0301ng no\u0301i va\u0300 nh\u01b0\u0303ng nha\u0300 la\u0303nh \u0111a\u0323o cu\u0309a li\u00ean \u0111oa\u0300n<\/p>\n<\/div>\n\n\n\n<div class=\"wp-block-column mt-6 mt-md-0 has-white-background-color has-background is-layout-flow wp-block-column-is-layout-flow\">\n<p><strong>Pha\u0301t tri\u00ea\u0309n c\u00f4\u0323ng \u0111\u00f4\u0300ng tha\u0300nh vi\u00ean h\u01a1\u0323p nh\u00e2\u0301t va\u0300 sa\u0301ng su\u00f4\u0301t<\/strong> tham gia ti\u0301ch c\u01b0\u0323c va\u0300o \u0111\u01a1\u0300i s\u00f4\u0301ng cu\u0309a li\u00ean \u0111oa\u0300n<\/p>\n<\/div>\n<\/div>\n\n\n\n<div class=\"wp-block-columns is-layout-flex wp-container-core-columns-is-layout-28f84493 wp-block-columns-is-layout-flex\">\n<div class=\"wp-block-column has-white-background-color has-background is-layout-flow wp-block-column-is-layout-flow\">\n<p><strong>T\u00f4\u0309 ch\u01b0\u0301c \u0111\u00ea\u0309 gia t\u0103ng ca\u0301c phu\u0301c l\u01a1\u0323i<\/strong> cu\u0309a tha\u0300nh vi\u00ean li\u00ean \u0111oa\u0300n cho ca\u0301c nh\u00e2n vi\u00ean di\u0323ch vu\u0323 ngoa\u0300i t\u00f4\u0309 ch\u01b0\u0301c va\u0300 \u0111a\u0309m ba\u0309o quy\u00ea\u0300n ki\u00ea\u0309m soa\u0301t cu\u0309a ca\u0301c nga\u0300nh cu\u0303ng nh\u01b0 thi\u0323 tr\u01b0\u01a1\u0300ng lao \u0111\u00f4\u0323ng nh\u0103\u0300m ba\u0309o v\u00ea\u0323 nh\u01b0\u0303ng tha\u0300nh qua\u0309 cu\u0309a qua\u0301 tri\u0300nh \u0111\u00e2\u0301u tranh v\u00e2\u0301t va\u0309 va\u0300 s\u01b0\u0323 an toa\u0300n cu\u0309a ca\u0301c tha\u0300nh vi\u00ean<\/p>\n<\/div>\n\n\n\n<div class=\"wp-block-column mt-6 mt-md-0 has-white-background-color has-background is-layout-flow wp-block-column-is-layout-flow\">\n<p><strong>Th\u01b0\u01a1ng l\u01b0\u01a1\u0323ng ca\u0301c h\u01a1\u0323p \u0111\u00f4\u0300ng<\/strong> x\u00e2y d\u01b0\u0323ng m\u00f4\u0323t li\u00ean \u0111oa\u0300n v\u01b0\u0303ng ma\u0323nh b\u0103\u0300ng ca\u0301ch ca\u0309i thi\u00ea\u0323n ti\u00ea\u0300n l\u01b0\u01a1ng va\u0300 ca\u0301c \u0111i\u00ea\u0300u ki\u00ea\u0323n lao \u0111\u00f4\u0323ng, \u0111\u00f4\u0300ng th\u01a1\u0300i m\u01a1\u0309 r\u00f4\u0323ng vai tro\u0300 cu\u0309a tha\u0300nh vi\u00ean trong qua\u0301 tri\u0300nh \u0111\u01b0a ra quy\u00ea\u0301t \u0111i\u0323nh ta\u0323i n\u01a1i la\u0300m vi\u00ea\u0323c<\/p>\n<\/div>\n<\/div>\n\n\n\n<div class=\"wp-block-columns is-layout-flex wp-container-core-columns-is-layout-28f84493 wp-block-columns-is-layout-flex\">\n<div class=\"wp-block-column has-white-background-color has-background is-layout-flow wp-block-column-is-layout-flow\">\n<p><strong>Ta\u0323o ra quy\u00ea\u0300n l\u01b0\u0323c chi\u0301nh tri\u0323<\/strong> \u0111\u00ea\u0309 \u0111a\u0309m ba\u0309o ti\u00ea\u0301ng no\u0301i cu\u0309a nh\u00e2n vi\u00ean \u0111\u01b0\u01a1\u0323c l\u0103\u0301ng nghe ta\u0323i mo\u0323i c\u00e2\u0301p chi\u0301nh quy\u00ea\u0300n<\/p>\n<\/div>\n\n\n\n<div class=\"wp-block-column mt-6 mt-md-0 has-white-background-color has-background is-layout-flow wp-block-column-is-layout-flow\">\n<p><strong>Thi\u00ea\u0301t l\u00e2\u0323p ca\u0301c c\u01a1 h\u00f4\u0323i kinh t\u00ea\u0301 va\u0300 cu\u0309ng c\u00f4\u0301 s\u01b0\u0323 c\u00f4ng b\u0103\u0300ng xa\u0303 h\u00f4\u0323i<\/strong><\/p>\n<\/div>\n<\/div>\n\n\n\n<div class=\"wp-block-columns is-layout-flex wp-container-core-columns-is-layout-28f84493 wp-block-columns-is-layout-flex\">\n<div class=\"wp-block-column has-white-background-color has-background is-layout-flow wp-block-column-is-layout-flow\">\n<p><strong>Ta\u0323o l\u00e2\u0323p ca\u0301c li\u00ean minh va\u0300 ha\u0300nh \u0111\u00f4\u0323ng \u0111oa\u0300n k\u00ea\u0301t<\/strong> v\u01a1\u0301i ca\u0301c t\u00f4\u0309 ch\u01b0\u0301c kha\u0301c cu\u0300ng chung m\u00f4\u0301i quan t\u00e2m \u0111\u00ea\u0301n v\u00e2\u0301n \u0111\u00ea\u0300 c\u00f4ng b\u0103\u0300ng chu\u0309ng t\u00f4\u0323c, xa\u0303 h\u00f4\u0323i va\u0300 kinh t\u00ea\u0301<\/p>\n<\/div>\n\n\n\n<div class=\"wp-block-column is-layout-flow wp-block-column-is-layout-flow\">\n<p><\/p>\n<\/div>\n<\/div>\n<\/div><\/div>\n\n<div class=\"wp-block-group alignfull has-white-color has-magenta-background-color has-text-color has-background is-layout-flow wp-block-group-is-layout-flow\"><div class=\"wp-block-group__inner-container\">\n<div class=\"wp-block-columns are-vertically-aligned-center flex-column flex-md-row is-layout-flex wp-container-core-columns-is-layout-28f84493 wp-block-columns-is-layout-flex\">\n<div class=\"wp-block-column is-vertically-aligned-center is-layout-flow wp-block-column-is-layout-flow\" style=\"flex-basis:40%\">\n<h3 class=\"font-primary has-white-color has-text-color wp-block-heading\">Sa\u0301t ca\u0301nh b\u00ean nhau, chu\u0301ng ta se\u0303 ma\u0323nh me\u0303 h\u01a1n.<\/h3>\n<\/div>\n\n\n\n<div class=\"wp-block-column is-vertically-aligned-center ml-0 mt-4 ml-md-6 mt-md-0 is-layout-flow wp-block-column-is-layout-flow\" style=\"flex-basis:60%\">\n<div class=\"wp-block-buttons is-layout-flex wp-block-buttons-is-layout-flex\">\n<div class=\"wp-block-button is-secondary\"><a class=\"wp-block-button__link\" href=\"https:\/\/seiu6.joinlocal.org\/\" target=\"_blank\" rel=\"noreferrer noopener\">Tham Gia SEIU6<\/a><\/div>\n<\/div>\n<\/div>\n<\/div>\n<\/div><\/div>\n","protected":false},"excerpt":{"rendered":"<p>SEIU6 Property Services NW proudly represents a diverse workforce of more than 10,000 janitors, security officers, airport passenger service workers and allied industries workers in Washington state. SEIU6 also represents stadium workers, and barbers. By joining together, our members have a better chance to get the wages, benefits and opportunities they deserve.<\/p>\n<p>Nhi\u00ea\u0300u tha\u0300nh vi\u00ean cu\u0309a [&#8230;]<\/p>\n","protected":false},"author":2,"featured_media":0,"parent":0,"menu_order":0,"comment_status":"closed","ping_status":"closed","template":"","meta":{"_acf_changed":false,"inline_featured_image":false,"footnotes":""},"class_list":["post-3489","page","type-page","status-publish","hentry"],"acf":[],"yoast_head":"<!-- This site is optimized with the Yoast SEO plugin v24.6 - https:\/\/yoast.com\/wordpress\/plugins\/seo\/ -->\n<title>Gi\u01a1\u0301i Thi&ecirc;\u0323u V&ecirc;\u0300 SEIU6 - SEIU6<\/title>\n<meta name=\"robots\" content=\"index, follow, max-snippet:-1, max-image-preview:large, max-video-preview:-1\" \/>\n<link rel=\"canonical\" href=\"https:\/\/seiu6.org\/vi\/about-seiu6\/\" \/>\n<meta property=\"og:locale\" content=\"vi_VN\" \/>\n<meta property=\"og:type\" content=\"article\" \/>\n<meta property=\"og:title\" content=\"Gi\u01a1\u0301i Thi&ecirc;\u0323u V&ecirc;\u0300 SEIU6 - SEIU6\" \/>\n<meta property=\"og:description\" content=\"SEIU6 Property Services NW proudly represents a diverse workforce of more than 10,000 janitors, security officers, airport passenger service workers and allied industries workers in Washington state. SEIU6 also represents stadium workers, and barbers. By joining together, our members have a better chance to get the wages, benefits and opportunities they deserve. Nhi\u00ea\u0300u tha\u0300nh vi\u00ean cu\u0309a [...]\" \/>\n<meta property=\"og:url\" content=\"https:\/\/seiu6.org\/vi\/about-seiu6\/\" \/>\n<meta property=\"og:site_name\" content=\"SEIU6\" \/>\n<meta property=\"article:modified_time\" content=\"2022-09-20T23:31:12+00:00\" \/>\n<meta property=\"og:image\" content=\"https:\/\/seiu6.org\/wp-content\/uploads\/2021\/08\/Photo-mask-group@2x.jpg\" \/>\n<meta name=\"twitter:card\" content=\"summary_large_image\" \/>\n<meta name=\"twitter:label1\" content=\"Est. reading time\" \/>\n\t<meta name=\"twitter:data1\" content=\"4 minutes\" \/>\n<script type=\"application\/ld+json\" class=\"yoast-schema-graph\">{\"@context\":\"https:\/\/schema.org\",\"@graph\":[{\"@type\":\"WebPage\",\"@id\":\"https:\/\/seiu6.org\/vi\/about-seiu6\/\",\"url\":\"https:\/\/seiu6.org\/vi\/about-seiu6\/\",\"name\":\"Gi\u01a1\u0301i Thi&ecirc;\u0323u V&ecirc;\u0300 SEIU6 - SEIU6\",\"isPartOf\":{\"@id\":\"https:\/\/seiu6.org\/vi\/#website\"},\"primaryImageOfPage\":{\"@id\":\"https:\/\/seiu6.org\/vi\/about-seiu6\/#primaryimage\"},\"image\":{\"@id\":\"https:\/\/seiu6.org\/vi\/about-seiu6\/#primaryimage\"},\"thumbnailUrl\":\"https:\/\/seiu6.org\/wp-content\/uploads\/2021\/08\/Photo-mask-group@2x.jpg\",\"datePublished\":\"2022-01-21T15:56:13+00:00\",\"dateModified\":\"2022-09-20T23:31:12+00:00\",\"breadcrumb\":{\"@id\":\"https:\/\/seiu6.org\/vi\/about-seiu6\/#breadcrumb\"},\"inLanguage\":\"vi-VN\",\"potentialAction\":[{\"@type\":\"ReadAction\",\"target\":[\"https:\/\/seiu6.org\/vi\/about-seiu6\/\"]}]},{\"@type\":\"ImageObject\",\"inLanguage\":\"vi-VN\",\"@id\":\"https:\/\/seiu6.org\/vi\/about-seiu6\/#primaryimage\",\"url\":\"https:\/\/seiu6.org\/wp-content\/uploads\/2021\/08\/Photo-mask-group@2x.jpg\",\"contentUrl\":\"https:\/\/seiu6.org\/wp-content\/uploads\/2021\/08\/Photo-mask-group@2x.jpg\"},{\"@type\":\"BreadcrumbList\",\"@id\":\"https:\/\/seiu6.org\/vi\/about-seiu6\/#breadcrumb\",\"itemListElement\":[{\"@type\":\"ListItem\",\"position\":1,\"name\":\"Home\",\"item\":\"https:\/\/seiu6.org\/vi\/\"},{\"@type\":\"ListItem\",\"position\":2,\"name\":\"Gi\u01a1\u0301i Thi&ecirc;\u0323u V&ecirc;\u0300 SEIU6\"}]},{\"@type\":\"WebSite\",\"@id\":\"https:\/\/seiu6.org\/vi\/#website\",\"url\":\"https:\/\/seiu6.org\/vi\/\",\"name\":\"SEIU6\",\"description\":\"Property Services NW\",\"publisher\":{\"@id\":\"https:\/\/seiu6.org\/vi\/#organization\"},\"potentialAction\":[{\"@type\":\"SearchAction\",\"target\":{\"@type\":\"EntryPoint\",\"urlTemplate\":\"https:\/\/seiu6.org\/vi\/?s={search_term_string}\"},\"query-input\":{\"@type\":\"PropertyValueSpecification\",\"valueRequired\":true,\"valueName\":\"search_term_string\"}}],\"inLanguage\":\"vi-VN\"},{\"@type\":\"Organization\",\"@id\":\"https:\/\/seiu6.org\/vi\/#organization\",\"name\":\"SEIU6 Property Services NW\",\"url\":\"https:\/\/seiu6.org\/vi\/\",\"logo\":{\"@type\":\"ImageObject\",\"inLanguage\":\"vi-VN\",\"@id\":\"https:\/\/seiu6.org\/vi\/#\/schema\/logo\/image\/\",\"url\":\"https:\/\/seiu6.org\/wp-content\/uploads\/2021\/08\/Logo-Color-SEIU6.svg\",\"contentUrl\":\"https:\/\/seiu6.org\/wp-content\/uploads\/2021\/08\/Logo-Color-SEIU6.svg\",\"width\":\"1024\",\"height\":\"1024\",\"caption\":\"SEIU6 Property Services NW\"},\"image\":{\"@id\":\"https:\/\/seiu6.org\/vi\/#\/schema\/logo\/image\/\"}}]}<\/script>\n<!-- \/ Yoast SEO plugin. -->","yoast_head_json":{"title":"Gi\u01a1\u0301i Thi&ecirc;\u0323u V&ecirc;\u0300 SEIU6 - SEIU6","robots":{"index":"index","follow":"follow","max-snippet":"max-snippet:-1","max-image-preview":"max-image-preview:large","max-video-preview":"max-video-preview:-1"},"canonical":"https:\/\/seiu6.org\/vi\/about-seiu6\/","og_locale":"vi_VN","og_type":"article","og_title":"Gi\u01a1\u0301i Thi&ecirc;\u0323u V&ecirc;\u0300 SEIU6 - SEIU6","og_description":"SEIU6 Property Services NW proudly represents a diverse workforce of more than 10,000 janitors, security officers, airport passenger service workers and allied industries workers in Washington state. SEIU6 also represents stadium workers, and barbers. By joining together, our members have a better chance to get the wages, benefits and opportunities they deserve. Nhi\u00ea\u0300u tha\u0300nh vi\u00ean cu\u0309a [...]","og_url":"https:\/\/seiu6.org\/vi\/about-seiu6\/","og_site_name":"SEIU6","article_modified_time":"2022-09-20T23:31:12+00:00","og_image":[{"url":"https:\/\/seiu6.org\/wp-content\/uploads\/2021\/08\/Photo-mask-group@2x.jpg","type":"","width":"","height":""}],"twitter_card":"summary_large_image","twitter_misc":{"Est. reading time":"4 minutes"},"schema":{"@context":"https:\/\/schema.org","@graph":[{"@type":"WebPage","@id":"https:\/\/seiu6.org\/vi\/about-seiu6\/","url":"https:\/\/seiu6.org\/vi\/about-seiu6\/","name":"Gi\u01a1\u0301i Thi&ecirc;\u0323u V&ecirc;\u0300 SEIU6 - SEIU6","isPartOf":{"@id":"https:\/\/seiu6.org\/vi\/#website"},"primaryImageOfPage":{"@id":"https:\/\/seiu6.org\/vi\/about-seiu6\/#primaryimage"},"image":{"@id":"https:\/\/seiu6.org\/vi\/about-seiu6\/#primaryimage"},"thumbnailUrl":"https:\/\/seiu6.org\/wp-content\/uploads\/2021\/08\/Photo-mask-group@2x.jpg","datePublished":"2022-01-21T15:56:13+00:00","dateModified":"2022-09-20T23:31:12+00:00","breadcrumb":{"@id":"https:\/\/seiu6.org\/vi\/about-seiu6\/#breadcrumb"},"inLanguage":"vi-VN","potentialAction":[{"@type":"ReadAction","target":["https:\/\/seiu6.org\/vi\/about-seiu6\/"]}]},{"@type":"ImageObject","inLanguage":"vi-VN","@id":"https:\/\/seiu6.org\/vi\/about-seiu6\/#primaryimage","url":"https:\/\/seiu6.org\/wp-content\/uploads\/2021\/08\/Photo-mask-group@2x.jpg","contentUrl":"https:\/\/seiu6.org\/wp-content\/uploads\/2021\/08\/Photo-mask-group@2x.jpg"},{"@type":"BreadcrumbList","@id":"https:\/\/seiu6.org\/vi\/about-seiu6\/#breadcrumb","itemListElement":[{"@type":"ListItem","position":1,"name":"Home","item":"https:\/\/seiu6.org\/vi\/"},{"@type":"ListItem","position":2,"name":"Gi\u01a1\u0301i Thi&ecirc;\u0323u V&ecirc;\u0300 SEIU6"}]},{"@type":"WebSite","@id":"https:\/\/seiu6.org\/vi\/#website","url":"https:\/\/seiu6.org\/vi\/","name":"SEIU6","description":"Property Services NW","publisher":{"@id":"https:\/\/seiu6.org\/vi\/#organization"},"potentialAction":[{"@type":"SearchAction","target":{"@type":"EntryPoint","urlTemplate":"https:\/\/seiu6.org\/vi\/?s={search_term_string}"},"query-input":{"@type":"PropertyValueSpecification","valueRequired":true,"valueName":"search_term_string"}}],"inLanguage":"vi-VN"},{"@type":"Organization","@id":"https:\/\/seiu6.org\/vi\/#organization","name":"SEIU6 Property Services NW","url":"https:\/\/seiu6.org\/vi\/","logo":{"@type":"ImageObject","inLanguage":"vi-VN","@id":"https:\/\/seiu6.org\/vi\/#\/schema\/logo\/image\/","url":"https:\/\/seiu6.org\/wp-content\/uploads\/2021\/08\/Logo-Color-SEIU6.svg","contentUrl":"https:\/\/seiu6.org\/wp-content\/uploads\/2021\/08\/Logo-Color-SEIU6.svg","width":"1024","height":"1024","caption":"SEIU6 Property Services NW"},"image":{"@id":"https:\/\/seiu6.org\/vi\/#\/schema\/logo\/image\/"}}]}},"_links":{"self":[{"href":"https:\/\/seiu6.org\/vi\/wp-json\/wp\/v2\/pages\/3489","targetHints":{"allow":["GET"]}}],"collection":[{"href":"https:\/\/seiu6.org\/vi\/wp-json\/wp\/v2\/pages"}],"about":[{"href":"https:\/\/seiu6.org\/vi\/wp-json\/wp\/v2\/types\/page"}],"author":[{"embeddable":true,"href":"https:\/\/seiu6.org\/vi\/wp-json\/wp\/v2\/users\/2"}],"replies":[{"embeddable":true,"href":"https:\/\/seiu6.org\/vi\/wp-json\/wp\/v2\/comments?post=3489"}],"version-history":[{"count":0,"href":"https:\/\/seiu6.org\/vi\/wp-json\/wp\/v2\/pages\/3489\/revisions"}],"wp:attachment":[{"href":"https:\/\/seiu6.org\/vi\/wp-json\/wp\/v2\/media?parent=3489"}],"curies":[{"name":"wp","href":"https:\/\/api.w.org\/{rel}","templated":true}]}}