{"id":3491,"date":"2022-01-21T07:56:21","date_gmt":"2022-01-21T15:56:21","guid":{"rendered":"https:\/\/seiu6.org\/trang-chu%cc%89\/"},"modified":"2022-03-21T07:42:55","modified_gmt":"2022-03-21T14:42:55","slug":"trang-chu%cc%89","status":"publish","type":"page","link":"https:\/\/seiu6.org\/vi\/trang-chu%cc%89\/","title":{"rendered":"Trang Chu\u0309"},"content":{"rendered":"\n<div class=\"wp-block-group alignfull has-background is-layout-flow wp-block-group-is-layout-flow\" style=\"background-color:#000000\"><div class=\"wp-block-group__inner-container\"><div class=\"seiu6-custom-block wp-block-acf-quick-links\">\r\n            <div class=\"buttons\">\r\n                                                <a class=\"no-underline\" style=\"background-color: #9f4498\" href=\"https:\/\/seiu6.org\/vi\/know-your-rights\/\" target=\"\">\r\n                                                    <i class=\"fas fa-info\"><\/i>                                                                            <span class=\"title\">Hi\u00ea\u0309u Ro\u0303 Quy\u00ea\u0300n Cu\u0309a Ba\u0323n<\/span>\r\n                                            <\/a>\r\n                                                                <a class=\"no-underline\" style=\"background-color: #1595cd\" href=\"https:\/\/seiu6.org\/vi\/cu-ho%cc%89i-thuong-ga%cc%a3p\/\" target=\"\">\r\n                                                    <i class=\"fas fa-question\"><\/i>                                                                            <span class=\"title\">C\u00e2u ho\u0309i v\u00ea\u0300 c\u00f4ng vi\u00ea\u0323c<\/span>\r\n                                            <\/a>\r\n                                                                <a class=\"no-underline\" style=\"background-color: #582b81\" href=\"https:\/\/seiu6.org\/vi\/ho%cc%a3p-dng\/\" target=\"\">\r\n                                                    <i class=\"fas fa-file-alt\"><\/i>                                                                            <span class=\"title\">Xem La\u0323i H\u01a1\u0323p \u0110\u00f4\u0300ng Cu\u0309a Ba\u0323n<\/span>\r\n                                            <\/a>\r\n                                    <\/div>\r\n    <\/div><\/div><\/div>\n\n\n\n<div class=\"wp-block-group alignfull has-divider has-white-color has-purple-background-color has-text-color has-background is-layout-flow wp-block-group-is-layout-flow\"><div class=\"wp-block-group__inner-container\">\n<div class=\"wp-block-columns are-vertically-aligned-center mb-0 flex-column-reverse flex-md-row is-layout-flex wp-container-core-columns-is-layout-28f84493 wp-block-columns-is-layout-flex\">\n<div class=\"wp-block-column is-vertically-aligned-center mt-4 mt-md-0 is-layout-flow wp-block-column-is-layout-flow\" style=\"flex-basis:35%\">\n<h1 class=\"wp-block-heading\">Seiu6 Property Services NW<\/h1>\n\n\n\n<p class=\"has-white-color has-text-color\">SEIU6 t\u01b0\u0323 ha\u0300o \u0111a\u0323i di\u00ea\u0323n cho m\u00f4\u0323t l\u01b0\u0323c l\u01b0\u01a1\u0323ng lao \u0111\u00f4\u0323ng \u0111a da\u0323ng g\u00f4\u0300m 9.000 lao c\u00f4ng, nh\u00e2n vi\u00ean an ninh, nh\u00e2n vi\u00ean di\u0323ch vu\u0323 ha\u0300nh kha\u0301ch s\u00e2n bay va\u0300 nh\u00e2n vi\u00ean nga\u0300nh \u0111\u00f4\u0300ng minh \u01a1\u0309 ti\u00ea\u0309u bang Washington.<\/p>\n\n\n\n<div class=\"wp-block-buttons is-layout-flex wp-block-buttons-is-layout-flex\">\n<div class=\"wp-block-button is-style-fill\"><a class=\"wp-block-button__link\" href=\"https:\/\/seiu6.org\/vi\/about-seiu6\/\">Gi\u01a1\u0301i thi\u00ea\u0323u v\u00ea\u0300 li\u00ean \u0111oa\u0300n<\/a><\/div>\n<\/div>\n<\/div>\n\n\n\n<div class=\"wp-block-column is-vertically-aligned-center ml-0 ml-md-6 is-layout-flow wp-block-column-is-layout-flow\" style=\"flex-basis:65%\">\n<figure class=\"wp-block-embed is-type-video is-provider-youtube wp-block-embed-youtube wp-embed-aspect-4-3 wp-has-aspect-ratio\"><div class=\"wp-block-embed__wrapper\">\n<iframe loading=\"lazy\" title=\"We Are SEIU6\" width=\"640\" height=\"480\" src=\"https:\/\/www.youtube.com\/embed\/BxFIcD9wcSU?feature=oembed\" frameborder=\"0\" allow=\"accelerometer; autoplay; clipboard-write; encrypted-media; gyroscope; picture-in-picture; web-share\" referrerpolicy=\"strict-origin-when-cross-origin\" allowfullscreen><\/iframe>\n<\/div><\/figure>\n<\/div>\n<\/div>\n<\/div><\/div>\n\n\n\n<div class=\"wp-block-group alignfull has-divider divider-at-45 has-white-color has-blue-background-color has-text-color has-background is-layout-flow wp-block-group-is-layout-flow\"><div class=\"wp-block-group__inner-container\">\n<div class=\"wp-block-columns are-vertically-aligned-center mb-0 flex-column flex-md-row is-layout-flex wp-container-core-columns-is-layout-28f84493 wp-block-columns-is-layout-flex\">\n<div class=\"wp-block-column is-vertically-aligned-center is-layout-flow wp-block-column-is-layout-flow\" style=\"flex-basis:40%\">\n<h2 class=\"h1 wp-block-heading\">Seiu6 U\u0309ng H\u00f4\u0323 Nh\u00e2n Vi\u00ean<\/h2>\n\n\n\n<p class=\"has-white-color has-text-color\">S\u01b0\u0301 m\u00ea\u0323nh cu\u0309a SEIU6 la\u0300 ca\u0309i thi\u00ea\u0323n \u0111\u01a1\u0300i s\u00f4\u0301ng cu\u0309a nh\u00e2n vi\u00ean thu\u00f4\u0323c mo\u0323i hoa\u0300n ca\u0309nh.<\/p>\n\n\n\n<div class=\"wp-block-buttons is-layout-flex wp-block-buttons-is-layout-flex\">\n<div class=\"wp-block-button is-style-fill\"><a class=\"wp-block-button__link\" href=\"https:\/\/seiu6.org\/vi\/union-membership\/\">Phu\u0301c l\u01a1\u0323i cu\u0309a tha\u0300nh vi\u00ean li\u00ean \u0111oa\u0300n<\/a><\/div>\n\n\n\n<div class=\"wp-block-button\"><a class=\"wp-block-button__link\" href=\"https:\/\/seiu6.org\/vi\/get-involved\/\">Tham Gia<\/a><\/div>\n<\/div>\n\n\n\n<div style=\"height:50px\" aria-hidden=\"true\" class=\"wp-block-spacer\"><\/div>\n\n\n\n<p class=\"text-center text-md-start has-white-color has-text-color\">Sa\u0301t ca\u0301nh b\u00ean nhau, t\u00e2\u0301t ca\u0309 chu\u0301ng ta se\u0303 ma\u0323nh me\u0303 h\u01a1n.<\/p>\n\n\n\n<div class=\"wp-block-buttons text-center text-md-start is-layout-flex wp-block-buttons-is-layout-flex\">\n<div class=\"wp-block-button is-secondary\"><a class=\"wp-block-button__link\" href=\"https:\/\/seiu6.joinlocal.org\/\" target=\"_blank\" rel=\"noreferrer noopener\">Tham Gia SEIU6<\/a><\/div>\n<\/div>\n<\/div>\n\n\n\n<div class=\"wp-block-column is-vertically-aligned-center ml-0 ml-md-6 is-layout-flow wp-block-column-is-layout-flow\" style=\"flex-basis:60%\"><div class=\"seiu6-custom-block wp-block-acf-quotes-rotator\">\r\n            <div class=\"quotes owl-carousel\">\r\n                                                <blockquote class=\"wp-block-quote is-style-large\">\r\n                        <p>\u201cNh\u01a1\u0300 co\u0301 Li\u00ean \u0110oa\u0300n, t\u00f4i \u0111\u01b0\u01a1\u0323c h\u01b0\u01a1\u0309ng di\u0323ch vu\u0323 ba\u0309o hi\u00ea\u0309m y t\u00ea\u0301 cho ba\u0309n th\u00e2n va\u0300 gia \u0111i\u0300nh.\u201d<\/p>\r\n                    <\/blockquote>\r\n                                                                <blockquote class=\"wp-block-quote is-style-large\">\r\n                        <p>\u201cT\u00f4i t\u01b0\u0323 ha\u0300o khi la\u0300 tha\u0300nh vi\u00ean cu\u0309a SEIU6. T\u00f4i bi\u00ea\u0301t ho\u0323 \u0111\u00e2\u0301u tranh cho t\u00f4i.\u201d<\/p>\r\n                    <\/blockquote>\r\n                                                                <blockquote class=\"wp-block-quote is-style-large\">\r\n                        <p>\u201cT\u00f4i co\u0301 m\u00f4\u0323t v\u00e2\u0301n \u0111\u00ea\u0300 v\u01a1\u0301i chu\u0309 lao \u0111\u00f4\u0323ng cu\u0309a mi\u0300nh va\u0300 kh\u00f4ng bi\u00ea\u0301t pha\u0309i la\u0300m gi\u0300. SEIU6 \u0111a\u0303 giu\u0301p t\u00f4i gia\u0309i quy\u00ea\u0301t.\u201d<\/p>\r\n                    <\/blockquote>\r\n                                    <\/div>\r\n    <\/div><\/div>\n<\/div>\n<\/div><\/div>\n\n\n\n<div class=\"wp-block-group alignfull has-divider divider-at-40 has-white-color has-magenta-background-color has-text-color has-background is-layout-flow wp-block-group-is-layout-flow\"><div class=\"wp-block-group__inner-container\">\n<div class=\"wp-block-columns mb-0 justify-content-between flex-column flex-md-row is-layout-flex wp-container-core-columns-is-layout-28f84493 wp-block-columns-is-layout-flex\">\n<div class=\"wp-block-column pr-3 mb-5 mb-md-0 is-layout-flow wp-block-column-is-layout-flow\" style=\"flex-basis:30%\">\n<h2 class=\"h1 wp-block-heading\">Trong ph\u00e2\u0300n tin t\u01b0\u0301c<\/h2>\n\n\n\n<p class=\"has-white-color has-text-color\">Ti\u0300m hi\u00ea\u0309u ca\u0301c v\u00e2\u0301n \u0111\u00ea\u0300 ma\u0300 nh\u00e2n vi\u00ean di\u0323ch vu\u0323 b\u00e2\u0301t \u0111\u00f4\u0323ng sa\u0309n \u0111ang pha\u0309i \u0111\u00f4\u0301i m\u0103\u0323t.<\/p>\n\n\n\n<div class=\"wp-block-buttons is-layout-flex wp-block-buttons-is-layout-flex\">\n<div class=\"wp-block-button\"><a class=\"wp-block-button__link\" href=\"https:\/\/seiu6.org\/vi\/newsletter-archives\/\">\u0110o\u0323c ba\u0309n tin m\u01a1\u0301i nh\u00e2\u0301t<\/a><\/div>\n<\/div>\n<\/div>\n\n\n\n<div class=\"wp-block-column ml-0 ml-md-6 is-layout-flow wp-block-column-is-layout-flow\" style=\"flex-basis:62.5%\">\t<div class=\"seiu6-custom-block latest-posts \">\n\t\t<div class=\"post-list\">\r\n\t\t\t\t\t\t\t<a href=\"https:\/\/seiu6.org\/vi\/2025\/12\/23\/january-2026-wage-increases-for-seiu6-members\/\" class=\"single-post no-underline d-flex flex-wrap flex-column flex-sm-row\">\n\t\t\t\t\t<div class=\"img-wrapper\"><div class=\"image\" style=\"background: transparent url(https:\/\/seiu6.org\/wp-content\/themes\/seiu6\/images\/seiu6-placeholder-purple-bg.svg) no-repeat center\/cover; height: 244px\"><\/div><\/div>\n\t\t\t\t\t<div class=\"post-content\">\r\n\t\t\t\t\t\t<p>December 23, 2025<\/p>\n\t\t\t\t\t\t<h4 class=\"title\">January 2026 Wage Increases for SEIU6 Members<\/h4>\n\t\t\t\t\t\t<span class=\"link\">\u0110O\u0323C TH\u00caM<\/span>\n\t\t\t\t\t<\/div>\r\n\t\t\t\t<\/a>\r\n\t\t\t\t\t\t\t\t<a href=\"https:\/\/seiu6.org\/vi\/2025\/12\/04\/zenia-javalera-statement-in-solidarity-with-somali-community\/\" class=\"single-post no-underline d-flex flex-wrap flex-column flex-sm-row\">\n\t\t\t\t\t<div class=\"img-wrapper\"><div class=\"image\" style=\"background: transparent url(https:\/\/seiu6.org\/wp-content\/themes\/seiu6\/images\/seiu6-placeholder-purple-bg.svg) no-repeat center\/cover; height: 244px\"><\/div><\/div>\n\t\t\t\t\t<div class=\"post-content\">\r\n\t\t\t\t\t\t<p>December 4, 2025<\/p>\n\t\t\t\t\t\t<h4 class=\"title\">Zenia Javalera Statement in Solidarity with Somali Community<\/h4>\n\t\t\t\t\t\t<span class=\"link\">\u0110O\u0323C TH\u00caM<\/span>\n\t\t\t\t\t<\/div>\r\n\t\t\t\t<\/a>\r\n\t\t\t\t\t\t<\/div>\r\n\t<\/div>\r\n\t\n\n\n<div class=\"wp-block-buttons is-layout-flex wp-block-buttons-is-layout-flex\">\n<div class=\"wp-block-button\"><a class=\"wp-block-button__link\" href=\"https:\/\/seiu6.org\/vi\/tin-tuc\/\">Tin T\u01b0\u0301c Kha\u0301c<\/a><\/div>\n<\/div>\n<\/div>\n<\/div>\n<\/div><\/div>\n","protected":false},"excerpt":{"rendered":"<p>FOR IMMEDIATE RELEASE<\/p>\n<p>It has come to our attention that the sitting President of the United States, Donald Trump, has directed hateful language toward the entire Somali American community.&nbsp; As President of SEIU6, a proudly diverse labor union whose ranks include hundreds of Somali working families, I reject this dangerous language in the strongest possible terms.<\/p>\n<p>Like [&#8230;]<\/p>\n","protected":false},"author":2,"featured_media":0,"parent":0,"menu_order":0,"comment_status":"closed","ping_status":"closed","template":"","meta":{"_acf_changed":false,"inline_featured_image":false,"footnotes":""},"class_list":["post-3491","page","type-page","status-publish","hentry"],"acf":[],"yoast_head":"<!-- This site is optimized with the Yoast SEO plugin v24.6 - https:\/\/yoast.com\/wordpress\/plugins\/seo\/ -->\n<title>SEIU6 Property Services Northwest<\/title>\n<meta name=\"description\" content=\"SEIU6 \u0111a\u0323i di\u00ea\u0323n cho m\u00f4\u0323t l\u01b0\u0323c l\u01b0\u01a1\u0323ng lao \u0111\u00f4\u0323ng g\u00f4\u0300m 9.000 lao c\u00f4ng, nh\u00e2n vi\u00ean an ninh, nh\u00e2n vi\u00ean s\u00e2n bay, nh\u00e2n vi\u00ean nga\u0300nh \u0111\u00f4\u0300ng minh \u01a1\u0309 ti\u00ea\u0309u bang Washington.\" \/>\n<meta name=\"robots\" content=\"index, follow, max-snippet:-1, max-image-preview:large, max-video-preview:-1\" \/>\n<link rel=\"canonical\" href=\"https:\/\/seiu6.org\/vi\/trang-chu%cc%89\/\" \/>\n<meta property=\"og:locale\" content=\"vi_VN\" \/>\n<meta property=\"og:type\" content=\"article\" \/>\n<meta property=\"og:title\" content=\"SEIU6 Property Services Northwest\" \/>\n<meta property=\"og:description\" content=\"SEIU6 \u0111a\u0323i di\u00ea\u0323n cho m\u00f4\u0323t l\u01b0\u0323c l\u01b0\u01a1\u0323ng lao \u0111\u00f4\u0323ng g\u00f4\u0300m 9.000 lao c\u00f4ng, nh\u00e2n vi\u00ean an ninh, nh\u00e2n vi\u00ean s\u00e2n bay, nh\u00e2n vi\u00ean nga\u0300nh \u0111\u00f4\u0300ng minh \u01a1\u0309 ti\u00ea\u0309u bang Washington.\" \/>\n<meta property=\"og:url\" content=\"https:\/\/seiu6.org\/vi\/trang-chu%cc%89\/\" \/>\n<meta property=\"og:site_name\" content=\"SEIU6\" \/>\n<meta property=\"article:modified_time\" content=\"2022-03-21T14:42:55+00:00\" \/>\n<meta name=\"twitter:card\" content=\"summary_large_image\" \/>\n<meta name=\"twitter:label1\" content=\"Est. reading time\" \/>\n\t<meta name=\"twitter:data1\" content=\"1 minute\" \/>\n<script type=\"application\/ld+json\" class=\"yoast-schema-graph\">{\"@context\":\"https:\/\/schema.org\",\"@graph\":[{\"@type\":\"WebPage\",\"@id\":\"https:\/\/seiu6.org\/vi\/trang-chu%cc%89\/\",\"url\":\"https:\/\/seiu6.org\/vi\/trang-chu%cc%89\/\",\"name\":\"SEIU6 Property Services Northwest\",\"isPartOf\":{\"@id\":\"https:\/\/seiu6.org\/vi\/#website\"},\"datePublished\":\"2022-01-21T15:56:21+00:00\",\"dateModified\":\"2022-03-21T14:42:55+00:00\",\"description\":\"SEIU6 \u0111a\u0323i di\u00ea\u0323n cho m\u00f4\u0323t l\u01b0\u0323c l\u01b0\u01a1\u0323ng lao \u0111\u00f4\u0323ng g\u00f4\u0300m 9.000 lao c\u00f4ng, nh\u00e2n vi\u00ean an ninh, nh\u00e2n vi\u00ean s\u00e2n bay, nh\u00e2n vi\u00ean nga\u0300nh \u0111\u00f4\u0300ng minh \u01a1\u0309 ti\u00ea\u0309u bang Washington.\",\"breadcrumb\":{\"@id\":\"https:\/\/seiu6.org\/vi\/trang-chu%cc%89\/#breadcrumb\"},\"inLanguage\":\"vi-VN\",\"potentialAction\":[{\"@type\":\"ReadAction\",\"target\":[\"https:\/\/seiu6.org\/vi\/trang-chu%cc%89\/\"]}]},{\"@type\":\"BreadcrumbList\",\"@id\":\"https:\/\/seiu6.org\/vi\/trang-chu%cc%89\/#breadcrumb\",\"itemListElement\":[{\"@type\":\"ListItem\",\"position\":1,\"name\":\"Home\",\"item\":\"https:\/\/seiu6.org\/vi\/\"},{\"@type\":\"ListItem\",\"position\":2,\"name\":\"Trang Chu\u0309\"}]},{\"@type\":\"WebSite\",\"@id\":\"https:\/\/seiu6.org\/vi\/#website\",\"url\":\"https:\/\/seiu6.org\/vi\/\",\"name\":\"SEIU6\",\"description\":\"Property Services NW\",\"publisher\":{\"@id\":\"https:\/\/seiu6.org\/vi\/#organization\"},\"potentialAction\":[{\"@type\":\"SearchAction\",\"target\":{\"@type\":\"EntryPoint\",\"urlTemplate\":\"https:\/\/seiu6.org\/vi\/?s={search_term_string}\"},\"query-input\":{\"@type\":\"PropertyValueSpecification\",\"valueRequired\":true,\"valueName\":\"search_term_string\"}}],\"inLanguage\":\"vi-VN\"},{\"@type\":\"Organization\",\"@id\":\"https:\/\/seiu6.org\/vi\/#organization\",\"name\":\"SEIU6 Property Services NW\",\"url\":\"https:\/\/seiu6.org\/vi\/\",\"logo\":{\"@type\":\"ImageObject\",\"inLanguage\":\"vi-VN\",\"@id\":\"https:\/\/seiu6.org\/vi\/#\/schema\/logo\/image\/\",\"url\":\"https:\/\/seiu6.org\/wp-content\/uploads\/2021\/08\/Logo-Color-SEIU6.svg\",\"contentUrl\":\"https:\/\/seiu6.org\/wp-content\/uploads\/2021\/08\/Logo-Color-SEIU6.svg\",\"width\":\"1024\",\"height\":\"1024\",\"caption\":\"SEIU6 Property Services NW\"},\"image\":{\"@id\":\"https:\/\/seiu6.org\/vi\/#\/schema\/logo\/image\/\"}}]}<\/script>\n<!-- \/ Yoast SEO plugin. -->","yoast_head_json":{"title":"SEIU6 Property Services Northwest","description":"SEIU6 \u0111a\u0323i di\u00ea\u0323n cho m\u00f4\u0323t l\u01b0\u0323c l\u01b0\u01a1\u0323ng lao \u0111\u00f4\u0323ng g\u00f4\u0300m 9.000 lao c\u00f4ng, nh\u00e2n vi\u00ean an ninh, nh\u00e2n vi\u00ean s\u00e2n bay, nh\u00e2n vi\u00ean nga\u0300nh \u0111\u00f4\u0300ng minh \u01a1\u0309 ti\u00ea\u0309u bang Washington.","robots":{"index":"index","follow":"follow","max-snippet":"max-snippet:-1","max-image-preview":"max-image-preview:large","max-video-preview":"max-video-preview:-1"},"canonical":"https:\/\/seiu6.org\/vi\/trang-chu%cc%89\/","og_locale":"vi_VN","og_type":"article","og_title":"SEIU6 Property Services Northwest","og_description":"SEIU6 \u0111a\u0323i di\u00ea\u0323n cho m\u00f4\u0323t l\u01b0\u0323c l\u01b0\u01a1\u0323ng lao \u0111\u00f4\u0323ng g\u00f4\u0300m 9.000 lao c\u00f4ng, nh\u00e2n vi\u00ean an ninh, nh\u00e2n vi\u00ean s\u00e2n bay, nh\u00e2n vi\u00ean nga\u0300nh \u0111\u00f4\u0300ng minh \u01a1\u0309 ti\u00ea\u0309u bang Washington.","og_url":"https:\/\/seiu6.org\/vi\/trang-chu%cc%89\/","og_site_name":"SEIU6","article_modified_time":"2022-03-21T14:42:55+00:00","twitter_card":"summary_large_image","twitter_misc":{"Est. reading time":"1 minute"},"schema":{"@context":"https:\/\/schema.org","@graph":[{"@type":"WebPage","@id":"https:\/\/seiu6.org\/vi\/trang-chu%cc%89\/","url":"https:\/\/seiu6.org\/vi\/trang-chu%cc%89\/","name":"SEIU6 Property Services Northwest","isPartOf":{"@id":"https:\/\/seiu6.org\/vi\/#website"},"datePublished":"2022-01-21T15:56:21+00:00","dateModified":"2022-03-21T14:42:55+00:00","description":"SEIU6 \u0111a\u0323i di\u00ea\u0323n cho m\u00f4\u0323t l\u01b0\u0323c l\u01b0\u01a1\u0323ng lao \u0111\u00f4\u0323ng g\u00f4\u0300m 9.000 lao c\u00f4ng, nh\u00e2n vi\u00ean an ninh, nh\u00e2n vi\u00ean s\u00e2n bay, nh\u00e2n vi\u00ean nga\u0300nh \u0111\u00f4\u0300ng minh \u01a1\u0309 ti\u00ea\u0309u bang Washington.","breadcrumb":{"@id":"https:\/\/seiu6.org\/vi\/trang-chu%cc%89\/#breadcrumb"},"inLanguage":"vi-VN","potentialAction":[{"@type":"ReadAction","target":["https:\/\/seiu6.org\/vi\/trang-chu%cc%89\/"]}]},{"@type":"BreadcrumbList","@id":"https:\/\/seiu6.org\/vi\/trang-chu%cc%89\/#breadcrumb","itemListElement":[{"@type":"ListItem","position":1,"name":"Home","item":"https:\/\/seiu6.org\/vi\/"},{"@type":"ListItem","position":2,"name":"Trang Chu\u0309"}]},{"@type":"WebSite","@id":"https:\/\/seiu6.org\/vi\/#website","url":"https:\/\/seiu6.org\/vi\/","name":"SEIU6","description":"Property Services NW","publisher":{"@id":"https:\/\/seiu6.org\/vi\/#organization"},"potentialAction":[{"@type":"SearchAction","target":{"@type":"EntryPoint","urlTemplate":"https:\/\/seiu6.org\/vi\/?s={search_term_string}"},"query-input":{"@type":"PropertyValueSpecification","valueRequired":true,"valueName":"search_term_string"}}],"inLanguage":"vi-VN"},{"@type":"Organization","@id":"https:\/\/seiu6.org\/vi\/#organization","name":"SEIU6 Property Services NW","url":"https:\/\/seiu6.org\/vi\/","logo":{"@type":"ImageObject","inLanguage":"vi-VN","@id":"https:\/\/seiu6.org\/vi\/#\/schema\/logo\/image\/","url":"https:\/\/seiu6.org\/wp-content\/uploads\/2021\/08\/Logo-Color-SEIU6.svg","contentUrl":"https:\/\/seiu6.org\/wp-content\/uploads\/2021\/08\/Logo-Color-SEIU6.svg","width":"1024","height":"1024","caption":"SEIU6 Property Services NW"},"image":{"@id":"https:\/\/seiu6.org\/vi\/#\/schema\/logo\/image\/"}}]}},"_links":{"self":[{"href":"https:\/\/seiu6.org\/vi\/wp-json\/wp\/v2\/pages\/3491","targetHints":{"allow":["GET"]}}],"collection":[{"href":"https:\/\/seiu6.org\/vi\/wp-json\/wp\/v2\/pages"}],"about":[{"href":"https:\/\/seiu6.org\/vi\/wp-json\/wp\/v2\/types\/page"}],"author":[{"embeddable":true,"href":"https:\/\/seiu6.org\/vi\/wp-json\/wp\/v2\/users\/2"}],"replies":[{"embeddable":true,"href":"https:\/\/seiu6.org\/vi\/wp-json\/wp\/v2\/comments?post=3491"}],"version-history":[{"count":0,"href":"https:\/\/seiu6.org\/vi\/wp-json\/wp\/v2\/pages\/3491\/revisions"}],"wp:attachment":[{"href":"https:\/\/seiu6.org\/vi\/wp-json\/wp\/v2\/media?parent=3491"}],"curies":[{"name":"wp","href":"https:\/\/api.w.org\/{rel}","templated":true}]}}