{"id":3509,"date":"2022-01-21T07:59:58","date_gmt":"2022-01-21T15:59:58","guid":{"rendered":"https:\/\/seiu6.org\/notice-of-employee-rights\/"},"modified":"2022-02-08T08:33:07","modified_gmt":"2022-02-08T16:33:07","slug":"notice-of-employee-rights","status":"publish","type":"page","link":"https:\/\/seiu6.org\/vi\/notice-of-employee-rights\/","title":{"rendered":"Th&ocirc;ng Ba\u0301o v&ecirc;\u0300 Quy&ecirc;\u0300n Cu\u0309a Nh&acirc;n Vi&ecirc;n"},"content":{"rendered":"\n<h5 class=\"wp-block-heading\">Th\u00f4ng Ba\u0301o v\u00ea\u0300 Quy\u00ea\u0300n Cu\u0309a Nh\u00e2n Vi\u00ean<\/h5>\n\n<h1 class=\"wp-block-heading\">Th\u00f4ng Ba\u0301o v\u00ea\u0300 Quy\u00ea\u0300n va\u0300 Nghi\u0303a Vu\u0323 cu\u0309a Nh\u00e2n Vi\u00ean<\/h1>\n\n<p>Ba\u0323n co\u0301 quy\u00ea\u0300n tham gia ho\u0103\u0323c t\u01b0\u0300 ch\u00f4\u0301i tham gia SEIU6 Property Services NW (SEIU6) v\u01a1\u0301i t\u01b0 ca\u0301ch m\u00f4\u0323t tha\u0300nh vi\u00ean chi\u0301nh th\u01b0\u0301c co\u0301 thi\u00ea\u0323n chi\u0301. Chu\u0301ng t\u00f4i khuy\u00ea\u0301n khi\u0301ch ba\u0323n tham gia SEIU6 b\u01a1\u0309i nh\u01b0\u0303ng phu\u0301c l\u01a1\u0323i \u0111\u00f4\u0323c quy\u00ea\u0300n \u0111\u00f4\u0301i v\u01a1\u0301i tha\u0300nh vi\u00ean chi\u0301nh th\u01b0\u0301c, bao g\u00f4\u0300m:<\/p>\n\n<ul class=\"wp-block-list\"><li>Tham gia va\u0300o ca\u0301c qua\u0301 tri\u0300nh th\u01b0\u01a1ng l\u01b0\u01a1\u0323ng h\u01a1\u0323p \u0111\u00f4\u0300ng m\u01a1\u0301i va\u0300 bo\u0309 phi\u00ea\u0301u v\u00ea\u0300 vi\u00ea\u0323c co\u0301 ph\u00ea chu\u00e2\u0309n m\u00f4\u0323t tho\u0309a thu\u00e2\u0323n \u0111\u00ea\u0300 xu\u00e2\u0301t hay kh\u00f4ng.<\/li><li>Giu\u0301p xa\u0301c \u0111i\u0323nh nh\u01b0\u0303ng mu\u0323c ti\u00eau va\u0300 \u01b0u ti\u00ean cu\u0309a SEIU6 b\u0103\u0300ng ca\u0301ch tranh c\u01b0\u0309 va\u0300 la\u0300m vi\u00ea\u0323c v\u01a1\u0301i vai tro\u0300 vi\u00ean ch\u01b0\u0301c \u0111\u01b0\u01a1\u0323c b\u00e2\u0300u trong li\u00ean \u0111oa\u0300n.<\/li><li>Tr\u01a1\u0309 tha\u0300nh m\u00f4\u0323t ph\u00e2\u0300n cu\u0309a c\u00f4\u0323ng \u0111\u00f4\u0300ng nh\u01b0\u0303ng ng\u01b0\u01a1\u0300i anh em li\u00ean \u0111oa\u0300n, \u0111\u01b0\u01a1\u0323c tham d\u01b0\u0323 ca\u0301c cu\u00f4\u0323c ho\u0323p cu\u0309a li\u00ean \u0111oa\u0300n, ch\u01b0\u01a1ng tri\u0300nh \u0111a\u0300o ta\u0323o nha\u0300 la\u0303nh \u0111a\u0323o va\u0300 ca\u0301c nhi\u00ea\u0323m vu\u0323 xa\u0303 h\u00f4\u0323i.<\/li><li>Tham gia phong tra\u0300o lao \u0111\u00f4\u0323ng qu\u00f4\u0301c t\u00ea\u0301 va\u0300 \u0111oa\u0300n k\u00ea\u0301t \u0111\u00e2\u0301u tranh nh\u0103\u0300m ca\u0309i thi\u00ea\u0323n quy\u00ea\u0300n l\u1ee3i cho t\u00e2\u0301t ca\u0309 ng\u01b0\u01a1\u0300i lao \u0111\u00f4\u0323ng. Tr\u01a1\u0309 tha\u0300nh tha\u0300nh vi\u00ean chi\u0301nh th\u01b0\u0301c cu\u0309a SEIU6 kh\u00f4ng chi\u0309 la\u0300 \u0111\u00e2\u0301u tranh \u0111\u00ea\u0309 ca\u0309i thi\u00ea\u0323n l\u01b0\u01a1ng th\u01b0\u01a1\u0309ng va\u0300 ca\u0301c \u0111i\u00ea\u0300u ki\u00ea\u0323n la\u0300m vi\u00ea\u0323c. \u0110o\u0301 co\u0300n la\u0300 \u0111\u00e2\u0301u tranh cho quy\u00ea\u0300n \u0111o\u0301 cu\u0309a mo\u0323i ng\u01b0\u01a1\u0300i, b\u01a1\u0309i vi\u0300 \u0111o\u0301 la\u0300 \u0111i\u00ea\u0300u \u0111u\u0301ng \u0111\u0103\u0301n c\u00e2\u0300n pha\u0309i la\u0300m.<\/li><\/ul>\n<p>\u0110\u00ea\u0309 tr\u01a1\u0309 tha\u0300nh tha\u0300nh vi\u00ean chi\u0301nh th\u01b0\u0301c co\u0301 tr\u1ea1ng th\u00e1i t\u1ed1t, ba\u0323n pha\u0309i tra\u0309 h\u00f4\u0323i phi\u0301 \u0111i\u0323nh ky\u0300. N\u00ea\u0301u cho\u0323n tr\u01a1\u0309 tha\u0300nh tha\u0300nh vi\u00ean chi\u0301nh th\u01b0\u0301c co\u0301 tr\u1ea1ng th\u00e1i t\u1ed1t, ba\u0323n co\u0301 th\u00ea\u0309 t\u01b0\u0300 bo\u0309 t\u01b0 ca\u0301ch tha\u0300nh vi\u00ean cu\u0309a mi\u0300nh va\u0300o b\u00e2\u0301t c\u01b0\u0301 lu\u0301c na\u0300o. Cho du\u0300 ba\u0323n co\u0301 cho\u0323n tr\u01a1\u0309 tha\u0300nh tha\u0300nh vi\u00ean chi\u0301nh th\u01b0\u0301c co\u0301 thi\u00ea\u0323n chi\u0301 hay kh\u00f4ng, ba\u0323n \u0111\u00ea\u0300u pha\u0309i \u0111o\u0301ng go\u0301p v\u00ea\u0300 ta\u0300i chi\u0301nh cho SEIU6. \u0110i\u00ea\u0300u \u0111o\u0301 la\u0300 do SEIU6 \u0111a\u0323i di\u00ea\u0323n va\u0300 th\u01b0\u01a1ng l\u01b0\u01a1\u0323ng thay m\u0103\u0323t cho mo\u0323i nh\u00e2n vi\u00ean trong \u0111\u01a1n vi\u0323 th\u01b0\u01a1ng l\u01b0\u01a1\u0323ng, b\u00e2\u0301t k\u00ea\u0309 ho\u0323 co\u0301 pha\u0309i la\u0300 tha\u0300nh vi\u00ean hay kh\u00f4ng. N\u00ea\u0301u cho\u0323n tr\u01a1\u0309 tha\u0300nh tha\u0300nh vi\u00ean \u201cc\u00f4\u0301t lo\u0303i v\u00ea\u0300 ta\u0300i chi\u0301nh\u201d, ba\u0323n co\u0301 th\u00ea\u0309 n\u00f4\u0323p s\u00f4\u0301 ti\u00ea\u0300n t\u01b0\u01a1ng \u0111\u01b0\u01a1ng v\u01a1\u0301i toa\u0300n b\u00f4\u0323 h\u00f4\u0323i phi\u0301 tham gia li\u00ean \u0111oa\u0300n, ho\u0103\u0323c m\u00f4\u0323t ty\u0309 l\u00ea\u0323 ph\u00e2\u0300n tr\u0103m h\u00f4\u0323i phi\u0301 \u0111\u01b0\u01a1\u0323c kh\u00e2\u0301u tr\u01b0\u0300, co\u0300n go\u0323i la\u0300 phi\u0301 \u201cchia se\u0309 c\u00f4ng b\u0103\u0300ng\u201d. Phi\u0301 chia se\u0309 c\u00f4ng b\u0103\u0300ng pha\u0309n a\u0301nh ty\u0309 l\u00ea\u0323 th\u01a1\u0300i gian va\u0300 chi phi\u0301 ma\u0300 SEIU 6 da\u0300nh cho vi\u00ea\u0323c \u0111a\u0323i di\u00ea\u0323n cho ca\u0301c nh\u00e2n vi\u00ean thu\u00f4\u0323c \u0111\u01a1n vi\u0323 th\u01b0\u01a1ng l\u01b0\u01a1\u0323ng v\u00ea\u0300 ca\u0301c v\u00e2\u0301n \u0111\u00ea\u0300 li\u00ean quan \u0111\u00ea\u0301n th\u01b0\u01a1ng l\u01b0\u01a1\u0323ng t\u00e2\u0323p th\u00ea\u0309, nh\u01b0ng kh\u00f4ng pha\u0309n a\u0301nh ty\u0309 l\u00ea\u0323 th\u01a1\u0300i gian va\u0300 chi phi\u0301 \u0111\u01b0\u01a1\u0323c ph\u00e2n b\u00f4\u0309 cho vi\u00ea\u0323c x\u00e2y d\u01b0\u0323ng quy\u00ea\u0300n h\u1ea1n cu\u0309a nh\u00e2n vi\u00ean th\u00f4ng qua ca\u0301c hoa\u0323t \u0111\u00f4\u0323ng kh\u00f4ng \u0111a\u0323i di\u00ea\u0323n (\u0111\u00e3 bao g\u00f4\u0300m trong t\u1ed5ng h\u00f4\u0323i phi\u0301 tham gia li\u00ean \u0111oa\u0300n va\u0300 giu\u0301p h\u00f4\u0303 tr\u01a1\u0323 ca\u0301c ph\u00e2\u0300n vi\u00ea\u0323c quan tro\u0323ng trong s\u01b0\u0301 m\u00ea\u0323nh cu\u0309a SEIU6). Hi\u00ea\u0323n ta\u0323i, phi\u0301 chia se\u0309 c\u00f4ng b\u0103\u0300ng la\u0300 71,21% h\u00f4\u0323i phi\u0301 tham gia li\u00ean \u0111oa\u0300n.<\/p>\n\n<p>N\u00ea\u0301u cho\u0323n tr\u01a1\u0309 tha\u0300nh tha\u0300nh vi\u00ean n\u00f4\u0323p phi\u0301 chia se\u0309 c\u00f4ng b\u0103\u0300ng, ba\u0323n co\u0301 quy\u00ea\u0300n y\u00eau c\u00e2\u0300u SEIU6 gia\u0309i tri\u0300nh ca\u0301ch ti\u0301nh ty\u0309 l\u00ea\u0323 ph\u00e2\u0300n tr\u0103m phi\u0301 chia se\u0309 c\u00f4ng b\u0103\u0300ng trong h\u1ed9i ph\u00ed va\u0300 \u0111\u01b0\u01a1\u0323c cung c\u00e2\u0301p \u0111\u00e2\u0300y \u0111u\u0309 th\u00f4ng tin, theo y\u00eau c\u00e2\u0300u, \u0111\u00ea\u0309 h\u00f4\u0303 tr\u01a1\u0323 ba\u0323n quy\u00ea\u0301t \u0111i\u0323nh xem ba\u0323n co\u0301 mu\u00f4\u0301n y\u00eau c\u00e2\u0300u gia\u0309i tri\u0300nh hay kh\u00f4ng va\u0300 y\u00eau c\u00e2\u0300u gia\u0309i tri\u0300nh ca\u0301ch ti\u0301nh nh\u01b0 th\u00ea\u0301 na\u0300o. \u0110\u00ea\u0309 pha\u0309n \u0111\u00f4\u0301i vi\u00ea\u0323c \u0111o\u0301ng toa\u0300n b\u00f4\u0323 h\u00f4\u0323i phi\u0301 tham gia li\u00ean \u0111oa\u0300n va\u0300 tr\u01a1\u0309 tha\u0300nh tha\u0300nh vi\u00ean n\u00f4\u0323p phi\u0301 chia se\u0309 c\u00f4ng b\u0103\u0300ng, ba\u0323n pha\u0309i th\u00f4ng ba\u0301o b\u0103\u0300ng v\u0103n ba\u0309n cho SEIU6 v\u00ea\u0300 vi\u00ea\u0323c pha\u0309n \u0111\u00f4\u0301i: (1) trong vo\u0300ng 30 nga\u0300y k\u00ea\u0309 t\u01b0\u0300 khi nh\u00e2\u0323n \u0111\u01b0\u01a1\u0323c \u0111\u01a1n \u0111\u0103ng ky\u0301 tr\u01a1\u0309 tha\u0300nh tha\u0300nh vi\u00ean (2) trong khoa\u0309ng th\u01a1\u0300i gian pha\u0309n \u0111\u00f4\u0301i ke\u0301o da\u0300i 30 nga\u0300y, t\u01b0\u0300 nga\u0300y 1 tha\u0301ng 1 \u0111\u00ea\u0301n nga\u0300y 30 tha\u0301ng 1; ho\u0103\u0323c (3) trong vo\u0300ng 30 nga\u0300y k\u00ea\u0309 t\u01b0\u0300 khi t\u01b0\u0300 bo\u0309 t\u01b0 ca\u0301ch tha\u0300nh vi\u00ean \u0111\u00e2\u0300y \u0111u\u0309 ta\u0323i SEIU6.<\/p>\n\n<p>Cu\u00f4\u0301i cu\u0300ng, \u0111i\u00ea\u0300u quan tro\u0323ng c\u00e2\u0300n nh\u01a1\u0301 la\u0300 tho\u0309a thu\u00e2\u0323n th\u01b0\u01a1ng l\u01b0\u01a1\u0323ng t\u00e2\u0323p th\u00ea\u0309 li\u00ean quan \u0111\u00ea\u0301n c\u00f4ng vi\u00ea\u0323c cu\u0309a ba\u0323n c\u00f3 m\u00f4\u0323t \u0111i\u00ea\u0300u khoa\u0309n \u0111\u1ea3m b\u1ea3o s\u1ef1 \u1ed5n \u0111\u1ecbnh c\u1ee7a li\u00ean \u0111o\u00e0n. \u0110i\u00ea\u0300u khoa\u0309n na\u0300y y\u00eau c\u00e2\u0300u ba\u0323n pha\u0309i tr\u01a1\u0309 tha\u0300nh m\u00f4\u0323t tha\u0300nh vi\u00ean c\u00f3 tr\u1ea1ng th\u00e1i t\u1ed1t ho\u0103\u0323c tha\u0300nh vi\u00ean \u201cc\u00f4\u0301t lo\u0303i v\u00ea\u0300 ta\u0300i chi\u0301nh\u201d cu\u0309a SEIU6 thi\u0300 m\u01a1\u0301i \u0111u\u0309 \u0111i\u00ea\u0300u ki\u00ea\u0323n \u0111\u01b0\u01a1\u0323c la\u0300m vi\u00ea\u0323c. \u0110i\u00ea\u0300u \u0111o\u0301 nghi\u0303a la\u0300 ba\u0323n pha\u0309i th\u01b0\u01a1\u0300ng xuy\u00ean \u0111o\u0301ng h\u00f4\u0323i phi\u0301 tham gia li\u00ean \u0111oa\u0300n ho\u0103\u0323c phi\u0301 chia se\u0309 c\u00f4ng b\u0103\u0300ng, th\u00f4ng qua ph\u01b0\u01a1ng th\u1ee9c t\u01b0\u0323 \u0111\u00f4\u0323ng kh\u00e2\u0301u tr\u01b0\u0300 ti\u1ec1n l\u01b0\u01a1ng ho\u0103\u0323c chuy\u00ea\u0309n ti\u00ea\u0300n thu\u0309 c\u00f4ng cho SEIU6. Theo \u0111i\u00ea\u0300u khoa\u0309n \u0111\u1ea3m b\u1ea3o s\u1ef1 \u1ed5n \u0111\u1ecbnh c\u1ee7a li\u00ean \u0111o\u00e0n, SEIU6 co\u0301 quy\u00ea\u0300n y\u00eau c\u00e2\u0300u chu\u0309 lao \u0111\u00f4\u0323ng ch\u00e2\u0301m d\u01b0\u0301t h\u01a1\u0323p \u0111\u00f4\u0300ng lao \u0111\u00f4\u0323ng v\u01a1\u0301i ba\u0323n n\u00ea\u0301u ba\u0323n kh\u00f4ng n\u00f4\u0323p h\u00f4\u0323i phi\u0301 ho\u0103\u0323c phi\u0301 chia se\u0309 c\u00f4ng b\u0103\u0300ng ki\u0323p th\u01a1\u0300i.<\/p>\n\n<div class=\"wp-block-group alignfull has-white-color has-purple-background-color has-text-color has-background is-layout-flow wp-block-group-is-layout-flow\"><div class=\"wp-block-group__inner-container\">\n<div class=\"wp-block-columns are-vertically-aligned-center flex-column flex-md-row is-layout-flex wp-container-core-columns-is-layout-28f84493 wp-block-columns-is-layout-flex\">\n<div class=\"wp-block-column is-vertically-aligned-center is-layout-flow wp-block-column-is-layout-flow\" style=\"flex-basis:40%\">\n<h4 class=\"font-primary has-white-color has-text-color wp-block-heading\">Sa\u0301t ca\u0301nh b\u00ean nhau, chu\u0301ng ta se\u0303 ma\u0323nh me\u0303 h\u01a1n.<\/h4>\n<\/div>\n\n\n\n<div class=\"wp-block-column is-vertically-aligned-center mt-4 mt-lg-0 ml-0 ml-lg-6 is-layout-flow wp-block-column-is-layout-flow\" style=\"flex-basis:60%\">\n<div class=\"wp-block-buttons is-layout-flex wp-block-buttons-is-layout-flex\">\n<div class=\"wp-block-button is-primary\"><a class=\"wp-block-button__link\" href=\"https:\/\/seiu6.org\/vi\/tham-gia-d%cc%a3i-ngu%cc%83-cu%cc%89a-chung-ti\/\">Tham Gia SEIU6<\/a><\/div>\n<\/div>\n<\/div>\n<\/div>\n<\/div><\/div>\n","protected":false},"excerpt":{"rendered":"<p>Th\u00f4ng Ba\u0301o v\u00ea\u0300 Quy\u00ea\u0300n Cu\u0309a Nh\u00e2n Vi\u00ean<\/p>\n<p>Th\u00f4ng Ba\u0301o v\u00ea\u0300 Quy\u00ea\u0300n va\u0300 Nghi\u0303a Vu\u0323 cu\u0309a Nh\u00e2n Vi\u00ean<\/p>\n<p>Ba\u0323n co\u0301 quy\u00ea\u0300n tham gia ho\u0103\u0323c t\u01b0\u0300 ch\u00f4\u0301i tham gia SEIU6 Property Services NW (SEIU6) v\u01a1\u0301i t\u01b0 ca\u0301ch m\u00f4\u0323t tha\u0300nh vi\u00ean chi\u0301nh th\u01b0\u0301c co\u0301 thi\u00ea\u0323n chi\u0301. Chu\u0301ng t\u00f4i khuy\u00ea\u0301n khi\u0301ch ba\u0323n tham gia SEIU6 b\u01a1\u0309i nh\u01b0\u0303ng phu\u0301c l\u01a1\u0323i \u0111\u00f4\u0323c quy\u00ea\u0300n [&#8230;]<\/p>\n","protected":false},"author":2,"featured_media":0,"parent":0,"menu_order":0,"comment_status":"closed","ping_status":"closed","template":"","meta":{"_acf_changed":false,"inline_featured_image":false,"footnotes":""},"class_list":["post-3509","page","type-page","status-publish","hentry"],"acf":[],"yoast_head":"<!-- This site is optimized with the Yoast SEO plugin v24.6 - https:\/\/yoast.com\/wordpress\/plugins\/seo\/ -->\n<title>Th&ocirc;ng Ba\u0301o v&ecirc;\u0300 Quy&ecirc;\u0300n Cu\u0309a Nh&acirc;n Vi&ecirc;n - SEIU6<\/title>\n<meta name=\"robots\" content=\"index, follow, max-snippet:-1, max-image-preview:large, max-video-preview:-1\" \/>\n<link rel=\"canonical\" href=\"https:\/\/seiu6.org\/vi\/notice-of-employee-rights\/\" \/>\n<meta property=\"og:locale\" content=\"vi_VN\" \/>\n<meta property=\"og:type\" content=\"article\" \/>\n<meta property=\"og:title\" content=\"Th&ocirc;ng Ba\u0301o v&ecirc;\u0300 Quy&ecirc;\u0300n Cu\u0309a Nh&acirc;n Vi&ecirc;n - SEIU6\" \/>\n<meta property=\"og:description\" content=\"Th\u00f4ng Ba\u0301o v\u00ea\u0300 Quy\u00ea\u0300n Cu\u0309a Nh\u00e2n Vi\u00ean Th\u00f4ng Ba\u0301o v\u00ea\u0300 Quy\u00ea\u0300n va\u0300 Nghi\u0303a Vu\u0323 cu\u0309a Nh\u00e2n Vi\u00ean Ba\u0323n co\u0301 quy\u00ea\u0300n tham gia ho\u0103\u0323c t\u01b0\u0300 ch\u00f4\u0301i tham gia SEIU6 Property Services NW (SEIU6) v\u01a1\u0301i t\u01b0 ca\u0301ch m\u00f4\u0323t tha\u0300nh vi\u00ean chi\u0301nh th\u01b0\u0301c co\u0301 thi\u00ea\u0323n chi\u0301. Chu\u0301ng t\u00f4i khuy\u00ea\u0301n khi\u0301ch ba\u0323n tham gia SEIU6 b\u01a1\u0309i nh\u01b0\u0303ng phu\u0301c l\u01a1\u0323i \u0111\u00f4\u0323c quy\u00ea\u0300n [...]\" \/>\n<meta property=\"og:url\" content=\"https:\/\/seiu6.org\/vi\/notice-of-employee-rights\/\" \/>\n<meta property=\"og:site_name\" content=\"SEIU6\" \/>\n<meta property=\"article:modified_time\" content=\"2022-02-08T16:33:07+00:00\" \/>\n<meta name=\"twitter:card\" content=\"summary_large_image\" \/>\n<meta name=\"twitter:label1\" content=\"Est. reading time\" \/>\n\t<meta name=\"twitter:data1\" content=\"6 minutes\" \/>\n<script type=\"application\/ld+json\" class=\"yoast-schema-graph\">{\"@context\":\"https:\/\/schema.org\",\"@graph\":[{\"@type\":\"WebPage\",\"@id\":\"https:\/\/seiu6.org\/vi\/notice-of-employee-rights\/\",\"url\":\"https:\/\/seiu6.org\/vi\/notice-of-employee-rights\/\",\"name\":\"Th&ocirc;ng Ba\u0301o v&ecirc;\u0300 Quy&ecirc;\u0300n Cu\u0309a Nh&acirc;n Vi&ecirc;n - SEIU6\",\"isPartOf\":{\"@id\":\"https:\/\/seiu6.org\/vi\/#website\"},\"datePublished\":\"2022-01-21T15:59:58+00:00\",\"dateModified\":\"2022-02-08T16:33:07+00:00\",\"breadcrumb\":{\"@id\":\"https:\/\/seiu6.org\/vi\/notice-of-employee-rights\/#breadcrumb\"},\"inLanguage\":\"vi-VN\",\"potentialAction\":[{\"@type\":\"ReadAction\",\"target\":[\"https:\/\/seiu6.org\/vi\/notice-of-employee-rights\/\"]}]},{\"@type\":\"BreadcrumbList\",\"@id\":\"https:\/\/seiu6.org\/vi\/notice-of-employee-rights\/#breadcrumb\",\"itemListElement\":[{\"@type\":\"ListItem\",\"position\":1,\"name\":\"Home\",\"item\":\"https:\/\/seiu6.org\/vi\/\"},{\"@type\":\"ListItem\",\"position\":2,\"name\":\"Th&ocirc;ng Ba\u0301o v&ecirc;\u0300 Quy&ecirc;\u0300n Cu\u0309a Nh&acirc;n Vi&ecirc;n\"}]},{\"@type\":\"WebSite\",\"@id\":\"https:\/\/seiu6.org\/vi\/#website\",\"url\":\"https:\/\/seiu6.org\/vi\/\",\"name\":\"SEIU6\",\"description\":\"Property Services NW\",\"publisher\":{\"@id\":\"https:\/\/seiu6.org\/vi\/#organization\"},\"potentialAction\":[{\"@type\":\"SearchAction\",\"target\":{\"@type\":\"EntryPoint\",\"urlTemplate\":\"https:\/\/seiu6.org\/vi\/?s={search_term_string}\"},\"query-input\":{\"@type\":\"PropertyValueSpecification\",\"valueRequired\":true,\"valueName\":\"search_term_string\"}}],\"inLanguage\":\"vi-VN\"},{\"@type\":\"Organization\",\"@id\":\"https:\/\/seiu6.org\/vi\/#organization\",\"name\":\"SEIU6 Property Services NW\",\"url\":\"https:\/\/seiu6.org\/vi\/\",\"logo\":{\"@type\":\"ImageObject\",\"inLanguage\":\"vi-VN\",\"@id\":\"https:\/\/seiu6.org\/vi\/#\/schema\/logo\/image\/\",\"url\":\"https:\/\/seiu6.org\/wp-content\/uploads\/2021\/08\/Logo-Color-SEIU6.svg\",\"contentUrl\":\"https:\/\/seiu6.org\/wp-content\/uploads\/2021\/08\/Logo-Color-SEIU6.svg\",\"width\":\"1024\",\"height\":\"1024\",\"caption\":\"SEIU6 Property Services NW\"},\"image\":{\"@id\":\"https:\/\/seiu6.org\/vi\/#\/schema\/logo\/image\/\"}}]}<\/script>\n<!-- \/ Yoast SEO plugin. -->","yoast_head_json":{"title":"Th&ocirc;ng Ba\u0301o v&ecirc;\u0300 Quy&ecirc;\u0300n Cu\u0309a Nh&acirc;n Vi&ecirc;n - SEIU6","robots":{"index":"index","follow":"follow","max-snippet":"max-snippet:-1","max-image-preview":"max-image-preview:large","max-video-preview":"max-video-preview:-1"},"canonical":"https:\/\/seiu6.org\/vi\/notice-of-employee-rights\/","og_locale":"vi_VN","og_type":"article","og_title":"Th&ocirc;ng Ba\u0301o v&ecirc;\u0300 Quy&ecirc;\u0300n Cu\u0309a Nh&acirc;n Vi&ecirc;n - SEIU6","og_description":"Th\u00f4ng Ba\u0301o v\u00ea\u0300 Quy\u00ea\u0300n Cu\u0309a Nh\u00e2n Vi\u00ean Th\u00f4ng Ba\u0301o v\u00ea\u0300 Quy\u00ea\u0300n va\u0300 Nghi\u0303a Vu\u0323 cu\u0309a Nh\u00e2n Vi\u00ean Ba\u0323n co\u0301 quy\u00ea\u0300n tham gia ho\u0103\u0323c t\u01b0\u0300 ch\u00f4\u0301i tham gia SEIU6 Property Services NW (SEIU6) v\u01a1\u0301i t\u01b0 ca\u0301ch m\u00f4\u0323t tha\u0300nh vi\u00ean chi\u0301nh th\u01b0\u0301c co\u0301 thi\u00ea\u0323n chi\u0301. Chu\u0301ng t\u00f4i khuy\u00ea\u0301n khi\u0301ch ba\u0323n tham gia SEIU6 b\u01a1\u0309i nh\u01b0\u0303ng phu\u0301c l\u01a1\u0323i \u0111\u00f4\u0323c quy\u00ea\u0300n [...]","og_url":"https:\/\/seiu6.org\/vi\/notice-of-employee-rights\/","og_site_name":"SEIU6","article_modified_time":"2022-02-08T16:33:07+00:00","twitter_card":"summary_large_image","twitter_misc":{"Est. reading time":"6 minutes"},"schema":{"@context":"https:\/\/schema.org","@graph":[{"@type":"WebPage","@id":"https:\/\/seiu6.org\/vi\/notice-of-employee-rights\/","url":"https:\/\/seiu6.org\/vi\/notice-of-employee-rights\/","name":"Th&ocirc;ng Ba\u0301o v&ecirc;\u0300 Quy&ecirc;\u0300n Cu\u0309a Nh&acirc;n Vi&ecirc;n - SEIU6","isPartOf":{"@id":"https:\/\/seiu6.org\/vi\/#website"},"datePublished":"2022-01-21T15:59:58+00:00","dateModified":"2022-02-08T16:33:07+00:00","breadcrumb":{"@id":"https:\/\/seiu6.org\/vi\/notice-of-employee-rights\/#breadcrumb"},"inLanguage":"vi-VN","potentialAction":[{"@type":"ReadAction","target":["https:\/\/seiu6.org\/vi\/notice-of-employee-rights\/"]}]},{"@type":"BreadcrumbList","@id":"https:\/\/seiu6.org\/vi\/notice-of-employee-rights\/#breadcrumb","itemListElement":[{"@type":"ListItem","position":1,"name":"Home","item":"https:\/\/seiu6.org\/vi\/"},{"@type":"ListItem","position":2,"name":"Th&ocirc;ng Ba\u0301o v&ecirc;\u0300 Quy&ecirc;\u0300n Cu\u0309a Nh&acirc;n Vi&ecirc;n"}]},{"@type":"WebSite","@id":"https:\/\/seiu6.org\/vi\/#website","url":"https:\/\/seiu6.org\/vi\/","name":"SEIU6","description":"Property Services NW","publisher":{"@id":"https:\/\/seiu6.org\/vi\/#organization"},"potentialAction":[{"@type":"SearchAction","target":{"@type":"EntryPoint","urlTemplate":"https:\/\/seiu6.org\/vi\/?s={search_term_string}"},"query-input":{"@type":"PropertyValueSpecification","valueRequired":true,"valueName":"search_term_string"}}],"inLanguage":"vi-VN"},{"@type":"Organization","@id":"https:\/\/seiu6.org\/vi\/#organization","name":"SEIU6 Property Services NW","url":"https:\/\/seiu6.org\/vi\/","logo":{"@type":"ImageObject","inLanguage":"vi-VN","@id":"https:\/\/seiu6.org\/vi\/#\/schema\/logo\/image\/","url":"https:\/\/seiu6.org\/wp-content\/uploads\/2021\/08\/Logo-Color-SEIU6.svg","contentUrl":"https:\/\/seiu6.org\/wp-content\/uploads\/2021\/08\/Logo-Color-SEIU6.svg","width":"1024","height":"1024","caption":"SEIU6 Property Services NW"},"image":{"@id":"https:\/\/seiu6.org\/vi\/#\/schema\/logo\/image\/"}}]}},"_links":{"self":[{"href":"https:\/\/seiu6.org\/vi\/wp-json\/wp\/v2\/pages\/3509","targetHints":{"allow":["GET"]}}],"collection":[{"href":"https:\/\/seiu6.org\/vi\/wp-json\/wp\/v2\/pages"}],"about":[{"href":"https:\/\/seiu6.org\/vi\/wp-json\/wp\/v2\/types\/page"}],"author":[{"embeddable":true,"href":"https:\/\/seiu6.org\/vi\/wp-json\/wp\/v2\/users\/2"}],"replies":[{"embeddable":true,"href":"https:\/\/seiu6.org\/vi\/wp-json\/wp\/v2\/comments?post=3509"}],"version-history":[{"count":0,"href":"https:\/\/seiu6.org\/vi\/wp-json\/wp\/v2\/pages\/3509\/revisions"}],"wp:attachment":[{"href":"https:\/\/seiu6.org\/vi\/wp-json\/wp\/v2\/media?parent=3509"}],"curies":[{"name":"wp","href":"https:\/\/api.w.org\/{rel}","templated":true}]}}