{"id":3510,"date":"2022-01-21T07:59:59","date_gmt":"2022-01-21T15:59:59","guid":{"rendered":"https:\/\/seiu6.org\/weingarten-in-english\/"},"modified":"2022-02-08T08:33:08","modified_gmt":"2022-02-08T16:33:08","slug":"weingarten-in-english","status":"publish","type":"page","link":"https:\/\/seiu6.org\/vi\/weingarten-in-english\/","title":{"rendered":"Quy&ecirc;\u0300n Weingarten b\u0103\u0300ng Ti&ecirc;\u0301ng Anh"},"content":{"rendered":"\n<p><strong>N\u00ea\u0301u ba\u0323n \u0111\u01b0\u01a1\u0323c m\u01a1\u0300i tham d\u01b0\u0323 m\u00f4\u0323t cu\u00f4\u0323c ho\u0323p v\u01a1\u0301i ng\u01b0\u01a1\u0300i gia\u0301m sa\u0301t ho\u0103\u0323c ng\u01b0\u01a1\u0300i qua\u0309n ly\u0301 cu\u0309a mi\u0300nh \u0111\u00ea\u0309 ho\u0323 \u0111i\u00ea\u0300u tra m\u00f4\u0323t ti\u0300nh hu\u00f4\u0301ng co\u0301 th\u00ea\u0309 d\u00e2\u0303n \u0111\u00ea\u0301n ky\u0309 lu\u00e2\u0323t, ba\u0323n co\u0301 ca\u0301c quy\u00ea\u0300n \u0111a\u0323i di\u00ea\u0323n cu\u0323 th\u00ea\u0309. Nh\u01b0\u0303ng quy\u00ea\u0300n na\u0300y \u0111\u01b0\u01a1\u0323c go\u0323i la\u0300 \u201cQuy\u00ea\u0300n Weingarten\u201d va\u0300 \u0111\u01b0\u01a1\u0323c to\u0301m t\u0103\u0301t nh\u01b0 sau:<\/strong><\/p>\n\n<ol class=\"wp-block-list\"><li>Ba\u0323n co\u0301 quy\u00ea\u0300n \u0111\u00ea\u0300 nghi\u0323 m\u00f4\u0323t Ng\u01b0\u01a1\u0300i \u0110a\u0323i Di\u00ea\u0323n Li\u00ean \u0110oa\u0300n tham gia cu\u00f4\u0323c ho\u0323p<\/li><li>N\u00ea\u0301u ba\u0323n mu\u00f4\u0301n m\u00f4\u0323t Ng\u01b0\u01a1\u0300i \u0110a\u0323i Di\u00ea\u0323n Li\u00ean \u0110oa\u0300n co\u0301 m\u0103\u0323t ta\u0323i cu\u00f4\u0323c ho\u0323p, ba\u0323n pha\u0309i \u0111\u00ea\u0300 nghi\u0323 ho\u0323<\/li><li>N\u00ea\u0301u ba\u0323n kh\u00f4ng bi\u00ea\u0301t ly\u0301 do ta\u0323i sao ng\u01b0\u01a1\u0300i gia\u0301m sa\u0301t ho\u0103\u0323c ng\u01b0\u01a1\u0300i qua\u0309n ly\u0301 mu\u00f4\u0301n g\u0103\u0323p ba\u0323n, ha\u0303y ho\u0309i xem \u0111o\u0301 co\u0301 pha\u0309i la\u0300 cu\u00f4\u0323c ho\u0323p k\u1ef7 lu\u1eadt kh\u00f4ng<\/li><li>N\u00ea\u0301u ng\u01b0\u01a1\u0300i qua\u0309n ly\u0301 kh\u00f4ng cho phe\u0301p ba\u0323n \u0111i cu\u0300ng Ng\u01b0\u01a1\u0300i \u0110a\u0323i Di\u00ea\u0323n Li\u00ean \u0110oa\u0300n, ha\u0303y nh\u0103\u0301c la\u0323i y\u00eau c\u00e2\u0300u tr\u01b0\u01a1\u0301c m\u0103\u0323t m\u00f4\u0323t ng\u01b0\u01a1\u0300i la\u0300m ch\u01b0\u0301ng. Kh\u00f4ng t\u01b0\u0300 ch\u00f4\u0301i tham d\u01b0\u0323 cu\u00f4\u0323c ho\u0323p, nh\u01b0ng kh\u00f4ng tra\u0309 l\u01a1\u0300i b\u00e2\u0301t c\u01b0\u0301 c\u00e2u ho\u0309i na\u0300o. Ghi che\u0301p. Sau khi cu\u00f4\u0323c ho\u0323p k\u00ea\u0301t thu\u0301c, ha\u0303y go\u0323i ngay cho Ng\u01b0\u01a1\u0300i \u0110a\u0323i Di\u00ea\u0323n Li\u00ean \u0110oa\u0300n.<\/li><li>Ba\u0323n co\u0301 quy\u00ea\u0300n trao \u0111\u00f4\u0309i ri\u00eang v\u01a1\u0301i Ng\u01b0\u01a1\u0300i \u0110a\u0323i Di\u00ea\u0323n Li\u00ean \u0110oa\u0300n tr\u01b0\u01a1\u0301c cu\u00f4\u0323c ho\u0323p, trong cu\u00f4\u0323c ho\u0323p va\u0300 sau cu\u00f4\u0323c ho\u0323p<\/li><li>Ng\u01b0\u01a1\u0300i \u0110a\u0323i Di\u00ea\u0323n Li\u00ean \u0110oa\u0300n cu\u0309a ba\u0323n co\u0301 quy\u00ea\u0300n \u0111o\u0301ng vai tro\u0300 ti\u0301ch c\u01b0\u0323c trong cu\u00f4\u0323c ho\u0323p. Ho\u0323 kh\u00f4ng chi\u0309 la\u0300 ng\u01b0\u01a1\u0300i ch\u01b0\u0301ng ki\u00ea\u0301n.<\/li><\/ol>\n<p>\u201cQuy\u00ea\u0300n Weingarten\u201d d\u01b0\u0323a tr\u00ean m\u00f4\u0323t pha\u0301n quy\u00ea\u0301t va\u0300o n\u0103m 1975 cu\u0309a To\u0300a A\u0301n T\u00f4\u0301i Cao, NLRB v. J. Weingarten.<\/p>\n\n<p><em><strong>Nh\u00e2\u0323n \u0111i\u0323nh sau co\u0301 th\u00ea\u0309 ba\u0309o v\u00ea\u0323 c\u00f4ng vi\u00ea\u0323c cu\u0309a ba\u0323n:<\/strong><\/em><\/p>\n\n<p>\u201cN\u00ea\u0301u cu\u00f4\u0323c tha\u0309o lu\u00e2\u0323n na\u0300y c\u00f3 th\u1ec3 d\u00e2\u0303n \u0111\u00ea\u0301n vi\u00ea\u0323c t\u00f4i bi\u0323 ky\u0309 lu\u00e2\u0323t ho\u0103\u0323c ch\u00e2\u0301m d\u01b0\u0301t h\u01a1\u0323p \u0111\u00f4\u0300ng lao \u0111\u00f4\u0323ng theo ca\u0301ch na\u0300o \u0111o\u0301, t\u00f4i nghi\u00eam tu\u0301c y\u00eau c\u00e2\u0300u r\u0103\u0300ng Ng\u01b0\u01a1\u0300i \u0110a\u0323i Di\u00ea\u0323n Li\u00ean \u0110oa\u0300n cu\u0309a t\u00f4i \u0111\u01b0\u01a1\u0323c tham gia va\u0300o cu\u00f4\u0323c ho\u0323p. N\u00ea\u0301u ng\u01b0\u01a1\u0300i \u0111a\u0323i di\u00ea\u0323n cu\u0309a t\u00f4i kh\u00f4ng co\u0301 m\u0103\u0323t, t\u00f4i cho\u0323n kh\u00f4ng tra\u0309 l\u01a1\u0300i b\u00e2\u0301t ky\u0300 c\u00e2u ho\u0309i ho\u0103\u0323c tuy\u00ean b\u00f4\u0301 na\u0300o.\u201d<\/p>\n\n<p><strong>Y\u00eau C\u00e2\u0300u C\u00f3 Ng\u01b0\u1eddi \u0110\u1ea1i Di\u1ec7n C\u1ee7a Li\u00ean \u0110o\u00e0n<br\/><\/strong>Ba\u0323n pha\u0309i y\u00eau c\u00e2\u0300u c\u00f3 ng\u01b0\u1eddi \u0111\u1ea1i di\u1ec7n c\u1ee7a Li\u00ean \u0110o\u00e0n tr\u01b0\u01a1\u0301c ho\u0103\u0323c trong cu\u00f4\u0323c ch\u00e2\u0301t v\u00e2\u0301n. B\u00f4\u0323 ph\u00e2\u0323n qua\u0309n ly\u0301 kh\u00f4ng pha\u0309i th\u00f4ng ba\u0301o cho ba\u0323n v\u00ea\u0300 quy\u00ea\u0300n na\u0300y.<\/p>\n\n<p><strong>T\u01b0\u0300 Ch\u00f4\u0301i Ti\u00ea\u0301p Tu\u0323c Khi Kh\u00f4ng Co\u0301 Ng\u01b0\u1eddi \u0110a\u0323i Di\u00ea\u0323n Cu\u0309a Li\u00ean \u0110oa\u0300n<br\/><\/strong>Ng\u01b0\u01a1\u0300i ch\u00e2\u0301t v\u00e2\u0301n pha\u0309i \u0111\u01b0\u01a1\u0323c bi\u00ea\u0301t v\u00ea\u0300 mong mu\u00f4\u0301n co\u0301 ng\u01b0\u01a1\u0300i \u0111a\u0323i di\u00ea\u0323n cu\u0309a ba\u0323n. Vi\u00ea\u0323c ba\u0323n t\u01b0\u0300 ch\u00f4\u0301i h\u01a1\u0323p ta\u0301c co\u0301 th\u00ea\u0309 \u0111\u01b0\u01a1\u0323c xem la\u0300 ha\u0300nh vi kh\u00f4ng phu\u0323c tu\u0300ng. N\u00ea\u0301u b\u00f4\u0323 ph\u00e2\u0323n qua\u0309n ly\u0301 kh\u00f4ng cho phe\u0301p ba\u0323n co\u0301 ng\u01b0\u01a1\u0300i \u0111a\u0323i di\u00ea\u0323n, ha\u0303y \u01a1\u0309 trong pho\u0300ng h\u1ecdp nh\u01b0ng kh\u00f4ng no\u0301i gi\u0300 ca\u0309.<\/p>\n\n<p><strong>Kh\u00f4ng \u0110\u01b0a Ra C\u00e2u Tra\u0309 L\u01a1\u0300i B\u0103\u0300ng V\u0103n Ba\u0309n hay L\u01a1\u0300i No\u0301i Na\u0300o Ch\u01b0\u0301ng Minh Ba\u0323n Co\u0301 T\u00f4\u0323i hay V\u00f4 T\u00f4\u0323i<br\/><\/strong>Ba\u0323n kh\u00f4ng bu\u00f4\u0323c pha\u0309i \u0111\u01b0a ra c\u00e2u tra\u0309 l\u01a1\u0300i na\u0300o ca\u0309. C\u00e2u tra\u0309 l\u01a1\u0300i phu\u0300 h\u01a1\u0323p nh\u00e2\u0301t trong ti\u0300nh hu\u00f4\u0301ng na\u0300y la\u0300 KH\u00d4NG\u00a0\u2013 vi\u00ea\u0323c t\u01b0\u0323 nh\u00e2\u0323n la\u0300 v\u00f4 t\u00f4\u0323i \u0111\u01b0\u01a1\u0323c xem la\u0300 m\u00f4\u0323t tuy\u00ean b\u00f4\u0301.<\/p>\n\n<p><strong>Kh\u00f4ng T\u01b0\u0300 Bo\u0309 Quy\u00ea\u0300n \u0110\u01b0\u01a1\u0323c \u0110a\u0323i Di\u00ea\u0323n<br\/><\/strong>N\u00ea\u0301u ba\u0323n ti\u00ea\u0301p tu\u0323c tham gia ch\u00e2\u0301t v\u00e2\u0301n ma\u0300 kh\u00f4ng co\u0301 ng\u01b0\u01a1\u0300i \u0111a\u0323i di\u00ea\u0323n, ba\u0323n \u0111a\u0303 t\u01b0\u0300 bo\u0309 quy\u00ea\u0300n \u0111\u01b0\u01a1\u0323c \u0111a\u0323i di\u00ea\u0323n cu\u0309a mi\u0300nh va\u0300 b\u00e2\u0301t ky\u0300 c\u00e2u tra\u0309 l\u01a1\u0300i na\u0300o cu\u0303ng co\u0301 th\u00ea\u0309 la\u0300 b\u0103\u0300ng ch\u01b0\u0301ng ch\u00f4\u0301ng la\u0323i ba\u0323n.<\/p>\n\n<p><strong>Quy\u00ea\u0300n Weingarten<\/strong>\u00a0kh\u00f4ng a\u0301p du\u0323ng cho ca\u0301c cu\u00f4\u0323c tro\u0300 chuy\u00ea\u0323n h\u0103\u0300ng nga\u0300y gi\u01b0\u0303a ca\u0301c tha\u0300nh vi\u00ean va\u0300 ng\u01b0\u01a1\u0300i gia\u0301m sa\u0301t v\u00ea\u0300 tra\u0301ch nghi\u00ea\u0323m th\u01b0\u01a1\u0300ng xuy\u00ean trong c\u00f4ng vi\u00ea\u0323c ho\u0103\u0323c hi\u00ea\u0323u qua\u0309 c\u00f4ng vi\u00ea\u0323c.<\/p>\n\n<div class=\"wp-block-group alignfull has-white-color has-purple-background-color has-text-color has-background is-layout-flow wp-block-group-is-layout-flow\"><div class=\"wp-block-group__inner-container\">\n<div class=\"wp-block-columns are-vertically-aligned-center flex-column flex-md-row is-layout-flex wp-container-core-columns-is-layout-28f84493 wp-block-columns-is-layout-flex\">\n<div class=\"wp-block-column is-vertically-aligned-center is-layout-flow wp-block-column-is-layout-flow\" style=\"flex-basis:40%\">\n<h4 class=\"font-primary has-white-color has-text-color wp-block-heading\">Sa\u0301t ca\u0301nh b\u00ean nhau, chu\u0301ng ta se\u0303 ma\u0323nh me\u0303 h\u01a1n.<\/h4>\n<\/div>\n\n\n\n<div class=\"wp-block-column is-vertically-aligned-center mt-4 mt-lg-0 ml-0 ml-lg-6 is-layout-flow wp-block-column-is-layout-flow\" style=\"flex-basis:60%\">\n<div class=\"wp-block-buttons is-layout-flex wp-block-buttons-is-layout-flex\">\n<div class=\"wp-block-button is-primary\"><a class=\"wp-block-button__link\" href=\"https:\/\/seiu6.joinlocal.org\/\" target=\"_blank\" rel=\"noreferrer noopener\">Tham Gia SEIU6<\/a><\/div>\n<\/div>\n<\/div>\n<\/div>\n<\/div><\/div>\n","protected":false},"excerpt":{"rendered":"<p><strong>N\u00ea\u0301u ba\u0323n \u0111\u01b0\u01a1\u0323c m\u01a1\u0300i tham d\u01b0\u0323 m\u00f4\u0323t cu\u00f4\u0323c ho\u0323p v\u01a1\u0301i ng\u01b0\u01a1\u0300i gia\u0301m sa\u0301t ho\u0103\u0323c ng\u01b0\u01a1\u0300i qua\u0309n ly\u0301 cu\u0309a mi\u0300nh \u0111\u00ea\u0309 ho\u0323 \u0111i\u00ea\u0300u tra m\u00f4\u0323t ti\u0300nh hu\u00f4\u0301ng co\u0301 th\u00ea\u0309 d\u00e2\u0303n \u0111\u00ea\u0301n ky\u0309 lu\u00e2\u0323t, ba\u0323n co\u0301 ca\u0301c quy\u00ea\u0300n \u0111a\u0323i di\u00ea\u0323n cu\u0323 th\u00ea\u0309. Nh\u01b0\u0303ng quy\u00ea\u0300n na\u0300y \u0111\u01b0\u01a1\u0323c go\u0323i la\u0300 \u201cQuy\u00ea\u0300n Weingarten\u201d va\u0300 \u0111\u01b0\u01a1\u0323c to\u0301m t\u0103\u0301t nh\u01b0 sau:<\/strong><\/p>\n<ol class=\"wp-block-list\">\n<li>Ba\u0323n [&#8230;]<br \/>\n","protected":false},"author":2,"featured_media":0,"parent":0,"menu_order":0,"comment_status":"closed","ping_status":"closed","template":"","meta":{"_acf_changed":false,"inline_featured_image":false,"footnotes":""},"class_list":["post-3510","page","type-page","status-publish","hentry"],"acf":[],"yoast_head":"<!-- This site is optimized with the Yoast SEO plugin v24.6 - https:\/\/yoast.com\/wordpress\/plugins\/seo\/ -->\n<title>Quy&ecirc;\u0300n Weingarten b\u0103\u0300ng Ti&ecirc;\u0301ng Anh - SEIU6<\/title>\n<meta name=\"robots\" content=\"index, follow, max-snippet:-1, max-image-preview:large, max-video-preview:-1\" \/>\n<link rel=\"canonical\" href=\"https:\/\/seiu6.org\/vi\/weingarten-in-english\/\" \/>\n<meta property=\"og:locale\" content=\"vi_VN\" \/>\n<meta property=\"og:type\" content=\"article\" \/>\n<meta property=\"og:title\" content=\"Quy&ecirc;\u0300n Weingarten b\u0103\u0300ng Ti&ecirc;\u0301ng Anh - SEIU6\" \/>\n<meta property=\"og:description\" content=\"N\u00ea\u0301u ba\u0323n \u0111\u01b0\u01a1\u0323c m\u01a1\u0300i tham d\u01b0\u0323 m\u00f4\u0323t cu\u00f4\u0323c ho\u0323p v\u01a1\u0301i ng\u01b0\u01a1\u0300i gia\u0301m sa\u0301t ho\u0103\u0323c ng\u01b0\u01a1\u0300i qua\u0309n ly\u0301 cu\u0309a mi\u0300nh \u0111\u00ea\u0309 ho\u0323 \u0111i\u00ea\u0300u tra m\u00f4\u0323t ti\u0300nh hu\u00f4\u0301ng co\u0301 th\u00ea\u0309 d\u00e2\u0303n \u0111\u00ea\u0301n ky\u0309 lu\u00e2\u0323t, ba\u0323n co\u0301 ca\u0301c quy\u00ea\u0300n \u0111a\u0323i di\u00ea\u0323n cu\u0323 th\u00ea\u0309. Nh\u01b0\u0303ng quy\u00ea\u0300n na\u0300y \u0111\u01b0\u01a1\u0323c go\u0323i la\u0300 \u201cQuy\u00ea\u0300n Weingarten\u201d va\u0300 \u0111\u01b0\u01a1\u0323c to\u0301m t\u0103\u0301t nh\u01b0 sau: Ba\u0323n [...]\" \/>\n<meta property=\"og:url\" content=\"https:\/\/seiu6.org\/vi\/weingarten-in-english\/\" \/>\n<meta property=\"og:site_name\" content=\"SEIU6\" \/>\n<meta property=\"article:modified_time\" content=\"2022-02-08T16:33:08+00:00\" \/>\n<meta name=\"twitter:card\" content=\"summary_large_image\" \/>\n<meta name=\"twitter:label1\" content=\"Est. reading time\" \/>\n\t<meta name=\"twitter:data1\" content=\"5 minutes\" \/>\n<script type=\"application\/ld+json\" class=\"yoast-schema-graph\">{\"@context\":\"https:\/\/schema.org\",\"@graph\":[{\"@type\":\"WebPage\",\"@id\":\"https:\/\/seiu6.org\/vi\/weingarten-in-english\/\",\"url\":\"https:\/\/seiu6.org\/vi\/weingarten-in-english\/\",\"name\":\"Quy&ecirc;\u0300n Weingarten b\u0103\u0300ng Ti&ecirc;\u0301ng Anh - SEIU6\",\"isPartOf\":{\"@id\":\"https:\/\/seiu6.org\/vi\/#website\"},\"datePublished\":\"2022-01-21T15:59:59+00:00\",\"dateModified\":\"2022-02-08T16:33:08+00:00\",\"breadcrumb\":{\"@id\":\"https:\/\/seiu6.org\/vi\/weingarten-in-english\/#breadcrumb\"},\"inLanguage\":\"vi-VN\",\"potentialAction\":[{\"@type\":\"ReadAction\",\"target\":[\"https:\/\/seiu6.org\/vi\/weingarten-in-english\/\"]}]},{\"@type\":\"BreadcrumbList\",\"@id\":\"https:\/\/seiu6.org\/vi\/weingarten-in-english\/#breadcrumb\",\"itemListElement\":[{\"@type\":\"ListItem\",\"position\":1,\"name\":\"Home\",\"item\":\"https:\/\/seiu6.org\/vi\/\"},{\"@type\":\"ListItem\",\"position\":2,\"name\":\"Quy&ecirc;\u0300n Weingarten b\u0103\u0300ng Ti&ecirc;\u0301ng Anh\"}]},{\"@type\":\"WebSite\",\"@id\":\"https:\/\/seiu6.org\/vi\/#website\",\"url\":\"https:\/\/seiu6.org\/vi\/\",\"name\":\"SEIU6\",\"description\":\"Property Services NW\",\"publisher\":{\"@id\":\"https:\/\/seiu6.org\/vi\/#organization\"},\"potentialAction\":[{\"@type\":\"SearchAction\",\"target\":{\"@type\":\"EntryPoint\",\"urlTemplate\":\"https:\/\/seiu6.org\/vi\/?s={search_term_string}\"},\"query-input\":{\"@type\":\"PropertyValueSpecification\",\"valueRequired\":true,\"valueName\":\"search_term_string\"}}],\"inLanguage\":\"vi-VN\"},{\"@type\":\"Organization\",\"@id\":\"https:\/\/seiu6.org\/vi\/#organization\",\"name\":\"SEIU6 Property Services NW\",\"url\":\"https:\/\/seiu6.org\/vi\/\",\"logo\":{\"@type\":\"ImageObject\",\"inLanguage\":\"vi-VN\",\"@id\":\"https:\/\/seiu6.org\/vi\/#\/schema\/logo\/image\/\",\"url\":\"https:\/\/seiu6.org\/wp-content\/uploads\/2021\/08\/Logo-Color-SEIU6.svg\",\"contentUrl\":\"https:\/\/seiu6.org\/wp-content\/uploads\/2021\/08\/Logo-Color-SEIU6.svg\",\"width\":\"1024\",\"height\":\"1024\",\"caption\":\"SEIU6 Property Services NW\"},\"image\":{\"@id\":\"https:\/\/seiu6.org\/vi\/#\/schema\/logo\/image\/\"}}]}<\/script>\n<!-- \/ Yoast SEO plugin. -->","yoast_head_json":{"title":"Quy&ecirc;\u0300n Weingarten b\u0103\u0300ng Ti&ecirc;\u0301ng Anh - SEIU6","robots":{"index":"index","follow":"follow","max-snippet":"max-snippet:-1","max-image-preview":"max-image-preview:large","max-video-preview":"max-video-preview:-1"},"canonical":"https:\/\/seiu6.org\/vi\/weingarten-in-english\/","og_locale":"vi_VN","og_type":"article","og_title":"Quy&ecirc;\u0300n Weingarten b\u0103\u0300ng Ti&ecirc;\u0301ng Anh - SEIU6","og_description":"N\u00ea\u0301u ba\u0323n \u0111\u01b0\u01a1\u0323c m\u01a1\u0300i tham d\u01b0\u0323 m\u00f4\u0323t cu\u00f4\u0323c ho\u0323p v\u01a1\u0301i ng\u01b0\u01a1\u0300i gia\u0301m sa\u0301t ho\u0103\u0323c ng\u01b0\u01a1\u0300i qua\u0309n ly\u0301 cu\u0309a mi\u0300nh \u0111\u00ea\u0309 ho\u0323 \u0111i\u00ea\u0300u tra m\u00f4\u0323t ti\u0300nh hu\u00f4\u0301ng co\u0301 th\u00ea\u0309 d\u00e2\u0303n \u0111\u00ea\u0301n ky\u0309 lu\u00e2\u0323t, ba\u0323n co\u0301 ca\u0301c quy\u00ea\u0300n \u0111a\u0323i di\u00ea\u0323n cu\u0323 th\u00ea\u0309. Nh\u01b0\u0303ng quy\u00ea\u0300n na\u0300y \u0111\u01b0\u01a1\u0323c go\u0323i la\u0300 \u201cQuy\u00ea\u0300n Weingarten\u201d va\u0300 \u0111\u01b0\u01a1\u0323c to\u0301m t\u0103\u0301t nh\u01b0 sau: Ba\u0323n [...]","og_url":"https:\/\/seiu6.org\/vi\/weingarten-in-english\/","og_site_name":"SEIU6","article_modified_time":"2022-02-08T16:33:08+00:00","twitter_card":"summary_large_image","twitter_misc":{"Est. reading time":"5 minutes"},"schema":{"@context":"https:\/\/schema.org","@graph":[{"@type":"WebPage","@id":"https:\/\/seiu6.org\/vi\/weingarten-in-english\/","url":"https:\/\/seiu6.org\/vi\/weingarten-in-english\/","name":"Quy&ecirc;\u0300n Weingarten b\u0103\u0300ng Ti&ecirc;\u0301ng Anh - SEIU6","isPartOf":{"@id":"https:\/\/seiu6.org\/vi\/#website"},"datePublished":"2022-01-21T15:59:59+00:00","dateModified":"2022-02-08T16:33:08+00:00","breadcrumb":{"@id":"https:\/\/seiu6.org\/vi\/weingarten-in-english\/#breadcrumb"},"inLanguage":"vi-VN","potentialAction":[{"@type":"ReadAction","target":["https:\/\/seiu6.org\/vi\/weingarten-in-english\/"]}]},{"@type":"BreadcrumbList","@id":"https:\/\/seiu6.org\/vi\/weingarten-in-english\/#breadcrumb","itemListElement":[{"@type":"ListItem","position":1,"name":"Home","item":"https:\/\/seiu6.org\/vi\/"},{"@type":"ListItem","position":2,"name":"Quy&ecirc;\u0300n Weingarten b\u0103\u0300ng Ti&ecirc;\u0301ng Anh"}]},{"@type":"WebSite","@id":"https:\/\/seiu6.org\/vi\/#website","url":"https:\/\/seiu6.org\/vi\/","name":"SEIU6","description":"Property Services NW","publisher":{"@id":"https:\/\/seiu6.org\/vi\/#organization"},"potentialAction":[{"@type":"SearchAction","target":{"@type":"EntryPoint","urlTemplate":"https:\/\/seiu6.org\/vi\/?s={search_term_string}"},"query-input":{"@type":"PropertyValueSpecification","valueRequired":true,"valueName":"search_term_string"}}],"inLanguage":"vi-VN"},{"@type":"Organization","@id":"https:\/\/seiu6.org\/vi\/#organization","name":"SEIU6 Property Services NW","url":"https:\/\/seiu6.org\/vi\/","logo":{"@type":"ImageObject","inLanguage":"vi-VN","@id":"https:\/\/seiu6.org\/vi\/#\/schema\/logo\/image\/","url":"https:\/\/seiu6.org\/wp-content\/uploads\/2021\/08\/Logo-Color-SEIU6.svg","contentUrl":"https:\/\/seiu6.org\/wp-content\/uploads\/2021\/08\/Logo-Color-SEIU6.svg","width":"1024","height":"1024","caption":"SEIU6 Property Services NW"},"image":{"@id":"https:\/\/seiu6.org\/vi\/#\/schema\/logo\/image\/"}}]}},"_links":{"self":[{"href":"https:\/\/seiu6.org\/vi\/wp-json\/wp\/v2\/pages\/3510","targetHints":{"allow":["GET"]}}],"collection":[{"href":"https:\/\/seiu6.org\/vi\/wp-json\/wp\/v2\/pages"}],"about":[{"href":"https:\/\/seiu6.org\/vi\/wp-json\/wp\/v2\/types\/page"}],"author":[{"embeddable":true,"href":"https:\/\/seiu6.org\/vi\/wp-json\/wp\/v2\/users\/2"}],"replies":[{"embeddable":true,"href":"https:\/\/seiu6.org\/vi\/wp-json\/wp\/v2\/comments?post=3510"}],"version-history":[{"count":0,"href":"https:\/\/seiu6.org\/vi\/wp-json\/wp\/v2\/pages\/3510\/revisions"}],"wp:attachment":[{"href":"https:\/\/seiu6.org\/vi\/wp-json\/wp\/v2\/media?parent=3510"}],"curies":[{"name":"wp","href":"https:\/\/api.w.org\/{rel}","templated":true}]}}