{"id":3519,"date":"2022-01-21T08:00:37","date_gmt":"2022-01-21T16:00:37","guid":{"rendered":"https:\/\/seiu6.org\/justice-for-janitors\/"},"modified":"2022-02-08T08:33:11","modified_gmt":"2022-02-08T16:33:11","slug":"justice-for-janitors","status":"publish","type":"page","link":"https:\/\/seiu6.org\/vi\/justice-for-janitors\/","title":{"rendered":"C&ocirc;ng B\u0103\u0300ng cho Lao C&ocirc;ng"},"content":{"rendered":"\n<p>Trong h\u01a1n 2 th\u00e2\u0323p ky\u0309, phong tra\u0300o C\u00f4ng B\u0103\u0300ng cho Lao C\u00f4ng \u0111a\u0303 giu\u0301p ca\u0301c nh\u00e2n vi\u00ean thu nh\u00e2\u0323p th\u00e2\u0301p co\u0301 \u0111\u01b0\u01a1\u0323c cu\u00f4\u0323c s\u00f4\u0301ng t\u00f4\u0301t h\u01a1n va\u0300 \u0111a\u0323t \u0111\u01b0\u01a1\u0323c di\u0323ch vu\u0323 h\u00f4\u0303 tr\u01a1\u0323 to l\u01a1\u0301n t\u01b0\u0300 v\u00e2\u0301n \u0111\u00ea\u0300 c\u00f4ng chu\u0301ng cho \u0111\u00ea\u0301n ca\u0301c nha\u0300 la\u0303nh \u0111a\u0323o t\u00f4n gia\u0301o, chi\u0301nh tri\u0323 va\u0300 c\u00f4\u0323ng \u0111\u00f4\u0300ng. H\u01a1n 225.000 lao c\u00f4ng \u01a1\u0309 ca\u0301c tha\u0300nh ph\u00f4\u0301 tr\u00ean \u0111\u00e2\u0301t n\u01b0\u01a1\u0301c \u0111a\u0303 h\u01a1\u0323p nh\u00e2\u0301t va\u0300o SEIU, li\u00ean \u0111oa\u0300n l\u01a1\u0301n nh\u00e2\u0301t n\u01b0\u01a1\u0301c My\u0303 da\u0300nh cho ca\u0301c nh\u00e2n vi\u00ean nga\u0300nh di\u0323ch vu\u0323 b\u00e2\u0301t \u0111\u00f4\u0323ng sa\u0309n.<\/p>\n\n<p><strong>CHI\u0309NH S\u01af\u0309A:<\/strong>\u00a0Tr\u00ean kh\u0103\u0301p Ti\u00ea\u0309u Bang Washington, h\u01a1n 20.000 lao c\u00f4ng h\u01a1\u0323p nh\u00e2\u0301t va\u0300o Local 6 \u0111ang \u0111i \u0111\u00e2\u0300u trong ca\u0301c n\u00f4\u0303 l\u01b0\u0323c \u0111o\u0300i ho\u0309i vi\u00ea\u0323c la\u0300m t\u00f4\u0301t h\u01a1n, bao g\u00f4\u0300m m\u01b0\u0301c l\u01b0\u01a1ng co\u0301 th\u00ea\u0309 h\u00f4\u0303 tr\u01a1\u0323 gia \u0111i\u0300nh ba\u0323n, kha\u0309 n\u0103ng ti\u00ea\u0301p c\u00e2\u0323n di\u0323ch vu\u0323 ch\u0103m so\u0301c s\u01b0\u0301c kho\u0309e ch\u00e2\u0301t l\u01b0\u01a1\u0323ng va\u0300 s\u01b0\u0323 t\u00f4n tro\u0323ng.<\/p>\n","protected":false},"excerpt":{"rendered":"<p>Trong h\u01a1n 2 th\u00e2\u0323p ky\u0309, phong tra\u0300o C\u00f4ng B\u0103\u0300ng cho Lao C\u00f4ng \u0111a\u0303 giu\u0301p ca\u0301c nh\u00e2n vi\u00ean thu nh\u00e2\u0323p th\u00e2\u0301p co\u0301 \u0111\u01b0\u01a1\u0323c cu\u00f4\u0323c s\u00f4\u0301ng t\u00f4\u0301t h\u01a1n va\u0300 \u0111a\u0323t \u0111\u01b0\u01a1\u0323c di\u0323ch vu\u0323 h\u00f4\u0303 tr\u01a1\u0323 to l\u01a1\u0301n t\u01b0\u0300 v\u00e2\u0301n \u0111\u00ea\u0300 c\u00f4ng chu\u0301ng cho \u0111\u00ea\u0301n ca\u0301c nha\u0300 la\u0303nh \u0111a\u0323o t\u00f4n gia\u0301o, chi\u0301nh tri\u0323 va\u0300 c\u00f4\u0323ng \u0111\u00f4\u0300ng. H\u01a1n 225.000 [&#8230;]<\/p>\n","protected":false},"author":2,"featured_media":0,"parent":0,"menu_order":0,"comment_status":"closed","ping_status":"closed","template":"","meta":{"_acf_changed":false,"inline_featured_image":false,"footnotes":""},"class_list":["post-3519","page","type-page","status-publish","hentry"],"acf":[],"yoast_head":"<!-- This site is optimized with the Yoast SEO plugin v24.6 - https:\/\/yoast.com\/wordpress\/plugins\/seo\/ -->\n<title>C&ocirc;ng B\u0103\u0300ng cho Lao C&ocirc;ng - SEIU6<\/title>\n<meta name=\"robots\" content=\"index, follow, max-snippet:-1, max-image-preview:large, max-video-preview:-1\" \/>\n<link rel=\"canonical\" href=\"https:\/\/seiu6.org\/vi\/justice-for-janitors\/\" \/>\n<meta property=\"og:locale\" content=\"vi_VN\" \/>\n<meta property=\"og:type\" content=\"article\" \/>\n<meta property=\"og:title\" content=\"C&ocirc;ng B\u0103\u0300ng cho Lao C&ocirc;ng - SEIU6\" \/>\n<meta property=\"og:description\" content=\"Trong h\u01a1n 2 th\u00e2\u0323p ky\u0309, phong tra\u0300o C\u00f4ng B\u0103\u0300ng cho Lao C\u00f4ng \u0111a\u0303 giu\u0301p ca\u0301c nh\u00e2n vi\u00ean thu nh\u00e2\u0323p th\u00e2\u0301p co\u0301 \u0111\u01b0\u01a1\u0323c cu\u00f4\u0323c s\u00f4\u0301ng t\u00f4\u0301t h\u01a1n va\u0300 \u0111a\u0323t \u0111\u01b0\u01a1\u0323c di\u0323ch vu\u0323 h\u00f4\u0303 tr\u01a1\u0323 to l\u01a1\u0301n t\u01b0\u0300 v\u00e2\u0301n \u0111\u00ea\u0300 c\u00f4ng chu\u0301ng cho \u0111\u00ea\u0301n ca\u0301c nha\u0300 la\u0303nh \u0111a\u0323o t\u00f4n gia\u0301o, chi\u0301nh tri\u0323 va\u0300 c\u00f4\u0323ng \u0111\u00f4\u0300ng. H\u01a1n 225.000 [...]\" \/>\n<meta property=\"og:url\" content=\"https:\/\/seiu6.org\/vi\/justice-for-janitors\/\" \/>\n<meta property=\"og:site_name\" content=\"SEIU6\" \/>\n<meta property=\"article:modified_time\" content=\"2022-02-08T16:33:11+00:00\" \/>\n<meta name=\"twitter:card\" content=\"summary_large_image\" \/>\n<meta name=\"twitter:label1\" content=\"Est. reading time\" \/>\n\t<meta name=\"twitter:data1\" content=\"1 minute\" \/>\n<script type=\"application\/ld+json\" class=\"yoast-schema-graph\">{\"@context\":\"https:\/\/schema.org\",\"@graph\":[{\"@type\":\"WebPage\",\"@id\":\"https:\/\/seiu6.org\/vi\/justice-for-janitors\/\",\"url\":\"https:\/\/seiu6.org\/vi\/justice-for-janitors\/\",\"name\":\"C&ocirc;ng B\u0103\u0300ng cho Lao C&ocirc;ng - SEIU6\",\"isPartOf\":{\"@id\":\"https:\/\/seiu6.org\/vi\/#website\"},\"datePublished\":\"2022-01-21T16:00:37+00:00\",\"dateModified\":\"2022-02-08T16:33:11+00:00\",\"breadcrumb\":{\"@id\":\"https:\/\/seiu6.org\/vi\/justice-for-janitors\/#breadcrumb\"},\"inLanguage\":\"vi-VN\",\"potentialAction\":[{\"@type\":\"ReadAction\",\"target\":[\"https:\/\/seiu6.org\/vi\/justice-for-janitors\/\"]}]},{\"@type\":\"BreadcrumbList\",\"@id\":\"https:\/\/seiu6.org\/vi\/justice-for-janitors\/#breadcrumb\",\"itemListElement\":[{\"@type\":\"ListItem\",\"position\":1,\"name\":\"Home\",\"item\":\"https:\/\/seiu6.org\/vi\/\"},{\"@type\":\"ListItem\",\"position\":2,\"name\":\"C&ocirc;ng B\u0103\u0300ng cho Lao C&ocirc;ng\"}]},{\"@type\":\"WebSite\",\"@id\":\"https:\/\/seiu6.org\/vi\/#website\",\"url\":\"https:\/\/seiu6.org\/vi\/\",\"name\":\"SEIU6\",\"description\":\"Property Services NW\",\"publisher\":{\"@id\":\"https:\/\/seiu6.org\/vi\/#organization\"},\"potentialAction\":[{\"@type\":\"SearchAction\",\"target\":{\"@type\":\"EntryPoint\",\"urlTemplate\":\"https:\/\/seiu6.org\/vi\/?s={search_term_string}\"},\"query-input\":{\"@type\":\"PropertyValueSpecification\",\"valueRequired\":true,\"valueName\":\"search_term_string\"}}],\"inLanguage\":\"vi-VN\"},{\"@type\":\"Organization\",\"@id\":\"https:\/\/seiu6.org\/vi\/#organization\",\"name\":\"SEIU6 Property Services NW\",\"url\":\"https:\/\/seiu6.org\/vi\/\",\"logo\":{\"@type\":\"ImageObject\",\"inLanguage\":\"vi-VN\",\"@id\":\"https:\/\/seiu6.org\/vi\/#\/schema\/logo\/image\/\",\"url\":\"https:\/\/seiu6.org\/wp-content\/uploads\/2021\/08\/Logo-Color-SEIU6.svg\",\"contentUrl\":\"https:\/\/seiu6.org\/wp-content\/uploads\/2021\/08\/Logo-Color-SEIU6.svg\",\"width\":\"1024\",\"height\":\"1024\",\"caption\":\"SEIU6 Property Services NW\"},\"image\":{\"@id\":\"https:\/\/seiu6.org\/vi\/#\/schema\/logo\/image\/\"}}]}<\/script>\n<!-- \/ Yoast SEO plugin. -->","yoast_head_json":{"title":"C&ocirc;ng B\u0103\u0300ng cho Lao C&ocirc;ng - SEIU6","robots":{"index":"index","follow":"follow","max-snippet":"max-snippet:-1","max-image-preview":"max-image-preview:large","max-video-preview":"max-video-preview:-1"},"canonical":"https:\/\/seiu6.org\/vi\/justice-for-janitors\/","og_locale":"vi_VN","og_type":"article","og_title":"C&ocirc;ng B\u0103\u0300ng cho Lao C&ocirc;ng - SEIU6","og_description":"Trong h\u01a1n 2 th\u00e2\u0323p ky\u0309, phong tra\u0300o C\u00f4ng B\u0103\u0300ng cho Lao C\u00f4ng \u0111a\u0303 giu\u0301p ca\u0301c nh\u00e2n vi\u00ean thu nh\u00e2\u0323p th\u00e2\u0301p co\u0301 \u0111\u01b0\u01a1\u0323c cu\u00f4\u0323c s\u00f4\u0301ng t\u00f4\u0301t h\u01a1n va\u0300 \u0111a\u0323t \u0111\u01b0\u01a1\u0323c di\u0323ch vu\u0323 h\u00f4\u0303 tr\u01a1\u0323 to l\u01a1\u0301n t\u01b0\u0300 v\u00e2\u0301n \u0111\u00ea\u0300 c\u00f4ng chu\u0301ng cho \u0111\u00ea\u0301n ca\u0301c nha\u0300 la\u0303nh \u0111a\u0323o t\u00f4n gia\u0301o, chi\u0301nh tri\u0323 va\u0300 c\u00f4\u0323ng \u0111\u00f4\u0300ng. H\u01a1n 225.000 [...]","og_url":"https:\/\/seiu6.org\/vi\/justice-for-janitors\/","og_site_name":"SEIU6","article_modified_time":"2022-02-08T16:33:11+00:00","twitter_card":"summary_large_image","twitter_misc":{"Est. reading time":"1 minute"},"schema":{"@context":"https:\/\/schema.org","@graph":[{"@type":"WebPage","@id":"https:\/\/seiu6.org\/vi\/justice-for-janitors\/","url":"https:\/\/seiu6.org\/vi\/justice-for-janitors\/","name":"C&ocirc;ng B\u0103\u0300ng cho Lao C&ocirc;ng - SEIU6","isPartOf":{"@id":"https:\/\/seiu6.org\/vi\/#website"},"datePublished":"2022-01-21T16:00:37+00:00","dateModified":"2022-02-08T16:33:11+00:00","breadcrumb":{"@id":"https:\/\/seiu6.org\/vi\/justice-for-janitors\/#breadcrumb"},"inLanguage":"vi-VN","potentialAction":[{"@type":"ReadAction","target":["https:\/\/seiu6.org\/vi\/justice-for-janitors\/"]}]},{"@type":"BreadcrumbList","@id":"https:\/\/seiu6.org\/vi\/justice-for-janitors\/#breadcrumb","itemListElement":[{"@type":"ListItem","position":1,"name":"Home","item":"https:\/\/seiu6.org\/vi\/"},{"@type":"ListItem","position":2,"name":"C&ocirc;ng B\u0103\u0300ng cho Lao C&ocirc;ng"}]},{"@type":"WebSite","@id":"https:\/\/seiu6.org\/vi\/#website","url":"https:\/\/seiu6.org\/vi\/","name":"SEIU6","description":"Property Services NW","publisher":{"@id":"https:\/\/seiu6.org\/vi\/#organization"},"potentialAction":[{"@type":"SearchAction","target":{"@type":"EntryPoint","urlTemplate":"https:\/\/seiu6.org\/vi\/?s={search_term_string}"},"query-input":{"@type":"PropertyValueSpecification","valueRequired":true,"valueName":"search_term_string"}}],"inLanguage":"vi-VN"},{"@type":"Organization","@id":"https:\/\/seiu6.org\/vi\/#organization","name":"SEIU6 Property Services NW","url":"https:\/\/seiu6.org\/vi\/","logo":{"@type":"ImageObject","inLanguage":"vi-VN","@id":"https:\/\/seiu6.org\/vi\/#\/schema\/logo\/image\/","url":"https:\/\/seiu6.org\/wp-content\/uploads\/2021\/08\/Logo-Color-SEIU6.svg","contentUrl":"https:\/\/seiu6.org\/wp-content\/uploads\/2021\/08\/Logo-Color-SEIU6.svg","width":"1024","height":"1024","caption":"SEIU6 Property Services NW"},"image":{"@id":"https:\/\/seiu6.org\/vi\/#\/schema\/logo\/image\/"}}]}},"_links":{"self":[{"href":"https:\/\/seiu6.org\/vi\/wp-json\/wp\/v2\/pages\/3519","targetHints":{"allow":["GET"]}}],"collection":[{"href":"https:\/\/seiu6.org\/vi\/wp-json\/wp\/v2\/pages"}],"about":[{"href":"https:\/\/seiu6.org\/vi\/wp-json\/wp\/v2\/types\/page"}],"author":[{"embeddable":true,"href":"https:\/\/seiu6.org\/vi\/wp-json\/wp\/v2\/users\/2"}],"replies":[{"embeddable":true,"href":"https:\/\/seiu6.org\/vi\/wp-json\/wp\/v2\/comments?post=3519"}],"version-history":[{"count":0,"href":"https:\/\/seiu6.org\/vi\/wp-json\/wp\/v2\/pages\/3519\/revisions"}],"wp:attachment":[{"href":"https:\/\/seiu6.org\/vi\/wp-json\/wp\/v2\/media?parent=3519"}],"curies":[{"name":"wp","href":"https:\/\/api.w.org\/{rel}","templated":true}]}}